{"id":10,"date":"2017-10-23T18:18:35","date_gmt":"2017-10-23T16:18:35","guid":{"rendered":"https:\/\/www.yannarthusbertrandphoto.com\/?page_id=10"},"modified":"2018-09-28T08:14:28","modified_gmt":"2018-09-28T06:14:28","slug":"oeuvre","status":"publish","type":"page","link":"https:\/\/www.yannarthusbertrandphoto.com\/fr\/oeuvre\/","title":{"rendered":"Oeuvre"},"content":{"rendered":"<section class=\"wpb-content-wrapper\">[vc_row][vc_column][vc_column_text css=\u00a0\u00bb.vc_custom_1538115263558{margin-bottom: 0px !important;}\u00a0\u00bb]\n<p style=\"text-align: center\">En 1992, Yann Arthus-Bertrand survole la Nouvelle Cal\u00e9donie avec son pilote et d\u00e9couvre la clairi\u00e8re en forme de coeur dessin\u00e9e par la mangrove de Voh. \u00a0<i>\u00ab\u00a0J\u2019\u00e9tais \u00e9bahi. Je savais que la photo serait int\u00e9ressante mais je n\u2019avais pas conscience qu\u2019elle deviendrait un tel symbole comme un message d\u2019amour de la part de la Terre. <\/i><i>Elle est devenue<\/i><em>\u00a0<span style=\"color: #000000\"><a href=\"https:\/\/www.yannarthusbertrandphoto.com\/fr\/oeuvre\/vue-du-ciel\/coeur-de-voh\/\">l\u2019embl\u00e8me de mon travail<\/a>\u00a0\u00bb.<\/span><\/em><\/p>\n<p style=\"text-align: center\">Un travail qui d\u00e9buta d\u00e8s son plus jeune \u00e2ge par une sensibilit\u00e9 pour l&rsquo;image et un int\u00e9r\u00eat pour la science. Yann Arthus-Bertrand cherchera \u00e0 comprendre le monde \u00e0 l&rsquo;aide de la photographie.<\/p>\n<p style=\"text-align: center\">Il a su r\u00e9v\u00e9ler la beaut\u00e9 de notre terre comme on ne l\u2019avait jamais vu auparavant tout en se d\u00e9finissant lui-m\u00eame comme un simple t\u00e9moin;<span class=\"Apple-converted-space\">\u00a0<\/span>\u00ab\u00a0<i>Notre terre est art, le photographe en est seulement le t\u00e9moin \u00bb.<\/i><\/p>\n<p style=\"text-align: center\">\u00ab\u00a0Curiosit\u00e9 &amp; Obsession \u00bb, une soif d\u2019apprendre et d\u2019aller au coeur du plus intime de ses sujets; 3 ans jours apr\u00e8s jours \u00e0 suivre la m\u00eame famille de lions, une d\u00e9cennie \u00e0 couvrir les grandes comp\u00e9titions sportives et autres sujets personnels, les s\u00e9ries sur les \u00ab\u00a0Bestiaux\u00a0\u00bb et \u00ab\u00a0Chevaux\u00a0\u00bb qui lui feront faire le tour du monde pendant 15 ans et la \u00ab\u00a0La Terre Vue du Ciel\u00a0\u00bb qu\u2019il poursuit depuis maintenant 30 ann\u00e9es en ayant survol\u00e9 plus de 120 pays.\u00a0\u00bb<\/p>\n<p style=\"text-align: center\">Tel un scientifique, son oeuvre est une succession de questionnements auxquels il tentera de r\u00e9pondre en partageant un point de vue sur la terre et ses ph\u00e9nom\u00e8nes de mani\u00e8re artistique en recherche de sens, de graphisme et d\u2019\u00e9motion.\u00a0Cette page retrace plus de quarante ann\u00e9es de photographie.<\/p>\n[\/vc_column_text][\/vc_column][\/vc_row]\n<\/section>","protected":false},"excerpt":{"rendered":"<p>[vc_row][vc_column][vc_column_text css=\u00a0\u00bb.vc_custom_1538115263558{margin-bottom: 0px !important;}\u00a0\u00bb] En 1992, Yann Arthus-Bertrand survole la Nouvelle Cal\u00e9donie avec son pilote et d\u00e9couvre la clairi\u00e8re en [&hellip;]<\/p>\n","protected":false},"author":1,"featured_media":0,"parent":0,"menu_order":1,"comment_status":"closed","ping_status":"closed","template":"page-templates\/template-oeuvres.php","meta":{"inline_featured_image":false},"categories":[],"yoast_head":"<!-- This site is optimized with the Yoast SEO plugin v19.10 - https:\/\/yoast.com\/wordpress\/plugins\/seo\/ -->\n<title>YANN ARTHUS-BERTRAND PHOTO | Oeuvre Photographique | Officiel<\/title>\n<meta name=\"description\" content=\"YAB PHOTO | Tel un scientifique, son oeuvre photographique est une succession de questionnements auxquels il tentera de r\u00e9pondre afin d\u2019expliquer la terre d\u2019une mani\u00e8re artistique en recherchant du sens, du graphisme et de l\u2019\u00e9motion. Acqu\u00e9rir une oeuvre sign\u00e9e et en Editions Limit\u00e9es | YABPHOTO.COM\" \/>\n<meta name=\"robots\" content=\"index, follow, max-snippet:-1, max-image-preview:large, max-video-preview:-1\" \/>\n<link rel=\"canonical\" href=\"https:\/\/www.yannarthusbertrandphoto.com\/fr\/oeuvre\/\" \/>\n<meta property=\"og:locale\" content=\"fr_FR\" \/>\n<meta property=\"og:type\" content=\"article\" \/>\n<meta property=\"og:title\" content=\"YANN ARTHUS-BERTRAND PHOTO | Oeuvre Photographique | Officiel\" \/>\n<meta property=\"og:description\" content=\"YAB PHOTO | Tel un scientifique, son oeuvre photographique est une succession de questionnements auxquels il tentera de r\u00e9pondre afin d\u2019expliquer la terre d\u2019une mani\u00e8re artistique en recherchant du sens, du graphisme et de l\u2019\u00e9motion. Acqu\u00e9rir une Oeuvre Sign\u00e9e et en Editions Limit\u00e9es | YABPHOTO.COM\" \/>\n<meta property=\"og:url\" content=\"https:\/\/www.yannarthusbertrandphoto.com\/fr\/oeuvre\/\" \/>\n<meta property=\"og:site_name\" content=\"Yann Arthus-Bertrand\" \/>\n<meta property=\"article:publisher\" content=\"https:\/\/www.facebook.com\/Y.A.Bertrand\/\" \/>\n<meta property=\"article:modified_time\" content=\"2018-09-28T06:14:28+00:00\" \/>\n<meta property=\"og:image\" content=\"https:\/\/www.yannarthusbertrandphoto.com\/wp-content\/uploads\/2017\/12\/epave.jpg\" \/>\n<meta name=\"twitter:card\" content=\"summary_large_image\" \/>\n<meta name=\"twitter:title\" content=\"YANN ARTHUS-BERTRAND PHOTO | Oeuvre Photographique | Officiel\" \/>\n<meta name=\"twitter:description\" content=\"YAB PHOTO | Tel un scientifique, son oeuvre photographique est une succession de questionnements auxquels il tentera de r\u00e9pondre afin d\u2019expliquer la terre d\u2019une mani\u00e8re artistique en recherchant du sens, du graphisme et de l\u2019\u00e9motion. Acqu\u00e9rir une Oeuvre Sign\u00e9e et en Editions Limit\u00e9es | YABPHOTO.COM\" \/>\n<meta name=\"twitter:image\" content=\"https:\/\/www.yannarthusbertrandphoto.com\/wp-content\/uploads\/2017\/12\/epave.jpg\" \/>\n<meta name=\"twitter:site\" content=\"@Yann_A_B\" \/>\n<meta name=\"twitter:label1\" content=\"Dur\u00e9e de lecture estim\u00e9e\" \/>\n\t<meta name=\"twitter:data1\" content=\"2 minutes\" \/>\n<script type=\"application\/ld+json\" class=\"yoast-schema-graph\">{\"@context\":\"https:\/\/schema.org\",\"@graph\":[{\"@type\":\"WebPage\",\"@id\":\"https:\/\/www.yannarthusbertrandphoto.com\/fr\/oeuvre\/\",\"url\":\"https:\/\/www.yannarthusbertrandphoto.com\/fr\/oeuvre\/\",\"name\":\"YANN ARTHUS-BERTRAND PHOTO | Oeuvre Photographique | Officiel\",\"isPartOf\":{\"@id\":\"https:\/\/www.yannarthusbertrandphoto.com\/fr\/#website\"},\"datePublished\":\"2017-10-23T16:18:35+00:00\",\"dateModified\":\"2018-09-28T06:14:28+00:00\",\"description\":\"YAB PHOTO | Tel un scientifique, son oeuvre photographique est une succession de questionnements auxquels il tentera de r\u00e9pondre afin d\u2019expliquer la terre d\u2019une mani\u00e8re artistique en recherchant du sens, du graphisme et de l\u2019\u00e9motion. Acqu\u00e9rir une oeuvre sign\u00e9e et en Editions Limit\u00e9es | YABPHOTO.COM\",\"breadcrumb\":{\"@id\":\"https:\/\/www.yannarthusbertrandphoto.com\/fr\/oeuvre\/#breadcrumb\"},\"inLanguage\":\"fr-FR\",\"potentialAction\":[{\"@type\":\"ReadAction\",\"target\":[\"https:\/\/www.yannarthusbertrandphoto.com\/fr\/oeuvre\/\"]}]},{\"@type\":\"BreadcrumbList\",\"@id\":\"https:\/\/www.yannarthusbertrandphoto.com\/fr\/oeuvre\/#breadcrumb\",\"itemListElement\":[{\"@type\":\"ListItem\",\"position\":1,\"name\":\"Accueil\",\"item\":\"https:\/\/www.yannarthusbertrandphoto.com\/fr\/\"},{\"@type\":\"ListItem\",\"position\":2,\"name\":\"Oeuvre\"}]},{\"@type\":\"WebSite\",\"@id\":\"https:\/\/www.yannarthusbertrandphoto.com\/fr\/#website\",\"url\":\"https:\/\/www.yannarthusbertrandphoto.com\/fr\/\",\"name\":\"Yann Arthus-Bertrand\",\"description\":\"Site officiel d\u00e9di\u00e9 \u00e0 l\u2019\u0153uvre photographique de Yann Arthus-Bertrand\",\"publisher\":{\"@id\":\"https:\/\/www.yannarthusbertrandphoto.com\/fr\/#organization\"},\"potentialAction\":[{\"@type\":\"SearchAction\",\"target\":{\"@type\":\"EntryPoint\",\"urlTemplate\":\"https:\/\/www.yannarthusbertrandphoto.com\/fr\/?s={search_term_string}\"},\"query-input\":\"required name=search_term_string\"}],\"inLanguage\":\"fr-FR\"},{\"@type\":\"Organization\",\"@id\":\"https:\/\/www.yannarthusbertrandphoto.com\/fr\/#organization\",\"name\":\"Alfie Be\",\"url\":\"https:\/\/www.yannarthusbertrandphoto.com\/fr\/\",\"logo\":{\"@type\":\"ImageObject\",\"inLanguage\":\"fr-FR\",\"@id\":\"https:\/\/www.yannarthusbertrandphoto.com\/fr\/#\/schema\/logo\/image\/\",\"url\":\"https:\/\/www.yannarthusbertrandphoto.com\/wp-content\/uploads\/2018\/01\/yab_logo_black.svg\",\"contentUrl\":\"https:\/\/www.yannarthusbertrandphoto.com\/wp-content\/uploads\/2018\/01\/yab_logo_black.svg\",\"caption\":\"Alfie Be\"},\"image\":{\"@id\":\"https:\/\/www.yannarthusbertrandphoto.com\/fr\/#\/schema\/logo\/image\/\"},\"sameAs\":[\"https:\/\/www.instagram.com\/yannarthusbertrand\/\",\"https:\/\/www.youtube.com\/user\/yannarthusbertrand\",\"https:\/\/www.facebook.com\/Y.A.Bertrand\/\",\"https:\/\/twitter.com\/Yann_A_B\"]}]}<\/script>\n<!-- \/ Yoast SEO plugin. -->","yoast_head_json":{"title":"YANN ARTHUS-BERTRAND PHOTO | Oeuvre Photographique | Officiel","description":"YAB PHOTO | Tel un scientifique, son oeuvre photographique est une succession de questionnements auxquels il tentera de r\u00e9pondre afin d\u2019expliquer la terre d\u2019une mani\u00e8re artistique en recherchant du sens, du graphisme et de l\u2019\u00e9motion. Acqu\u00e9rir une oeuvre sign\u00e9e et en Editions Limit\u00e9es | YABPHOTO.COM","robots":{"index":"index","follow":"follow","max-snippet":"max-snippet:-1","max-image-preview":"max-image-preview:large","max-video-preview":"max-video-preview:-1"},"canonical":"https:\/\/www.yannarthusbertrandphoto.com\/fr\/oeuvre\/","og_locale":"fr_FR","og_type":"article","og_title":"YANN ARTHUS-BERTRAND PHOTO | Oeuvre Photographique | Officiel","og_description":"YAB PHOTO | Tel un scientifique, son oeuvre photographique est une succession de questionnements auxquels il tentera de r\u00e9pondre afin d\u2019expliquer la terre d\u2019une mani\u00e8re artistique en recherchant du sens, du graphisme et de l\u2019\u00e9motion. Acqu\u00e9rir une Oeuvre Sign\u00e9e et en Editions Limit\u00e9es | YABPHOTO.COM","og_url":"https:\/\/www.yannarthusbertrandphoto.com\/fr\/oeuvre\/","og_site_name":"Yann Arthus-Bertrand","article_publisher":"https:\/\/www.facebook.com\/Y.A.Bertrand\/","article_modified_time":"2018-09-28T06:14:28+00:00","og_image":[{"url":"https:\/\/www.yannarthusbertrandphoto.com\/wp-content\/uploads\/2017\/12\/epave.jpg"}],"twitter_card":"summary_large_image","twitter_title":"YANN ARTHUS-BERTRAND PHOTO | Oeuvre Photographique | Officiel","twitter_description":"YAB PHOTO | Tel un scientifique, son oeuvre photographique est une succession de questionnements auxquels il tentera de r\u00e9pondre afin d\u2019expliquer la terre d\u2019une mani\u00e8re artistique en recherchant du sens, du graphisme et de l\u2019\u00e9motion. Acqu\u00e9rir une Oeuvre Sign\u00e9e et en Editions Limit\u00e9es | YABPHOTO.COM","twitter_image":"https:\/\/www.yannarthusbertrandphoto.com\/wp-content\/uploads\/2017\/12\/epave.jpg","twitter_site":"@Yann_A_B","twitter_misc":{"Dur\u00e9e de lecture estim\u00e9e":"2 minutes"},"schema":{"@context":"https:\/\/schema.org","@graph":[{"@type":"WebPage","@id":"https:\/\/www.yannarthusbertrandphoto.com\/fr\/oeuvre\/","url":"https:\/\/www.yannarthusbertrandphoto.com\/fr\/oeuvre\/","name":"YANN ARTHUS-BERTRAND PHOTO | Oeuvre Photographique | Officiel","isPartOf":{"@id":"https:\/\/www.yannarthusbertrandphoto.com\/fr\/#website"},"datePublished":"2017-10-23T16:18:35+00:00","dateModified":"2018-09-28T06:14:28+00:00","description":"YAB PHOTO | Tel un scientifique, son oeuvre photographique est une succession de questionnements auxquels il tentera de r\u00e9pondre afin d\u2019expliquer la terre d\u2019une mani\u00e8re artistique en recherchant du sens, du graphisme et de l\u2019\u00e9motion. Acqu\u00e9rir une oeuvre sign\u00e9e et en Editions Limit\u00e9es | YABPHOTO.COM","breadcrumb":{"@id":"https:\/\/www.yannarthusbertrandphoto.com\/fr\/oeuvre\/#breadcrumb"},"inLanguage":"fr-FR","potentialAction":[{"@type":"ReadAction","target":["https:\/\/www.yannarthusbertrandphoto.com\/fr\/oeuvre\/"]}]},{"@type":"BreadcrumbList","@id":"https:\/\/www.yannarthusbertrandphoto.com\/fr\/oeuvre\/#breadcrumb","itemListElement":[{"@type":"ListItem","position":1,"name":"Accueil","item":"https:\/\/www.yannarthusbertrandphoto.com\/fr\/"},{"@type":"ListItem","position":2,"name":"Oeuvre"}]},{"@type":"WebSite","@id":"https:\/\/www.yannarthusbertrandphoto.com\/fr\/#website","url":"https:\/\/www.yannarthusbertrandphoto.com\/fr\/","name":"Yann Arthus-Bertrand","description":"Site officiel d\u00e9di\u00e9 \u00e0 l\u2019\u0153uvre photographique de Yann Arthus-Bertrand","publisher":{"@id":"https:\/\/www.yannarthusbertrandphoto.com\/fr\/#organization"},"potentialAction":[{"@type":"SearchAction","target":{"@type":"EntryPoint","urlTemplate":"https:\/\/www.yannarthusbertrandphoto.com\/fr\/?s={search_term_string}"},"query-input":"required name=search_term_string"}],"inLanguage":"fr-FR"},{"@type":"Organization","@id":"https:\/\/www.yannarthusbertrandphoto.com\/fr\/#organization","name":"Alfie Be","url":"https:\/\/www.yannarthusbertrandphoto.com\/fr\/","logo":{"@type":"ImageObject","inLanguage":"fr-FR","@id":"https:\/\/www.yannarthusbertrandphoto.com\/fr\/#\/schema\/logo\/image\/","url":"https:\/\/www.yannarthusbertrandphoto.com\/wp-content\/uploads\/2018\/01\/yab_logo_black.svg","contentUrl":"https:\/\/www.yannarthusbertrandphoto.com\/wp-content\/uploads\/2018\/01\/yab_logo_black.svg","caption":"Alfie Be"},"image":{"@id":"https:\/\/www.yannarthusbertrandphoto.com\/fr\/#\/schema\/logo\/image\/"},"sameAs":["https:\/\/www.instagram.com\/yannarthusbertrand\/","https:\/\/www.youtube.com\/user\/yannarthusbertrand","https:\/\/www.facebook.com\/Y.A.Bertrand\/","https:\/\/twitter.com\/Yann_A_B"]}]}},"_links":{"self":[{"href":"https:\/\/www.yannarthusbertrandphoto.com\/fr\/wp-json\/wp\/v2\/pages\/10"}],"collection":[{"href":"https:\/\/www.yannarthusbertrandphoto.com\/fr\/wp-json\/wp\/v2\/pages"}],"about":[{"href":"https:\/\/www.yannarthusbertrandphoto.com\/fr\/wp-json\/wp\/v2\/types\/page"}],"author":[{"embeddable":true,"href":"https:\/\/www.yannarthusbertrandphoto.com\/fr\/wp-json\/wp\/v2\/users\/1"}],"replies":[{"embeddable":true,"href":"https:\/\/www.yannarthusbertrandphoto.com\/fr\/wp-json\/wp\/v2\/comments?post=10"}],"version-history":[{"count":39,"href":"https:\/\/www.yannarthusbertrandphoto.com\/fr\/wp-json\/wp\/v2\/pages\/10\/revisions"}],"predecessor-version":[{"id":18470,"href":"https:\/\/www.yannarthusbertrandphoto.com\/fr\/wp-json\/wp\/v2\/pages\/10\/revisions\/18470"}],"wp:attachment":[{"href":"https:\/\/www.yannarthusbertrandphoto.com\/fr\/wp-json\/wp\/v2\/media?parent=10"}],"wp:term":[{"taxonomy":"category","embeddable":true,"href":"https:\/\/www.yannarthusbertrandphoto.com\/fr\/wp-json\/wp\/v2\/categories?post=10"}],"curies":[{"name":"wp","href":"https:\/\/api.w.org\/{rel}","templated":true}]}}