{"id":12,"date":"2017-10-23T18:19:00","date_gmt":"2017-10-23T16:19:00","guid":{"rendered":"https:\/\/www.yannarthusbertrandphoto.com\/?page_id=12"},"modified":"2019-06-20T11:41:39","modified_gmt":"2019-06-20T09:41:39","slug":"editions-limitees","status":"publish","type":"page","link":"https:\/\/www.yannarthusbertrandphoto.com\/fr\/editions-limitees\/","title":{"rendered":"\u00c9ditions limit\u00e9es"},"content":{"rendered":"<section class=\"wpb-content-wrapper\">[vc_row][vc_column][vc_column_text css=\u00a0\u00bb.vc_custom_1561023688424{margin-bottom: 0px !important;}\u00a0\u00bb]\n<p style=\"text-align: center\">Cette page pr\u00e9sente les quelques photographies en\u00a0\u00c9ditions Limit\u00e9es \u00e0 3 et 8 exemplaires\u00a0tous formats confondus\u00a0et les Oeuvres Uniques.<\/p>\n<p style=\"text-align: center\">Hors de ces trois\u00a0cat\u00e9gories, l&rsquo;ensemble des photographies de Yann Arthus-Bertrand sont des <strong>\u00ab\u00a0<a href=\"https:\/\/www.yannarthusbertrandphoto.com\/fr\/oeuvre\/vue-du-ciel\/coeur-de-voh\/\">Oeuvres Originales Sign\u00e9es et Num\u00e9rot\u00e9es\u00a0<\/a>\u00bb<\/strong>.<\/p>\n[\/vc_column_text][\/vc_column][\/vc_row]\n<\/section>","protected":false},"excerpt":{"rendered":"<p>[vc_row][vc_column][vc_column_text css=\u00a0\u00bb.vc_custom_1561023688424{margin-bottom: 0px !important;}\u00a0\u00bb] Cette page pr\u00e9sente les quelques photographies en\u00a0\u00c9ditions Limit\u00e9es \u00e0 3 et 8 exemplaires\u00a0tous formats confondus\u00a0et les [&hellip;]<\/p>\n","protected":false},"author":1,"featured_media":3506,"parent":0,"menu_order":1,"comment_status":"closed","ping_status":"closed","template":"page-templates\/template-editions-limitees.php","meta":{"inline_featured_image":false},"categories":[],"yoast_head":"<!-- This site is optimized with the Yoast SEO plugin v19.10 - https:\/\/yoast.com\/wordpress\/plugins\/seo\/ -->\n<title>YANN ARTHUS-BERTRAND PHOTO | Editions limit\u00e9es | Officiel<\/title>\n<meta name=\"description\" content=\"YAB PHOTO | Cette section pr\u00e9sente les photographies en\u00a0\u00c9ditions Limit\u00e9es \u00e0 3 et 8 exemplaires\u00a0tous formats confondus\u00a0et en\u00a0\u0152uvre Unique. Hors de ces trois\u00a0cat\u00e9gories, toutes les autres \u0153uvres ne sont pas num\u00e9rot\u00e9es et sont des\u00a0\u00ab\u00a0Tirages Sign\u00e9s \u00bb. Acqu\u00e9rir une oeuvre sign\u00e9e et en \u00e9ditions limit\u00e9es | YABPHOTO.COM\" \/>\n<meta name=\"robots\" content=\"index, follow, max-snippet:-1, max-image-preview:large, max-video-preview:-1\" \/>\n<link rel=\"canonical\" href=\"https:\/\/www.yannarthusbertrandphoto.com\/fr\/editions-limitees\/\" \/>\n<meta property=\"og:locale\" content=\"fr_FR\" \/>\n<meta property=\"og:type\" content=\"article\" \/>\n<meta property=\"og:title\" content=\"YANN ARTHUS-BERTRAND PHOTO | Editions limit\u00e9es | Officiel\" \/>\n<meta property=\"og:description\" content=\"YAB PHOTO | Cette section pr\u00e9sente les photographies en\u00a0\u00c9ditions Limit\u00e9es \u00e0 3 et 5 exemplaires\u00a0tous formats confondus\u00a0et en\u00a0\u0152uvre Unique. Hors de ces trois\u00a0cat\u00e9gories, toutes les autres \u0153uvres ne sont pas num\u00e9rot\u00e9es et sont des\u00a0\u00ab\u00a0Tirages Sign\u00e9s \u00bb. Acqu\u00e9rir une oeuvre sign\u00e9e et en \u00e9ditions limit\u00e9es | YABPHOTO.COM\" \/>\n<meta property=\"og:url\" content=\"https:\/\/www.yannarthusbertrandphoto.com\/fr\/editions-limitees\/\" \/>\n<meta property=\"og:site_name\" content=\"Yann Arthus-Bertrand\" \/>\n<meta property=\"article:publisher\" content=\"https:\/\/www.facebook.com\/Y.A.Bertrand\/\" \/>\n<meta property=\"article:modified_time\" content=\"2019-06-20T09:41:39+00:00\" \/>\n<meta property=\"og:image\" content=\"https:\/\/www.yannarthusbertrandphoto.com\/wp-content\/uploads\/2017\/12\/hunt.jpg\" \/>\n<meta name=\"twitter:card\" content=\"summary_large_image\" \/>\n<meta name=\"twitter:title\" content=\"YANN ARTHUS-BERTRAND PHOTO | Editions limit\u00e9es | Officiel\" \/>\n<meta name=\"twitter:description\" content=\"YAB PHOTO | Cette section pr\u00e9sente les photographies en\u00a0\u00c9ditions Limit\u00e9es \u00e0 3 et 5 exemplaires\u00a0tous formats confondus\u00a0et en\u00a0\u0152uvre Unique. Hors de ces trois\u00a0cat\u00e9gories, toutes les autres \u0153uvres ne sont pas num\u00e9rot\u00e9es et sont des\u00a0\u00ab\u00a0Tirages Sign\u00e9s \u00bb. Acqu\u00e9rir une oeuvre sign\u00e9e et en \u00e9ditions limit\u00e9es | YABPHOTO.COM\" \/>\n<meta name=\"twitter:image\" content=\"https:\/\/www.yannarthusbertrandphoto.com\/wp-content\/uploads\/2017\/12\/hunt.jpg\" \/>\n<meta name=\"twitter:site\" content=\"@Yann_A_B\" \/>\n<script type=\"application\/ld+json\" class=\"yoast-schema-graph\">{\"@context\":\"https:\/\/schema.org\",\"@graph\":[{\"@type\":\"WebPage\",\"@id\":\"https:\/\/www.yannarthusbertrandphoto.com\/fr\/editions-limitees\/\",\"url\":\"https:\/\/www.yannarthusbertrandphoto.com\/fr\/editions-limitees\/\",\"name\":\"YANN ARTHUS-BERTRAND PHOTO | Editions limit\u00e9es | Officiel\",\"isPartOf\":{\"@id\":\"https:\/\/www.yannarthusbertrandphoto.com\/fr\/#website\"},\"datePublished\":\"2017-10-23T16:19:00+00:00\",\"dateModified\":\"2019-06-20T09:41:39+00:00\",\"description\":\"YAB PHOTO | Cette section pr\u00e9sente les photographies en\u00a0\u00c9ditions Limit\u00e9es \u00e0 3 et 8 exemplaires\u00a0tous formats confondus\u00a0et en\u00a0\u0152uvre Unique. Hors de ces trois\u00a0cat\u00e9gories, toutes les autres \u0153uvres ne sont pas num\u00e9rot\u00e9es et sont des\u00a0\u00ab\u00a0Tirages Sign\u00e9s \u00bb. Acqu\u00e9rir une oeuvre sign\u00e9e et en \u00e9ditions limit\u00e9es | YABPHOTO.COM\",\"breadcrumb\":{\"@id\":\"https:\/\/www.yannarthusbertrandphoto.com\/fr\/editions-limitees\/#breadcrumb\"},\"inLanguage\":\"fr-FR\",\"potentialAction\":[{\"@type\":\"ReadAction\",\"target\":[\"https:\/\/www.yannarthusbertrandphoto.com\/fr\/editions-limitees\/\"]}]},{\"@type\":\"BreadcrumbList\",\"@id\":\"https:\/\/www.yannarthusbertrandphoto.com\/fr\/editions-limitees\/#breadcrumb\",\"itemListElement\":[{\"@type\":\"ListItem\",\"position\":1,\"name\":\"Accueil\",\"item\":\"https:\/\/www.yannarthusbertrandphoto.com\/fr\/\"},{\"@type\":\"ListItem\",\"position\":2,\"name\":\"\u00c9ditions limit\u00e9es\"}]},{\"@type\":\"WebSite\",\"@id\":\"https:\/\/www.yannarthusbertrandphoto.com\/fr\/#website\",\"url\":\"https:\/\/www.yannarthusbertrandphoto.com\/fr\/\",\"name\":\"Yann Arthus-Bertrand\",\"description\":\"Site officiel d\u00e9di\u00e9 \u00e0 l\u2019\u0153uvre photographique de Yann Arthus-Bertrand\",\"publisher\":{\"@id\":\"https:\/\/www.yannarthusbertrandphoto.com\/fr\/#organization\"},\"potentialAction\":[{\"@type\":\"SearchAction\",\"target\":{\"@type\":\"EntryPoint\",\"urlTemplate\":\"https:\/\/www.yannarthusbertrandphoto.com\/fr\/?s={search_term_string}\"},\"query-input\":\"required name=search_term_string\"}],\"inLanguage\":\"fr-FR\"},{\"@type\":\"Organization\",\"@id\":\"https:\/\/www.yannarthusbertrandphoto.com\/fr\/#organization\",\"name\":\"Alfie Be\",\"url\":\"https:\/\/www.yannarthusbertrandphoto.com\/fr\/\",\"logo\":{\"@type\":\"ImageObject\",\"inLanguage\":\"fr-FR\",\"@id\":\"https:\/\/www.yannarthusbertrandphoto.com\/fr\/#\/schema\/logo\/image\/\",\"url\":\"https:\/\/www.yannarthusbertrandphoto.com\/wp-content\/uploads\/2018\/01\/yab_logo_black.svg\",\"contentUrl\":\"https:\/\/www.yannarthusbertrandphoto.com\/wp-content\/uploads\/2018\/01\/yab_logo_black.svg\",\"caption\":\"Alfie Be\"},\"image\":{\"@id\":\"https:\/\/www.yannarthusbertrandphoto.com\/fr\/#\/schema\/logo\/image\/\"},\"sameAs\":[\"https:\/\/www.instagram.com\/yannarthusbertrand\/\",\"https:\/\/www.youtube.com\/user\/yannarthusbertrand\",\"https:\/\/www.facebook.com\/Y.A.Bertrand\/\",\"https:\/\/twitter.com\/Yann_A_B\"]}]}<\/script>\n<!-- \/ Yoast SEO plugin. -->","yoast_head_json":{"title":"YANN ARTHUS-BERTRAND PHOTO | Editions limit\u00e9es | Officiel","description":"YAB PHOTO | Cette section pr\u00e9sente les photographies en\u00a0\u00c9ditions Limit\u00e9es \u00e0 3 et 8 exemplaires\u00a0tous formats confondus\u00a0et en\u00a0\u0152uvre Unique. Hors de ces trois\u00a0cat\u00e9gories, toutes les autres \u0153uvres ne sont pas num\u00e9rot\u00e9es et sont des\u00a0\u00ab\u00a0Tirages Sign\u00e9s \u00bb. Acqu\u00e9rir une oeuvre sign\u00e9e et en \u00e9ditions limit\u00e9es | YABPHOTO.COM","robots":{"index":"index","follow":"follow","max-snippet":"max-snippet:-1","max-image-preview":"max-image-preview:large","max-video-preview":"max-video-preview:-1"},"canonical":"https:\/\/www.yannarthusbertrandphoto.com\/fr\/editions-limitees\/","og_locale":"fr_FR","og_type":"article","og_title":"YANN ARTHUS-BERTRAND PHOTO | Editions limit\u00e9es | Officiel","og_description":"YAB PHOTO | Cette section pr\u00e9sente les photographies en\u00a0\u00c9ditions Limit\u00e9es \u00e0 3 et 5 exemplaires\u00a0tous formats confondus\u00a0et en\u00a0\u0152uvre Unique. Hors de ces trois\u00a0cat\u00e9gories, toutes les autres \u0153uvres ne sont pas num\u00e9rot\u00e9es et sont des\u00a0\u00ab\u00a0Tirages Sign\u00e9s \u00bb. Acqu\u00e9rir une oeuvre sign\u00e9e et en \u00e9ditions limit\u00e9es | YABPHOTO.COM","og_url":"https:\/\/www.yannarthusbertrandphoto.com\/fr\/editions-limitees\/","og_site_name":"Yann Arthus-Bertrand","article_publisher":"https:\/\/www.facebook.com\/Y.A.Bertrand\/","article_modified_time":"2019-06-20T09:41:39+00:00","og_image":[{"url":"https:\/\/www.yannarthusbertrandphoto.com\/wp-content\/uploads\/2017\/12\/hunt.jpg"}],"twitter_card":"summary_large_image","twitter_title":"YANN ARTHUS-BERTRAND PHOTO | Editions limit\u00e9es | Officiel","twitter_description":"YAB PHOTO | Cette section pr\u00e9sente les photographies en\u00a0\u00c9ditions Limit\u00e9es \u00e0 3 et 5 exemplaires\u00a0tous formats confondus\u00a0et en\u00a0\u0152uvre Unique. Hors de ces trois\u00a0cat\u00e9gories, toutes les autres \u0153uvres ne sont pas num\u00e9rot\u00e9es et sont des\u00a0\u00ab\u00a0Tirages Sign\u00e9s \u00bb. Acqu\u00e9rir une oeuvre sign\u00e9e et en \u00e9ditions limit\u00e9es | YABPHOTO.COM","twitter_image":"https:\/\/www.yannarthusbertrandphoto.com\/wp-content\/uploads\/2017\/12\/hunt.jpg","twitter_site":"@Yann_A_B","schema":{"@context":"https:\/\/schema.org","@graph":[{"@type":"WebPage","@id":"https:\/\/www.yannarthusbertrandphoto.com\/fr\/editions-limitees\/","url":"https:\/\/www.yannarthusbertrandphoto.com\/fr\/editions-limitees\/","name":"YANN ARTHUS-BERTRAND PHOTO | Editions limit\u00e9es | Officiel","isPartOf":{"@id":"https:\/\/www.yannarthusbertrandphoto.com\/fr\/#website"},"datePublished":"2017-10-23T16:19:00+00:00","dateModified":"2019-06-20T09:41:39+00:00","description":"YAB PHOTO | Cette section pr\u00e9sente les photographies en\u00a0\u00c9ditions Limit\u00e9es \u00e0 3 et 8 exemplaires\u00a0tous formats confondus\u00a0et en\u00a0\u0152uvre Unique. Hors de ces trois\u00a0cat\u00e9gories, toutes les autres \u0153uvres ne sont pas num\u00e9rot\u00e9es et sont des\u00a0\u00ab\u00a0Tirages Sign\u00e9s \u00bb. Acqu\u00e9rir une oeuvre sign\u00e9e et en \u00e9ditions limit\u00e9es | YABPHOTO.COM","breadcrumb":{"@id":"https:\/\/www.yannarthusbertrandphoto.com\/fr\/editions-limitees\/#breadcrumb"},"inLanguage":"fr-FR","potentialAction":[{"@type":"ReadAction","target":["https:\/\/www.yannarthusbertrandphoto.com\/fr\/editions-limitees\/"]}]},{"@type":"BreadcrumbList","@id":"https:\/\/www.yannarthusbertrandphoto.com\/fr\/editions-limitees\/#breadcrumb","itemListElement":[{"@type":"ListItem","position":1,"name":"Accueil","item":"https:\/\/www.yannarthusbertrandphoto.com\/fr\/"},{"@type":"ListItem","position":2,"name":"\u00c9ditions limit\u00e9es"}]},{"@type":"WebSite","@id":"https:\/\/www.yannarthusbertrandphoto.com\/fr\/#website","url":"https:\/\/www.yannarthusbertrandphoto.com\/fr\/","name":"Yann Arthus-Bertrand","description":"Site officiel d\u00e9di\u00e9 \u00e0 l\u2019\u0153uvre photographique de Yann Arthus-Bertrand","publisher":{"@id":"https:\/\/www.yannarthusbertrandphoto.com\/fr\/#organization"},"potentialAction":[{"@type":"SearchAction","target":{"@type":"EntryPoint","urlTemplate":"https:\/\/www.yannarthusbertrandphoto.com\/fr\/?s={search_term_string}"},"query-input":"required name=search_term_string"}],"inLanguage":"fr-FR"},{"@type":"Organization","@id":"https:\/\/www.yannarthusbertrandphoto.com\/fr\/#organization","name":"Alfie Be","url":"https:\/\/www.yannarthusbertrandphoto.com\/fr\/","logo":{"@type":"ImageObject","inLanguage":"fr-FR","@id":"https:\/\/www.yannarthusbertrandphoto.com\/fr\/#\/schema\/logo\/image\/","url":"https:\/\/www.yannarthusbertrandphoto.com\/wp-content\/uploads\/2018\/01\/yab_logo_black.svg","contentUrl":"https:\/\/www.yannarthusbertrandphoto.com\/wp-content\/uploads\/2018\/01\/yab_logo_black.svg","caption":"Alfie Be"},"image":{"@id":"https:\/\/www.yannarthusbertrandphoto.com\/fr\/#\/schema\/logo\/image\/"},"sameAs":["https:\/\/www.instagram.com\/yannarthusbertrand\/","https:\/\/www.youtube.com\/user\/yannarthusbertrand","https:\/\/www.facebook.com\/Y.A.Bertrand\/","https:\/\/twitter.com\/Yann_A_B"]}]}},"_links":{"self":[{"href":"https:\/\/www.yannarthusbertrandphoto.com\/fr\/wp-json\/wp\/v2\/pages\/12"}],"collection":[{"href":"https:\/\/www.yannarthusbertrandphoto.com\/fr\/wp-json\/wp\/v2\/pages"}],"about":[{"href":"https:\/\/www.yannarthusbertrandphoto.com\/fr\/wp-json\/wp\/v2\/types\/page"}],"author":[{"embeddable":true,"href":"https:\/\/www.yannarthusbertrandphoto.com\/fr\/wp-json\/wp\/v2\/users\/1"}],"replies":[{"embeddable":true,"href":"https:\/\/www.yannarthusbertrandphoto.com\/fr\/wp-json\/wp\/v2\/comments?post=12"}],"version-history":[{"count":15,"href":"https:\/\/www.yannarthusbertrandphoto.com\/fr\/wp-json\/wp\/v2\/pages\/12\/revisions"}],"predecessor-version":[{"id":22691,"href":"https:\/\/www.yannarthusbertrandphoto.com\/fr\/wp-json\/wp\/v2\/pages\/12\/revisions\/22691"}],"wp:featuredmedia":[{"embeddable":true,"href":"https:\/\/www.yannarthusbertrandphoto.com\/fr\/wp-json\/wp\/v2\/media\/3506"}],"wp:attachment":[{"href":"https:\/\/www.yannarthusbertrandphoto.com\/fr\/wp-json\/wp\/v2\/media?parent=12"}],"wp:term":[{"taxonomy":"category","embeddable":true,"href":"https:\/\/www.yannarthusbertrandphoto.com\/fr\/wp-json\/wp\/v2\/categories?post=12"}],"curies":[{"name":"wp","href":"https:\/\/api.w.org\/{rel}","templated":true}]}}