{"id":1913,"date":"2017-12-08T10:25:28","date_gmt":"2017-12-08T09:25:28","guid":{"rendered":"https:\/\/www.yannarthusbertrandphoto.com\/?page_id=1913"},"modified":"2018-05-29T09:06:36","modified_gmt":"2018-05-29T07:06:36","slug":"curation","status":"publish","type":"page","link":"https:\/\/www.yannarthusbertrandphoto.com\/fr\/expositions\/curation\/","title":{"rendered":"Curation"},"content":{"rendered":"","protected":false},"excerpt":{"rendered":"","protected":false},"author":1,"featured_media":0,"parent":14,"menu_order":2,"comment_status":"closed","ping_status":"closed","template":"page-templates\/template-diptyque-ou-curation.php","meta":{"inline_featured_image":false},"categories":[],"yoast_head":"<!-- This site is optimized with the Yoast SEO plugin v19.10 - https:\/\/yoast.com\/wordpress\/plugins\/seo\/ -->\n<title>YANN ARTHUS-BERTRAND PHOTO | Curation | Officiel<\/title>\n<meta name=\"description\" content=\"YAB PHOTO | Tel un scientifique, son oeuvre photographique est une succession de questionnements auxquels il tentera de r\u00e9pondre afin d\u2019expliquer la terre d\u2019une mani\u00e8re artistique en recherchant du sens, du graphisme et de l\u2019\u00e9motion. Acqu\u00e9rir une Oeuvre Sign\u00e9e et en Editions Limit\u00e9es | YABPHOTO.COM\" \/>\n<meta name=\"robots\" content=\"index, follow, max-snippet:-1, max-image-preview:large, max-video-preview:-1\" \/>\n<link rel=\"canonical\" href=\"https:\/\/www.yannarthusbertrandphoto.com\/fr\/expositions\/curation\/\" \/>\n<meta property=\"og:locale\" content=\"fr_FR\" \/>\n<meta property=\"og:type\" content=\"article\" \/>\n<meta property=\"og:title\" content=\"YANN ARTHUS-BERTRAND PHOTO | Curation | Officiel\" \/>\n<meta property=\"og:description\" content=\"YAB PHOTO | Tel un scientifique, son oeuvre photographique est une succession de questionnements auxquels il tentera de r\u00e9pondre afin d\u2019expliquer la terre d\u2019une mani\u00e8re artistique en recherchant du sens, du graphisme et de l\u2019\u00e9motion. Acqu\u00e9rir une Oeuvre Sign\u00e9e et en Editions Limit\u00e9es | YABPHOTO.COM\" \/>\n<meta property=\"og:url\" content=\"https:\/\/www.yannarthusbertrandphoto.com\/fr\/expositions\/curation\/\" \/>\n<meta property=\"og:site_name\" content=\"Yann Arthus-Bertrand\" \/>\n<meta property=\"article:publisher\" content=\"https:\/\/www.facebook.com\/Y.A.Bertrand\/\" \/>\n<meta property=\"article:modified_time\" content=\"2018-05-29T07:06:36+00:00\" \/>\n<meta property=\"og:image\" content=\"https:\/\/www.yannarthusbertrandphoto.com\/wp-content\/uploads\/2018\/03\/annee_90_big.jpg\" \/>\n\t<meta property=\"og:image:width\" content=\"2000\" \/>\n\t<meta property=\"og:image:height\" content=\"2000\" \/>\n\t<meta property=\"og:image:type\" content=\"image\/jpeg\" \/>\n<meta name=\"twitter:card\" content=\"summary_large_image\" \/>\n<meta name=\"twitter:site\" content=\"@Yann_A_B\" \/>\n<script type=\"application\/ld+json\" class=\"yoast-schema-graph\">{\"@context\":\"https:\/\/schema.org\",\"@graph\":[{\"@type\":\"WebPage\",\"@id\":\"https:\/\/www.yannarthusbertrandphoto.com\/fr\/expositions\/curation\/\",\"url\":\"https:\/\/www.yannarthusbertrandphoto.com\/fr\/expositions\/curation\/\",\"name\":\"YANN ARTHUS-BERTRAND PHOTO | Curation | Officiel\",\"isPartOf\":{\"@id\":\"https:\/\/www.yannarthusbertrandphoto.com\/fr\/#website\"},\"datePublished\":\"2017-12-08T09:25:28+00:00\",\"dateModified\":\"2018-05-29T07:06:36+00:00\",\"description\":\"YAB PHOTO | Tel un scientifique, son oeuvre photographique est une succession de questionnements auxquels il tentera de r\u00e9pondre afin d\u2019expliquer la terre d\u2019une mani\u00e8re artistique en recherchant du sens, du graphisme et de l\u2019\u00e9motion. Acqu\u00e9rir une Oeuvre Sign\u00e9e et en Editions Limit\u00e9es | YABPHOTO.COM\",\"breadcrumb\":{\"@id\":\"https:\/\/www.yannarthusbertrandphoto.com\/fr\/expositions\/curation\/#breadcrumb\"},\"inLanguage\":\"fr-FR\",\"potentialAction\":[{\"@type\":\"ReadAction\",\"target\":[\"https:\/\/www.yannarthusbertrandphoto.com\/fr\/expositions\/curation\/\"]}]},{\"@type\":\"BreadcrumbList\",\"@id\":\"https:\/\/www.yannarthusbertrandphoto.com\/fr\/expositions\/curation\/#breadcrumb\",\"itemListElement\":[{\"@type\":\"ListItem\",\"position\":1,\"name\":\"Accueil\",\"item\":\"https:\/\/www.yannarthusbertrandphoto.com\/fr\/\"},{\"@type\":\"ListItem\",\"position\":2,\"name\":\"expositions\",\"item\":\"https:\/\/www.yannarthusbertrandphoto.com\/fr\/expositions\/\"},{\"@type\":\"ListItem\",\"position\":3,\"name\":\"Curation\"}]},{\"@type\":\"WebSite\",\"@id\":\"https:\/\/www.yannarthusbertrandphoto.com\/fr\/#website\",\"url\":\"https:\/\/www.yannarthusbertrandphoto.com\/fr\/\",\"name\":\"Yann Arthus-Bertrand\",\"description\":\"Site officiel d\u00e9di\u00e9 \u00e0 l\u2019\u0153uvre photographique de Yann Arthus-Bertrand\",\"publisher\":{\"@id\":\"https:\/\/www.yannarthusbertrandphoto.com\/fr\/#organization\"},\"potentialAction\":[{\"@type\":\"SearchAction\",\"target\":{\"@type\":\"EntryPoint\",\"urlTemplate\":\"https:\/\/www.yannarthusbertrandphoto.com\/fr\/?s={search_term_string}\"},\"query-input\":\"required name=search_term_string\"}],\"inLanguage\":\"fr-FR\"},{\"@type\":\"Organization\",\"@id\":\"https:\/\/www.yannarthusbertrandphoto.com\/fr\/#organization\",\"name\":\"Alfie Be\",\"url\":\"https:\/\/www.yannarthusbertrandphoto.com\/fr\/\",\"logo\":{\"@type\":\"ImageObject\",\"inLanguage\":\"fr-FR\",\"@id\":\"https:\/\/www.yannarthusbertrandphoto.com\/fr\/#\/schema\/logo\/image\/\",\"url\":\"https:\/\/www.yannarthusbertrandphoto.com\/wp-content\/uploads\/2018\/01\/yab_logo_black.svg\",\"contentUrl\":\"https:\/\/www.yannarthusbertrandphoto.com\/wp-content\/uploads\/2018\/01\/yab_logo_black.svg\",\"caption\":\"Alfie Be\"},\"image\":{\"@id\":\"https:\/\/www.yannarthusbertrandphoto.com\/fr\/#\/schema\/logo\/image\/\"},\"sameAs\":[\"https:\/\/www.instagram.com\/yannarthusbertrand\/\",\"https:\/\/www.youtube.com\/user\/yannarthusbertrand\",\"https:\/\/www.facebook.com\/Y.A.Bertrand\/\",\"https:\/\/twitter.com\/Yann_A_B\"]}]}<\/script>\n<!-- \/ Yoast SEO plugin. -->","yoast_head_json":{"title":"YANN ARTHUS-BERTRAND PHOTO | Curation | Officiel","description":"YAB PHOTO | Tel un scientifique, son oeuvre photographique est une succession de questionnements auxquels il tentera de r\u00e9pondre afin d\u2019expliquer la terre d\u2019une mani\u00e8re artistique en recherchant du sens, du graphisme et de l\u2019\u00e9motion. Acqu\u00e9rir une Oeuvre Sign\u00e9e et en Editions Limit\u00e9es | YABPHOTO.COM","robots":{"index":"index","follow":"follow","max-snippet":"max-snippet:-1","max-image-preview":"max-image-preview:large","max-video-preview":"max-video-preview:-1"},"canonical":"https:\/\/www.yannarthusbertrandphoto.com\/fr\/expositions\/curation\/","og_locale":"fr_FR","og_type":"article","og_title":"YANN ARTHUS-BERTRAND PHOTO | Curation | Officiel","og_description":"YAB PHOTO | Tel un scientifique, son oeuvre photographique est une succession de questionnements auxquels il tentera de r\u00e9pondre afin d\u2019expliquer la terre d\u2019une mani\u00e8re artistique en recherchant du sens, du graphisme et de l\u2019\u00e9motion. Acqu\u00e9rir une Oeuvre Sign\u00e9e et en Editions Limit\u00e9es | YABPHOTO.COM","og_url":"https:\/\/www.yannarthusbertrandphoto.com\/fr\/expositions\/curation\/","og_site_name":"Yann Arthus-Bertrand","article_publisher":"https:\/\/www.facebook.com\/Y.A.Bertrand\/","article_modified_time":"2018-05-29T07:06:36+00:00","og_image":[{"width":2000,"height":2000,"url":"https:\/\/www.yannarthusbertrandphoto.com\/wp-content\/uploads\/2018\/03\/annee_90_big.jpg","type":"image\/jpeg"}],"twitter_card":"summary_large_image","twitter_site":"@Yann_A_B","schema":{"@context":"https:\/\/schema.org","@graph":[{"@type":"WebPage","@id":"https:\/\/www.yannarthusbertrandphoto.com\/fr\/expositions\/curation\/","url":"https:\/\/www.yannarthusbertrandphoto.com\/fr\/expositions\/curation\/","name":"YANN ARTHUS-BERTRAND PHOTO | Curation | Officiel","isPartOf":{"@id":"https:\/\/www.yannarthusbertrandphoto.com\/fr\/#website"},"datePublished":"2017-12-08T09:25:28+00:00","dateModified":"2018-05-29T07:06:36+00:00","description":"YAB PHOTO | Tel un scientifique, son oeuvre photographique est une succession de questionnements auxquels il tentera de r\u00e9pondre afin d\u2019expliquer la terre d\u2019une mani\u00e8re artistique en recherchant du sens, du graphisme et de l\u2019\u00e9motion. Acqu\u00e9rir une Oeuvre Sign\u00e9e et en Editions Limit\u00e9es | YABPHOTO.COM","breadcrumb":{"@id":"https:\/\/www.yannarthusbertrandphoto.com\/fr\/expositions\/curation\/#breadcrumb"},"inLanguage":"fr-FR","potentialAction":[{"@type":"ReadAction","target":["https:\/\/www.yannarthusbertrandphoto.com\/fr\/expositions\/curation\/"]}]},{"@type":"BreadcrumbList","@id":"https:\/\/www.yannarthusbertrandphoto.com\/fr\/expositions\/curation\/#breadcrumb","itemListElement":[{"@type":"ListItem","position":1,"name":"Accueil","item":"https:\/\/www.yannarthusbertrandphoto.com\/fr\/"},{"@type":"ListItem","position":2,"name":"expositions","item":"https:\/\/www.yannarthusbertrandphoto.com\/fr\/expositions\/"},{"@type":"ListItem","position":3,"name":"Curation"}]},{"@type":"WebSite","@id":"https:\/\/www.yannarthusbertrandphoto.com\/fr\/#website","url":"https:\/\/www.yannarthusbertrandphoto.com\/fr\/","name":"Yann Arthus-Bertrand","description":"Site officiel d\u00e9di\u00e9 \u00e0 l\u2019\u0153uvre photographique de Yann Arthus-Bertrand","publisher":{"@id":"https:\/\/www.yannarthusbertrandphoto.com\/fr\/#organization"},"potentialAction":[{"@type":"SearchAction","target":{"@type":"EntryPoint","urlTemplate":"https:\/\/www.yannarthusbertrandphoto.com\/fr\/?s={search_term_string}"},"query-input":"required name=search_term_string"}],"inLanguage":"fr-FR"},{"@type":"Organization","@id":"https:\/\/www.yannarthusbertrandphoto.com\/fr\/#organization","name":"Alfie Be","url":"https:\/\/www.yannarthusbertrandphoto.com\/fr\/","logo":{"@type":"ImageObject","inLanguage":"fr-FR","@id":"https:\/\/www.yannarthusbertrandphoto.com\/fr\/#\/schema\/logo\/image\/","url":"https:\/\/www.yannarthusbertrandphoto.com\/wp-content\/uploads\/2018\/01\/yab_logo_black.svg","contentUrl":"https:\/\/www.yannarthusbertrandphoto.com\/wp-content\/uploads\/2018\/01\/yab_logo_black.svg","caption":"Alfie Be"},"image":{"@id":"https:\/\/www.yannarthusbertrandphoto.com\/fr\/#\/schema\/logo\/image\/"},"sameAs":["https:\/\/www.instagram.com\/yannarthusbertrand\/","https:\/\/www.youtube.com\/user\/yannarthusbertrand","https:\/\/www.facebook.com\/Y.A.Bertrand\/","https:\/\/twitter.com\/Yann_A_B"]}]}},"_links":{"self":[{"href":"https:\/\/www.yannarthusbertrandphoto.com\/fr\/wp-json\/wp\/v2\/pages\/1913"}],"collection":[{"href":"https:\/\/www.yannarthusbertrandphoto.com\/fr\/wp-json\/wp\/v2\/pages"}],"about":[{"href":"https:\/\/www.yannarthusbertrandphoto.com\/fr\/wp-json\/wp\/v2\/types\/page"}],"author":[{"embeddable":true,"href":"https:\/\/www.yannarthusbertrandphoto.com\/fr\/wp-json\/wp\/v2\/users\/1"}],"replies":[{"embeddable":true,"href":"https:\/\/www.yannarthusbertrandphoto.com\/fr\/wp-json\/wp\/v2\/comments?post=1913"}],"version-history":[{"count":1,"href":"https:\/\/www.yannarthusbertrandphoto.com\/fr\/wp-json\/wp\/v2\/pages\/1913\/revisions"}],"predecessor-version":[{"id":7812,"href":"https:\/\/www.yannarthusbertrandphoto.com\/fr\/wp-json\/wp\/v2\/pages\/1913\/revisions\/7812"}],"up":[{"embeddable":true,"href":"https:\/\/www.yannarthusbertrandphoto.com\/fr\/wp-json\/wp\/v2\/pages\/14"}],"wp:attachment":[{"href":"https:\/\/www.yannarthusbertrandphoto.com\/fr\/wp-json\/wp\/v2\/media?parent=1913"}],"wp:term":[{"taxonomy":"category","embeddable":true,"href":"https:\/\/www.yannarthusbertrandphoto.com\/fr\/wp-json\/wp\/v2\/categories?post=1913"}],"curies":[{"name":"wp","href":"https:\/\/api.w.org\/{rel}","templated":true}]}}