{"id":11882,"date":"2018-04-24T14:02:30","date_gmt":"2018-04-24T12:02:30","guid":{"rendered":"https:\/\/www.yannarthusbertrandphoto.com\/?post_type=product&#038;p=11882"},"modified":"2018-05-28T16:45:22","modified_gmt":"2018-05-28T14:45:22","slug":"ilot-et-fond-marin","status":"publish","type":"product","link":"https:\/\/www.yannarthusbertrandphoto.com\/fr\/produit\/ilot-et-fond-marin\/","title":{"rendered":"\u00eelot et fond marin"},"content":{"rendered":"<p>Ces eaux limpides abritent l\u2019un des univers sous-marins les plus riches du monde. Situ\u00e9 au sud-est de la Floride et au nord d\u2019Ha\u00efti et de Cuba, l\u2019archipel des Bahamas est constitu\u00e9 de plus de 700 \u00eeles ou \u00eelots d\u2019origine corallienne. Pr\u00e8s de 260 000 ha marins et terrestres d\u2019une exceptionnelle biodiversit\u00e9 sont aujourd\u2019hui prot\u00e9g\u00e9s par le Bahamas National Trust. Expos\u00e9es aux ouragans, avec des sols peu fertiles o\u00f9 le stress hydrique est particuli\u00e8rement \u00e9lev\u00e9 en raison de leur perm\u00e9abilit\u00e9, seules quelques \u00eeles sont utilis\u00e9es pour des cultures tropicales. Productrice de fruits et de l\u00e9gumes, l\u2019agriculture locale manque d\u2019espace, et 80 % des denr\u00e9es alimentaires doivent \u00eatre import\u00e9es. D\u00e9pendantes du tourisme qui constitue plus de 50 % du PIB et emploie pr\u00e8s de 50 % de la population active, les Bahamas comptent environ 350 000 habitants. L\u2019archipel poss\u00e8de l\u2019une des \u00e9conomies les plus prosp\u00e8res de la r\u00e9gion des Antilles et des Cara\u00efbes, mais \u00e9galement les plus sensibles aux fluctuations internationales. Depuis son ind\u00e9pendance en 1973, le Commonwealth des Bahamas est devenu l\u2019une des premi\u00e8res places financi\u00e8res \u00ab offshore \u00bb du monde ; cette activit\u00e9 repr\u00e9sente pr\u00e8s de 15 % du PIB. Toutefois, son importance d\u00e9cline car le gouvernement s\u2019est engag\u00e9 en 2002 \u00e0 lutter contre le blanchiment de l\u2019argent. D\u2019apr\u00e8s certains sp\u00e9cialistes, les fonds accueillis par les paradis fiscaux sont le plus souvent issus de la corruption, du blanchiment d\u2019activit\u00e9s criminelles et de la fraude fiscale.<\/p>\n","protected":false},"excerpt":{"rendered":"<p>\u00eelot et fond marin, Exuma Cays, Bahamas (24\u00b028\u2019 N &#8211; 76\u00b046\u2019 O).<\/p>\n","protected":false},"featured_media":11883,"template":"","meta":{"inline_featured_image":false},"product_cat":[212],"product_tag":[],"yoast_head":"<!-- This site is optimized with the Yoast SEO plugin v19.10 - https:\/\/yoast.com\/wordpress\/plugins\/seo\/ -->\n<title>\u00eelot et fond marin, Bahamas - Yann Arthus-Bertrand Photographie<\/title>\n<meta name=\"description\" content=\"Ces eaux limpides abritent l\u2019un des univers sous-marins les plus riches du monde. Situ\u00e9 au sud-est de la Floride et au nord d\u2019Ha\u00efti et de Cuba, l\u2019archipel des Bahamas est constitu\u00e9 de plus de 700 \u00eeles ou \u00eelots d\u2019origine corallienne.\" \/>\n<meta name=\"robots\" content=\"index, follow, max-snippet:-1, max-image-preview:large, max-video-preview:-1\" \/>\n<link rel=\"canonical\" href=\"https:\/\/www.yannarthusbertrandphoto.com\/fr\/produit\/ilot-et-fond-marin\/\" \/>\n<meta property=\"og:locale\" content=\"fr_FR\" \/>\n<meta property=\"og:type\" content=\"article\" \/>\n<meta property=\"og:title\" content=\"\u00eelot et fond marin, Bahamas - Yann Arthus-Bertrand Photographie\" \/>\n<meta property=\"og:description\" content=\"Ces eaux limpides abritent l\u2019un des univers sous-marins les plus riches du monde. Situ\u00e9 au sud-est de la Floride et au nord d\u2019Ha\u00efti et de Cuba, l\u2019archipel des Bahamas est constitu\u00e9 de plus de 700 \u00eeles ou \u00eelots d\u2019origine corallienne.\" \/>\n<meta property=\"og:url\" content=\"https:\/\/www.yannarthusbertrandphoto.com\/fr\/produit\/ilot-et-fond-marin\/\" \/>\n<meta property=\"og:site_name\" content=\"Yann Arthus-Bertrand\" \/>\n<meta property=\"article:publisher\" content=\"https:\/\/www.facebook.com\/Y.A.Bertrand\/\" \/>\n<meta property=\"article:modified_time\" content=\"2018-05-28T14:45:22+00:00\" \/>\n<meta property=\"og:image\" content=\"https:\/\/www.yannarthusbertrandphoto.com\/wp-content\/uploads\/2018\/04\/yab_lot-et-fond-marin_yann-arthus-bertrand-photographie.jpeg\" \/>\n\t<meta property=\"og:image:width\" content=\"2000\" \/>\n\t<meta property=\"og:image:height\" content=\"1333\" \/>\n\t<meta property=\"og:image:type\" content=\"image\/jpeg\" \/>\n<meta name=\"twitter:card\" content=\"summary_large_image\" \/>\n<meta name=\"twitter:site\" content=\"@Yann_A_B\" \/>\n<meta name=\"twitter:label1\" content=\"Dur\u00e9e de lecture estim\u00e9e\" \/>\n\t<meta name=\"twitter:data1\" content=\"1 minute\" \/>\n<script type=\"application\/ld+json\" class=\"yoast-schema-graph\">{\"@context\":\"https:\/\/schema.org\",\"@graph\":[{\"@type\":\"WebPage\",\"@id\":\"https:\/\/www.yannarthusbertrandphoto.com\/fr\/produit\/ilot-et-fond-marin\/\",\"url\":\"https:\/\/www.yannarthusbertrandphoto.com\/fr\/produit\/ilot-et-fond-marin\/\",\"name\":\"\u00eelot et fond marin, Bahamas - Yann Arthus-Bertrand Photographie\",\"isPartOf\":{\"@id\":\"https:\/\/www.yannarthusbertrandphoto.com\/fr\/#website\"},\"datePublished\":\"2018-04-24T12:02:30+00:00\",\"dateModified\":\"2018-05-28T14:45:22+00:00\",\"description\":\"Ces eaux limpides abritent l\u2019un des univers sous-marins les plus riches du monde. Situ\u00e9 au sud-est de la Floride et au nord d\u2019Ha\u00efti et de Cuba, l\u2019archipel des Bahamas est constitu\u00e9 de plus de 700 \u00eeles ou \u00eelots d\u2019origine corallienne.\",\"breadcrumb\":{\"@id\":\"https:\/\/www.yannarthusbertrandphoto.com\/fr\/produit\/ilot-et-fond-marin\/#breadcrumb\"},\"inLanguage\":\"fr-FR\",\"potentialAction\":[{\"@type\":\"ReadAction\",\"target\":[\"https:\/\/www.yannarthusbertrandphoto.com\/fr\/produit\/ilot-et-fond-marin\/\"]}]},{\"@type\":\"BreadcrumbList\",\"@id\":\"https:\/\/www.yannarthusbertrandphoto.com\/fr\/produit\/ilot-et-fond-marin\/#breadcrumb\",\"itemListElement\":[{\"@type\":\"ListItem\",\"position\":1,\"name\":\"Accueil\",\"item\":\"https:\/\/www.yannarthusbertrandphoto.com\/fr\/\"},{\"@type\":\"ListItem\",\"position\":2,\"name\":\"Shop\",\"item\":\"https:\/\/www.yannarthusbertrandphoto.com\/fr\/shop\/\"},{\"@type\":\"ListItem\",\"position\":3,\"name\":\"\u00eelot et fond marin\"}]},{\"@type\":\"WebSite\",\"@id\":\"https:\/\/www.yannarthusbertrandphoto.com\/fr\/#website\",\"url\":\"https:\/\/www.yannarthusbertrandphoto.com\/fr\/\",\"name\":\"Yann Arthus-Bertrand\",\"description\":\"Site officiel d\u00e9di\u00e9 \u00e0 l\u2019\u0153uvre photographique de Yann Arthus-Bertrand\",\"publisher\":{\"@id\":\"https:\/\/www.yannarthusbertrandphoto.com\/fr\/#organization\"},\"potentialAction\":[{\"@type\":\"SearchAction\",\"target\":{\"@type\":\"EntryPoint\",\"urlTemplate\":\"https:\/\/www.yannarthusbertrandphoto.com\/fr\/?s={search_term_string}\"},\"query-input\":\"required name=search_term_string\"}],\"inLanguage\":\"fr-FR\"},{\"@type\":\"Organization\",\"@id\":\"https:\/\/www.yannarthusbertrandphoto.com\/fr\/#organization\",\"name\":\"Alfie Be\",\"url\":\"https:\/\/www.yannarthusbertrandphoto.com\/fr\/\",\"logo\":{\"@type\":\"ImageObject\",\"inLanguage\":\"fr-FR\",\"@id\":\"https:\/\/www.yannarthusbertrandphoto.com\/fr\/#\/schema\/logo\/image\/\",\"url\":\"https:\/\/www.yannarthusbertrandphoto.com\/wp-content\/uploads\/2018\/01\/yab_logo_black.svg\",\"contentUrl\":\"https:\/\/www.yannarthusbertrandphoto.com\/wp-content\/uploads\/2018\/01\/yab_logo_black.svg\",\"caption\":\"Alfie Be\"},\"image\":{\"@id\":\"https:\/\/www.yannarthusbertrandphoto.com\/fr\/#\/schema\/logo\/image\/\"},\"sameAs\":[\"https:\/\/www.instagram.com\/yannarthusbertrand\/\",\"https:\/\/www.youtube.com\/user\/yannarthusbertrand\",\"https:\/\/www.facebook.com\/Y.A.Bertrand\/\",\"https:\/\/twitter.com\/Yann_A_B\"]}]}<\/script>\n<!-- \/ Yoast SEO plugin. -->","yoast_head_json":{"title":"\u00eelot et fond marin, Bahamas - Yann Arthus-Bertrand Photographie","description":"Ces eaux limpides abritent l\u2019un des univers sous-marins les plus riches du monde. Situ\u00e9 au sud-est de la Floride et au nord d\u2019Ha\u00efti et de Cuba, l\u2019archipel des Bahamas est constitu\u00e9 de plus de 700 \u00eeles ou \u00eelots d\u2019origine corallienne.","robots":{"index":"index","follow":"follow","max-snippet":"max-snippet:-1","max-image-preview":"max-image-preview:large","max-video-preview":"max-video-preview:-1"},"canonical":"https:\/\/www.yannarthusbertrandphoto.com\/fr\/produit\/ilot-et-fond-marin\/","og_locale":"fr_FR","og_type":"article","og_title":"\u00eelot et fond marin, Bahamas - Yann Arthus-Bertrand Photographie","og_description":"Ces eaux limpides abritent l\u2019un des univers sous-marins les plus riches du monde. Situ\u00e9 au sud-est de la Floride et au nord d\u2019Ha\u00efti et de Cuba, l\u2019archipel des Bahamas est constitu\u00e9 de plus de 700 \u00eeles ou \u00eelots d\u2019origine corallienne.","og_url":"https:\/\/www.yannarthusbertrandphoto.com\/fr\/produit\/ilot-et-fond-marin\/","og_site_name":"Yann Arthus-Bertrand","article_publisher":"https:\/\/www.facebook.com\/Y.A.Bertrand\/","article_modified_time":"2018-05-28T14:45:22+00:00","og_image":[{"width":2000,"height":1333,"url":"https:\/\/www.yannarthusbertrandphoto.com\/wp-content\/uploads\/2018\/04\/yab_lot-et-fond-marin_yann-arthus-bertrand-photographie.jpeg","type":"image\/jpeg"}],"twitter_card":"summary_large_image","twitter_site":"@Yann_A_B","twitter_misc":{"Dur\u00e9e de lecture estim\u00e9e":"1 minute"},"schema":{"@context":"https:\/\/schema.org","@graph":[{"@type":"WebPage","@id":"https:\/\/www.yannarthusbertrandphoto.com\/fr\/produit\/ilot-et-fond-marin\/","url":"https:\/\/www.yannarthusbertrandphoto.com\/fr\/produit\/ilot-et-fond-marin\/","name":"\u00eelot et fond marin, Bahamas - Yann Arthus-Bertrand Photographie","isPartOf":{"@id":"https:\/\/www.yannarthusbertrandphoto.com\/fr\/#website"},"datePublished":"2018-04-24T12:02:30+00:00","dateModified":"2018-05-28T14:45:22+00:00","description":"Ces eaux limpides abritent l\u2019un des univers sous-marins les plus riches du monde. Situ\u00e9 au sud-est de la Floride et au nord d\u2019Ha\u00efti et de Cuba, l\u2019archipel des Bahamas est constitu\u00e9 de plus de 700 \u00eeles ou \u00eelots d\u2019origine corallienne.","breadcrumb":{"@id":"https:\/\/www.yannarthusbertrandphoto.com\/fr\/produit\/ilot-et-fond-marin\/#breadcrumb"},"inLanguage":"fr-FR","potentialAction":[{"@type":"ReadAction","target":["https:\/\/www.yannarthusbertrandphoto.com\/fr\/produit\/ilot-et-fond-marin\/"]}]},{"@type":"BreadcrumbList","@id":"https:\/\/www.yannarthusbertrandphoto.com\/fr\/produit\/ilot-et-fond-marin\/#breadcrumb","itemListElement":[{"@type":"ListItem","position":1,"name":"Accueil","item":"https:\/\/www.yannarthusbertrandphoto.com\/fr\/"},{"@type":"ListItem","position":2,"name":"Shop","item":"https:\/\/www.yannarthusbertrandphoto.com\/fr\/shop\/"},{"@type":"ListItem","position":3,"name":"\u00eelot et fond marin"}]},{"@type":"WebSite","@id":"https:\/\/www.yannarthusbertrandphoto.com\/fr\/#website","url":"https:\/\/www.yannarthusbertrandphoto.com\/fr\/","name":"Yann Arthus-Bertrand","description":"Site officiel d\u00e9di\u00e9 \u00e0 l\u2019\u0153uvre photographique de Yann Arthus-Bertrand","publisher":{"@id":"https:\/\/www.yannarthusbertrandphoto.com\/fr\/#organization"},"potentialAction":[{"@type":"SearchAction","target":{"@type":"EntryPoint","urlTemplate":"https:\/\/www.yannarthusbertrandphoto.com\/fr\/?s={search_term_string}"},"query-input":"required name=search_term_string"}],"inLanguage":"fr-FR"},{"@type":"Organization","@id":"https:\/\/www.yannarthusbertrandphoto.com\/fr\/#organization","name":"Alfie Be","url":"https:\/\/www.yannarthusbertrandphoto.com\/fr\/","logo":{"@type":"ImageObject","inLanguage":"fr-FR","@id":"https:\/\/www.yannarthusbertrandphoto.com\/fr\/#\/schema\/logo\/image\/","url":"https:\/\/www.yannarthusbertrandphoto.com\/wp-content\/uploads\/2018\/01\/yab_logo_black.svg","contentUrl":"https:\/\/www.yannarthusbertrandphoto.com\/wp-content\/uploads\/2018\/01\/yab_logo_black.svg","caption":"Alfie Be"},"image":{"@id":"https:\/\/www.yannarthusbertrandphoto.com\/fr\/#\/schema\/logo\/image\/"},"sameAs":["https:\/\/www.instagram.com\/yannarthusbertrand\/","https:\/\/www.youtube.com\/user\/yannarthusbertrand","https:\/\/www.facebook.com\/Y.A.Bertrand\/","https:\/\/twitter.com\/Yann_A_B"]}]}},"_links":{"self":[{"href":"https:\/\/www.yannarthusbertrandphoto.com\/fr\/wp-json\/wp\/v2\/product\/11882"}],"collection":[{"href":"https:\/\/www.yannarthusbertrandphoto.com\/fr\/wp-json\/wp\/v2\/product"}],"about":[{"href":"https:\/\/www.yannarthusbertrandphoto.com\/fr\/wp-json\/wp\/v2\/types\/product"}],"wp:featuredmedia":[{"embeddable":true,"href":"https:\/\/www.yannarthusbertrandphoto.com\/fr\/wp-json\/wp\/v2\/media\/11883"}],"wp:attachment":[{"href":"https:\/\/www.yannarthusbertrandphoto.com\/fr\/wp-json\/wp\/v2\/media?parent=11882"}],"wp:term":[{"taxonomy":"product_cat","embeddable":true,"href":"https:\/\/www.yannarthusbertrandphoto.com\/fr\/wp-json\/wp\/v2\/product_cat?post=11882"},{"taxonomy":"product_tag","embeddable":true,"href":"https:\/\/www.yannarthusbertrandphoto.com\/fr\/wp-json\/wp\/v2\/product_tag?post=11882"}],"curies":[{"name":"wp","href":"https:\/\/api.w.org\/{rel}","templated":true}]}}