{"id":12107,"date":"2018-04-24T17:54:11","date_gmt":"2018-04-24T15:54:11","guid":{"rendered":"https:\/\/www.yannarthusbertrandphoto.com\/?post_type=product&#038;p=12107"},"modified":"2018-05-28T18:02:07","modified_gmt":"2018-05-28T16:02:07","slug":"spitzkop","status":"publish","type":"product","link":"https:\/\/www.yannarthusbertrandphoto.com\/fr\/produit\/spitzkop\/","title":{"rendered":"Spitzkop"},"content":{"rendered":"<p>Dans la r\u00e9gion sauvage et d\u00e9sertique du Damaraland, au nord-ouest de la Namibie, se dressent le Gross Spitzkoppe (1\u00a0728\u00a0m) et le Klein Spitzkoppe (1\u00a0584\u00a0m). Ces d\u00f4mes granitiques furent d\u00e9gag\u00e9s des couches sup\u00e9rieures s\u00e9dimentaires gr\u00e2ce \u00e0 l\u2019action conjugu\u00e9e du vent, de la pluie et des laves qui \u00e9rod\u00e8rent le plateau il y a\u00a0120\u00a0millions d\u2019ann\u00e9es.<\/p>\n<p>\u00c0 cette \u00e9poque, l\u2019actuelle c\u00f4te du Br\u00e9sil embrassait celle de Namibie au sein d\u2019un seul et m\u00eame continent : le Gondwana. Beaucoup plus r\u00e9cents sont les sites pr\u00e9historiques, abondants dans cette r\u00e9gion o\u00f9 ont \u00e9t\u00e9 d\u00e9couvertes des peintures et des gravures rupestres \u00e2g\u00e9es de 27\u00a0000\u00a0ans. Le Damaraland porte toujours le nom d\u2019un des plus anciens groupes ethniques de Namibie : les Damaras, qui repr\u00e9sentent encore 7\u00a0% de la population actuelle du pays et dont un quart vit toujours dans la r\u00e9gion.<\/p>\n<p>Aujourd\u2019hui tr\u00e8s faiblement peupl\u00e9e, cette enclave est l\u2019un des derniers territoires d\u2019Afrique o\u00f9 antilopes, girafes, \u00e9l\u00e9phants et m\u00eame rhinoc\u00e9ros noirs \u00e9voluent librement hors des parcs nationaux et des zones prot\u00e9g\u00e9es.<\/p>\n","protected":false},"excerpt":{"rendered":"<p>Massif du Spitzkop au coucher du soleil, r\u00e9gion du Damaraland, Namibie (21\u00b050\u2019 S \u2013\u00a015\u00b011\u2019 E).<\/p>\n","protected":false},"featured_media":12108,"template":"","meta":{"inline_featured_image":false},"product_cat":[212],"product_tag":[],"yoast_head":"<!-- This site is optimized with the Yoast SEO plugin v19.10 - https:\/\/yoast.com\/wordpress\/plugins\/seo\/ -->\n<title>Spitzkop, Namibie - Yann Arthus-Bertrand Photographie<\/title>\n<meta name=\"description\" content=\"Dans la r\u00e9gion sauvage et d\u00e9sertique du Damaraland, au nord-ouest de la Namibie, se dressent le Gross Spitzkoppe (1\u00a0728\u00a0m) et le Klein Spitzkoppe (1\u00a0584\u00a0m). Ces d\u00f4mes granitiques furent d\u00e9gag\u00e9s des couches sup\u00e9rieures s\u00e9dimentaires gr\u00e2ce \u00e0 l\u2019action conjugu\u00e9e du vent\" \/>\n<meta name=\"robots\" content=\"index, follow, max-snippet:-1, max-image-preview:large, max-video-preview:-1\" \/>\n<link rel=\"canonical\" href=\"https:\/\/www.yannarthusbertrandphoto.com\/fr\/produit\/spitzkop\/\" \/>\n<meta property=\"og:locale\" content=\"fr_FR\" \/>\n<meta property=\"og:type\" content=\"article\" \/>\n<meta property=\"og:title\" content=\"Spitzkop, Namibie - Yann Arthus-Bertrand Photographie\" \/>\n<meta property=\"og:description\" content=\"Dans la r\u00e9gion sauvage et d\u00e9sertique du Damaraland, au nord-ouest de la Namibie, se dressent le Gross Spitzkoppe (1\u00a0728\u00a0m) et le Klein Spitzkoppe (1\u00a0584\u00a0m). Ces d\u00f4mes granitiques furent d\u00e9gag\u00e9s des couches sup\u00e9rieures s\u00e9dimentaires gr\u00e2ce \u00e0 l\u2019action conjugu\u00e9e du vent\" \/>\n<meta property=\"og:url\" content=\"https:\/\/www.yannarthusbertrandphoto.com\/fr\/produit\/spitzkop\/\" \/>\n<meta property=\"og:site_name\" content=\"Yann Arthus-Bertrand\" \/>\n<meta property=\"article:publisher\" content=\"https:\/\/www.facebook.com\/Y.A.Bertrand\/\" \/>\n<meta property=\"article:modified_time\" content=\"2018-05-28T16:02:07+00:00\" \/>\n<meta property=\"og:image\" content=\"https:\/\/www.yannarthusbertrandphoto.com\/wp-content\/uploads\/2018\/04\/yab_spitzkop_namibie_yann-arthus-bertrand-photographie.jpg\" \/>\n\t<meta property=\"og:image:width\" content=\"2000\" \/>\n\t<meta property=\"og:image:height\" content=\"1333\" \/>\n\t<meta property=\"og:image:type\" content=\"image\/jpeg\" \/>\n<meta name=\"twitter:card\" content=\"summary_large_image\" \/>\n<meta name=\"twitter:site\" content=\"@Yann_A_B\" \/>\n<meta name=\"twitter:label1\" content=\"Dur\u00e9e de lecture estim\u00e9e\" \/>\n\t<meta name=\"twitter:data1\" content=\"1 minute\" \/>\n<script type=\"application\/ld+json\" class=\"yoast-schema-graph\">{\"@context\":\"https:\/\/schema.org\",\"@graph\":[{\"@type\":\"WebPage\",\"@id\":\"https:\/\/www.yannarthusbertrandphoto.com\/fr\/produit\/spitzkop\/\",\"url\":\"https:\/\/www.yannarthusbertrandphoto.com\/fr\/produit\/spitzkop\/\",\"name\":\"Spitzkop, Namibie - Yann Arthus-Bertrand Photographie\",\"isPartOf\":{\"@id\":\"https:\/\/www.yannarthusbertrandphoto.com\/fr\/#website\"},\"datePublished\":\"2018-04-24T15:54:11+00:00\",\"dateModified\":\"2018-05-28T16:02:07+00:00\",\"description\":\"Dans la r\u00e9gion sauvage et d\u00e9sertique du Damaraland, au nord-ouest de la Namibie, se dressent le Gross Spitzkoppe (1\u00a0728\u00a0m) et le Klein Spitzkoppe (1\u00a0584\u00a0m). Ces d\u00f4mes granitiques furent d\u00e9gag\u00e9s des couches sup\u00e9rieures s\u00e9dimentaires gr\u00e2ce \u00e0 l\u2019action conjugu\u00e9e du vent\",\"breadcrumb\":{\"@id\":\"https:\/\/www.yannarthusbertrandphoto.com\/fr\/produit\/spitzkop\/#breadcrumb\"},\"inLanguage\":\"fr-FR\",\"potentialAction\":[{\"@type\":\"ReadAction\",\"target\":[\"https:\/\/www.yannarthusbertrandphoto.com\/fr\/produit\/spitzkop\/\"]}]},{\"@type\":\"BreadcrumbList\",\"@id\":\"https:\/\/www.yannarthusbertrandphoto.com\/fr\/produit\/spitzkop\/#breadcrumb\",\"itemListElement\":[{\"@type\":\"ListItem\",\"position\":1,\"name\":\"Accueil\",\"item\":\"https:\/\/www.yannarthusbertrandphoto.com\/fr\/\"},{\"@type\":\"ListItem\",\"position\":2,\"name\":\"Shop\",\"item\":\"https:\/\/www.yannarthusbertrandphoto.com\/fr\/shop\/\"},{\"@type\":\"ListItem\",\"position\":3,\"name\":\"Spitzkop\"}]},{\"@type\":\"WebSite\",\"@id\":\"https:\/\/www.yannarthusbertrandphoto.com\/fr\/#website\",\"url\":\"https:\/\/www.yannarthusbertrandphoto.com\/fr\/\",\"name\":\"Yann Arthus-Bertrand\",\"description\":\"Site officiel d\u00e9di\u00e9 \u00e0 l\u2019\u0153uvre photographique de Yann Arthus-Bertrand\",\"publisher\":{\"@id\":\"https:\/\/www.yannarthusbertrandphoto.com\/fr\/#organization\"},\"potentialAction\":[{\"@type\":\"SearchAction\",\"target\":{\"@type\":\"EntryPoint\",\"urlTemplate\":\"https:\/\/www.yannarthusbertrandphoto.com\/fr\/?s={search_term_string}\"},\"query-input\":\"required name=search_term_string\"}],\"inLanguage\":\"fr-FR\"},{\"@type\":\"Organization\",\"@id\":\"https:\/\/www.yannarthusbertrandphoto.com\/fr\/#organization\",\"name\":\"Alfie Be\",\"url\":\"https:\/\/www.yannarthusbertrandphoto.com\/fr\/\",\"logo\":{\"@type\":\"ImageObject\",\"inLanguage\":\"fr-FR\",\"@id\":\"https:\/\/www.yannarthusbertrandphoto.com\/fr\/#\/schema\/logo\/image\/\",\"url\":\"https:\/\/www.yannarthusbertrandphoto.com\/wp-content\/uploads\/2018\/01\/yab_logo_black.svg\",\"contentUrl\":\"https:\/\/www.yannarthusbertrandphoto.com\/wp-content\/uploads\/2018\/01\/yab_logo_black.svg\",\"caption\":\"Alfie Be\"},\"image\":{\"@id\":\"https:\/\/www.yannarthusbertrandphoto.com\/fr\/#\/schema\/logo\/image\/\"},\"sameAs\":[\"https:\/\/www.instagram.com\/yannarthusbertrand\/\",\"https:\/\/www.youtube.com\/user\/yannarthusbertrand\",\"https:\/\/www.facebook.com\/Y.A.Bertrand\/\",\"https:\/\/twitter.com\/Yann_A_B\"]}]}<\/script>\n<!-- \/ Yoast SEO plugin. -->","yoast_head_json":{"title":"Spitzkop, Namibie - Yann Arthus-Bertrand Photographie","description":"Dans la r\u00e9gion sauvage et d\u00e9sertique du Damaraland, au nord-ouest de la Namibie, se dressent le Gross Spitzkoppe (1\u00a0728\u00a0m) et le Klein Spitzkoppe (1\u00a0584\u00a0m). Ces d\u00f4mes granitiques furent d\u00e9gag\u00e9s des couches sup\u00e9rieures s\u00e9dimentaires gr\u00e2ce \u00e0 l\u2019action conjugu\u00e9e du vent","robots":{"index":"index","follow":"follow","max-snippet":"max-snippet:-1","max-image-preview":"max-image-preview:large","max-video-preview":"max-video-preview:-1"},"canonical":"https:\/\/www.yannarthusbertrandphoto.com\/fr\/produit\/spitzkop\/","og_locale":"fr_FR","og_type":"article","og_title":"Spitzkop, Namibie - Yann Arthus-Bertrand Photographie","og_description":"Dans la r\u00e9gion sauvage et d\u00e9sertique du Damaraland, au nord-ouest de la Namibie, se dressent le Gross Spitzkoppe (1\u00a0728\u00a0m) et le Klein Spitzkoppe (1\u00a0584\u00a0m). Ces d\u00f4mes granitiques furent d\u00e9gag\u00e9s des couches sup\u00e9rieures s\u00e9dimentaires gr\u00e2ce \u00e0 l\u2019action conjugu\u00e9e du vent","og_url":"https:\/\/www.yannarthusbertrandphoto.com\/fr\/produit\/spitzkop\/","og_site_name":"Yann Arthus-Bertrand","article_publisher":"https:\/\/www.facebook.com\/Y.A.Bertrand\/","article_modified_time":"2018-05-28T16:02:07+00:00","og_image":[{"width":2000,"height":1333,"url":"https:\/\/www.yannarthusbertrandphoto.com\/wp-content\/uploads\/2018\/04\/yab_spitzkop_namibie_yann-arthus-bertrand-photographie.jpg","type":"image\/jpeg"}],"twitter_card":"summary_large_image","twitter_site":"@Yann_A_B","twitter_misc":{"Dur\u00e9e de lecture estim\u00e9e":"1 minute"},"schema":{"@context":"https:\/\/schema.org","@graph":[{"@type":"WebPage","@id":"https:\/\/www.yannarthusbertrandphoto.com\/fr\/produit\/spitzkop\/","url":"https:\/\/www.yannarthusbertrandphoto.com\/fr\/produit\/spitzkop\/","name":"Spitzkop, Namibie - Yann Arthus-Bertrand Photographie","isPartOf":{"@id":"https:\/\/www.yannarthusbertrandphoto.com\/fr\/#website"},"datePublished":"2018-04-24T15:54:11+00:00","dateModified":"2018-05-28T16:02:07+00:00","description":"Dans la r\u00e9gion sauvage et d\u00e9sertique du Damaraland, au nord-ouest de la Namibie, se dressent le Gross Spitzkoppe (1\u00a0728\u00a0m) et le Klein Spitzkoppe (1\u00a0584\u00a0m). Ces d\u00f4mes granitiques furent d\u00e9gag\u00e9s des couches sup\u00e9rieures s\u00e9dimentaires gr\u00e2ce \u00e0 l\u2019action conjugu\u00e9e du vent","breadcrumb":{"@id":"https:\/\/www.yannarthusbertrandphoto.com\/fr\/produit\/spitzkop\/#breadcrumb"},"inLanguage":"fr-FR","potentialAction":[{"@type":"ReadAction","target":["https:\/\/www.yannarthusbertrandphoto.com\/fr\/produit\/spitzkop\/"]}]},{"@type":"BreadcrumbList","@id":"https:\/\/www.yannarthusbertrandphoto.com\/fr\/produit\/spitzkop\/#breadcrumb","itemListElement":[{"@type":"ListItem","position":1,"name":"Accueil","item":"https:\/\/www.yannarthusbertrandphoto.com\/fr\/"},{"@type":"ListItem","position":2,"name":"Shop","item":"https:\/\/www.yannarthusbertrandphoto.com\/fr\/shop\/"},{"@type":"ListItem","position":3,"name":"Spitzkop"}]},{"@type":"WebSite","@id":"https:\/\/www.yannarthusbertrandphoto.com\/fr\/#website","url":"https:\/\/www.yannarthusbertrandphoto.com\/fr\/","name":"Yann Arthus-Bertrand","description":"Site officiel d\u00e9di\u00e9 \u00e0 l\u2019\u0153uvre photographique de Yann Arthus-Bertrand","publisher":{"@id":"https:\/\/www.yannarthusbertrandphoto.com\/fr\/#organization"},"potentialAction":[{"@type":"SearchAction","target":{"@type":"EntryPoint","urlTemplate":"https:\/\/www.yannarthusbertrandphoto.com\/fr\/?s={search_term_string}"},"query-input":"required name=search_term_string"}],"inLanguage":"fr-FR"},{"@type":"Organization","@id":"https:\/\/www.yannarthusbertrandphoto.com\/fr\/#organization","name":"Alfie Be","url":"https:\/\/www.yannarthusbertrandphoto.com\/fr\/","logo":{"@type":"ImageObject","inLanguage":"fr-FR","@id":"https:\/\/www.yannarthusbertrandphoto.com\/fr\/#\/schema\/logo\/image\/","url":"https:\/\/www.yannarthusbertrandphoto.com\/wp-content\/uploads\/2018\/01\/yab_logo_black.svg","contentUrl":"https:\/\/www.yannarthusbertrandphoto.com\/wp-content\/uploads\/2018\/01\/yab_logo_black.svg","caption":"Alfie Be"},"image":{"@id":"https:\/\/www.yannarthusbertrandphoto.com\/fr\/#\/schema\/logo\/image\/"},"sameAs":["https:\/\/www.instagram.com\/yannarthusbertrand\/","https:\/\/www.youtube.com\/user\/yannarthusbertrand","https:\/\/www.facebook.com\/Y.A.Bertrand\/","https:\/\/twitter.com\/Yann_A_B"]}]}},"_links":{"self":[{"href":"https:\/\/www.yannarthusbertrandphoto.com\/fr\/wp-json\/wp\/v2\/product\/12107"}],"collection":[{"href":"https:\/\/www.yannarthusbertrandphoto.com\/fr\/wp-json\/wp\/v2\/product"}],"about":[{"href":"https:\/\/www.yannarthusbertrandphoto.com\/fr\/wp-json\/wp\/v2\/types\/product"}],"wp:featuredmedia":[{"embeddable":true,"href":"https:\/\/www.yannarthusbertrandphoto.com\/fr\/wp-json\/wp\/v2\/media\/12108"}],"wp:attachment":[{"href":"https:\/\/www.yannarthusbertrandphoto.com\/fr\/wp-json\/wp\/v2\/media?parent=12107"}],"wp:term":[{"taxonomy":"product_cat","embeddable":true,"href":"https:\/\/www.yannarthusbertrandphoto.com\/fr\/wp-json\/wp\/v2\/product_cat?post=12107"},{"taxonomy":"product_tag","embeddable":true,"href":"https:\/\/www.yannarthusbertrandphoto.com\/fr\/wp-json\/wp\/v2\/product_tag?post=12107"}],"curies":[{"name":"wp","href":"https:\/\/api.w.org\/{rel}","templated":true}]}}