{"id":12152,"date":"2018-04-24T17:59:20","date_gmt":"2018-04-24T15:59:20","guid":{"rendered":"https:\/\/www.yannarthusbertrandphoto.com\/?post_type=product&#038;p=12152"},"modified":"2018-04-24T17:59:20","modified_gmt":"2018-04-24T15:59:20","slug":"sanaa","status":"publish","type":"product","link":"https:\/\/www.yannarthusbertrandphoto.com\/fr\/produit\/sanaa\/","title":{"rendered":"Sanaa"},"content":{"rendered":"<p>La magie de Sanaa, la capitale y\u00e9m\u00e9nite, a longtemps r\u00e9sist\u00e9 \u00e0 la curiosit\u00e9 des voyageurs occidentaux. Log\u00e9e dans une cuvette \u00e0 2 350 m d\u2019altitude, elle \u00e9tait en effet tr\u00e8s difficile d\u2019acc\u00e8s. Aujourd\u2019hui encore, la vieille ville est un labyrinthe de ruelles d\u2019o\u00f9 s\u2019exhalent des senteurs d\u2019\u00e9pices, de myrrhe et d\u2019encens dont le Y\u00e9men est l\u2019un des principaux producteurs. Au c\u0153ur du souk, le minaret blanc de la mosqu\u00e9e Al Khbir contraste avec le brun chaud des 5 000 maisons-tours traditionnelles. Ces hautes constructions de pis\u00e9 (un m\u00e9lange de paille, d\u2019eau et d\u2019argile s\u00e9ch\u00e9 au soleil) aux fa\u00e7ades d\u00e9cor\u00e9es de d\u00e9licates frises de pl\u00e2tre font de Sanaa une ville spectaculaire. Mais alors qu\u2019elle ne comptait que 80 000 habitants en 1975, elle a d\u00fb absorber brutalement un million de Y\u00e9m\u00e9nites chass\u00e9s en 1990 d\u2019Arabie saoudite en raison de l\u2019attitude pro-irakienne du Y\u00e9men pendant la guerre du Golfe. Pour faire face \u00e0 cet afflux de population, certains promoteurs ont b\u00e2ti \u00e0 la h\u00e2te des immeubles de b\u00e9ton bariol\u00e9s qui d\u00e9parent les abords de la ville. Des r\u00e9glementations strictes interdisent aujourd\u2019hui de nouvelles erreurs urbanistiques ; depuis 1994, la vieille ville est inscrite sur la Liste du patrimoine mondial de l\u2019Unesco.<\/p>\n","protected":false},"excerpt":{"rendered":"<p>Vieille ville de Sanaa et la mosqu\u00e9e Al Khbir, Y\u00e9men (15\u00b021\u2019 N \u2013 44\u00b013\u2019 E).<\/p>\n","protected":false},"featured_media":12153,"template":"","meta":{"inline_featured_image":false},"product_cat":[212],"product_tag":[],"yoast_head":"<!-- This site is optimized with the Yoast SEO plugin v19.10 - https:\/\/yoast.com\/wordpress\/plugins\/seo\/ -->\n<title>Sanaa, Y\u00e9men - Yann Arthus-Bertrand Photographie<\/title>\n<meta name=\"description\" content=\"La magie de Sanaa, la capitale y\u00e9m\u00e9nite, a longtemps r\u00e9sist\u00e9 \u00e0 la curiosit\u00e9 des voyageurs occidentaux. Log\u00e9e dans une cuvette \u00e0 2 350 m d\u2019altitude, elle \u00e9tait en effet tr\u00e8s difficile d\u2019acc\u00e8s. Aujourd\u2019hui encore, la vieille ville est un labyrinthe de ruelles d\u2019o\u00f9 s\u2019exhalent des senteurs d\u2019\u00e9pices\" \/>\n<meta name=\"robots\" content=\"index, follow, max-snippet:-1, max-image-preview:large, max-video-preview:-1\" \/>\n<link rel=\"canonical\" href=\"https:\/\/www.yannarthusbertrandphoto.com\/fr\/produit\/sanaa\/\" \/>\n<meta property=\"og:locale\" content=\"fr_FR\" \/>\n<meta property=\"og:type\" content=\"article\" \/>\n<meta property=\"og:title\" content=\"Sanaa, Y\u00e9men - Yann Arthus-Bertrand Photographie\" \/>\n<meta property=\"og:description\" content=\"La magie de Sanaa, la capitale y\u00e9m\u00e9nite, a longtemps r\u00e9sist\u00e9 \u00e0 la curiosit\u00e9 des voyageurs occidentaux. Log\u00e9e dans une cuvette \u00e0 2 350 m d\u2019altitude, elle \u00e9tait en effet tr\u00e8s difficile d\u2019acc\u00e8s. Aujourd\u2019hui encore, la vieille ville est un labyrinthe de ruelles d\u2019o\u00f9 s\u2019exhalent des senteurs d\u2019\u00e9pices\" \/>\n<meta property=\"og:url\" content=\"https:\/\/www.yannarthusbertrandphoto.com\/fr\/produit\/sanaa\/\" \/>\n<meta property=\"og:site_name\" content=\"Yann Arthus-Bertrand\" \/>\n<meta property=\"article:publisher\" content=\"https:\/\/www.facebook.com\/Y.A.Bertrand\/\" \/>\n<meta property=\"og:image\" content=\"https:\/\/www.yannarthusbertrandphoto.com\/wp-content\/uploads\/2018\/04\/yab_sanaa_yemen_yann-arthus-bertrand-photographie.jpg\" \/>\n\t<meta property=\"og:image:width\" content=\"2000\" \/>\n\t<meta property=\"og:image:height\" content=\"1333\" \/>\n\t<meta property=\"og:image:type\" content=\"image\/jpeg\" \/>\n<meta name=\"twitter:card\" content=\"summary_large_image\" \/>\n<meta name=\"twitter:site\" content=\"@Yann_A_B\" \/>\n<meta name=\"twitter:label1\" content=\"Dur\u00e9e de lecture estim\u00e9e\" \/>\n\t<meta name=\"twitter:data1\" content=\"1 minute\" \/>\n<script type=\"application\/ld+json\" class=\"yoast-schema-graph\">{\"@context\":\"https:\/\/schema.org\",\"@graph\":[{\"@type\":\"WebPage\",\"@id\":\"https:\/\/www.yannarthusbertrandphoto.com\/fr\/produit\/sanaa\/\",\"url\":\"https:\/\/www.yannarthusbertrandphoto.com\/fr\/produit\/sanaa\/\",\"name\":\"Sanaa, Y\u00e9men - Yann Arthus-Bertrand Photographie\",\"isPartOf\":{\"@id\":\"https:\/\/www.yannarthusbertrandphoto.com\/fr\/#website\"},\"datePublished\":\"2018-04-24T15:59:20+00:00\",\"dateModified\":\"2018-04-24T15:59:20+00:00\",\"description\":\"La magie de Sanaa, la capitale y\u00e9m\u00e9nite, a longtemps r\u00e9sist\u00e9 \u00e0 la curiosit\u00e9 des voyageurs occidentaux. Log\u00e9e dans une cuvette \u00e0 2 350 m d\u2019altitude, elle \u00e9tait en effet tr\u00e8s difficile d\u2019acc\u00e8s. Aujourd\u2019hui encore, la vieille ville est un labyrinthe de ruelles d\u2019o\u00f9 s\u2019exhalent des senteurs d\u2019\u00e9pices\",\"breadcrumb\":{\"@id\":\"https:\/\/www.yannarthusbertrandphoto.com\/fr\/produit\/sanaa\/#breadcrumb\"},\"inLanguage\":\"fr-FR\",\"potentialAction\":[{\"@type\":\"ReadAction\",\"target\":[\"https:\/\/www.yannarthusbertrandphoto.com\/fr\/produit\/sanaa\/\"]}]},{\"@type\":\"BreadcrumbList\",\"@id\":\"https:\/\/www.yannarthusbertrandphoto.com\/fr\/produit\/sanaa\/#breadcrumb\",\"itemListElement\":[{\"@type\":\"ListItem\",\"position\":1,\"name\":\"Accueil\",\"item\":\"https:\/\/www.yannarthusbertrandphoto.com\/fr\/\"},{\"@type\":\"ListItem\",\"position\":2,\"name\":\"Shop\",\"item\":\"https:\/\/www.yannarthusbertrandphoto.com\/fr\/shop\/\"},{\"@type\":\"ListItem\",\"position\":3,\"name\":\"Sanaa\"}]},{\"@type\":\"WebSite\",\"@id\":\"https:\/\/www.yannarthusbertrandphoto.com\/fr\/#website\",\"url\":\"https:\/\/www.yannarthusbertrandphoto.com\/fr\/\",\"name\":\"Yann Arthus-Bertrand\",\"description\":\"Site officiel d\u00e9di\u00e9 \u00e0 l\u2019\u0153uvre photographique de Yann Arthus-Bertrand\",\"publisher\":{\"@id\":\"https:\/\/www.yannarthusbertrandphoto.com\/fr\/#organization\"},\"potentialAction\":[{\"@type\":\"SearchAction\",\"target\":{\"@type\":\"EntryPoint\",\"urlTemplate\":\"https:\/\/www.yannarthusbertrandphoto.com\/fr\/?s={search_term_string}\"},\"query-input\":\"required name=search_term_string\"}],\"inLanguage\":\"fr-FR\"},{\"@type\":\"Organization\",\"@id\":\"https:\/\/www.yannarthusbertrandphoto.com\/fr\/#organization\",\"name\":\"Alfie Be\",\"url\":\"https:\/\/www.yannarthusbertrandphoto.com\/fr\/\",\"logo\":{\"@type\":\"ImageObject\",\"inLanguage\":\"fr-FR\",\"@id\":\"https:\/\/www.yannarthusbertrandphoto.com\/fr\/#\/schema\/logo\/image\/\",\"url\":\"https:\/\/www.yannarthusbertrandphoto.com\/wp-content\/uploads\/2018\/01\/yab_logo_black.svg\",\"contentUrl\":\"https:\/\/www.yannarthusbertrandphoto.com\/wp-content\/uploads\/2018\/01\/yab_logo_black.svg\",\"caption\":\"Alfie Be\"},\"image\":{\"@id\":\"https:\/\/www.yannarthusbertrandphoto.com\/fr\/#\/schema\/logo\/image\/\"},\"sameAs\":[\"https:\/\/www.instagram.com\/yannarthusbertrand\/\",\"https:\/\/www.youtube.com\/user\/yannarthusbertrand\",\"https:\/\/www.facebook.com\/Y.A.Bertrand\/\",\"https:\/\/twitter.com\/Yann_A_B\"]}]}<\/script>\n<!-- \/ Yoast SEO plugin. -->","yoast_head_json":{"title":"Sanaa, Y\u00e9men - Yann Arthus-Bertrand Photographie","description":"La magie de Sanaa, la capitale y\u00e9m\u00e9nite, a longtemps r\u00e9sist\u00e9 \u00e0 la curiosit\u00e9 des voyageurs occidentaux. Log\u00e9e dans une cuvette \u00e0 2 350 m d\u2019altitude, elle \u00e9tait en effet tr\u00e8s difficile d\u2019acc\u00e8s. Aujourd\u2019hui encore, la vieille ville est un labyrinthe de ruelles d\u2019o\u00f9 s\u2019exhalent des senteurs d\u2019\u00e9pices","robots":{"index":"index","follow":"follow","max-snippet":"max-snippet:-1","max-image-preview":"max-image-preview:large","max-video-preview":"max-video-preview:-1"},"canonical":"https:\/\/www.yannarthusbertrandphoto.com\/fr\/produit\/sanaa\/","og_locale":"fr_FR","og_type":"article","og_title":"Sanaa, Y\u00e9men - Yann Arthus-Bertrand Photographie","og_description":"La magie de Sanaa, la capitale y\u00e9m\u00e9nite, a longtemps r\u00e9sist\u00e9 \u00e0 la curiosit\u00e9 des voyageurs occidentaux. Log\u00e9e dans une cuvette \u00e0 2 350 m d\u2019altitude, elle \u00e9tait en effet tr\u00e8s difficile d\u2019acc\u00e8s. Aujourd\u2019hui encore, la vieille ville est un labyrinthe de ruelles d\u2019o\u00f9 s\u2019exhalent des senteurs d\u2019\u00e9pices","og_url":"https:\/\/www.yannarthusbertrandphoto.com\/fr\/produit\/sanaa\/","og_site_name":"Yann Arthus-Bertrand","article_publisher":"https:\/\/www.facebook.com\/Y.A.Bertrand\/","og_image":[{"width":2000,"height":1333,"url":"https:\/\/www.yannarthusbertrandphoto.com\/wp-content\/uploads\/2018\/04\/yab_sanaa_yemen_yann-arthus-bertrand-photographie.jpg","type":"image\/jpeg"}],"twitter_card":"summary_large_image","twitter_site":"@Yann_A_B","twitter_misc":{"Dur\u00e9e de lecture estim\u00e9e":"1 minute"},"schema":{"@context":"https:\/\/schema.org","@graph":[{"@type":"WebPage","@id":"https:\/\/www.yannarthusbertrandphoto.com\/fr\/produit\/sanaa\/","url":"https:\/\/www.yannarthusbertrandphoto.com\/fr\/produit\/sanaa\/","name":"Sanaa, Y\u00e9men - Yann Arthus-Bertrand Photographie","isPartOf":{"@id":"https:\/\/www.yannarthusbertrandphoto.com\/fr\/#website"},"datePublished":"2018-04-24T15:59:20+00:00","dateModified":"2018-04-24T15:59:20+00:00","description":"La magie de Sanaa, la capitale y\u00e9m\u00e9nite, a longtemps r\u00e9sist\u00e9 \u00e0 la curiosit\u00e9 des voyageurs occidentaux. Log\u00e9e dans une cuvette \u00e0 2 350 m d\u2019altitude, elle \u00e9tait en effet tr\u00e8s difficile d\u2019acc\u00e8s. Aujourd\u2019hui encore, la vieille ville est un labyrinthe de ruelles d\u2019o\u00f9 s\u2019exhalent des senteurs d\u2019\u00e9pices","breadcrumb":{"@id":"https:\/\/www.yannarthusbertrandphoto.com\/fr\/produit\/sanaa\/#breadcrumb"},"inLanguage":"fr-FR","potentialAction":[{"@type":"ReadAction","target":["https:\/\/www.yannarthusbertrandphoto.com\/fr\/produit\/sanaa\/"]}]},{"@type":"BreadcrumbList","@id":"https:\/\/www.yannarthusbertrandphoto.com\/fr\/produit\/sanaa\/#breadcrumb","itemListElement":[{"@type":"ListItem","position":1,"name":"Accueil","item":"https:\/\/www.yannarthusbertrandphoto.com\/fr\/"},{"@type":"ListItem","position":2,"name":"Shop","item":"https:\/\/www.yannarthusbertrandphoto.com\/fr\/shop\/"},{"@type":"ListItem","position":3,"name":"Sanaa"}]},{"@type":"WebSite","@id":"https:\/\/www.yannarthusbertrandphoto.com\/fr\/#website","url":"https:\/\/www.yannarthusbertrandphoto.com\/fr\/","name":"Yann Arthus-Bertrand","description":"Site officiel d\u00e9di\u00e9 \u00e0 l\u2019\u0153uvre photographique de Yann Arthus-Bertrand","publisher":{"@id":"https:\/\/www.yannarthusbertrandphoto.com\/fr\/#organization"},"potentialAction":[{"@type":"SearchAction","target":{"@type":"EntryPoint","urlTemplate":"https:\/\/www.yannarthusbertrandphoto.com\/fr\/?s={search_term_string}"},"query-input":"required name=search_term_string"}],"inLanguage":"fr-FR"},{"@type":"Organization","@id":"https:\/\/www.yannarthusbertrandphoto.com\/fr\/#organization","name":"Alfie Be","url":"https:\/\/www.yannarthusbertrandphoto.com\/fr\/","logo":{"@type":"ImageObject","inLanguage":"fr-FR","@id":"https:\/\/www.yannarthusbertrandphoto.com\/fr\/#\/schema\/logo\/image\/","url":"https:\/\/www.yannarthusbertrandphoto.com\/wp-content\/uploads\/2018\/01\/yab_logo_black.svg","contentUrl":"https:\/\/www.yannarthusbertrandphoto.com\/wp-content\/uploads\/2018\/01\/yab_logo_black.svg","caption":"Alfie Be"},"image":{"@id":"https:\/\/www.yannarthusbertrandphoto.com\/fr\/#\/schema\/logo\/image\/"},"sameAs":["https:\/\/www.instagram.com\/yannarthusbertrand\/","https:\/\/www.youtube.com\/user\/yannarthusbertrand","https:\/\/www.facebook.com\/Y.A.Bertrand\/","https:\/\/twitter.com\/Yann_A_B"]}]}},"_links":{"self":[{"href":"https:\/\/www.yannarthusbertrandphoto.com\/fr\/wp-json\/wp\/v2\/product\/12152"}],"collection":[{"href":"https:\/\/www.yannarthusbertrandphoto.com\/fr\/wp-json\/wp\/v2\/product"}],"about":[{"href":"https:\/\/www.yannarthusbertrandphoto.com\/fr\/wp-json\/wp\/v2\/types\/product"}],"wp:featuredmedia":[{"embeddable":true,"href":"https:\/\/www.yannarthusbertrandphoto.com\/fr\/wp-json\/wp\/v2\/media\/12153"}],"wp:attachment":[{"href":"https:\/\/www.yannarthusbertrandphoto.com\/fr\/wp-json\/wp\/v2\/media?parent=12152"}],"wp:term":[{"taxonomy":"product_cat","embeddable":true,"href":"https:\/\/www.yannarthusbertrandphoto.com\/fr\/wp-json\/wp\/v2\/product_cat?post=12152"},{"taxonomy":"product_tag","embeddable":true,"href":"https:\/\/www.yannarthusbertrandphoto.com\/fr\/wp-json\/wp\/v2\/product_tag?post=12152"}],"curies":[{"name":"wp","href":"https:\/\/api.w.org\/{rel}","templated":true}]}}