{"id":12197,"date":"2018-04-24T18:04:26","date_gmt":"2018-04-24T16:04:26","guid":{"rendered":"https:\/\/www.yannarthusbertrandphoto.com\/?post_type=product&#038;p=12197"},"modified":"2022-02-16T09:12:23","modified_gmt":"2022-02-16T08:12:23","slug":"elevage-de-crevettes","status":"publish","type":"product","link":"https:\/\/www.yannarthusbertrandphoto.com\/fr\/produit\/elevage-de-crevettes\/","title":{"rendered":"Elevage de crevettes"},"content":{"rendered":"<p>La lagune de Tungkang, au sud-ouest de l\u2019\u00eele de Ta\u00efwan, est quadrill\u00e9e d\u2019\u00e9tangs saum\u00e2tres consacr\u00e9s \u00e0 l\u2019aquaculture, notamment la crevetticulture, tr\u00e8s lucrative. Pourfendant l\u2019\u00e9cume blanche issue des rejets de crevettes, cet a\u00e9rateur oxyg\u00e8ne l\u2019eau des bassins d\u2019\u00e9levage. La production mondiale de crevettes s\u2019est fortement accrue depuis dix ans pour atteindre une moyenne annuelle de 1,5 million de tonnes.<\/p>\n<p>L\u2019Asie, o\u00f9 la crevette tigr\u00e9e constitue l\u2019esp\u00e8ce pr\u00e9dominante, fournit 80 % de la production mondiale. La crevette n\u00e9cessitant des eaux chaudes pour se d\u00e9velopper, la crevetticulture s\u2019est implant\u00e9e sur les zones c\u00f4ti\u00e8res tropicales, notamment \u00e0 la place des mangroves, \u00e9cosyst\u00e8mes uniques et fragiles, refuges et lieux de ponte des poissons et des crustac\u00e9s. De plus, les rejets importants des fermes intensives et les antibiotiques massivement utilis\u00e9s polluent les milieux voisins.<\/p>\n<p>On estime ainsi que, dans certaines zones, pour 1 kg de crevettes \u00e9lev\u00e9es disparaissent 447 g de poissons et de crevettes provenant de l\u2019\u00e9cosyst\u00e8me naturel. Et cela au d\u00e9triment des populations locales, \u00e0 qui la crevetticulture intensive, destin\u00e9e \u00e0 l\u2019exportation, ne profite pas.<\/p>\n","protected":false},"excerpt":{"rendered":"<p>A\u00e9rateur dans un \u00e9levage de crevettes, lagune Tungkang, Ta\u00efwan (22\u00b026\u2019N &#8211; 120\u00b028\u2019E).<\/p>\n","protected":false},"featured_media":12198,"template":"","meta":{"inline_featured_image":false},"product_cat":[212],"product_tag":[],"yoast_head":"<!-- This site is optimized with the Yoast SEO plugin v19.10 - https:\/\/yoast.com\/wordpress\/plugins\/seo\/ -->\n<title>Elevage de crevettes, Ta\u00efwan - Yann Arthus-Bertrand Photographie<\/title>\n<meta name=\"description\" content=\"La lagune de Tungkang, au sud-ouest de l\u2019\u00eele de Ta\u00efwan, est quadrill\u00e9e d\u2019\u00e9tangs saum\u00e2tres consacr\u00e9s \u00e0 l\u2019aquaculture, notamment la crevetticulture, tr\u00e8s lucrative. Pourfendant l\u2019\u00e9cume blanche issue des rejets de crevettes, cet a\u00e9rateur oxyg\u00e8ne l\u2019eau des bassins d\u2019\u00e9levage. La production mondiale de crevettes\" \/>\n<meta name=\"robots\" content=\"index, follow, max-snippet:-1, max-image-preview:large, max-video-preview:-1\" \/>\n<link rel=\"canonical\" href=\"https:\/\/www.yannarthusbertrandphoto.com\/fr\/produit\/elevage-de-crevettes\/\" \/>\n<meta property=\"og:locale\" content=\"fr_FR\" \/>\n<meta property=\"og:type\" content=\"article\" \/>\n<meta property=\"og:title\" content=\"Elevage de crevettes, Ta\u00efwan - Yann Arthus-Bertrand Photographie\" \/>\n<meta property=\"og:description\" content=\"La lagune de Tungkang, au sud-ouest de l\u2019\u00eele de Ta\u00efwan, est quadrill\u00e9e d\u2019\u00e9tangs saum\u00e2tres consacr\u00e9s \u00e0 l\u2019aquaculture, notamment la crevetticulture, tr\u00e8s lucrative. Pourfendant l\u2019\u00e9cume blanche issue des rejets de crevettes, cet a\u00e9rateur oxyg\u00e8ne l\u2019eau des bassins d\u2019\u00e9levage. La production mondiale de crevettes\" \/>\n<meta property=\"og:url\" content=\"https:\/\/www.yannarthusbertrandphoto.com\/fr\/produit\/elevage-de-crevettes\/\" \/>\n<meta property=\"og:site_name\" content=\"Yann Arthus-Bertrand\" \/>\n<meta property=\"article:publisher\" content=\"https:\/\/www.facebook.com\/Y.A.Bertrand\/\" \/>\n<meta property=\"article:modified_time\" content=\"2022-02-16T08:12:23+00:00\" \/>\n<meta property=\"og:image\" content=\"https:\/\/www.yannarthusbertrandphoto.com\/wp-content\/uploads\/2018\/04\/yab_elevage-de-crevettes_taiwan_yann-arthus-bertrand-photographie.jpg\" \/>\n\t<meta property=\"og:image:width\" content=\"2000\" \/>\n\t<meta property=\"og:image:height\" content=\"1333\" \/>\n\t<meta property=\"og:image:type\" content=\"image\/jpeg\" \/>\n<meta name=\"twitter:card\" content=\"summary_large_image\" \/>\n<meta name=\"twitter:site\" content=\"@Yann_A_B\" \/>\n<meta name=\"twitter:label1\" content=\"Dur\u00e9e de lecture estim\u00e9e\" \/>\n\t<meta name=\"twitter:data1\" content=\"1 minute\" \/>\n<script type=\"application\/ld+json\" class=\"yoast-schema-graph\">{\"@context\":\"https:\/\/schema.org\",\"@graph\":[{\"@type\":\"WebPage\",\"@id\":\"https:\/\/www.yannarthusbertrandphoto.com\/fr\/produit\/elevage-de-crevettes\/\",\"url\":\"https:\/\/www.yannarthusbertrandphoto.com\/fr\/produit\/elevage-de-crevettes\/\",\"name\":\"Elevage de crevettes, Ta\u00efwan - Yann Arthus-Bertrand Photographie\",\"isPartOf\":{\"@id\":\"https:\/\/www.yannarthusbertrandphoto.com\/fr\/#website\"},\"datePublished\":\"2018-04-24T16:04:26+00:00\",\"dateModified\":\"2022-02-16T08:12:23+00:00\",\"description\":\"La lagune de Tungkang, au sud-ouest de l\u2019\u00eele de Ta\u00efwan, est quadrill\u00e9e d\u2019\u00e9tangs saum\u00e2tres consacr\u00e9s \u00e0 l\u2019aquaculture, notamment la crevetticulture, tr\u00e8s lucrative. Pourfendant l\u2019\u00e9cume blanche issue des rejets de crevettes, cet a\u00e9rateur oxyg\u00e8ne l\u2019eau des bassins d\u2019\u00e9levage. La production mondiale de crevettes\",\"breadcrumb\":{\"@id\":\"https:\/\/www.yannarthusbertrandphoto.com\/fr\/produit\/elevage-de-crevettes\/#breadcrumb\"},\"inLanguage\":\"fr-FR\",\"potentialAction\":[{\"@type\":\"ReadAction\",\"target\":[\"https:\/\/www.yannarthusbertrandphoto.com\/fr\/produit\/elevage-de-crevettes\/\"]}]},{\"@type\":\"BreadcrumbList\",\"@id\":\"https:\/\/www.yannarthusbertrandphoto.com\/fr\/produit\/elevage-de-crevettes\/#breadcrumb\",\"itemListElement\":[{\"@type\":\"ListItem\",\"position\":1,\"name\":\"Accueil\",\"item\":\"https:\/\/www.yannarthusbertrandphoto.com\/fr\/\"},{\"@type\":\"ListItem\",\"position\":2,\"name\":\"Shop\",\"item\":\"https:\/\/www.yannarthusbertrandphoto.com\/fr\/shop\/\"},{\"@type\":\"ListItem\",\"position\":3,\"name\":\"Elevage de crevettes\"}]},{\"@type\":\"WebSite\",\"@id\":\"https:\/\/www.yannarthusbertrandphoto.com\/fr\/#website\",\"url\":\"https:\/\/www.yannarthusbertrandphoto.com\/fr\/\",\"name\":\"Yann Arthus-Bertrand\",\"description\":\"Site officiel d\u00e9di\u00e9 \u00e0 l\u2019\u0153uvre photographique de Yann Arthus-Bertrand\",\"publisher\":{\"@id\":\"https:\/\/www.yannarthusbertrandphoto.com\/fr\/#organization\"},\"potentialAction\":[{\"@type\":\"SearchAction\",\"target\":{\"@type\":\"EntryPoint\",\"urlTemplate\":\"https:\/\/www.yannarthusbertrandphoto.com\/fr\/?s={search_term_string}\"},\"query-input\":\"required name=search_term_string\"}],\"inLanguage\":\"fr-FR\"},{\"@type\":\"Organization\",\"@id\":\"https:\/\/www.yannarthusbertrandphoto.com\/fr\/#organization\",\"name\":\"Alfie Be\",\"url\":\"https:\/\/www.yannarthusbertrandphoto.com\/fr\/\",\"logo\":{\"@type\":\"ImageObject\",\"inLanguage\":\"fr-FR\",\"@id\":\"https:\/\/www.yannarthusbertrandphoto.com\/fr\/#\/schema\/logo\/image\/\",\"url\":\"https:\/\/www.yannarthusbertrandphoto.com\/wp-content\/uploads\/2018\/01\/yab_logo_black.svg\",\"contentUrl\":\"https:\/\/www.yannarthusbertrandphoto.com\/wp-content\/uploads\/2018\/01\/yab_logo_black.svg\",\"caption\":\"Alfie Be\"},\"image\":{\"@id\":\"https:\/\/www.yannarthusbertrandphoto.com\/fr\/#\/schema\/logo\/image\/\"},\"sameAs\":[\"https:\/\/www.instagram.com\/yannarthusbertrand\/\",\"https:\/\/www.youtube.com\/user\/yannarthusbertrand\",\"https:\/\/www.facebook.com\/Y.A.Bertrand\/\",\"https:\/\/twitter.com\/Yann_A_B\"]}]}<\/script>\n<!-- \/ Yoast SEO plugin. -->","yoast_head_json":{"title":"Elevage de crevettes, Ta\u00efwan - Yann Arthus-Bertrand Photographie","description":"La lagune de Tungkang, au sud-ouest de l\u2019\u00eele de Ta\u00efwan, est quadrill\u00e9e d\u2019\u00e9tangs saum\u00e2tres consacr\u00e9s \u00e0 l\u2019aquaculture, notamment la crevetticulture, tr\u00e8s lucrative. Pourfendant l\u2019\u00e9cume blanche issue des rejets de crevettes, cet a\u00e9rateur oxyg\u00e8ne l\u2019eau des bassins d\u2019\u00e9levage. La production mondiale de crevettes","robots":{"index":"index","follow":"follow","max-snippet":"max-snippet:-1","max-image-preview":"max-image-preview:large","max-video-preview":"max-video-preview:-1"},"canonical":"https:\/\/www.yannarthusbertrandphoto.com\/fr\/produit\/elevage-de-crevettes\/","og_locale":"fr_FR","og_type":"article","og_title":"Elevage de crevettes, Ta\u00efwan - Yann Arthus-Bertrand Photographie","og_description":"La lagune de Tungkang, au sud-ouest de l\u2019\u00eele de Ta\u00efwan, est quadrill\u00e9e d\u2019\u00e9tangs saum\u00e2tres consacr\u00e9s \u00e0 l\u2019aquaculture, notamment la crevetticulture, tr\u00e8s lucrative. Pourfendant l\u2019\u00e9cume blanche issue des rejets de crevettes, cet a\u00e9rateur oxyg\u00e8ne l\u2019eau des bassins d\u2019\u00e9levage. La production mondiale de crevettes","og_url":"https:\/\/www.yannarthusbertrandphoto.com\/fr\/produit\/elevage-de-crevettes\/","og_site_name":"Yann Arthus-Bertrand","article_publisher":"https:\/\/www.facebook.com\/Y.A.Bertrand\/","article_modified_time":"2022-02-16T08:12:23+00:00","og_image":[{"width":2000,"height":1333,"url":"https:\/\/www.yannarthusbertrandphoto.com\/wp-content\/uploads\/2018\/04\/yab_elevage-de-crevettes_taiwan_yann-arthus-bertrand-photographie.jpg","type":"image\/jpeg"}],"twitter_card":"summary_large_image","twitter_site":"@Yann_A_B","twitter_misc":{"Dur\u00e9e de lecture estim\u00e9e":"1 minute"},"schema":{"@context":"https:\/\/schema.org","@graph":[{"@type":"WebPage","@id":"https:\/\/www.yannarthusbertrandphoto.com\/fr\/produit\/elevage-de-crevettes\/","url":"https:\/\/www.yannarthusbertrandphoto.com\/fr\/produit\/elevage-de-crevettes\/","name":"Elevage de crevettes, Ta\u00efwan - Yann Arthus-Bertrand Photographie","isPartOf":{"@id":"https:\/\/www.yannarthusbertrandphoto.com\/fr\/#website"},"datePublished":"2018-04-24T16:04:26+00:00","dateModified":"2022-02-16T08:12:23+00:00","description":"La lagune de Tungkang, au sud-ouest de l\u2019\u00eele de Ta\u00efwan, est quadrill\u00e9e d\u2019\u00e9tangs saum\u00e2tres consacr\u00e9s \u00e0 l\u2019aquaculture, notamment la crevetticulture, tr\u00e8s lucrative. Pourfendant l\u2019\u00e9cume blanche issue des rejets de crevettes, cet a\u00e9rateur oxyg\u00e8ne l\u2019eau des bassins d\u2019\u00e9levage. La production mondiale de crevettes","breadcrumb":{"@id":"https:\/\/www.yannarthusbertrandphoto.com\/fr\/produit\/elevage-de-crevettes\/#breadcrumb"},"inLanguage":"fr-FR","potentialAction":[{"@type":"ReadAction","target":["https:\/\/www.yannarthusbertrandphoto.com\/fr\/produit\/elevage-de-crevettes\/"]}]},{"@type":"BreadcrumbList","@id":"https:\/\/www.yannarthusbertrandphoto.com\/fr\/produit\/elevage-de-crevettes\/#breadcrumb","itemListElement":[{"@type":"ListItem","position":1,"name":"Accueil","item":"https:\/\/www.yannarthusbertrandphoto.com\/fr\/"},{"@type":"ListItem","position":2,"name":"Shop","item":"https:\/\/www.yannarthusbertrandphoto.com\/fr\/shop\/"},{"@type":"ListItem","position":3,"name":"Elevage de crevettes"}]},{"@type":"WebSite","@id":"https:\/\/www.yannarthusbertrandphoto.com\/fr\/#website","url":"https:\/\/www.yannarthusbertrandphoto.com\/fr\/","name":"Yann Arthus-Bertrand","description":"Site officiel d\u00e9di\u00e9 \u00e0 l\u2019\u0153uvre photographique de Yann Arthus-Bertrand","publisher":{"@id":"https:\/\/www.yannarthusbertrandphoto.com\/fr\/#organization"},"potentialAction":[{"@type":"SearchAction","target":{"@type":"EntryPoint","urlTemplate":"https:\/\/www.yannarthusbertrandphoto.com\/fr\/?s={search_term_string}"},"query-input":"required name=search_term_string"}],"inLanguage":"fr-FR"},{"@type":"Organization","@id":"https:\/\/www.yannarthusbertrandphoto.com\/fr\/#organization","name":"Alfie Be","url":"https:\/\/www.yannarthusbertrandphoto.com\/fr\/","logo":{"@type":"ImageObject","inLanguage":"fr-FR","@id":"https:\/\/www.yannarthusbertrandphoto.com\/fr\/#\/schema\/logo\/image\/","url":"https:\/\/www.yannarthusbertrandphoto.com\/wp-content\/uploads\/2018\/01\/yab_logo_black.svg","contentUrl":"https:\/\/www.yannarthusbertrandphoto.com\/wp-content\/uploads\/2018\/01\/yab_logo_black.svg","caption":"Alfie Be"},"image":{"@id":"https:\/\/www.yannarthusbertrandphoto.com\/fr\/#\/schema\/logo\/image\/"},"sameAs":["https:\/\/www.instagram.com\/yannarthusbertrand\/","https:\/\/www.youtube.com\/user\/yannarthusbertrand","https:\/\/www.facebook.com\/Y.A.Bertrand\/","https:\/\/twitter.com\/Yann_A_B"]}]}},"_links":{"self":[{"href":"https:\/\/www.yannarthusbertrandphoto.com\/fr\/wp-json\/wp\/v2\/product\/12197"}],"collection":[{"href":"https:\/\/www.yannarthusbertrandphoto.com\/fr\/wp-json\/wp\/v2\/product"}],"about":[{"href":"https:\/\/www.yannarthusbertrandphoto.com\/fr\/wp-json\/wp\/v2\/types\/product"}],"wp:featuredmedia":[{"embeddable":true,"href":"https:\/\/www.yannarthusbertrandphoto.com\/fr\/wp-json\/wp\/v2\/media\/12198"}],"wp:attachment":[{"href":"https:\/\/www.yannarthusbertrandphoto.com\/fr\/wp-json\/wp\/v2\/media?parent=12197"}],"wp:term":[{"taxonomy":"product_cat","embeddable":true,"href":"https:\/\/www.yannarthusbertrandphoto.com\/fr\/wp-json\/wp\/v2\/product_cat?post=12197"},{"taxonomy":"product_tag","embeddable":true,"href":"https:\/\/www.yannarthusbertrandphoto.com\/fr\/wp-json\/wp\/v2\/product_tag?post=12197"}],"curies":[{"name":"wp","href":"https:\/\/api.w.org\/{rel}","templated":true}]}}