{"id":12287,"date":"2018-04-24T18:13:23","date_gmt":"2018-04-24T16:13:23","guid":{"rendered":"https:\/\/www.yannarthusbertrandphoto.com\/?post_type=product&#038;p=12287"},"modified":"2018-05-28T16:55:25","modified_gmt":"2018-05-28T14:55:25","slug":"parc-eolien","status":"publish","type":"product","link":"https:\/\/www.yannarthusbertrandphoto.com\/fr\/produit\/parc-eolien\/","title":{"rendered":"Parc Eolien"},"content":{"rendered":"<p>C\u2019est dans le d\u00e9troit de l\u2019\u00d8resund, qui s\u00e9pare le Danemark de la Su\u00e8de, \u00e0 2 km \u00e0 l\u2019est du port de Copenhague, par 3 \u00e0 5 m de fond, que s\u2019\u00e9l\u00e8ve depuis fin 2000 ce parc \u00e9olien, l\u2019un des plus grands parcs offshore danois construits jusqu\u2019ici. Ses vingt a\u00e9rog\u00e9n\u00e9rateurs, munis d\u2019un rotor de 76 m de diam\u00e8tre juch\u00e9 \u00e0 64 m au-dessus de l\u2019eau, dessinent un arc de 3,4 km. Avec 40 MW de puissance, ce parc produit 89 millions de kWh par an (environ 3 % de la consommation d\u2019\u00e9lectricit\u00e9 de la ville). En 2025, le Danemark entend satisfaire 50 % de ses besoins en \u00e9lectricit\u00e9 au moyen de l\u2019\u00e9nergie du vent, contre 21 % actuellement. Si les \u00e9nergies renouvelables ne constituaient que 13,3 % de l\u2019\u00e9nergie primaire utilis\u00e9e et 19,5 % de l\u2019\u00e9lectricit\u00e9 produite dans le monde en 2009, leurs avantages \u00e9cologiques suscitent un int\u00e9r\u00eat consid\u00e9rable. Gr\u00e2ce aux progr\u00e8s techniques, qui ont consid\u00e9rablement r\u00e9duit les nuisances sonores des \u00e9oliennes, les r\u00e9ticences s\u2019estompent. Et avec 200 000 MW de capacit\u00e9 install\u00e9e, et pr\u00e8s de 29 % de croissance annuelle en moyenne sur les dix derni\u00e8res ann\u00e9es, la fili\u00e8re \u00e9olienne a pris son essor.<\/p>\n","protected":false},"excerpt":{"rendered":"<p>Parc \u00e9olien offshore de Middelgrunden, au large de Copenhague, Danemark (55\u00b041\u2019 N &#8211; 12\u00b040\u2019 E).<\/p>\n","protected":false},"featured_media":12288,"template":"","meta":{"inline_featured_image":false},"product_cat":[212],"product_tag":[],"yoast_head":"<!-- This site is optimized with the Yoast SEO plugin v19.10 - https:\/\/yoast.com\/wordpress\/plugins\/seo\/ -->\n<title>Parc Eolien, Danemark - Yann Arthus-Bertrand Photographie<\/title>\n<meta name=\"description\" content=\"C\u2019est dans le d\u00e9troit de l\u2019\u00d8resund, qui s\u00e9pare le Danemark de la Su\u00e8de, \u00e0 2 km \u00e0 l\u2019est du port de Copenhague, par 3 \u00e0 5 m de fond, que s\u2019\u00e9l\u00e8ve depuis fin 2000 ce parc \u00e9olien, l\u2019un des plus grands parcs offshore danois construits jusqu\u2019ici. Ses vingt a\u00e9rog\u00e9n\u00e9rateurs, munis d\u2019un rotor de 76 m de diam\u00e8tre\" \/>\n<meta name=\"robots\" content=\"index, follow, max-snippet:-1, max-image-preview:large, max-video-preview:-1\" \/>\n<link rel=\"canonical\" href=\"https:\/\/www.yannarthusbertrandphoto.com\/fr\/produit\/parc-eolien\/\" \/>\n<meta property=\"og:locale\" content=\"fr_FR\" \/>\n<meta property=\"og:type\" content=\"article\" \/>\n<meta property=\"og:title\" content=\"Parc Eolien, Danemark - Yann Arthus-Bertrand Photographie\" \/>\n<meta property=\"og:description\" content=\"C\u2019est dans le d\u00e9troit de l\u2019\u00d8resund, qui s\u00e9pare le Danemark de la Su\u00e8de, \u00e0 2 km \u00e0 l\u2019est du port de Copenhague, par 3 \u00e0 5 m de fond, que s\u2019\u00e9l\u00e8ve depuis fin 2000 ce parc \u00e9olien, l\u2019un des plus grands parcs offshore danois construits jusqu\u2019ici. Ses vingt a\u00e9rog\u00e9n\u00e9rateurs, munis d\u2019un rotor de 76 m de diam\u00e8tre\" \/>\n<meta property=\"og:url\" content=\"https:\/\/www.yannarthusbertrandphoto.com\/fr\/produit\/parc-eolien\/\" \/>\n<meta property=\"og:site_name\" content=\"Yann Arthus-Bertrand\" \/>\n<meta property=\"article:publisher\" content=\"https:\/\/www.facebook.com\/Y.A.Bertrand\/\" \/>\n<meta property=\"article:modified_time\" content=\"2018-05-28T14:55:25+00:00\" \/>\n<meta property=\"og:image\" content=\"https:\/\/www.yannarthusbertrandphoto.com\/wp-content\/uploads\/2018\/04\/yab_parc-eolien_danemark_yann-arthus-bertrand-photographie.jpg\" \/>\n\t<meta property=\"og:image:width\" content=\"2000\" \/>\n\t<meta property=\"og:image:height\" content=\"1333\" \/>\n\t<meta property=\"og:image:type\" content=\"image\/jpeg\" \/>\n<meta name=\"twitter:card\" content=\"summary_large_image\" \/>\n<meta name=\"twitter:site\" content=\"@Yann_A_B\" \/>\n<meta name=\"twitter:label1\" content=\"Dur\u00e9e de lecture estim\u00e9e\" \/>\n\t<meta name=\"twitter:data1\" content=\"1 minute\" \/>\n<script type=\"application\/ld+json\" class=\"yoast-schema-graph\">{\"@context\":\"https:\/\/schema.org\",\"@graph\":[{\"@type\":\"WebPage\",\"@id\":\"https:\/\/www.yannarthusbertrandphoto.com\/fr\/produit\/parc-eolien\/\",\"url\":\"https:\/\/www.yannarthusbertrandphoto.com\/fr\/produit\/parc-eolien\/\",\"name\":\"Parc Eolien, Danemark - Yann Arthus-Bertrand Photographie\",\"isPartOf\":{\"@id\":\"https:\/\/www.yannarthusbertrandphoto.com\/fr\/#website\"},\"datePublished\":\"2018-04-24T16:13:23+00:00\",\"dateModified\":\"2018-05-28T14:55:25+00:00\",\"description\":\"C\u2019est dans le d\u00e9troit de l\u2019\u00d8resund, qui s\u00e9pare le Danemark de la Su\u00e8de, \u00e0 2 km \u00e0 l\u2019est du port de Copenhague, par 3 \u00e0 5 m de fond, que s\u2019\u00e9l\u00e8ve depuis fin 2000 ce parc \u00e9olien, l\u2019un des plus grands parcs offshore danois construits jusqu\u2019ici. Ses vingt a\u00e9rog\u00e9n\u00e9rateurs, munis d\u2019un rotor de 76 m de diam\u00e8tre\",\"breadcrumb\":{\"@id\":\"https:\/\/www.yannarthusbertrandphoto.com\/fr\/produit\/parc-eolien\/#breadcrumb\"},\"inLanguage\":\"fr-FR\",\"potentialAction\":[{\"@type\":\"ReadAction\",\"target\":[\"https:\/\/www.yannarthusbertrandphoto.com\/fr\/produit\/parc-eolien\/\"]}]},{\"@type\":\"BreadcrumbList\",\"@id\":\"https:\/\/www.yannarthusbertrandphoto.com\/fr\/produit\/parc-eolien\/#breadcrumb\",\"itemListElement\":[{\"@type\":\"ListItem\",\"position\":1,\"name\":\"Accueil\",\"item\":\"https:\/\/www.yannarthusbertrandphoto.com\/fr\/\"},{\"@type\":\"ListItem\",\"position\":2,\"name\":\"Shop\",\"item\":\"https:\/\/www.yannarthusbertrandphoto.com\/fr\/shop\/\"},{\"@type\":\"ListItem\",\"position\":3,\"name\":\"Parc Eolien\"}]},{\"@type\":\"WebSite\",\"@id\":\"https:\/\/www.yannarthusbertrandphoto.com\/fr\/#website\",\"url\":\"https:\/\/www.yannarthusbertrandphoto.com\/fr\/\",\"name\":\"Yann Arthus-Bertrand\",\"description\":\"Site officiel d\u00e9di\u00e9 \u00e0 l\u2019\u0153uvre photographique de Yann Arthus-Bertrand\",\"publisher\":{\"@id\":\"https:\/\/www.yannarthusbertrandphoto.com\/fr\/#organization\"},\"potentialAction\":[{\"@type\":\"SearchAction\",\"target\":{\"@type\":\"EntryPoint\",\"urlTemplate\":\"https:\/\/www.yannarthusbertrandphoto.com\/fr\/?s={search_term_string}\"},\"query-input\":\"required name=search_term_string\"}],\"inLanguage\":\"fr-FR\"},{\"@type\":\"Organization\",\"@id\":\"https:\/\/www.yannarthusbertrandphoto.com\/fr\/#organization\",\"name\":\"Alfie Be\",\"url\":\"https:\/\/www.yannarthusbertrandphoto.com\/fr\/\",\"logo\":{\"@type\":\"ImageObject\",\"inLanguage\":\"fr-FR\",\"@id\":\"https:\/\/www.yannarthusbertrandphoto.com\/fr\/#\/schema\/logo\/image\/\",\"url\":\"https:\/\/www.yannarthusbertrandphoto.com\/wp-content\/uploads\/2018\/01\/yab_logo_black.svg\",\"contentUrl\":\"https:\/\/www.yannarthusbertrandphoto.com\/wp-content\/uploads\/2018\/01\/yab_logo_black.svg\",\"caption\":\"Alfie Be\"},\"image\":{\"@id\":\"https:\/\/www.yannarthusbertrandphoto.com\/fr\/#\/schema\/logo\/image\/\"},\"sameAs\":[\"https:\/\/www.instagram.com\/yannarthusbertrand\/\",\"https:\/\/www.youtube.com\/user\/yannarthusbertrand\",\"https:\/\/www.facebook.com\/Y.A.Bertrand\/\",\"https:\/\/twitter.com\/Yann_A_B\"]}]}<\/script>\n<!-- \/ Yoast SEO plugin. -->","yoast_head_json":{"title":"Parc Eolien, Danemark - Yann Arthus-Bertrand Photographie","description":"C\u2019est dans le d\u00e9troit de l\u2019\u00d8resund, qui s\u00e9pare le Danemark de la Su\u00e8de, \u00e0 2 km \u00e0 l\u2019est du port de Copenhague, par 3 \u00e0 5 m de fond, que s\u2019\u00e9l\u00e8ve depuis fin 2000 ce parc \u00e9olien, l\u2019un des plus grands parcs offshore danois construits jusqu\u2019ici. Ses vingt a\u00e9rog\u00e9n\u00e9rateurs, munis d\u2019un rotor de 76 m de diam\u00e8tre","robots":{"index":"index","follow":"follow","max-snippet":"max-snippet:-1","max-image-preview":"max-image-preview:large","max-video-preview":"max-video-preview:-1"},"canonical":"https:\/\/www.yannarthusbertrandphoto.com\/fr\/produit\/parc-eolien\/","og_locale":"fr_FR","og_type":"article","og_title":"Parc Eolien, Danemark - Yann Arthus-Bertrand Photographie","og_description":"C\u2019est dans le d\u00e9troit de l\u2019\u00d8resund, qui s\u00e9pare le Danemark de la Su\u00e8de, \u00e0 2 km \u00e0 l\u2019est du port de Copenhague, par 3 \u00e0 5 m de fond, que s\u2019\u00e9l\u00e8ve depuis fin 2000 ce parc \u00e9olien, l\u2019un des plus grands parcs offshore danois construits jusqu\u2019ici. Ses vingt a\u00e9rog\u00e9n\u00e9rateurs, munis d\u2019un rotor de 76 m de diam\u00e8tre","og_url":"https:\/\/www.yannarthusbertrandphoto.com\/fr\/produit\/parc-eolien\/","og_site_name":"Yann Arthus-Bertrand","article_publisher":"https:\/\/www.facebook.com\/Y.A.Bertrand\/","article_modified_time":"2018-05-28T14:55:25+00:00","og_image":[{"width":2000,"height":1333,"url":"https:\/\/www.yannarthusbertrandphoto.com\/wp-content\/uploads\/2018\/04\/yab_parc-eolien_danemark_yann-arthus-bertrand-photographie.jpg","type":"image\/jpeg"}],"twitter_card":"summary_large_image","twitter_site":"@Yann_A_B","twitter_misc":{"Dur\u00e9e de lecture estim\u00e9e":"1 minute"},"schema":{"@context":"https:\/\/schema.org","@graph":[{"@type":"WebPage","@id":"https:\/\/www.yannarthusbertrandphoto.com\/fr\/produit\/parc-eolien\/","url":"https:\/\/www.yannarthusbertrandphoto.com\/fr\/produit\/parc-eolien\/","name":"Parc Eolien, Danemark - Yann Arthus-Bertrand Photographie","isPartOf":{"@id":"https:\/\/www.yannarthusbertrandphoto.com\/fr\/#website"},"datePublished":"2018-04-24T16:13:23+00:00","dateModified":"2018-05-28T14:55:25+00:00","description":"C\u2019est dans le d\u00e9troit de l\u2019\u00d8resund, qui s\u00e9pare le Danemark de la Su\u00e8de, \u00e0 2 km \u00e0 l\u2019est du port de Copenhague, par 3 \u00e0 5 m de fond, que s\u2019\u00e9l\u00e8ve depuis fin 2000 ce parc \u00e9olien, l\u2019un des plus grands parcs offshore danois construits jusqu\u2019ici. Ses vingt a\u00e9rog\u00e9n\u00e9rateurs, munis d\u2019un rotor de 76 m de diam\u00e8tre","breadcrumb":{"@id":"https:\/\/www.yannarthusbertrandphoto.com\/fr\/produit\/parc-eolien\/#breadcrumb"},"inLanguage":"fr-FR","potentialAction":[{"@type":"ReadAction","target":["https:\/\/www.yannarthusbertrandphoto.com\/fr\/produit\/parc-eolien\/"]}]},{"@type":"BreadcrumbList","@id":"https:\/\/www.yannarthusbertrandphoto.com\/fr\/produit\/parc-eolien\/#breadcrumb","itemListElement":[{"@type":"ListItem","position":1,"name":"Accueil","item":"https:\/\/www.yannarthusbertrandphoto.com\/fr\/"},{"@type":"ListItem","position":2,"name":"Shop","item":"https:\/\/www.yannarthusbertrandphoto.com\/fr\/shop\/"},{"@type":"ListItem","position":3,"name":"Parc Eolien"}]},{"@type":"WebSite","@id":"https:\/\/www.yannarthusbertrandphoto.com\/fr\/#website","url":"https:\/\/www.yannarthusbertrandphoto.com\/fr\/","name":"Yann Arthus-Bertrand","description":"Site officiel d\u00e9di\u00e9 \u00e0 l\u2019\u0153uvre photographique de Yann Arthus-Bertrand","publisher":{"@id":"https:\/\/www.yannarthusbertrandphoto.com\/fr\/#organization"},"potentialAction":[{"@type":"SearchAction","target":{"@type":"EntryPoint","urlTemplate":"https:\/\/www.yannarthusbertrandphoto.com\/fr\/?s={search_term_string}"},"query-input":"required name=search_term_string"}],"inLanguage":"fr-FR"},{"@type":"Organization","@id":"https:\/\/www.yannarthusbertrandphoto.com\/fr\/#organization","name":"Alfie Be","url":"https:\/\/www.yannarthusbertrandphoto.com\/fr\/","logo":{"@type":"ImageObject","inLanguage":"fr-FR","@id":"https:\/\/www.yannarthusbertrandphoto.com\/fr\/#\/schema\/logo\/image\/","url":"https:\/\/www.yannarthusbertrandphoto.com\/wp-content\/uploads\/2018\/01\/yab_logo_black.svg","contentUrl":"https:\/\/www.yannarthusbertrandphoto.com\/wp-content\/uploads\/2018\/01\/yab_logo_black.svg","caption":"Alfie Be"},"image":{"@id":"https:\/\/www.yannarthusbertrandphoto.com\/fr\/#\/schema\/logo\/image\/"},"sameAs":["https:\/\/www.instagram.com\/yannarthusbertrand\/","https:\/\/www.youtube.com\/user\/yannarthusbertrand","https:\/\/www.facebook.com\/Y.A.Bertrand\/","https:\/\/twitter.com\/Yann_A_B"]}]}},"_links":{"self":[{"href":"https:\/\/www.yannarthusbertrandphoto.com\/fr\/wp-json\/wp\/v2\/product\/12287"}],"collection":[{"href":"https:\/\/www.yannarthusbertrandphoto.com\/fr\/wp-json\/wp\/v2\/product"}],"about":[{"href":"https:\/\/www.yannarthusbertrandphoto.com\/fr\/wp-json\/wp\/v2\/types\/product"}],"wp:featuredmedia":[{"embeddable":true,"href":"https:\/\/www.yannarthusbertrandphoto.com\/fr\/wp-json\/wp\/v2\/media\/12288"}],"wp:attachment":[{"href":"https:\/\/www.yannarthusbertrandphoto.com\/fr\/wp-json\/wp\/v2\/media?parent=12287"}],"wp:term":[{"taxonomy":"product_cat","embeddable":true,"href":"https:\/\/www.yannarthusbertrandphoto.com\/fr\/wp-json\/wp\/v2\/product_cat?post=12287"},{"taxonomy":"product_tag","embeddable":true,"href":"https:\/\/www.yannarthusbertrandphoto.com\/fr\/wp-json\/wp\/v2\/product_tag?post=12287"}],"curies":[{"name":"wp","href":"https:\/\/api.w.org\/{rel}","templated":true}]}}