{"id":12377,"date":"2018-04-24T18:22:34","date_gmt":"2018-04-24T16:22:34","guid":{"rendered":"https:\/\/www.yannarthusbertrandphoto.com\/?post_type=product&#038;p=12377"},"modified":"2018-05-28T17:28:00","modified_gmt":"2018-05-28T15:28:00","slug":"champs","status":"publish","type":"product","link":"https:\/\/www.yannarthusbertrandphoto.com\/fr\/produit\/champs\/","title":{"rendered":"Champs"},"content":{"rendered":"<p>Entre les cordill\u00e8res Occidentale et Royale, les plateaux de la r\u00e9gion de Quito b\u00e9n\u00e9ficient du climat humide et doux de la Sierra, qui permet la culture de c\u00e9r\u00e9ales (ma\u00efs, bl\u00e9, orge) et de pommes de terre. Bien que l\u2019agriculture ne repr\u00e9sente plus que 6,7 % du PNB de ce pays de pr\u00e8s de 14 millions d\u2019habitants, elle emploie aujourd\u2019hui 8,3 % de la population active. Importante dans le paysage, elle l\u2019est aussi dans l\u2019histoire du pays : les r\u00e9formes agraires des ann\u00e9es 1960 et 1970, qui ont effac\u00e9 la pr\u00e9\u00e9minence des grandes haciendas des colons espagnols, n\u2019ont pas r\u00e9solu le probl\u00e8me de la r\u00e9partition in\u00e9gale des terres agricoles. Les plus productives, celles des vall\u00e9es et des c\u00f4tes, consacr\u00e9es aux cultures d\u2019exportation (bananes, canne \u00e0 sucre, caf\u00e9, cacao), demeurent aux mains de riches propri\u00e9taires, tandis que les petits paysans se partagent celles des hauts plateaux et vivent \u00e0 peine de leur production. Dans un pays en proie \u00e0 une paup\u00e9risation croissante (65 % de pauvres, 8,7 % de ch\u00f4meurs et 45 % de sous-employ\u00e9s en 2008), ces in\u00e9galit\u00e9s constituent un terrain favorable \u00e0 la crise.<\/p>\n","protected":false},"excerpt":{"rendered":"<p>Champs pr\u00e8s de Quito, r\u00e9gion de la Sierra, Equateur (0\u00b017\u2019 N \u2013 78\u00b041\u2019 O).<\/p>\n","protected":false},"featured_media":12378,"template":"","meta":{"inline_featured_image":false},"product_cat":[212],"product_tag":[],"yoast_head":"<!-- This site is optimized with the Yoast SEO plugin v19.10 - https:\/\/yoast.com\/wordpress\/plugins\/seo\/ -->\n<title>Champs, Equateur - Yann Arthus-Bertrand Photographie<\/title>\n<meta name=\"description\" content=\"Entre les cordill\u00e8res Occidentale et Royale, les plateaux de la r\u00e9gion de Quito b\u00e9n\u00e9ficient du climat humide et doux de la Sierra, qui permet la culture de c\u00e9r\u00e9ales (ma\u00efs, bl\u00e9, orge) et de pommes de terre.\" \/>\n<meta name=\"robots\" content=\"index, follow, max-snippet:-1, max-image-preview:large, max-video-preview:-1\" \/>\n<link rel=\"canonical\" href=\"https:\/\/www.yannarthusbertrandphoto.com\/fr\/produit\/champs\/\" \/>\n<meta property=\"og:locale\" content=\"fr_FR\" \/>\n<meta property=\"og:type\" content=\"article\" \/>\n<meta property=\"og:title\" content=\"Champs, Equateur - Yann Arthus-Bertrand Photographie\" \/>\n<meta property=\"og:description\" content=\"Entre les cordill\u00e8res Occidentale et Royale, les plateaux de la r\u00e9gion de Quito b\u00e9n\u00e9ficient du climat humide et doux de la Sierra, qui permet la culture de c\u00e9r\u00e9ales (ma\u00efs, bl\u00e9, orge) et de pommes de terre.\" \/>\n<meta property=\"og:url\" content=\"https:\/\/www.yannarthusbertrandphoto.com\/fr\/produit\/champs\/\" \/>\n<meta property=\"og:site_name\" content=\"Yann Arthus-Bertrand\" \/>\n<meta property=\"article:publisher\" content=\"https:\/\/www.facebook.com\/Y.A.Bertrand\/\" \/>\n<meta property=\"article:modified_time\" content=\"2018-05-28T15:28:00+00:00\" \/>\n<meta property=\"og:image\" content=\"https:\/\/www.yannarthusbertrandphoto.com\/wp-content\/uploads\/2018\/04\/yab_champs_equateur_yann-arthus-bertrand-photographie.jpg\" \/>\n\t<meta property=\"og:image:width\" content=\"2000\" \/>\n\t<meta property=\"og:image:height\" content=\"1333\" \/>\n\t<meta property=\"og:image:type\" content=\"image\/jpeg\" \/>\n<meta name=\"twitter:card\" content=\"summary_large_image\" \/>\n<meta name=\"twitter:site\" content=\"@Yann_A_B\" \/>\n<meta name=\"twitter:label1\" content=\"Dur\u00e9e de lecture estim\u00e9e\" \/>\n\t<meta name=\"twitter:data1\" content=\"1 minute\" \/>\n<script type=\"application\/ld+json\" class=\"yoast-schema-graph\">{\"@context\":\"https:\/\/schema.org\",\"@graph\":[{\"@type\":\"WebPage\",\"@id\":\"https:\/\/www.yannarthusbertrandphoto.com\/fr\/produit\/champs\/\",\"url\":\"https:\/\/www.yannarthusbertrandphoto.com\/fr\/produit\/champs\/\",\"name\":\"Champs, Equateur - Yann Arthus-Bertrand Photographie\",\"isPartOf\":{\"@id\":\"https:\/\/www.yannarthusbertrandphoto.com\/fr\/#website\"},\"datePublished\":\"2018-04-24T16:22:34+00:00\",\"dateModified\":\"2018-05-28T15:28:00+00:00\",\"description\":\"Entre les cordill\u00e8res Occidentale et Royale, les plateaux de la r\u00e9gion de Quito b\u00e9n\u00e9ficient du climat humide et doux de la Sierra, qui permet la culture de c\u00e9r\u00e9ales (ma\u00efs, bl\u00e9, orge) et de pommes de terre.\",\"breadcrumb\":{\"@id\":\"https:\/\/www.yannarthusbertrandphoto.com\/fr\/produit\/champs\/#breadcrumb\"},\"inLanguage\":\"fr-FR\",\"potentialAction\":[{\"@type\":\"ReadAction\",\"target\":[\"https:\/\/www.yannarthusbertrandphoto.com\/fr\/produit\/champs\/\"]}]},{\"@type\":\"BreadcrumbList\",\"@id\":\"https:\/\/www.yannarthusbertrandphoto.com\/fr\/produit\/champs\/#breadcrumb\",\"itemListElement\":[{\"@type\":\"ListItem\",\"position\":1,\"name\":\"Accueil\",\"item\":\"https:\/\/www.yannarthusbertrandphoto.com\/fr\/\"},{\"@type\":\"ListItem\",\"position\":2,\"name\":\"Shop\",\"item\":\"https:\/\/www.yannarthusbertrandphoto.com\/fr\/shop\/\"},{\"@type\":\"ListItem\",\"position\":3,\"name\":\"Champs\"}]},{\"@type\":\"WebSite\",\"@id\":\"https:\/\/www.yannarthusbertrandphoto.com\/fr\/#website\",\"url\":\"https:\/\/www.yannarthusbertrandphoto.com\/fr\/\",\"name\":\"Yann Arthus-Bertrand\",\"description\":\"Site officiel d\u00e9di\u00e9 \u00e0 l\u2019\u0153uvre photographique de Yann Arthus-Bertrand\",\"publisher\":{\"@id\":\"https:\/\/www.yannarthusbertrandphoto.com\/fr\/#organization\"},\"potentialAction\":[{\"@type\":\"SearchAction\",\"target\":{\"@type\":\"EntryPoint\",\"urlTemplate\":\"https:\/\/www.yannarthusbertrandphoto.com\/fr\/?s={search_term_string}\"},\"query-input\":\"required name=search_term_string\"}],\"inLanguage\":\"fr-FR\"},{\"@type\":\"Organization\",\"@id\":\"https:\/\/www.yannarthusbertrandphoto.com\/fr\/#organization\",\"name\":\"Alfie Be\",\"url\":\"https:\/\/www.yannarthusbertrandphoto.com\/fr\/\",\"logo\":{\"@type\":\"ImageObject\",\"inLanguage\":\"fr-FR\",\"@id\":\"https:\/\/www.yannarthusbertrandphoto.com\/fr\/#\/schema\/logo\/image\/\",\"url\":\"https:\/\/www.yannarthusbertrandphoto.com\/wp-content\/uploads\/2018\/01\/yab_logo_black.svg\",\"contentUrl\":\"https:\/\/www.yannarthusbertrandphoto.com\/wp-content\/uploads\/2018\/01\/yab_logo_black.svg\",\"caption\":\"Alfie Be\"},\"image\":{\"@id\":\"https:\/\/www.yannarthusbertrandphoto.com\/fr\/#\/schema\/logo\/image\/\"},\"sameAs\":[\"https:\/\/www.instagram.com\/yannarthusbertrand\/\",\"https:\/\/www.youtube.com\/user\/yannarthusbertrand\",\"https:\/\/www.facebook.com\/Y.A.Bertrand\/\",\"https:\/\/twitter.com\/Yann_A_B\"]}]}<\/script>\n<!-- \/ Yoast SEO plugin. -->","yoast_head_json":{"title":"Champs, Equateur - Yann Arthus-Bertrand Photographie","description":"Entre les cordill\u00e8res Occidentale et Royale, les plateaux de la r\u00e9gion de Quito b\u00e9n\u00e9ficient du climat humide et doux de la Sierra, qui permet la culture de c\u00e9r\u00e9ales (ma\u00efs, bl\u00e9, orge) et de pommes de terre.","robots":{"index":"index","follow":"follow","max-snippet":"max-snippet:-1","max-image-preview":"max-image-preview:large","max-video-preview":"max-video-preview:-1"},"canonical":"https:\/\/www.yannarthusbertrandphoto.com\/fr\/produit\/champs\/","og_locale":"fr_FR","og_type":"article","og_title":"Champs, Equateur - Yann Arthus-Bertrand Photographie","og_description":"Entre les cordill\u00e8res Occidentale et Royale, les plateaux de la r\u00e9gion de Quito b\u00e9n\u00e9ficient du climat humide et doux de la Sierra, qui permet la culture de c\u00e9r\u00e9ales (ma\u00efs, bl\u00e9, orge) et de pommes de terre.","og_url":"https:\/\/www.yannarthusbertrandphoto.com\/fr\/produit\/champs\/","og_site_name":"Yann Arthus-Bertrand","article_publisher":"https:\/\/www.facebook.com\/Y.A.Bertrand\/","article_modified_time":"2018-05-28T15:28:00+00:00","og_image":[{"width":2000,"height":1333,"url":"https:\/\/www.yannarthusbertrandphoto.com\/wp-content\/uploads\/2018\/04\/yab_champs_equateur_yann-arthus-bertrand-photographie.jpg","type":"image\/jpeg"}],"twitter_card":"summary_large_image","twitter_site":"@Yann_A_B","twitter_misc":{"Dur\u00e9e de lecture estim\u00e9e":"1 minute"},"schema":{"@context":"https:\/\/schema.org","@graph":[{"@type":"WebPage","@id":"https:\/\/www.yannarthusbertrandphoto.com\/fr\/produit\/champs\/","url":"https:\/\/www.yannarthusbertrandphoto.com\/fr\/produit\/champs\/","name":"Champs, Equateur - Yann Arthus-Bertrand Photographie","isPartOf":{"@id":"https:\/\/www.yannarthusbertrandphoto.com\/fr\/#website"},"datePublished":"2018-04-24T16:22:34+00:00","dateModified":"2018-05-28T15:28:00+00:00","description":"Entre les cordill\u00e8res Occidentale et Royale, les plateaux de la r\u00e9gion de Quito b\u00e9n\u00e9ficient du climat humide et doux de la Sierra, qui permet la culture de c\u00e9r\u00e9ales (ma\u00efs, bl\u00e9, orge) et de pommes de terre.","breadcrumb":{"@id":"https:\/\/www.yannarthusbertrandphoto.com\/fr\/produit\/champs\/#breadcrumb"},"inLanguage":"fr-FR","potentialAction":[{"@type":"ReadAction","target":["https:\/\/www.yannarthusbertrandphoto.com\/fr\/produit\/champs\/"]}]},{"@type":"BreadcrumbList","@id":"https:\/\/www.yannarthusbertrandphoto.com\/fr\/produit\/champs\/#breadcrumb","itemListElement":[{"@type":"ListItem","position":1,"name":"Accueil","item":"https:\/\/www.yannarthusbertrandphoto.com\/fr\/"},{"@type":"ListItem","position":2,"name":"Shop","item":"https:\/\/www.yannarthusbertrandphoto.com\/fr\/shop\/"},{"@type":"ListItem","position":3,"name":"Champs"}]},{"@type":"WebSite","@id":"https:\/\/www.yannarthusbertrandphoto.com\/fr\/#website","url":"https:\/\/www.yannarthusbertrandphoto.com\/fr\/","name":"Yann Arthus-Bertrand","description":"Site officiel d\u00e9di\u00e9 \u00e0 l\u2019\u0153uvre photographique de Yann Arthus-Bertrand","publisher":{"@id":"https:\/\/www.yannarthusbertrandphoto.com\/fr\/#organization"},"potentialAction":[{"@type":"SearchAction","target":{"@type":"EntryPoint","urlTemplate":"https:\/\/www.yannarthusbertrandphoto.com\/fr\/?s={search_term_string}"},"query-input":"required name=search_term_string"}],"inLanguage":"fr-FR"},{"@type":"Organization","@id":"https:\/\/www.yannarthusbertrandphoto.com\/fr\/#organization","name":"Alfie Be","url":"https:\/\/www.yannarthusbertrandphoto.com\/fr\/","logo":{"@type":"ImageObject","inLanguage":"fr-FR","@id":"https:\/\/www.yannarthusbertrandphoto.com\/fr\/#\/schema\/logo\/image\/","url":"https:\/\/www.yannarthusbertrandphoto.com\/wp-content\/uploads\/2018\/01\/yab_logo_black.svg","contentUrl":"https:\/\/www.yannarthusbertrandphoto.com\/wp-content\/uploads\/2018\/01\/yab_logo_black.svg","caption":"Alfie Be"},"image":{"@id":"https:\/\/www.yannarthusbertrandphoto.com\/fr\/#\/schema\/logo\/image\/"},"sameAs":["https:\/\/www.instagram.com\/yannarthusbertrand\/","https:\/\/www.youtube.com\/user\/yannarthusbertrand","https:\/\/www.facebook.com\/Y.A.Bertrand\/","https:\/\/twitter.com\/Yann_A_B"]}]}},"_links":{"self":[{"href":"https:\/\/www.yannarthusbertrandphoto.com\/fr\/wp-json\/wp\/v2\/product\/12377"}],"collection":[{"href":"https:\/\/www.yannarthusbertrandphoto.com\/fr\/wp-json\/wp\/v2\/product"}],"about":[{"href":"https:\/\/www.yannarthusbertrandphoto.com\/fr\/wp-json\/wp\/v2\/types\/product"}],"wp:featuredmedia":[{"embeddable":true,"href":"https:\/\/www.yannarthusbertrandphoto.com\/fr\/wp-json\/wp\/v2\/media\/12378"}],"wp:attachment":[{"href":"https:\/\/www.yannarthusbertrandphoto.com\/fr\/wp-json\/wp\/v2\/media?parent=12377"}],"wp:term":[{"taxonomy":"product_cat","embeddable":true,"href":"https:\/\/www.yannarthusbertrandphoto.com\/fr\/wp-json\/wp\/v2\/product_cat?post=12377"},{"taxonomy":"product_tag","embeddable":true,"href":"https:\/\/www.yannarthusbertrandphoto.com\/fr\/wp-json\/wp\/v2\/product_tag?post=12377"}],"curies":[{"name":"wp","href":"https:\/\/api.w.org\/{rel}","templated":true}]}}