{"id":12422,"date":"2018-04-24T18:27:20","date_gmt":"2018-04-24T16:27:20","guid":{"rendered":"https:\/\/www.yannarthusbertrandphoto.com\/?post_type=product&#038;p=12422"},"modified":"2018-07-17T19:13:44","modified_gmt":"2018-07-17T17:13:44","slug":"barracuda-keys","status":"publish","type":"product","link":"https:\/\/www.yannarthusbertrandphoto.com\/fr\/produit\/barracuda-keys\/","title":{"rendered":"Barracuda Keys"},"content":{"rendered":"<p>Au nord-Est de Key West, la capitale de ce petit archipel corallien, ces \u00eelots inhabit\u00e9s couverts de mangroves sont n\u00e9s de l\u2019accumulation de sables coralliens gr\u00e2ce au jeu incessant des vagues et des courants du d\u00e9troit de Floride qui relie l\u2019oc\u00e9an Atlantique au golfe du Mexique, combin\u00e9 au passage certaines ann\u00e9es des cyclones dont les ondes de temp\u00eate peuvent les submerger compl\u00e8tement. Fragile, cet \u00e9cosyst\u00e8me qui accueille plus de 250 esp\u00e8ces d\u2019oiseaux est prot\u00e9g\u00e9 sous le statut des National Wildlife Refuge (NWR). Cr\u00e9\u00e9 d\u00e8s 1938, le Great White Heron National Wildlife Refuge accueille comme son nom l\u2019indique des grands h\u00e9rons blancs, une sous-esp\u00e8ce end\u00e9mique de grands h\u00e9rons dont l\u2019une des seules populations (moins de 1 000 couples) ne niche que dans les Keys. L\u2019\u00e9chassier avait \u00e9t\u00e9 abondamment chass\u00e9 pour ses plumes servant \u00e0 orner les chapeaux, ce qui a motiv\u00e9 sa protection et celle de son \u00e9cosyst\u00e8me. Trois esp\u00e8ces de tortues marines fr\u00e9quentent les r\u00e9cifs et deux d\u2019entre elles, la tortue luth et la tortue verte y pondent leurs \u0153ufs. Moins connus que les parcs nationaux, les NWR existent depuis 1903 et ont \u00e9t\u00e9 dans le monde le premier v\u00e9ritable outil de protection de la faune et de la flore. Quelque 61 millions d\u2019hectares sont ainsi prot\u00e9g\u00e9s aux Etats-Unis, deux fois plus que dans les parcs nationaux. Contrairement \u00e0 ces derniers qui accueillent des touristes, lorsque la conservation des esp\u00e8ces l\u2019exige, tout ou partie des 555 r\u00e9serves sont ferm\u00e9es au public. Ainsi tout d\u00e9barquement est interdit sur Barracuda Keys et l\u2019ensemble des \u00eeles du refuge.<\/p>\n","protected":false},"excerpt":{"rendered":"<p>Barracuda Keys, Archipel des Keys, Floride, Etats-Unis (24\u00b043\u2019 N &#8211; 81\u00b038\u2019 O).<\/p>\n","protected":false},"featured_media":12423,"template":"","meta":{"inline_featured_image":false},"product_cat":[212],"product_tag":[],"yoast_head":"<!-- This site is optimized with the Yoast SEO plugin v19.10 - https:\/\/yoast.com\/wordpress\/plugins\/seo\/ -->\n<title>Barracuda Keys, Etats-Unis - Yann Arthus-Bertrand Photographie<\/title>\n<meta name=\"description\" content=\"Au nord-Est de Key West, la capitale de ce petit archipel corallien, ces \u00eelots inhabit\u00e9s couverts de mangroves sont n\u00e9s de l\u2019accumulation de sables coralliens gr\u00e2ce au jeu incessant des vagues et des courants du d\u00e9troit de Floride qui relie l\u2019oc\u00e9an Atlantique au golfe du Mexique\" \/>\n<meta name=\"robots\" content=\"index, follow, max-snippet:-1, max-image-preview:large, max-video-preview:-1\" \/>\n<link rel=\"canonical\" href=\"https:\/\/www.yannarthusbertrandphoto.com\/fr\/produit\/barracuda-keys\/\" \/>\n<meta property=\"og:locale\" content=\"fr_FR\" \/>\n<meta property=\"og:type\" content=\"article\" \/>\n<meta property=\"og:title\" content=\"Barracuda Keys, Etats-Unis - Yann Arthus-Bertrand Photographie\" \/>\n<meta property=\"og:description\" content=\"Au nord-Est de Key West, la capitale de ce petit archipel corallien, ces \u00eelots inhabit\u00e9s couverts de mangroves sont n\u00e9s de l\u2019accumulation de sables coralliens gr\u00e2ce au jeu incessant des vagues et des courants du d\u00e9troit de Floride qui relie l\u2019oc\u00e9an Atlantique au golfe du Mexique\" \/>\n<meta property=\"og:url\" content=\"https:\/\/www.yannarthusbertrandphoto.com\/fr\/produit\/barracuda-keys\/\" \/>\n<meta property=\"og:site_name\" content=\"Yann Arthus-Bertrand\" \/>\n<meta property=\"article:publisher\" content=\"https:\/\/www.facebook.com\/Y.A.Bertrand\/\" \/>\n<meta property=\"article:modified_time\" content=\"2018-07-17T17:13:44+00:00\" \/>\n<meta property=\"og:image\" content=\"https:\/\/www.yannarthusbertrandphoto.com\/wp-content\/uploads\/2018\/04\/yab_barracuda-keys_united-states_yann-arthus-bertrand-photographie.jpg\" \/>\n\t<meta property=\"og:image:width\" content=\"2000\" \/>\n\t<meta property=\"og:image:height\" content=\"1333\" \/>\n\t<meta property=\"og:image:type\" content=\"image\/jpeg\" \/>\n<meta name=\"twitter:card\" content=\"summary_large_image\" \/>\n<meta name=\"twitter:site\" content=\"@Yann_A_B\" \/>\n<meta name=\"twitter:label1\" content=\"Dur\u00e9e de lecture estim\u00e9e\" \/>\n\t<meta name=\"twitter:data1\" content=\"1 minute\" \/>\n<script type=\"application\/ld+json\" class=\"yoast-schema-graph\">{\"@context\":\"https:\/\/schema.org\",\"@graph\":[{\"@type\":\"WebPage\",\"@id\":\"https:\/\/www.yannarthusbertrandphoto.com\/fr\/produit\/barracuda-keys\/\",\"url\":\"https:\/\/www.yannarthusbertrandphoto.com\/fr\/produit\/barracuda-keys\/\",\"name\":\"Barracuda Keys, Etats-Unis - Yann Arthus-Bertrand Photographie\",\"isPartOf\":{\"@id\":\"https:\/\/www.yannarthusbertrandphoto.com\/fr\/#website\"},\"datePublished\":\"2018-04-24T16:27:20+00:00\",\"dateModified\":\"2018-07-17T17:13:44+00:00\",\"description\":\"Au nord-Est de Key West, la capitale de ce petit archipel corallien, ces \u00eelots inhabit\u00e9s couverts de mangroves sont n\u00e9s de l\u2019accumulation de sables coralliens gr\u00e2ce au jeu incessant des vagues et des courants du d\u00e9troit de Floride qui relie l\u2019oc\u00e9an Atlantique au golfe du Mexique\",\"breadcrumb\":{\"@id\":\"https:\/\/www.yannarthusbertrandphoto.com\/fr\/produit\/barracuda-keys\/#breadcrumb\"},\"inLanguage\":\"fr-FR\",\"potentialAction\":[{\"@type\":\"ReadAction\",\"target\":[\"https:\/\/www.yannarthusbertrandphoto.com\/fr\/produit\/barracuda-keys\/\"]}]},{\"@type\":\"BreadcrumbList\",\"@id\":\"https:\/\/www.yannarthusbertrandphoto.com\/fr\/produit\/barracuda-keys\/#breadcrumb\",\"itemListElement\":[{\"@type\":\"ListItem\",\"position\":1,\"name\":\"Accueil\",\"item\":\"https:\/\/www.yannarthusbertrandphoto.com\/fr\/\"},{\"@type\":\"ListItem\",\"position\":2,\"name\":\"Shop\",\"item\":\"https:\/\/www.yannarthusbertrandphoto.com\/fr\/shop\/\"},{\"@type\":\"ListItem\",\"position\":3,\"name\":\"Barracuda Keys\"}]},{\"@type\":\"WebSite\",\"@id\":\"https:\/\/www.yannarthusbertrandphoto.com\/fr\/#website\",\"url\":\"https:\/\/www.yannarthusbertrandphoto.com\/fr\/\",\"name\":\"Yann Arthus-Bertrand\",\"description\":\"Site officiel d\u00e9di\u00e9 \u00e0 l\u2019\u0153uvre photographique de Yann Arthus-Bertrand\",\"publisher\":{\"@id\":\"https:\/\/www.yannarthusbertrandphoto.com\/fr\/#organization\"},\"potentialAction\":[{\"@type\":\"SearchAction\",\"target\":{\"@type\":\"EntryPoint\",\"urlTemplate\":\"https:\/\/www.yannarthusbertrandphoto.com\/fr\/?s={search_term_string}\"},\"query-input\":\"required name=search_term_string\"}],\"inLanguage\":\"fr-FR\"},{\"@type\":\"Organization\",\"@id\":\"https:\/\/www.yannarthusbertrandphoto.com\/fr\/#organization\",\"name\":\"Alfie Be\",\"url\":\"https:\/\/www.yannarthusbertrandphoto.com\/fr\/\",\"logo\":{\"@type\":\"ImageObject\",\"inLanguage\":\"fr-FR\",\"@id\":\"https:\/\/www.yannarthusbertrandphoto.com\/fr\/#\/schema\/logo\/image\/\",\"url\":\"https:\/\/www.yannarthusbertrandphoto.com\/wp-content\/uploads\/2018\/01\/yab_logo_black.svg\",\"contentUrl\":\"https:\/\/www.yannarthusbertrandphoto.com\/wp-content\/uploads\/2018\/01\/yab_logo_black.svg\",\"caption\":\"Alfie Be\"},\"image\":{\"@id\":\"https:\/\/www.yannarthusbertrandphoto.com\/fr\/#\/schema\/logo\/image\/\"},\"sameAs\":[\"https:\/\/www.instagram.com\/yannarthusbertrand\/\",\"https:\/\/www.youtube.com\/user\/yannarthusbertrand\",\"https:\/\/www.facebook.com\/Y.A.Bertrand\/\",\"https:\/\/twitter.com\/Yann_A_B\"]}]}<\/script>\n<!-- \/ Yoast SEO plugin. -->","yoast_head_json":{"title":"Barracuda Keys, Etats-Unis - Yann Arthus-Bertrand Photographie","description":"Au nord-Est de Key West, la capitale de ce petit archipel corallien, ces \u00eelots inhabit\u00e9s couverts de mangroves sont n\u00e9s de l\u2019accumulation de sables coralliens gr\u00e2ce au jeu incessant des vagues et des courants du d\u00e9troit de Floride qui relie l\u2019oc\u00e9an Atlantique au golfe du Mexique","robots":{"index":"index","follow":"follow","max-snippet":"max-snippet:-1","max-image-preview":"max-image-preview:large","max-video-preview":"max-video-preview:-1"},"canonical":"https:\/\/www.yannarthusbertrandphoto.com\/fr\/produit\/barracuda-keys\/","og_locale":"fr_FR","og_type":"article","og_title":"Barracuda Keys, Etats-Unis - Yann Arthus-Bertrand Photographie","og_description":"Au nord-Est de Key West, la capitale de ce petit archipel corallien, ces \u00eelots inhabit\u00e9s couverts de mangroves sont n\u00e9s de l\u2019accumulation de sables coralliens gr\u00e2ce au jeu incessant des vagues et des courants du d\u00e9troit de Floride qui relie l\u2019oc\u00e9an Atlantique au golfe du Mexique","og_url":"https:\/\/www.yannarthusbertrandphoto.com\/fr\/produit\/barracuda-keys\/","og_site_name":"Yann Arthus-Bertrand","article_publisher":"https:\/\/www.facebook.com\/Y.A.Bertrand\/","article_modified_time":"2018-07-17T17:13:44+00:00","og_image":[{"width":2000,"height":1333,"url":"https:\/\/www.yannarthusbertrandphoto.com\/wp-content\/uploads\/2018\/04\/yab_barracuda-keys_united-states_yann-arthus-bertrand-photographie.jpg","type":"image\/jpeg"}],"twitter_card":"summary_large_image","twitter_site":"@Yann_A_B","twitter_misc":{"Dur\u00e9e de lecture estim\u00e9e":"1 minute"},"schema":{"@context":"https:\/\/schema.org","@graph":[{"@type":"WebPage","@id":"https:\/\/www.yannarthusbertrandphoto.com\/fr\/produit\/barracuda-keys\/","url":"https:\/\/www.yannarthusbertrandphoto.com\/fr\/produit\/barracuda-keys\/","name":"Barracuda Keys, Etats-Unis - Yann Arthus-Bertrand Photographie","isPartOf":{"@id":"https:\/\/www.yannarthusbertrandphoto.com\/fr\/#website"},"datePublished":"2018-04-24T16:27:20+00:00","dateModified":"2018-07-17T17:13:44+00:00","description":"Au nord-Est de Key West, la capitale de ce petit archipel corallien, ces \u00eelots inhabit\u00e9s couverts de mangroves sont n\u00e9s de l\u2019accumulation de sables coralliens gr\u00e2ce au jeu incessant des vagues et des courants du d\u00e9troit de Floride qui relie l\u2019oc\u00e9an Atlantique au golfe du Mexique","breadcrumb":{"@id":"https:\/\/www.yannarthusbertrandphoto.com\/fr\/produit\/barracuda-keys\/#breadcrumb"},"inLanguage":"fr-FR","potentialAction":[{"@type":"ReadAction","target":["https:\/\/www.yannarthusbertrandphoto.com\/fr\/produit\/barracuda-keys\/"]}]},{"@type":"BreadcrumbList","@id":"https:\/\/www.yannarthusbertrandphoto.com\/fr\/produit\/barracuda-keys\/#breadcrumb","itemListElement":[{"@type":"ListItem","position":1,"name":"Accueil","item":"https:\/\/www.yannarthusbertrandphoto.com\/fr\/"},{"@type":"ListItem","position":2,"name":"Shop","item":"https:\/\/www.yannarthusbertrandphoto.com\/fr\/shop\/"},{"@type":"ListItem","position":3,"name":"Barracuda Keys"}]},{"@type":"WebSite","@id":"https:\/\/www.yannarthusbertrandphoto.com\/fr\/#website","url":"https:\/\/www.yannarthusbertrandphoto.com\/fr\/","name":"Yann Arthus-Bertrand","description":"Site officiel d\u00e9di\u00e9 \u00e0 l\u2019\u0153uvre photographique de Yann Arthus-Bertrand","publisher":{"@id":"https:\/\/www.yannarthusbertrandphoto.com\/fr\/#organization"},"potentialAction":[{"@type":"SearchAction","target":{"@type":"EntryPoint","urlTemplate":"https:\/\/www.yannarthusbertrandphoto.com\/fr\/?s={search_term_string}"},"query-input":"required name=search_term_string"}],"inLanguage":"fr-FR"},{"@type":"Organization","@id":"https:\/\/www.yannarthusbertrandphoto.com\/fr\/#organization","name":"Alfie Be","url":"https:\/\/www.yannarthusbertrandphoto.com\/fr\/","logo":{"@type":"ImageObject","inLanguage":"fr-FR","@id":"https:\/\/www.yannarthusbertrandphoto.com\/fr\/#\/schema\/logo\/image\/","url":"https:\/\/www.yannarthusbertrandphoto.com\/wp-content\/uploads\/2018\/01\/yab_logo_black.svg","contentUrl":"https:\/\/www.yannarthusbertrandphoto.com\/wp-content\/uploads\/2018\/01\/yab_logo_black.svg","caption":"Alfie Be"},"image":{"@id":"https:\/\/www.yannarthusbertrandphoto.com\/fr\/#\/schema\/logo\/image\/"},"sameAs":["https:\/\/www.instagram.com\/yannarthusbertrand\/","https:\/\/www.youtube.com\/user\/yannarthusbertrand","https:\/\/www.facebook.com\/Y.A.Bertrand\/","https:\/\/twitter.com\/Yann_A_B"]}]}},"_links":{"self":[{"href":"https:\/\/www.yannarthusbertrandphoto.com\/fr\/wp-json\/wp\/v2\/product\/12422"}],"collection":[{"href":"https:\/\/www.yannarthusbertrandphoto.com\/fr\/wp-json\/wp\/v2\/product"}],"about":[{"href":"https:\/\/www.yannarthusbertrandphoto.com\/fr\/wp-json\/wp\/v2\/types\/product"}],"wp:featuredmedia":[{"embeddable":true,"href":"https:\/\/www.yannarthusbertrandphoto.com\/fr\/wp-json\/wp\/v2\/media\/12423"}],"wp:attachment":[{"href":"https:\/\/www.yannarthusbertrandphoto.com\/fr\/wp-json\/wp\/v2\/media?parent=12422"}],"wp:term":[{"taxonomy":"product_cat","embeddable":true,"href":"https:\/\/www.yannarthusbertrandphoto.com\/fr\/wp-json\/wp\/v2\/product_cat?post=12422"},{"taxonomy":"product_tag","embeddable":true,"href":"https:\/\/www.yannarthusbertrandphoto.com\/fr\/wp-json\/wp\/v2\/product_tag?post=12422"}],"curies":[{"name":"wp","href":"https:\/\/api.w.org\/{rel}","templated":true}]}}