{"id":13200,"date":"2018-04-25T18:42:29","date_gmt":"2018-04-25T16:42:29","guid":{"rendered":"https:\/\/www.yannarthusbertrandphoto.com\/?post_type=product&#038;p=13200"},"modified":"2018-05-28T16:53:50","modified_gmt":"2018-05-28T14:53:50","slug":"kornat","status":"publish","type":"product","link":"https:\/\/www.yannarthusbertrandphoto.com\/fr\/produit\/kornat\/","title":{"rendered":"Kornat"},"content":{"rendered":"<p>La bordure orientale de la mer Adriatique baigne les\u00a0150\u00a0\u00eeles et \u00eelots de l\u2019archipel croate des Kornati. La plus grande \u00eele, Kornat, avec 32,5\u00a0km2, repr\u00e9sente les deux tiers des terres \u00e9merg\u00e9es. Le plissement montagneux des Kornati r\u00e9sulte de la collision des plaques adriatique et europ\u00e9enne. La fonte des glaciers et la mont\u00e9e des eaux apr\u00e8s la derni\u00e8re \u00e8re glaciaire, il y a 20\u00a0000\u00a0ans, en ont fait un archipel, model\u00e9 par le pouvoir \u00e9rosif de la mer et du vent qui a mis \u00e0 nu de fines stries de calcaire. Il y a un\u00a0si\u00e8cle, les habitants des \u00eeles voisines ont \u00e9difi\u00e9 ces pierres en murets pour parquer leurs moutons et isoler leurs cultures d\u2019olivier et de vigne. La surexploitation des maigres herbages a consid\u00e9rablement appauvri la faune et la flore terrestres. Cette d\u00e9sertification contraste avec l\u2019exub\u00e9rance des fonds marins de l\u2019archipel, o\u00f9 l\u2019on recense la plupart des esp\u00e8ces de poissons et de mollusques m\u00e9diterran\u00e9ens. N\u00e9anmoins, la forte pression de la p\u00eache, aux m\u00e9thodes parfois illicites, menace les ressources halieutiques. Dans le monde, pr\u00e8s de 30\u00a0% des esp\u00e8ces de poissons sont d\u00e9j\u00e0 \u00e9teintes ou en voie d\u2019extinction.<\/p>\n","protected":false},"excerpt":{"rendered":"<p>Ile de Kornat, archipel du parc national des Kornati, Dalmatie, Croatie (43\u00b050\u2019 N &#8211; 15\u00b016\u2019 E).<\/p>\n","protected":false},"featured_media":13201,"template":"","meta":{"inline_featured_image":false},"product_cat":[212],"product_tag":[],"yoast_head":"<!-- This site is optimized with the Yoast SEO plugin v19.10 - https:\/\/yoast.com\/wordpress\/plugins\/seo\/ -->\n<title>Kornat, Croatie - Yann Arthus-Bertrand Photographie<\/title>\n<meta name=\"description\" content=\"La bordure orientale de la mer Adriatique baigne les\u00a0150\u00a0\u00eeles et \u00eelots de l\u2019archipel croate des Kornati. La plus grande \u00eele, Kornat, avec 32,5\u00a0km2, repr\u00e9sente les deux tiers des terres \u00e9merg\u00e9es. Le plissement montagneux des Kornati r\u00e9sulte de la collision des plaques adriatique et europ\u00e9enne.\" \/>\n<meta name=\"robots\" content=\"index, follow, max-snippet:-1, max-image-preview:large, max-video-preview:-1\" \/>\n<link rel=\"canonical\" href=\"https:\/\/www.yannarthusbertrandphoto.com\/fr\/produit\/kornat\/\" \/>\n<meta property=\"og:locale\" content=\"fr_FR\" \/>\n<meta property=\"og:type\" content=\"article\" \/>\n<meta property=\"og:title\" content=\"Kornat, Croatie - Yann Arthus-Bertrand Photographie\" \/>\n<meta property=\"og:description\" content=\"La bordure orientale de la mer Adriatique baigne les\u00a0150\u00a0\u00eeles et \u00eelots de l\u2019archipel croate des Kornati. La plus grande \u00eele, Kornat, avec 32,5\u00a0km2, repr\u00e9sente les deux tiers des terres \u00e9merg\u00e9es. Le plissement montagneux des Kornati r\u00e9sulte de la collision des plaques adriatique et europ\u00e9enne.\" \/>\n<meta property=\"og:url\" content=\"https:\/\/www.yannarthusbertrandphoto.com\/fr\/produit\/kornat\/\" \/>\n<meta property=\"og:site_name\" content=\"Yann Arthus-Bertrand\" \/>\n<meta property=\"article:publisher\" content=\"https:\/\/www.facebook.com\/Y.A.Bertrand\/\" \/>\n<meta property=\"article:modified_time\" content=\"2018-05-28T14:53:50+00:00\" \/>\n<meta property=\"og:image\" content=\"https:\/\/www.yannarthusbertrandphoto.com\/wp-content\/uploads\/2018\/04\/yab_croatie_yann-arthus-bertrand.jpeg\" \/>\n\t<meta property=\"og:image:width\" content=\"2000\" \/>\n\t<meta property=\"og:image:height\" content=\"1333\" \/>\n\t<meta property=\"og:image:type\" content=\"image\/jpeg\" \/>\n<meta name=\"twitter:card\" content=\"summary_large_image\" \/>\n<meta name=\"twitter:site\" content=\"@Yann_A_B\" \/>\n<meta name=\"twitter:label1\" content=\"Dur\u00e9e de lecture estim\u00e9e\" \/>\n\t<meta name=\"twitter:data1\" content=\"1 minute\" \/>\n<script type=\"application\/ld+json\" class=\"yoast-schema-graph\">{\"@context\":\"https:\/\/schema.org\",\"@graph\":[{\"@type\":\"WebPage\",\"@id\":\"https:\/\/www.yannarthusbertrandphoto.com\/fr\/produit\/kornat\/\",\"url\":\"https:\/\/www.yannarthusbertrandphoto.com\/fr\/produit\/kornat\/\",\"name\":\"Kornat, Croatie - Yann Arthus-Bertrand Photographie\",\"isPartOf\":{\"@id\":\"https:\/\/www.yannarthusbertrandphoto.com\/fr\/#website\"},\"datePublished\":\"2018-04-25T16:42:29+00:00\",\"dateModified\":\"2018-05-28T14:53:50+00:00\",\"description\":\"La bordure orientale de la mer Adriatique baigne les\u00a0150\u00a0\u00eeles et \u00eelots de l\u2019archipel croate des Kornati. La plus grande \u00eele, Kornat, avec 32,5\u00a0km2, repr\u00e9sente les deux tiers des terres \u00e9merg\u00e9es. Le plissement montagneux des Kornati r\u00e9sulte de la collision des plaques adriatique et europ\u00e9enne.\",\"breadcrumb\":{\"@id\":\"https:\/\/www.yannarthusbertrandphoto.com\/fr\/produit\/kornat\/#breadcrumb\"},\"inLanguage\":\"fr-FR\",\"potentialAction\":[{\"@type\":\"ReadAction\",\"target\":[\"https:\/\/www.yannarthusbertrandphoto.com\/fr\/produit\/kornat\/\"]}]},{\"@type\":\"BreadcrumbList\",\"@id\":\"https:\/\/www.yannarthusbertrandphoto.com\/fr\/produit\/kornat\/#breadcrumb\",\"itemListElement\":[{\"@type\":\"ListItem\",\"position\":1,\"name\":\"Accueil\",\"item\":\"https:\/\/www.yannarthusbertrandphoto.com\/fr\/\"},{\"@type\":\"ListItem\",\"position\":2,\"name\":\"Shop\",\"item\":\"https:\/\/www.yannarthusbertrandphoto.com\/fr\/shop\/\"},{\"@type\":\"ListItem\",\"position\":3,\"name\":\"Kornat\"}]},{\"@type\":\"WebSite\",\"@id\":\"https:\/\/www.yannarthusbertrandphoto.com\/fr\/#website\",\"url\":\"https:\/\/www.yannarthusbertrandphoto.com\/fr\/\",\"name\":\"Yann Arthus-Bertrand\",\"description\":\"Site officiel d\u00e9di\u00e9 \u00e0 l\u2019\u0153uvre photographique de Yann Arthus-Bertrand\",\"publisher\":{\"@id\":\"https:\/\/www.yannarthusbertrandphoto.com\/fr\/#organization\"},\"potentialAction\":[{\"@type\":\"SearchAction\",\"target\":{\"@type\":\"EntryPoint\",\"urlTemplate\":\"https:\/\/www.yannarthusbertrandphoto.com\/fr\/?s={search_term_string}\"},\"query-input\":\"required name=search_term_string\"}],\"inLanguage\":\"fr-FR\"},{\"@type\":\"Organization\",\"@id\":\"https:\/\/www.yannarthusbertrandphoto.com\/fr\/#organization\",\"name\":\"Alfie Be\",\"url\":\"https:\/\/www.yannarthusbertrandphoto.com\/fr\/\",\"logo\":{\"@type\":\"ImageObject\",\"inLanguage\":\"fr-FR\",\"@id\":\"https:\/\/www.yannarthusbertrandphoto.com\/fr\/#\/schema\/logo\/image\/\",\"url\":\"https:\/\/www.yannarthusbertrandphoto.com\/wp-content\/uploads\/2018\/01\/yab_logo_black.svg\",\"contentUrl\":\"https:\/\/www.yannarthusbertrandphoto.com\/wp-content\/uploads\/2018\/01\/yab_logo_black.svg\",\"caption\":\"Alfie Be\"},\"image\":{\"@id\":\"https:\/\/www.yannarthusbertrandphoto.com\/fr\/#\/schema\/logo\/image\/\"},\"sameAs\":[\"https:\/\/www.instagram.com\/yannarthusbertrand\/\",\"https:\/\/www.youtube.com\/user\/yannarthusbertrand\",\"https:\/\/www.facebook.com\/Y.A.Bertrand\/\",\"https:\/\/twitter.com\/Yann_A_B\"]}]}<\/script>\n<!-- \/ Yoast SEO plugin. -->","yoast_head_json":{"title":"Kornat, Croatie - Yann Arthus-Bertrand Photographie","description":"La bordure orientale de la mer Adriatique baigne les\u00a0150\u00a0\u00eeles et \u00eelots de l\u2019archipel croate des Kornati. La plus grande \u00eele, Kornat, avec 32,5\u00a0km2, repr\u00e9sente les deux tiers des terres \u00e9merg\u00e9es. Le plissement montagneux des Kornati r\u00e9sulte de la collision des plaques adriatique et europ\u00e9enne.","robots":{"index":"index","follow":"follow","max-snippet":"max-snippet:-1","max-image-preview":"max-image-preview:large","max-video-preview":"max-video-preview:-1"},"canonical":"https:\/\/www.yannarthusbertrandphoto.com\/fr\/produit\/kornat\/","og_locale":"fr_FR","og_type":"article","og_title":"Kornat, Croatie - Yann Arthus-Bertrand Photographie","og_description":"La bordure orientale de la mer Adriatique baigne les\u00a0150\u00a0\u00eeles et \u00eelots de l\u2019archipel croate des Kornati. La plus grande \u00eele, Kornat, avec 32,5\u00a0km2, repr\u00e9sente les deux tiers des terres \u00e9merg\u00e9es. Le plissement montagneux des Kornati r\u00e9sulte de la collision des plaques adriatique et europ\u00e9enne.","og_url":"https:\/\/www.yannarthusbertrandphoto.com\/fr\/produit\/kornat\/","og_site_name":"Yann Arthus-Bertrand","article_publisher":"https:\/\/www.facebook.com\/Y.A.Bertrand\/","article_modified_time":"2018-05-28T14:53:50+00:00","og_image":[{"width":2000,"height":1333,"url":"https:\/\/www.yannarthusbertrandphoto.com\/wp-content\/uploads\/2018\/04\/yab_croatie_yann-arthus-bertrand.jpeg","type":"image\/jpeg"}],"twitter_card":"summary_large_image","twitter_site":"@Yann_A_B","twitter_misc":{"Dur\u00e9e de lecture estim\u00e9e":"1 minute"},"schema":{"@context":"https:\/\/schema.org","@graph":[{"@type":"WebPage","@id":"https:\/\/www.yannarthusbertrandphoto.com\/fr\/produit\/kornat\/","url":"https:\/\/www.yannarthusbertrandphoto.com\/fr\/produit\/kornat\/","name":"Kornat, Croatie - Yann Arthus-Bertrand Photographie","isPartOf":{"@id":"https:\/\/www.yannarthusbertrandphoto.com\/fr\/#website"},"datePublished":"2018-04-25T16:42:29+00:00","dateModified":"2018-05-28T14:53:50+00:00","description":"La bordure orientale de la mer Adriatique baigne les\u00a0150\u00a0\u00eeles et \u00eelots de l\u2019archipel croate des Kornati. La plus grande \u00eele, Kornat, avec 32,5\u00a0km2, repr\u00e9sente les deux tiers des terres \u00e9merg\u00e9es. Le plissement montagneux des Kornati r\u00e9sulte de la collision des plaques adriatique et europ\u00e9enne.","breadcrumb":{"@id":"https:\/\/www.yannarthusbertrandphoto.com\/fr\/produit\/kornat\/#breadcrumb"},"inLanguage":"fr-FR","potentialAction":[{"@type":"ReadAction","target":["https:\/\/www.yannarthusbertrandphoto.com\/fr\/produit\/kornat\/"]}]},{"@type":"BreadcrumbList","@id":"https:\/\/www.yannarthusbertrandphoto.com\/fr\/produit\/kornat\/#breadcrumb","itemListElement":[{"@type":"ListItem","position":1,"name":"Accueil","item":"https:\/\/www.yannarthusbertrandphoto.com\/fr\/"},{"@type":"ListItem","position":2,"name":"Shop","item":"https:\/\/www.yannarthusbertrandphoto.com\/fr\/shop\/"},{"@type":"ListItem","position":3,"name":"Kornat"}]},{"@type":"WebSite","@id":"https:\/\/www.yannarthusbertrandphoto.com\/fr\/#website","url":"https:\/\/www.yannarthusbertrandphoto.com\/fr\/","name":"Yann Arthus-Bertrand","description":"Site officiel d\u00e9di\u00e9 \u00e0 l\u2019\u0153uvre photographique de Yann Arthus-Bertrand","publisher":{"@id":"https:\/\/www.yannarthusbertrandphoto.com\/fr\/#organization"},"potentialAction":[{"@type":"SearchAction","target":{"@type":"EntryPoint","urlTemplate":"https:\/\/www.yannarthusbertrandphoto.com\/fr\/?s={search_term_string}"},"query-input":"required name=search_term_string"}],"inLanguage":"fr-FR"},{"@type":"Organization","@id":"https:\/\/www.yannarthusbertrandphoto.com\/fr\/#organization","name":"Alfie Be","url":"https:\/\/www.yannarthusbertrandphoto.com\/fr\/","logo":{"@type":"ImageObject","inLanguage":"fr-FR","@id":"https:\/\/www.yannarthusbertrandphoto.com\/fr\/#\/schema\/logo\/image\/","url":"https:\/\/www.yannarthusbertrandphoto.com\/wp-content\/uploads\/2018\/01\/yab_logo_black.svg","contentUrl":"https:\/\/www.yannarthusbertrandphoto.com\/wp-content\/uploads\/2018\/01\/yab_logo_black.svg","caption":"Alfie Be"},"image":{"@id":"https:\/\/www.yannarthusbertrandphoto.com\/fr\/#\/schema\/logo\/image\/"},"sameAs":["https:\/\/www.instagram.com\/yannarthusbertrand\/","https:\/\/www.youtube.com\/user\/yannarthusbertrand","https:\/\/www.facebook.com\/Y.A.Bertrand\/","https:\/\/twitter.com\/Yann_A_B"]}]}},"_links":{"self":[{"href":"https:\/\/www.yannarthusbertrandphoto.com\/fr\/wp-json\/wp\/v2\/product\/13200"}],"collection":[{"href":"https:\/\/www.yannarthusbertrandphoto.com\/fr\/wp-json\/wp\/v2\/product"}],"about":[{"href":"https:\/\/www.yannarthusbertrandphoto.com\/fr\/wp-json\/wp\/v2\/types\/product"}],"wp:featuredmedia":[{"embeddable":true,"href":"https:\/\/www.yannarthusbertrandphoto.com\/fr\/wp-json\/wp\/v2\/media\/13201"}],"wp:attachment":[{"href":"https:\/\/www.yannarthusbertrandphoto.com\/fr\/wp-json\/wp\/v2\/media?parent=13200"}],"wp:term":[{"taxonomy":"product_cat","embeddable":true,"href":"https:\/\/www.yannarthusbertrandphoto.com\/fr\/wp-json\/wp\/v2\/product_cat?post=13200"},{"taxonomy":"product_tag","embeddable":true,"href":"https:\/\/www.yannarthusbertrandphoto.com\/fr\/wp-json\/wp\/v2\/product_tag?post=13200"}],"curies":[{"name":"wp","href":"https:\/\/api.w.org\/{rel}","templated":true}]}}