{"id":13335,"date":"2018-04-25T18:57:40","date_gmt":"2018-04-25T16:57:40","guid":{"rendered":"https:\/\/www.yannarthusbertrandphoto.com\/?post_type=product&#038;p=13335"},"modified":"2018-05-28T17:09:28","modified_gmt":"2018-05-28T15:09:28","slug":"seta","status":"publish","type":"product","link":"https:\/\/www.yannarthusbertrandphoto.com\/fr\/produit\/seta\/","title":{"rendered":"Seta"},"content":{"rendered":"","protected":false},"excerpt":{"rendered":"<p>Paysage d\u00e9vast\u00e9 par un incendie dans la vall\u00e9e de S\u00e9ta en aout 2007, Ile d\u2019Eub\u00e9e, Gr\u00e8ce (38\u00b031&prime; N &#8211; 23\u00b055&prime; E)<\/p>\n","protected":false},"featured_media":13336,"template":"","meta":{"inline_featured_image":false},"product_cat":[212],"product_tag":[],"yoast_head":"<!-- This site is optimized with the Yoast SEO plugin v19.10 - https:\/\/yoast.com\/wordpress\/plugins\/seo\/ -->\n<title>Seta, Gr\u00e8ce - Yann Arthus-Bertrand Photographie<\/title>\n<meta name=\"robots\" content=\"index, follow, max-snippet:-1, max-image-preview:large, max-video-preview:-1\" \/>\n<link rel=\"canonical\" href=\"https:\/\/www.yannarthusbertrandphoto.com\/fr\/produit\/seta\/\" \/>\n<meta property=\"og:locale\" content=\"fr_FR\" \/>\n<meta property=\"og:type\" content=\"article\" \/>\n<meta property=\"og:title\" content=\"Seta, Gr\u00e8ce - Yann Arthus-Bertrand Photographie\" \/>\n<meta property=\"og:description\" content=\"Paysage d\u00e9vast\u00e9 par un incendie dans la vall\u00e9e de S\u00e9ta en aout 2007, Ile d\u2019Eub\u00e9e, Gr\u00e8ce (38\u00b031&#039; N - 23\u00b055&#039; E)\" \/>\n<meta property=\"og:url\" content=\"https:\/\/www.yannarthusbertrandphoto.com\/fr\/produit\/seta\/\" \/>\n<meta property=\"og:site_name\" content=\"Yann Arthus-Bertrand\" \/>\n<meta property=\"article:publisher\" content=\"https:\/\/www.facebook.com\/Y.A.Bertrand\/\" \/>\n<meta property=\"article:modified_time\" content=\"2018-05-28T15:09:28+00:00\" \/>\n<meta property=\"og:image\" content=\"https:\/\/www.yannarthusbertrandphoto.com\/wp-content\/uploads\/2018\/04\/yab_grece_seta_yann-arthus-bertrand-photographie.jpeg\" \/>\n\t<meta property=\"og:image:width\" content=\"2000\" \/>\n\t<meta property=\"og:image:height\" content=\"1333\" \/>\n\t<meta property=\"og:image:type\" content=\"image\/jpeg\" \/>\n<meta name=\"twitter:card\" content=\"summary_large_image\" \/>\n<meta name=\"twitter:site\" content=\"@Yann_A_B\" \/>\n<script type=\"application\/ld+json\" class=\"yoast-schema-graph\">{\"@context\":\"https:\/\/schema.org\",\"@graph\":[{\"@type\":\"WebPage\",\"@id\":\"https:\/\/www.yannarthusbertrandphoto.com\/fr\/produit\/seta\/\",\"url\":\"https:\/\/www.yannarthusbertrandphoto.com\/fr\/produit\/seta\/\",\"name\":\"Seta, Gr\u00e8ce - Yann Arthus-Bertrand Photographie\",\"isPartOf\":{\"@id\":\"https:\/\/www.yannarthusbertrandphoto.com\/fr\/#website\"},\"datePublished\":\"2018-04-25T16:57:40+00:00\",\"dateModified\":\"2018-05-28T15:09:28+00:00\",\"breadcrumb\":{\"@id\":\"https:\/\/www.yannarthusbertrandphoto.com\/fr\/produit\/seta\/#breadcrumb\"},\"inLanguage\":\"fr-FR\",\"potentialAction\":[{\"@type\":\"ReadAction\",\"target\":[\"https:\/\/www.yannarthusbertrandphoto.com\/fr\/produit\/seta\/\"]}]},{\"@type\":\"BreadcrumbList\",\"@id\":\"https:\/\/www.yannarthusbertrandphoto.com\/fr\/produit\/seta\/#breadcrumb\",\"itemListElement\":[{\"@type\":\"ListItem\",\"position\":1,\"name\":\"Accueil\",\"item\":\"https:\/\/www.yannarthusbertrandphoto.com\/fr\/\"},{\"@type\":\"ListItem\",\"position\":2,\"name\":\"Shop\",\"item\":\"https:\/\/www.yannarthusbertrandphoto.com\/fr\/shop\/\"},{\"@type\":\"ListItem\",\"position\":3,\"name\":\"Seta\"}]},{\"@type\":\"WebSite\",\"@id\":\"https:\/\/www.yannarthusbertrandphoto.com\/fr\/#website\",\"url\":\"https:\/\/www.yannarthusbertrandphoto.com\/fr\/\",\"name\":\"Yann Arthus-Bertrand\",\"description\":\"Site officiel d\u00e9di\u00e9 \u00e0 l\u2019\u0153uvre photographique de Yann Arthus-Bertrand\",\"publisher\":{\"@id\":\"https:\/\/www.yannarthusbertrandphoto.com\/fr\/#organization\"},\"potentialAction\":[{\"@type\":\"SearchAction\",\"target\":{\"@type\":\"EntryPoint\",\"urlTemplate\":\"https:\/\/www.yannarthusbertrandphoto.com\/fr\/?s={search_term_string}\"},\"query-input\":\"required name=search_term_string\"}],\"inLanguage\":\"fr-FR\"},{\"@type\":\"Organization\",\"@id\":\"https:\/\/www.yannarthusbertrandphoto.com\/fr\/#organization\",\"name\":\"Alfie Be\",\"url\":\"https:\/\/www.yannarthusbertrandphoto.com\/fr\/\",\"logo\":{\"@type\":\"ImageObject\",\"inLanguage\":\"fr-FR\",\"@id\":\"https:\/\/www.yannarthusbertrandphoto.com\/fr\/#\/schema\/logo\/image\/\",\"url\":\"https:\/\/www.yannarthusbertrandphoto.com\/wp-content\/uploads\/2018\/01\/yab_logo_black.svg\",\"contentUrl\":\"https:\/\/www.yannarthusbertrandphoto.com\/wp-content\/uploads\/2018\/01\/yab_logo_black.svg\",\"caption\":\"Alfie Be\"},\"image\":{\"@id\":\"https:\/\/www.yannarthusbertrandphoto.com\/fr\/#\/schema\/logo\/image\/\"},\"sameAs\":[\"https:\/\/www.instagram.com\/yannarthusbertrand\/\",\"https:\/\/www.youtube.com\/user\/yannarthusbertrand\",\"https:\/\/www.facebook.com\/Y.A.Bertrand\/\",\"https:\/\/twitter.com\/Yann_A_B\"]}]}<\/script>\n<!-- \/ Yoast SEO plugin. -->","yoast_head_json":{"title":"Seta, Gr\u00e8ce - Yann Arthus-Bertrand Photographie","robots":{"index":"index","follow":"follow","max-snippet":"max-snippet:-1","max-image-preview":"max-image-preview:large","max-video-preview":"max-video-preview:-1"},"canonical":"https:\/\/www.yannarthusbertrandphoto.com\/fr\/produit\/seta\/","og_locale":"fr_FR","og_type":"article","og_title":"Seta, Gr\u00e8ce - Yann Arthus-Bertrand Photographie","og_description":"Paysage d\u00e9vast\u00e9 par un incendie dans la vall\u00e9e de S\u00e9ta en aout 2007, Ile d\u2019Eub\u00e9e, Gr\u00e8ce (38\u00b031' N - 23\u00b055' E)","og_url":"https:\/\/www.yannarthusbertrandphoto.com\/fr\/produit\/seta\/","og_site_name":"Yann Arthus-Bertrand","article_publisher":"https:\/\/www.facebook.com\/Y.A.Bertrand\/","article_modified_time":"2018-05-28T15:09:28+00:00","og_image":[{"width":2000,"height":1333,"url":"https:\/\/www.yannarthusbertrandphoto.com\/wp-content\/uploads\/2018\/04\/yab_grece_seta_yann-arthus-bertrand-photographie.jpeg","type":"image\/jpeg"}],"twitter_card":"summary_large_image","twitter_site":"@Yann_A_B","schema":{"@context":"https:\/\/schema.org","@graph":[{"@type":"WebPage","@id":"https:\/\/www.yannarthusbertrandphoto.com\/fr\/produit\/seta\/","url":"https:\/\/www.yannarthusbertrandphoto.com\/fr\/produit\/seta\/","name":"Seta, Gr\u00e8ce - Yann Arthus-Bertrand Photographie","isPartOf":{"@id":"https:\/\/www.yannarthusbertrandphoto.com\/fr\/#website"},"datePublished":"2018-04-25T16:57:40+00:00","dateModified":"2018-05-28T15:09:28+00:00","breadcrumb":{"@id":"https:\/\/www.yannarthusbertrandphoto.com\/fr\/produit\/seta\/#breadcrumb"},"inLanguage":"fr-FR","potentialAction":[{"@type":"ReadAction","target":["https:\/\/www.yannarthusbertrandphoto.com\/fr\/produit\/seta\/"]}]},{"@type":"BreadcrumbList","@id":"https:\/\/www.yannarthusbertrandphoto.com\/fr\/produit\/seta\/#breadcrumb","itemListElement":[{"@type":"ListItem","position":1,"name":"Accueil","item":"https:\/\/www.yannarthusbertrandphoto.com\/fr\/"},{"@type":"ListItem","position":2,"name":"Shop","item":"https:\/\/www.yannarthusbertrandphoto.com\/fr\/shop\/"},{"@type":"ListItem","position":3,"name":"Seta"}]},{"@type":"WebSite","@id":"https:\/\/www.yannarthusbertrandphoto.com\/fr\/#website","url":"https:\/\/www.yannarthusbertrandphoto.com\/fr\/","name":"Yann Arthus-Bertrand","description":"Site officiel d\u00e9di\u00e9 \u00e0 l\u2019\u0153uvre photographique de Yann Arthus-Bertrand","publisher":{"@id":"https:\/\/www.yannarthusbertrandphoto.com\/fr\/#organization"},"potentialAction":[{"@type":"SearchAction","target":{"@type":"EntryPoint","urlTemplate":"https:\/\/www.yannarthusbertrandphoto.com\/fr\/?s={search_term_string}"},"query-input":"required name=search_term_string"}],"inLanguage":"fr-FR"},{"@type":"Organization","@id":"https:\/\/www.yannarthusbertrandphoto.com\/fr\/#organization","name":"Alfie Be","url":"https:\/\/www.yannarthusbertrandphoto.com\/fr\/","logo":{"@type":"ImageObject","inLanguage":"fr-FR","@id":"https:\/\/www.yannarthusbertrandphoto.com\/fr\/#\/schema\/logo\/image\/","url":"https:\/\/www.yannarthusbertrandphoto.com\/wp-content\/uploads\/2018\/01\/yab_logo_black.svg","contentUrl":"https:\/\/www.yannarthusbertrandphoto.com\/wp-content\/uploads\/2018\/01\/yab_logo_black.svg","caption":"Alfie Be"},"image":{"@id":"https:\/\/www.yannarthusbertrandphoto.com\/fr\/#\/schema\/logo\/image\/"},"sameAs":["https:\/\/www.instagram.com\/yannarthusbertrand\/","https:\/\/www.youtube.com\/user\/yannarthusbertrand","https:\/\/www.facebook.com\/Y.A.Bertrand\/","https:\/\/twitter.com\/Yann_A_B"]}]}},"_links":{"self":[{"href":"https:\/\/www.yannarthusbertrandphoto.com\/fr\/wp-json\/wp\/v2\/product\/13335"}],"collection":[{"href":"https:\/\/www.yannarthusbertrandphoto.com\/fr\/wp-json\/wp\/v2\/product"}],"about":[{"href":"https:\/\/www.yannarthusbertrandphoto.com\/fr\/wp-json\/wp\/v2\/types\/product"}],"wp:featuredmedia":[{"embeddable":true,"href":"https:\/\/www.yannarthusbertrandphoto.com\/fr\/wp-json\/wp\/v2\/media\/13336"}],"wp:attachment":[{"href":"https:\/\/www.yannarthusbertrandphoto.com\/fr\/wp-json\/wp\/v2\/media?parent=13335"}],"wp:term":[{"taxonomy":"product_cat","embeddable":true,"href":"https:\/\/www.yannarthusbertrandphoto.com\/fr\/wp-json\/wp\/v2\/product_cat?post=13335"},{"taxonomy":"product_tag","embeddable":true,"href":"https:\/\/www.yannarthusbertrandphoto.com\/fr\/wp-json\/wp\/v2\/product_tag?post=13335"}],"curies":[{"name":"wp","href":"https:\/\/api.w.org\/{rel}","templated":true}]}}