{"id":13380,"date":"2018-04-25T19:01:43","date_gmt":"2018-04-25T17:01:43","guid":{"rendered":"https:\/\/www.yannarthusbertrandphoto.com\/?post_type=product&#038;p=13380"},"modified":"2018-05-28T17:10:52","modified_gmt":"2018-05-28T15:10:52","slug":"bateau-icebergs","status":"publish","type":"product","link":"https:\/\/www.yannarthusbertrandphoto.com\/fr\/produit\/bateau-icebergs\/","title":{"rendered":"Bateau &amp; Icebergs"},"content":{"rendered":"<p>La majorit\u00e9 des icebergs qui d\u00e9rivent dans la baie de Baffin et la mer du Labrador proviennent de la c\u00f4te occidentale du Groenland. On en compte annuellement entre 10 000 et 40 000. Chaque printemps et chaque \u00e9t\u00e9, au fond des fjords, les glaciers v\u00ealent, c\u2019est-\u00e0-dire que des blocs de glace se d\u00e9tachent sous l\u2019effet de la pouss\u00e9e du glacier, de l\u2019action de la houle et des mar\u00e9es. Les icebergs qui, pour m\u00e9riter leur nom (montagne de glace), doivent d\u00e9passer d\u2019au moins 5 m la surface de l\u2019eau, se d\u00e9placent et s\u2019\u00e9chouent en fonction des courants et des vents. Les plus gros, aux formes de plus en plus \u00e9rod\u00e9es, mettront deux ou trois ans, voire plus, pour arriver au large de Terre-Neuve dans l\u2019Atlantique Nord et certains franchiront m\u00eame le 40e parall\u00e8le vers le sud. C\u2019est l\u2019un d\u2019entre eux qui est \u00e0 l\u2019origine d\u2019une des plus grandes catastrophes maritimes, le naufrage du Titanic, en 1912, qui fit plus de 1 500 victimes. La calotte glaciaire du Groenland est la plus importante du monde apr\u00e8s celle du continent antarctique. N\u00e9e de l\u2019accumulation des neiges tomb\u00e9es depuis plus de 100 000 ans, elle recouvre 82 % de la grande \u00eele et son \u00e9paisseur atteint par endroits 3 000 m. Si l\u2019ensemble de cette glace fondait, le niveau g\u00e9n\u00e9ral des oc\u00e9ans s\u2019\u00e9l\u00e8verait de 7 m. Sous l\u2019effet du r\u00e9chauffement climatique, l\u2019inlandsis groenlandais fond d\u00e9sormais au rythme de 248 km3 par an, et des \u00e9tudes scientifiques montrent que le ph\u00e9nom\u00e8ne s\u2019acc\u00e9l\u00e8re depuis une dizaine d\u2019ann\u00e9es.<\/p>\n","protected":false},"excerpt":{"rendered":"<p>Bateau au milieu d\u2019icebergs \u00e9rod\u00e9s dans le fjord d\u2019Unartoq, Groenland (60\u00b028\u2019 N &#8211; 45\u00b019\u2019 O).<\/p>\n","protected":false},"featured_media":13381,"template":"","meta":{"inline_featured_image":false},"product_cat":[212],"product_tag":[],"yoast_head":"<!-- This site is optimized with the Yoast SEO plugin v19.10 - https:\/\/yoast.com\/wordpress\/plugins\/seo\/ -->\n<title>Bateau &amp; Icebergs, Groenland - Yann Arthus-Bertrand Photographie<\/title>\n<meta name=\"description\" content=\"La majorit\u00e9 des icebergs qui d\u00e9rivent dans la baie de Baffin et la mer du Labrador proviennent de la c\u00f4te occidentale du Groenland. On en compte annuellement entre 10 000 et 40 000. Chaque printemps et chaque \u00e9t\u00e9, au fond des fjords, les glaciers v\u00ealent, c\u2019est-\u00e0-dire que des blocs de glace\" \/>\n<meta name=\"robots\" content=\"index, follow, max-snippet:-1, max-image-preview:large, max-video-preview:-1\" \/>\n<link rel=\"canonical\" href=\"https:\/\/www.yannarthusbertrandphoto.com\/fr\/produit\/bateau-icebergs\/\" \/>\n<meta property=\"og:locale\" content=\"fr_FR\" \/>\n<meta property=\"og:type\" content=\"article\" \/>\n<meta property=\"og:title\" content=\"Bateau &amp; Icebergs, Groenland - Yann Arthus-Bertrand Photographie\" \/>\n<meta property=\"og:description\" content=\"La majorit\u00e9 des icebergs qui d\u00e9rivent dans la baie de Baffin et la mer du Labrador proviennent de la c\u00f4te occidentale du Groenland. On en compte annuellement entre 10 000 et 40 000. Chaque printemps et chaque \u00e9t\u00e9, au fond des fjords, les glaciers v\u00ealent, c\u2019est-\u00e0-dire que des blocs de glace\" \/>\n<meta property=\"og:url\" content=\"https:\/\/www.yannarthusbertrandphoto.com\/fr\/produit\/bateau-icebergs\/\" \/>\n<meta property=\"og:site_name\" content=\"Yann Arthus-Bertrand\" \/>\n<meta property=\"article:publisher\" content=\"https:\/\/www.facebook.com\/Y.A.Bertrand\/\" \/>\n<meta property=\"article:modified_time\" content=\"2018-05-28T15:10:52+00:00\" \/>\n<meta property=\"og:image\" content=\"https:\/\/www.yannarthusbertrandphoto.com\/wp-content\/uploads\/2018\/04\/yab_groenland_bateau-icebergs_yann-arthus-bertrand-photographie.jpeg-.jpg\" \/>\n\t<meta property=\"og:image:width\" content=\"2000\" \/>\n\t<meta property=\"og:image:height\" content=\"1333\" \/>\n\t<meta property=\"og:image:type\" content=\"image\/jpeg\" \/>\n<meta name=\"twitter:card\" content=\"summary_large_image\" \/>\n<meta name=\"twitter:site\" content=\"@Yann_A_B\" \/>\n<meta name=\"twitter:label1\" content=\"Dur\u00e9e de lecture estim\u00e9e\" \/>\n\t<meta name=\"twitter:data1\" content=\"1 minute\" \/>\n<script type=\"application\/ld+json\" class=\"yoast-schema-graph\">{\"@context\":\"https:\/\/schema.org\",\"@graph\":[{\"@type\":\"WebPage\",\"@id\":\"https:\/\/www.yannarthusbertrandphoto.com\/fr\/produit\/bateau-icebergs\/\",\"url\":\"https:\/\/www.yannarthusbertrandphoto.com\/fr\/produit\/bateau-icebergs\/\",\"name\":\"Bateau & Icebergs, Groenland - Yann Arthus-Bertrand Photographie\",\"isPartOf\":{\"@id\":\"https:\/\/www.yannarthusbertrandphoto.com\/fr\/#website\"},\"datePublished\":\"2018-04-25T17:01:43+00:00\",\"dateModified\":\"2018-05-28T15:10:52+00:00\",\"description\":\"La majorit\u00e9 des icebergs qui d\u00e9rivent dans la baie de Baffin et la mer du Labrador proviennent de la c\u00f4te occidentale du Groenland. On en compte annuellement entre 10 000 et 40 000. Chaque printemps et chaque \u00e9t\u00e9, au fond des fjords, les glaciers v\u00ealent, c\u2019est-\u00e0-dire que des blocs de glace\",\"breadcrumb\":{\"@id\":\"https:\/\/www.yannarthusbertrandphoto.com\/fr\/produit\/bateau-icebergs\/#breadcrumb\"},\"inLanguage\":\"fr-FR\",\"potentialAction\":[{\"@type\":\"ReadAction\",\"target\":[\"https:\/\/www.yannarthusbertrandphoto.com\/fr\/produit\/bateau-icebergs\/\"]}]},{\"@type\":\"BreadcrumbList\",\"@id\":\"https:\/\/www.yannarthusbertrandphoto.com\/fr\/produit\/bateau-icebergs\/#breadcrumb\",\"itemListElement\":[{\"@type\":\"ListItem\",\"position\":1,\"name\":\"Accueil\",\"item\":\"https:\/\/www.yannarthusbertrandphoto.com\/fr\/\"},{\"@type\":\"ListItem\",\"position\":2,\"name\":\"Shop\",\"item\":\"https:\/\/www.yannarthusbertrandphoto.com\/fr\/shop\/\"},{\"@type\":\"ListItem\",\"position\":3,\"name\":\"Bateau &amp; Icebergs\"}]},{\"@type\":\"WebSite\",\"@id\":\"https:\/\/www.yannarthusbertrandphoto.com\/fr\/#website\",\"url\":\"https:\/\/www.yannarthusbertrandphoto.com\/fr\/\",\"name\":\"Yann Arthus-Bertrand\",\"description\":\"Site officiel d\u00e9di\u00e9 \u00e0 l\u2019\u0153uvre photographique de Yann Arthus-Bertrand\",\"publisher\":{\"@id\":\"https:\/\/www.yannarthusbertrandphoto.com\/fr\/#organization\"},\"potentialAction\":[{\"@type\":\"SearchAction\",\"target\":{\"@type\":\"EntryPoint\",\"urlTemplate\":\"https:\/\/www.yannarthusbertrandphoto.com\/fr\/?s={search_term_string}\"},\"query-input\":\"required name=search_term_string\"}],\"inLanguage\":\"fr-FR\"},{\"@type\":\"Organization\",\"@id\":\"https:\/\/www.yannarthusbertrandphoto.com\/fr\/#organization\",\"name\":\"Alfie Be\",\"url\":\"https:\/\/www.yannarthusbertrandphoto.com\/fr\/\",\"logo\":{\"@type\":\"ImageObject\",\"inLanguage\":\"fr-FR\",\"@id\":\"https:\/\/www.yannarthusbertrandphoto.com\/fr\/#\/schema\/logo\/image\/\",\"url\":\"https:\/\/www.yannarthusbertrandphoto.com\/wp-content\/uploads\/2018\/01\/yab_logo_black.svg\",\"contentUrl\":\"https:\/\/www.yannarthusbertrandphoto.com\/wp-content\/uploads\/2018\/01\/yab_logo_black.svg\",\"caption\":\"Alfie Be\"},\"image\":{\"@id\":\"https:\/\/www.yannarthusbertrandphoto.com\/fr\/#\/schema\/logo\/image\/\"},\"sameAs\":[\"https:\/\/www.instagram.com\/yannarthusbertrand\/\",\"https:\/\/www.youtube.com\/user\/yannarthusbertrand\",\"https:\/\/www.facebook.com\/Y.A.Bertrand\/\",\"https:\/\/twitter.com\/Yann_A_B\"]}]}<\/script>\n<!-- \/ Yoast SEO plugin. -->","yoast_head_json":{"title":"Bateau & Icebergs, Groenland - Yann Arthus-Bertrand Photographie","description":"La majorit\u00e9 des icebergs qui d\u00e9rivent dans la baie de Baffin et la mer du Labrador proviennent de la c\u00f4te occidentale du Groenland. On en compte annuellement entre 10 000 et 40 000. Chaque printemps et chaque \u00e9t\u00e9, au fond des fjords, les glaciers v\u00ealent, c\u2019est-\u00e0-dire que des blocs de glace","robots":{"index":"index","follow":"follow","max-snippet":"max-snippet:-1","max-image-preview":"max-image-preview:large","max-video-preview":"max-video-preview:-1"},"canonical":"https:\/\/www.yannarthusbertrandphoto.com\/fr\/produit\/bateau-icebergs\/","og_locale":"fr_FR","og_type":"article","og_title":"Bateau & Icebergs, Groenland - Yann Arthus-Bertrand Photographie","og_description":"La majorit\u00e9 des icebergs qui d\u00e9rivent dans la baie de Baffin et la mer du Labrador proviennent de la c\u00f4te occidentale du Groenland. On en compte annuellement entre 10 000 et 40 000. Chaque printemps et chaque \u00e9t\u00e9, au fond des fjords, les glaciers v\u00ealent, c\u2019est-\u00e0-dire que des blocs de glace","og_url":"https:\/\/www.yannarthusbertrandphoto.com\/fr\/produit\/bateau-icebergs\/","og_site_name":"Yann Arthus-Bertrand","article_publisher":"https:\/\/www.facebook.com\/Y.A.Bertrand\/","article_modified_time":"2018-05-28T15:10:52+00:00","og_image":[{"width":2000,"height":1333,"url":"https:\/\/www.yannarthusbertrandphoto.com\/wp-content\/uploads\/2018\/04\/yab_groenland_bateau-icebergs_yann-arthus-bertrand-photographie.jpeg-.jpg","type":"image\/jpeg"}],"twitter_card":"summary_large_image","twitter_site":"@Yann_A_B","twitter_misc":{"Dur\u00e9e de lecture estim\u00e9e":"1 minute"},"schema":{"@context":"https:\/\/schema.org","@graph":[{"@type":"WebPage","@id":"https:\/\/www.yannarthusbertrandphoto.com\/fr\/produit\/bateau-icebergs\/","url":"https:\/\/www.yannarthusbertrandphoto.com\/fr\/produit\/bateau-icebergs\/","name":"Bateau & Icebergs, Groenland - Yann Arthus-Bertrand Photographie","isPartOf":{"@id":"https:\/\/www.yannarthusbertrandphoto.com\/fr\/#website"},"datePublished":"2018-04-25T17:01:43+00:00","dateModified":"2018-05-28T15:10:52+00:00","description":"La majorit\u00e9 des icebergs qui d\u00e9rivent dans la baie de Baffin et la mer du Labrador proviennent de la c\u00f4te occidentale du Groenland. On en compte annuellement entre 10 000 et 40 000. Chaque printemps et chaque \u00e9t\u00e9, au fond des fjords, les glaciers v\u00ealent, c\u2019est-\u00e0-dire que des blocs de glace","breadcrumb":{"@id":"https:\/\/www.yannarthusbertrandphoto.com\/fr\/produit\/bateau-icebergs\/#breadcrumb"},"inLanguage":"fr-FR","potentialAction":[{"@type":"ReadAction","target":["https:\/\/www.yannarthusbertrandphoto.com\/fr\/produit\/bateau-icebergs\/"]}]},{"@type":"BreadcrumbList","@id":"https:\/\/www.yannarthusbertrandphoto.com\/fr\/produit\/bateau-icebergs\/#breadcrumb","itemListElement":[{"@type":"ListItem","position":1,"name":"Accueil","item":"https:\/\/www.yannarthusbertrandphoto.com\/fr\/"},{"@type":"ListItem","position":2,"name":"Shop","item":"https:\/\/www.yannarthusbertrandphoto.com\/fr\/shop\/"},{"@type":"ListItem","position":3,"name":"Bateau &amp; Icebergs"}]},{"@type":"WebSite","@id":"https:\/\/www.yannarthusbertrandphoto.com\/fr\/#website","url":"https:\/\/www.yannarthusbertrandphoto.com\/fr\/","name":"Yann Arthus-Bertrand","description":"Site officiel d\u00e9di\u00e9 \u00e0 l\u2019\u0153uvre photographique de Yann Arthus-Bertrand","publisher":{"@id":"https:\/\/www.yannarthusbertrandphoto.com\/fr\/#organization"},"potentialAction":[{"@type":"SearchAction","target":{"@type":"EntryPoint","urlTemplate":"https:\/\/www.yannarthusbertrandphoto.com\/fr\/?s={search_term_string}"},"query-input":"required name=search_term_string"}],"inLanguage":"fr-FR"},{"@type":"Organization","@id":"https:\/\/www.yannarthusbertrandphoto.com\/fr\/#organization","name":"Alfie Be","url":"https:\/\/www.yannarthusbertrandphoto.com\/fr\/","logo":{"@type":"ImageObject","inLanguage":"fr-FR","@id":"https:\/\/www.yannarthusbertrandphoto.com\/fr\/#\/schema\/logo\/image\/","url":"https:\/\/www.yannarthusbertrandphoto.com\/wp-content\/uploads\/2018\/01\/yab_logo_black.svg","contentUrl":"https:\/\/www.yannarthusbertrandphoto.com\/wp-content\/uploads\/2018\/01\/yab_logo_black.svg","caption":"Alfie Be"},"image":{"@id":"https:\/\/www.yannarthusbertrandphoto.com\/fr\/#\/schema\/logo\/image\/"},"sameAs":["https:\/\/www.instagram.com\/yannarthusbertrand\/","https:\/\/www.youtube.com\/user\/yannarthusbertrand","https:\/\/www.facebook.com\/Y.A.Bertrand\/","https:\/\/twitter.com\/Yann_A_B"]}]}},"_links":{"self":[{"href":"https:\/\/www.yannarthusbertrandphoto.com\/fr\/wp-json\/wp\/v2\/product\/13380"}],"collection":[{"href":"https:\/\/www.yannarthusbertrandphoto.com\/fr\/wp-json\/wp\/v2\/product"}],"about":[{"href":"https:\/\/www.yannarthusbertrandphoto.com\/fr\/wp-json\/wp\/v2\/types\/product"}],"wp:featuredmedia":[{"embeddable":true,"href":"https:\/\/www.yannarthusbertrandphoto.com\/fr\/wp-json\/wp\/v2\/media\/13381"}],"wp:attachment":[{"href":"https:\/\/www.yannarthusbertrandphoto.com\/fr\/wp-json\/wp\/v2\/media?parent=13380"}],"wp:term":[{"taxonomy":"product_cat","embeddable":true,"href":"https:\/\/www.yannarthusbertrandphoto.com\/fr\/wp-json\/wp\/v2\/product_cat?post=13380"},{"taxonomy":"product_tag","embeddable":true,"href":"https:\/\/www.yannarthusbertrandphoto.com\/fr\/wp-json\/wp\/v2\/product_tag?post=13380"}],"curies":[{"name":"wp","href":"https:\/\/api.w.org\/{rel}","templated":true}]}}