{"id":13470,"date":"2018-04-25T19:09:04","date_gmt":"2018-04-25T17:09:04","guid":{"rendered":"https:\/\/www.yannarthusbertrandphoto.com\/?post_type=product&#038;p=13470"},"modified":"2018-05-28T17:48:17","modified_gmt":"2018-05-28T15:48:17","slug":"piege-a-poissons","status":"publish","type":"product","link":"https:\/\/www.yannarthusbertrandphoto.com\/fr\/produit\/piege-a-poissons\/","title":{"rendered":"Pi\u00e8ge \u00e0 poissons"},"content":{"rendered":"<p>Non loin de la plage, les p\u00eacheurs ont pos\u00e9 un pi\u00e8ge \u00e0 poissons nomm\u00e9 al-hazra, constitu\u00e9 d\u2019une cl\u00f4ture de roseaux menant \u00e0 deux cages divis\u00e9es en deux parties. La plus grande, appel\u00e9e al-housh, jouxte la plus petite, al-ser, qui se trouve \u00e0 la limite du niveau des basses eaux. \u00c0 mar\u00e9e haute, le poisson est pi\u00e9g\u00e9, et les p\u00eacheurs le r\u00e9cup\u00e8rent ensuite \u00e0 mar\u00e9e basse.<\/p>\n<p>L\u2019activit\u00e9 halieutique du Kowe\u00eft ne s\u2019est toujours pas remise de la situation catastrophique engendr\u00e9e par la guerre du Golfe en 1991. La constitution d\u2019une force militaire et le pillage conduit par les troupes irakiennes pendant l\u2019occupation d\u2019ao\u00fbt 1990 \u00e0 f\u00e9vrier 1991 (\u00e9valu\u00e9 \u00e0 75 milliards de dollars) n\u2019ont gu\u00e8re laiss\u00e9 de fonds pour le d\u00e9veloppement des p\u00eaches. En cons\u00e9quence, ce secteur ne repr\u00e9sente que 0,05 % de l\u2019activit\u00e9 \u00e9conomique du pays.<\/p>\n","protected":false},"excerpt":{"rendered":"<p>M\u00e9thode traditionnelle de p\u00eache au large de l\u2019\u00eele de Bubiyan, Kowe\u00eft (29\u00b048\u2019 N \u2013 48\u00b010\u2019 E).<\/p>\n","protected":false},"featured_media":13472,"template":"","meta":{"inline_featured_image":false},"product_cat":[212],"product_tag":[],"yoast_head":"<!-- This site is optimized with the Yoast SEO plugin v19.10 - https:\/\/yoast.com\/wordpress\/plugins\/seo\/ -->\n<title>Pi\u00e8ge \u00e0 poissons, Kowe\u00eft - Yann Arthus-Bertrand Photographie<\/title>\n<meta name=\"description\" content=\"Non loin de la plage, les p\u00eacheurs ont pos\u00e9 un pi\u00e8ge \u00e0 poissons nomm\u00e9 al-hazra, constitu\u00e9 d\u2019une cl\u00f4ture de roseaux menant \u00e0 deux cages divis\u00e9es en deux parties. La plus grande, appel\u00e9e al-housh, jouxte la plus petite, al-ser, qui se trouve \u00e0 la limite du niveau des basses eaux.\" \/>\n<meta name=\"robots\" content=\"index, follow, max-snippet:-1, max-image-preview:large, max-video-preview:-1\" \/>\n<link rel=\"canonical\" href=\"https:\/\/www.yannarthusbertrandphoto.com\/fr\/produit\/piege-a-poissons\/\" \/>\n<meta property=\"og:locale\" content=\"fr_FR\" \/>\n<meta property=\"og:type\" content=\"article\" \/>\n<meta property=\"og:title\" content=\"Pi\u00e8ge \u00e0 poissons, Kowe\u00eft - Yann Arthus-Bertrand Photographie\" \/>\n<meta property=\"og:description\" content=\"Non loin de la plage, les p\u00eacheurs ont pos\u00e9 un pi\u00e8ge \u00e0 poissons nomm\u00e9 al-hazra, constitu\u00e9 d\u2019une cl\u00f4ture de roseaux menant \u00e0 deux cages divis\u00e9es en deux parties. La plus grande, appel\u00e9e al-housh, jouxte la plus petite, al-ser, qui se trouve \u00e0 la limite du niveau des basses eaux.\" \/>\n<meta property=\"og:url\" content=\"https:\/\/www.yannarthusbertrandphoto.com\/fr\/produit\/piege-a-poissons\/\" \/>\n<meta property=\"og:site_name\" content=\"Yann Arthus-Bertrand\" \/>\n<meta property=\"article:publisher\" content=\"https:\/\/www.facebook.com\/Y.A.Bertrand\/\" \/>\n<meta property=\"article:modified_time\" content=\"2018-05-28T15:48:17+00:00\" \/>\n<meta property=\"og:image\" content=\"https:\/\/www.yannarthusbertrandphoto.com\/wp-content\/uploads\/2018\/04\/yab_kowet_pige-poisson_yann-arthus-bertrand-photographie.jpeg\" \/>\n\t<meta property=\"og:image:width\" content=\"2000\" \/>\n\t<meta property=\"og:image:height\" content=\"1333\" \/>\n\t<meta property=\"og:image:type\" content=\"image\/jpeg\" \/>\n<meta name=\"twitter:card\" content=\"summary_large_image\" \/>\n<meta name=\"twitter:site\" content=\"@Yann_A_B\" \/>\n<meta name=\"twitter:label1\" content=\"Dur\u00e9e de lecture estim\u00e9e\" \/>\n\t<meta name=\"twitter:data1\" content=\"1 minute\" \/>\n<script type=\"application\/ld+json\" class=\"yoast-schema-graph\">{\"@context\":\"https:\/\/schema.org\",\"@graph\":[{\"@type\":\"WebPage\",\"@id\":\"https:\/\/www.yannarthusbertrandphoto.com\/fr\/produit\/piege-a-poissons\/\",\"url\":\"https:\/\/www.yannarthusbertrandphoto.com\/fr\/produit\/piege-a-poissons\/\",\"name\":\"Pi\u00e8ge \u00e0 poissons, Kowe\u00eft - Yann Arthus-Bertrand Photographie\",\"isPartOf\":{\"@id\":\"https:\/\/www.yannarthusbertrandphoto.com\/fr\/#website\"},\"datePublished\":\"2018-04-25T17:09:04+00:00\",\"dateModified\":\"2018-05-28T15:48:17+00:00\",\"description\":\"Non loin de la plage, les p\u00eacheurs ont pos\u00e9 un pi\u00e8ge \u00e0 poissons nomm\u00e9 al-hazra, constitu\u00e9 d\u2019une cl\u00f4ture de roseaux menant \u00e0 deux cages divis\u00e9es en deux parties. La plus grande, appel\u00e9e al-housh, jouxte la plus petite, al-ser, qui se trouve \u00e0 la limite du niveau des basses eaux.\",\"breadcrumb\":{\"@id\":\"https:\/\/www.yannarthusbertrandphoto.com\/fr\/produit\/piege-a-poissons\/#breadcrumb\"},\"inLanguage\":\"fr-FR\",\"potentialAction\":[{\"@type\":\"ReadAction\",\"target\":[\"https:\/\/www.yannarthusbertrandphoto.com\/fr\/produit\/piege-a-poissons\/\"]}]},{\"@type\":\"BreadcrumbList\",\"@id\":\"https:\/\/www.yannarthusbertrandphoto.com\/fr\/produit\/piege-a-poissons\/#breadcrumb\",\"itemListElement\":[{\"@type\":\"ListItem\",\"position\":1,\"name\":\"Accueil\",\"item\":\"https:\/\/www.yannarthusbertrandphoto.com\/fr\/\"},{\"@type\":\"ListItem\",\"position\":2,\"name\":\"Shop\",\"item\":\"https:\/\/www.yannarthusbertrandphoto.com\/fr\/shop\/\"},{\"@type\":\"ListItem\",\"position\":3,\"name\":\"Pi\u00e8ge \u00e0 poissons\"}]},{\"@type\":\"WebSite\",\"@id\":\"https:\/\/www.yannarthusbertrandphoto.com\/fr\/#website\",\"url\":\"https:\/\/www.yannarthusbertrandphoto.com\/fr\/\",\"name\":\"Yann Arthus-Bertrand\",\"description\":\"Site officiel d\u00e9di\u00e9 \u00e0 l\u2019\u0153uvre photographique de Yann Arthus-Bertrand\",\"publisher\":{\"@id\":\"https:\/\/www.yannarthusbertrandphoto.com\/fr\/#organization\"},\"potentialAction\":[{\"@type\":\"SearchAction\",\"target\":{\"@type\":\"EntryPoint\",\"urlTemplate\":\"https:\/\/www.yannarthusbertrandphoto.com\/fr\/?s={search_term_string}\"},\"query-input\":\"required name=search_term_string\"}],\"inLanguage\":\"fr-FR\"},{\"@type\":\"Organization\",\"@id\":\"https:\/\/www.yannarthusbertrandphoto.com\/fr\/#organization\",\"name\":\"Alfie Be\",\"url\":\"https:\/\/www.yannarthusbertrandphoto.com\/fr\/\",\"logo\":{\"@type\":\"ImageObject\",\"inLanguage\":\"fr-FR\",\"@id\":\"https:\/\/www.yannarthusbertrandphoto.com\/fr\/#\/schema\/logo\/image\/\",\"url\":\"https:\/\/www.yannarthusbertrandphoto.com\/wp-content\/uploads\/2018\/01\/yab_logo_black.svg\",\"contentUrl\":\"https:\/\/www.yannarthusbertrandphoto.com\/wp-content\/uploads\/2018\/01\/yab_logo_black.svg\",\"caption\":\"Alfie Be\"},\"image\":{\"@id\":\"https:\/\/www.yannarthusbertrandphoto.com\/fr\/#\/schema\/logo\/image\/\"},\"sameAs\":[\"https:\/\/www.instagram.com\/yannarthusbertrand\/\",\"https:\/\/www.youtube.com\/user\/yannarthusbertrand\",\"https:\/\/www.facebook.com\/Y.A.Bertrand\/\",\"https:\/\/twitter.com\/Yann_A_B\"]}]}<\/script>\n<!-- \/ Yoast SEO plugin. -->","yoast_head_json":{"title":"Pi\u00e8ge \u00e0 poissons, Kowe\u00eft - Yann Arthus-Bertrand Photographie","description":"Non loin de la plage, les p\u00eacheurs ont pos\u00e9 un pi\u00e8ge \u00e0 poissons nomm\u00e9 al-hazra, constitu\u00e9 d\u2019une cl\u00f4ture de roseaux menant \u00e0 deux cages divis\u00e9es en deux parties. La plus grande, appel\u00e9e al-housh, jouxte la plus petite, al-ser, qui se trouve \u00e0 la limite du niveau des basses eaux.","robots":{"index":"index","follow":"follow","max-snippet":"max-snippet:-1","max-image-preview":"max-image-preview:large","max-video-preview":"max-video-preview:-1"},"canonical":"https:\/\/www.yannarthusbertrandphoto.com\/fr\/produit\/piege-a-poissons\/","og_locale":"fr_FR","og_type":"article","og_title":"Pi\u00e8ge \u00e0 poissons, Kowe\u00eft - Yann Arthus-Bertrand Photographie","og_description":"Non loin de la plage, les p\u00eacheurs ont pos\u00e9 un pi\u00e8ge \u00e0 poissons nomm\u00e9 al-hazra, constitu\u00e9 d\u2019une cl\u00f4ture de roseaux menant \u00e0 deux cages divis\u00e9es en deux parties. La plus grande, appel\u00e9e al-housh, jouxte la plus petite, al-ser, qui se trouve \u00e0 la limite du niveau des basses eaux.","og_url":"https:\/\/www.yannarthusbertrandphoto.com\/fr\/produit\/piege-a-poissons\/","og_site_name":"Yann Arthus-Bertrand","article_publisher":"https:\/\/www.facebook.com\/Y.A.Bertrand\/","article_modified_time":"2018-05-28T15:48:17+00:00","og_image":[{"width":2000,"height":1333,"url":"https:\/\/www.yannarthusbertrandphoto.com\/wp-content\/uploads\/2018\/04\/yab_kowet_pige-poisson_yann-arthus-bertrand-photographie.jpeg","type":"image\/jpeg"}],"twitter_card":"summary_large_image","twitter_site":"@Yann_A_B","twitter_misc":{"Dur\u00e9e de lecture estim\u00e9e":"1 minute"},"schema":{"@context":"https:\/\/schema.org","@graph":[{"@type":"WebPage","@id":"https:\/\/www.yannarthusbertrandphoto.com\/fr\/produit\/piege-a-poissons\/","url":"https:\/\/www.yannarthusbertrandphoto.com\/fr\/produit\/piege-a-poissons\/","name":"Pi\u00e8ge \u00e0 poissons, Kowe\u00eft - Yann Arthus-Bertrand Photographie","isPartOf":{"@id":"https:\/\/www.yannarthusbertrandphoto.com\/fr\/#website"},"datePublished":"2018-04-25T17:09:04+00:00","dateModified":"2018-05-28T15:48:17+00:00","description":"Non loin de la plage, les p\u00eacheurs ont pos\u00e9 un pi\u00e8ge \u00e0 poissons nomm\u00e9 al-hazra, constitu\u00e9 d\u2019une cl\u00f4ture de roseaux menant \u00e0 deux cages divis\u00e9es en deux parties. La plus grande, appel\u00e9e al-housh, jouxte la plus petite, al-ser, qui se trouve \u00e0 la limite du niveau des basses eaux.","breadcrumb":{"@id":"https:\/\/www.yannarthusbertrandphoto.com\/fr\/produit\/piege-a-poissons\/#breadcrumb"},"inLanguage":"fr-FR","potentialAction":[{"@type":"ReadAction","target":["https:\/\/www.yannarthusbertrandphoto.com\/fr\/produit\/piege-a-poissons\/"]}]},{"@type":"BreadcrumbList","@id":"https:\/\/www.yannarthusbertrandphoto.com\/fr\/produit\/piege-a-poissons\/#breadcrumb","itemListElement":[{"@type":"ListItem","position":1,"name":"Accueil","item":"https:\/\/www.yannarthusbertrandphoto.com\/fr\/"},{"@type":"ListItem","position":2,"name":"Shop","item":"https:\/\/www.yannarthusbertrandphoto.com\/fr\/shop\/"},{"@type":"ListItem","position":3,"name":"Pi\u00e8ge \u00e0 poissons"}]},{"@type":"WebSite","@id":"https:\/\/www.yannarthusbertrandphoto.com\/fr\/#website","url":"https:\/\/www.yannarthusbertrandphoto.com\/fr\/","name":"Yann Arthus-Bertrand","description":"Site officiel d\u00e9di\u00e9 \u00e0 l\u2019\u0153uvre photographique de Yann Arthus-Bertrand","publisher":{"@id":"https:\/\/www.yannarthusbertrandphoto.com\/fr\/#organization"},"potentialAction":[{"@type":"SearchAction","target":{"@type":"EntryPoint","urlTemplate":"https:\/\/www.yannarthusbertrandphoto.com\/fr\/?s={search_term_string}"},"query-input":"required name=search_term_string"}],"inLanguage":"fr-FR"},{"@type":"Organization","@id":"https:\/\/www.yannarthusbertrandphoto.com\/fr\/#organization","name":"Alfie Be","url":"https:\/\/www.yannarthusbertrandphoto.com\/fr\/","logo":{"@type":"ImageObject","inLanguage":"fr-FR","@id":"https:\/\/www.yannarthusbertrandphoto.com\/fr\/#\/schema\/logo\/image\/","url":"https:\/\/www.yannarthusbertrandphoto.com\/wp-content\/uploads\/2018\/01\/yab_logo_black.svg","contentUrl":"https:\/\/www.yannarthusbertrandphoto.com\/wp-content\/uploads\/2018\/01\/yab_logo_black.svg","caption":"Alfie Be"},"image":{"@id":"https:\/\/www.yannarthusbertrandphoto.com\/fr\/#\/schema\/logo\/image\/"},"sameAs":["https:\/\/www.instagram.com\/yannarthusbertrand\/","https:\/\/www.youtube.com\/user\/yannarthusbertrand","https:\/\/www.facebook.com\/Y.A.Bertrand\/","https:\/\/twitter.com\/Yann_A_B"]}]}},"_links":{"self":[{"href":"https:\/\/www.yannarthusbertrandphoto.com\/fr\/wp-json\/wp\/v2\/product\/13470"}],"collection":[{"href":"https:\/\/www.yannarthusbertrandphoto.com\/fr\/wp-json\/wp\/v2\/product"}],"about":[{"href":"https:\/\/www.yannarthusbertrandphoto.com\/fr\/wp-json\/wp\/v2\/types\/product"}],"wp:featuredmedia":[{"embeddable":true,"href":"https:\/\/www.yannarthusbertrandphoto.com\/fr\/wp-json\/wp\/v2\/media\/13472"}],"wp:attachment":[{"href":"https:\/\/www.yannarthusbertrandphoto.com\/fr\/wp-json\/wp\/v2\/media?parent=13470"}],"wp:term":[{"taxonomy":"product_cat","embeddable":true,"href":"https:\/\/www.yannarthusbertrandphoto.com\/fr\/wp-json\/wp\/v2\/product_cat?post=13470"},{"taxonomy":"product_tag","embeddable":true,"href":"https:\/\/www.yannarthusbertrandphoto.com\/fr\/wp-json\/wp\/v2\/product_tag?post=13470"}],"curies":[{"name":"wp","href":"https:\/\/api.w.org\/{rel}","templated":true}]}}