{"id":13653,"date":"2018-04-25T20:30:09","date_gmt":"2018-04-25T18:30:09","guid":{"rendered":"https:\/\/www.yannarthusbertrandphoto.com\/?post_type=product&#038;p=13653"},"modified":"2018-05-28T18:26:03","modified_gmt":"2018-05-28T16:26:03","slug":"pecheurs-2","status":"publish","type":"product","link":"https:\/\/www.yannarthusbertrandphoto.com\/fr\/produit\/pecheurs-2\/","title":{"rendered":"P\u00eacheurs"},"content":{"rendered":"<p>Le lac Ba\u00efkal, en Sib\u00e9rie, d\u00e9tient au moins trois records mondiaux : celui du lac le plus profond, avec une profondeur maximale de 1 637 m, celui du plus grand volume d\u2019eau douce (\u00e0 l\u2019\u00e9tat liquide) soit 23 000 km3 repr\u00e9sentant \u00e0 peu pr\u00e8s 20 % de l\u2019eau douce de surface pr\u00e9sente sur la Terre, et enfin celui du lac le plus vieux, g\u00e9ologiquement parlant, puisque sa formation remonte \u00e0 25 millions d\u2019ann\u00e9es.<\/p>\n<p>Long de 636 km et large de 80 km, le Ba\u00efkal est n\u00e9 d\u2019un rift, c\u2019est-\u00e0-dire de l\u2019ouverture d\u2019une grande faille dans la cro\u00fbte terrestre. Toujours actif, ce rift s\u2019\u00e9largit r\u00e9guli\u00e8rement, de 2 cm par an. Au fil du temps, sous le plancher actuel du lac, se sont accumul\u00e9s 7 km de s\u00e9diments. Le Ba\u00efkal est aussi marqu\u00e9 par un fort end\u00e9misme puisque 60 % des 1 200 esp\u00e8ces animales et v\u00e9g\u00e9tales recens\u00e9es dans le lac n\u2019existent nulle part ailleurs. Parmi celles-ci, la seule esp\u00e8ce de phoques d\u2019eau douce du monde.<\/p>\n<p>Parmi les poissons end\u00e9miques, le plus connu est l\u2019omoul ou cor\u00e9gone (Coregonus autumnalis migratorius) du lac Ba\u00efkal, un poisson apparent\u00e9 au saumon. C\u2019\u00e9tait la principale esp\u00e8ce p\u00each\u00e9e commercialement, mais aujourd\u2019hui l\u2019esp\u00e8ce est menac\u00e9e et les quotas baissent chaque ann\u00e9e (2 100 tonnes en 2007, environ 1 800 tonnes en 2008). L\u2019existence depuis les ann\u00e9es 1950 d\u2019une usine papeti\u00e8re sur les rives du lac est une source importante de pollution chimique.<\/p>\n<p>Les villes, les industries, souvent d\u00e9pourvues de station d\u2019\u00e9puration, et les activit\u00e9s agricoles pr\u00e9sentes sur le bassin-versant du lac qui s\u2019\u00e9tend jusqu\u2019en Mongolie contribuent aussi \u00e0 la pollution des eaux.<\/p>\n","protected":false},"excerpt":{"rendered":"<p>P\u00eacheurs sur le lac Ba\u00efkal gel\u00e9, Sib\u00e9rie, Russie (53\u00b046\u2019N &#8211; 108\u00b019\u2019E).<\/p>\n","protected":false},"featured_media":13654,"template":"","meta":{"inline_featured_image":false},"product_cat":[212],"product_tag":[],"yoast_head":"<!-- This site is optimized with the Yoast SEO plugin v19.10 - https:\/\/yoast.com\/wordpress\/plugins\/seo\/ -->\n<title>P\u00eacheurs, Russie - Yann Arthus-Bertrand Photographie<\/title>\n<meta name=\"description\" content=\"Le lac Ba\u00efkal, en Sib\u00e9rie, d\u00e9tient au moins trois records mondiaux : celui du lac le plus profond, avec une profondeur maximale de 1 637 m, celui du plus grand volume d\u2019eau douce (\u00e0 l\u2019\u00e9tat liquide) soit 23 000 km3 repr\u00e9sentant \u00e0 peu pr\u00e8s 20 % de l\u2019eau douce de surface pr\u00e9sente sur la Terre\" \/>\n<meta name=\"robots\" content=\"index, follow, max-snippet:-1, max-image-preview:large, max-video-preview:-1\" \/>\n<link rel=\"canonical\" href=\"https:\/\/www.yannarthusbertrandphoto.com\/fr\/produit\/pecheurs-2\/\" \/>\n<meta property=\"og:locale\" content=\"fr_FR\" \/>\n<meta property=\"og:type\" content=\"article\" \/>\n<meta property=\"og:title\" content=\"P\u00eacheurs, Russie - Yann Arthus-Bertrand Photographie\" \/>\n<meta property=\"og:description\" content=\"Le lac Ba\u00efkal, en Sib\u00e9rie, d\u00e9tient au moins trois records mondiaux : celui du lac le plus profond, avec une profondeur maximale de 1 637 m, celui du plus grand volume d\u2019eau douce (\u00e0 l\u2019\u00e9tat liquide) soit 23 000 km3 repr\u00e9sentant \u00e0 peu pr\u00e8s 20 % de l\u2019eau douce de surface pr\u00e9sente sur la Terre\" \/>\n<meta property=\"og:url\" content=\"https:\/\/www.yannarthusbertrandphoto.com\/fr\/produit\/pecheurs-2\/\" \/>\n<meta property=\"og:site_name\" content=\"Yann Arthus-Bertrand\" \/>\n<meta property=\"article:publisher\" content=\"https:\/\/www.facebook.com\/Y.A.Bertrand\/\" \/>\n<meta property=\"article:modified_time\" content=\"2018-05-28T16:26:03+00:00\" \/>\n<meta property=\"og:image\" content=\"https:\/\/www.yannarthusbertrandphoto.com\/wp-content\/uploads\/2018\/04\/yab_russie_pcheurs_yann-arthus-bertrand-photography.jpeg\" \/>\n\t<meta property=\"og:image:width\" content=\"2000\" \/>\n\t<meta property=\"og:image:height\" content=\"1333\" \/>\n\t<meta property=\"og:image:type\" content=\"image\/jpeg\" \/>\n<meta name=\"twitter:card\" content=\"summary_large_image\" \/>\n<meta name=\"twitter:site\" content=\"@Yann_A_B\" \/>\n<meta name=\"twitter:label1\" content=\"Dur\u00e9e de lecture estim\u00e9e\" \/>\n\t<meta name=\"twitter:data1\" content=\"1 minute\" \/>\n<script type=\"application\/ld+json\" class=\"yoast-schema-graph\">{\"@context\":\"https:\/\/schema.org\",\"@graph\":[{\"@type\":\"WebPage\",\"@id\":\"https:\/\/www.yannarthusbertrandphoto.com\/fr\/produit\/pecheurs-2\/\",\"url\":\"https:\/\/www.yannarthusbertrandphoto.com\/fr\/produit\/pecheurs-2\/\",\"name\":\"P\u00eacheurs, Russie - Yann Arthus-Bertrand Photographie\",\"isPartOf\":{\"@id\":\"https:\/\/www.yannarthusbertrandphoto.com\/fr\/#website\"},\"datePublished\":\"2018-04-25T18:30:09+00:00\",\"dateModified\":\"2018-05-28T16:26:03+00:00\",\"description\":\"Le lac Ba\u00efkal, en Sib\u00e9rie, d\u00e9tient au moins trois records mondiaux : celui du lac le plus profond, avec une profondeur maximale de 1 637 m, celui du plus grand volume d\u2019eau douce (\u00e0 l\u2019\u00e9tat liquide) soit 23 000 km3 repr\u00e9sentant \u00e0 peu pr\u00e8s 20 % de l\u2019eau douce de surface pr\u00e9sente sur la Terre\",\"breadcrumb\":{\"@id\":\"https:\/\/www.yannarthusbertrandphoto.com\/fr\/produit\/pecheurs-2\/#breadcrumb\"},\"inLanguage\":\"fr-FR\",\"potentialAction\":[{\"@type\":\"ReadAction\",\"target\":[\"https:\/\/www.yannarthusbertrandphoto.com\/fr\/produit\/pecheurs-2\/\"]}]},{\"@type\":\"BreadcrumbList\",\"@id\":\"https:\/\/www.yannarthusbertrandphoto.com\/fr\/produit\/pecheurs-2\/#breadcrumb\",\"itemListElement\":[{\"@type\":\"ListItem\",\"position\":1,\"name\":\"Accueil\",\"item\":\"https:\/\/www.yannarthusbertrandphoto.com\/fr\/\"},{\"@type\":\"ListItem\",\"position\":2,\"name\":\"Shop\",\"item\":\"https:\/\/www.yannarthusbertrandphoto.com\/fr\/shop\/\"},{\"@type\":\"ListItem\",\"position\":3,\"name\":\"P\u00eacheurs\"}]},{\"@type\":\"WebSite\",\"@id\":\"https:\/\/www.yannarthusbertrandphoto.com\/fr\/#website\",\"url\":\"https:\/\/www.yannarthusbertrandphoto.com\/fr\/\",\"name\":\"Yann Arthus-Bertrand\",\"description\":\"Site officiel d\u00e9di\u00e9 \u00e0 l\u2019\u0153uvre photographique de Yann Arthus-Bertrand\",\"publisher\":{\"@id\":\"https:\/\/www.yannarthusbertrandphoto.com\/fr\/#organization\"},\"potentialAction\":[{\"@type\":\"SearchAction\",\"target\":{\"@type\":\"EntryPoint\",\"urlTemplate\":\"https:\/\/www.yannarthusbertrandphoto.com\/fr\/?s={search_term_string}\"},\"query-input\":\"required name=search_term_string\"}],\"inLanguage\":\"fr-FR\"},{\"@type\":\"Organization\",\"@id\":\"https:\/\/www.yannarthusbertrandphoto.com\/fr\/#organization\",\"name\":\"Alfie Be\",\"url\":\"https:\/\/www.yannarthusbertrandphoto.com\/fr\/\",\"logo\":{\"@type\":\"ImageObject\",\"inLanguage\":\"fr-FR\",\"@id\":\"https:\/\/www.yannarthusbertrandphoto.com\/fr\/#\/schema\/logo\/image\/\",\"url\":\"https:\/\/www.yannarthusbertrandphoto.com\/wp-content\/uploads\/2018\/01\/yab_logo_black.svg\",\"contentUrl\":\"https:\/\/www.yannarthusbertrandphoto.com\/wp-content\/uploads\/2018\/01\/yab_logo_black.svg\",\"caption\":\"Alfie Be\"},\"image\":{\"@id\":\"https:\/\/www.yannarthusbertrandphoto.com\/fr\/#\/schema\/logo\/image\/\"},\"sameAs\":[\"https:\/\/www.instagram.com\/yannarthusbertrand\/\",\"https:\/\/www.youtube.com\/user\/yannarthusbertrand\",\"https:\/\/www.facebook.com\/Y.A.Bertrand\/\",\"https:\/\/twitter.com\/Yann_A_B\"]}]}<\/script>\n<!-- \/ Yoast SEO plugin. -->","yoast_head_json":{"title":"P\u00eacheurs, Russie - Yann Arthus-Bertrand Photographie","description":"Le lac Ba\u00efkal, en Sib\u00e9rie, d\u00e9tient au moins trois records mondiaux : celui du lac le plus profond, avec une profondeur maximale de 1 637 m, celui du plus grand volume d\u2019eau douce (\u00e0 l\u2019\u00e9tat liquide) soit 23 000 km3 repr\u00e9sentant \u00e0 peu pr\u00e8s 20 % de l\u2019eau douce de surface pr\u00e9sente sur la Terre","robots":{"index":"index","follow":"follow","max-snippet":"max-snippet:-1","max-image-preview":"max-image-preview:large","max-video-preview":"max-video-preview:-1"},"canonical":"https:\/\/www.yannarthusbertrandphoto.com\/fr\/produit\/pecheurs-2\/","og_locale":"fr_FR","og_type":"article","og_title":"P\u00eacheurs, Russie - Yann Arthus-Bertrand Photographie","og_description":"Le lac Ba\u00efkal, en Sib\u00e9rie, d\u00e9tient au moins trois records mondiaux : celui du lac le plus profond, avec une profondeur maximale de 1 637 m, celui du plus grand volume d\u2019eau douce (\u00e0 l\u2019\u00e9tat liquide) soit 23 000 km3 repr\u00e9sentant \u00e0 peu pr\u00e8s 20 % de l\u2019eau douce de surface pr\u00e9sente sur la Terre","og_url":"https:\/\/www.yannarthusbertrandphoto.com\/fr\/produit\/pecheurs-2\/","og_site_name":"Yann Arthus-Bertrand","article_publisher":"https:\/\/www.facebook.com\/Y.A.Bertrand\/","article_modified_time":"2018-05-28T16:26:03+00:00","og_image":[{"width":2000,"height":1333,"url":"https:\/\/www.yannarthusbertrandphoto.com\/wp-content\/uploads\/2018\/04\/yab_russie_pcheurs_yann-arthus-bertrand-photography.jpeg","type":"image\/jpeg"}],"twitter_card":"summary_large_image","twitter_site":"@Yann_A_B","twitter_misc":{"Dur\u00e9e de lecture estim\u00e9e":"1 minute"},"schema":{"@context":"https:\/\/schema.org","@graph":[{"@type":"WebPage","@id":"https:\/\/www.yannarthusbertrandphoto.com\/fr\/produit\/pecheurs-2\/","url":"https:\/\/www.yannarthusbertrandphoto.com\/fr\/produit\/pecheurs-2\/","name":"P\u00eacheurs, Russie - Yann Arthus-Bertrand Photographie","isPartOf":{"@id":"https:\/\/www.yannarthusbertrandphoto.com\/fr\/#website"},"datePublished":"2018-04-25T18:30:09+00:00","dateModified":"2018-05-28T16:26:03+00:00","description":"Le lac Ba\u00efkal, en Sib\u00e9rie, d\u00e9tient au moins trois records mondiaux : celui du lac le plus profond, avec une profondeur maximale de 1 637 m, celui du plus grand volume d\u2019eau douce (\u00e0 l\u2019\u00e9tat liquide) soit 23 000 km3 repr\u00e9sentant \u00e0 peu pr\u00e8s 20 % de l\u2019eau douce de surface pr\u00e9sente sur la Terre","breadcrumb":{"@id":"https:\/\/www.yannarthusbertrandphoto.com\/fr\/produit\/pecheurs-2\/#breadcrumb"},"inLanguage":"fr-FR","potentialAction":[{"@type":"ReadAction","target":["https:\/\/www.yannarthusbertrandphoto.com\/fr\/produit\/pecheurs-2\/"]}]},{"@type":"BreadcrumbList","@id":"https:\/\/www.yannarthusbertrandphoto.com\/fr\/produit\/pecheurs-2\/#breadcrumb","itemListElement":[{"@type":"ListItem","position":1,"name":"Accueil","item":"https:\/\/www.yannarthusbertrandphoto.com\/fr\/"},{"@type":"ListItem","position":2,"name":"Shop","item":"https:\/\/www.yannarthusbertrandphoto.com\/fr\/shop\/"},{"@type":"ListItem","position":3,"name":"P\u00eacheurs"}]},{"@type":"WebSite","@id":"https:\/\/www.yannarthusbertrandphoto.com\/fr\/#website","url":"https:\/\/www.yannarthusbertrandphoto.com\/fr\/","name":"Yann Arthus-Bertrand","description":"Site officiel d\u00e9di\u00e9 \u00e0 l\u2019\u0153uvre photographique de Yann Arthus-Bertrand","publisher":{"@id":"https:\/\/www.yannarthusbertrandphoto.com\/fr\/#organization"},"potentialAction":[{"@type":"SearchAction","target":{"@type":"EntryPoint","urlTemplate":"https:\/\/www.yannarthusbertrandphoto.com\/fr\/?s={search_term_string}"},"query-input":"required name=search_term_string"}],"inLanguage":"fr-FR"},{"@type":"Organization","@id":"https:\/\/www.yannarthusbertrandphoto.com\/fr\/#organization","name":"Alfie Be","url":"https:\/\/www.yannarthusbertrandphoto.com\/fr\/","logo":{"@type":"ImageObject","inLanguage":"fr-FR","@id":"https:\/\/www.yannarthusbertrandphoto.com\/fr\/#\/schema\/logo\/image\/","url":"https:\/\/www.yannarthusbertrandphoto.com\/wp-content\/uploads\/2018\/01\/yab_logo_black.svg","contentUrl":"https:\/\/www.yannarthusbertrandphoto.com\/wp-content\/uploads\/2018\/01\/yab_logo_black.svg","caption":"Alfie Be"},"image":{"@id":"https:\/\/www.yannarthusbertrandphoto.com\/fr\/#\/schema\/logo\/image\/"},"sameAs":["https:\/\/www.instagram.com\/yannarthusbertrand\/","https:\/\/www.youtube.com\/user\/yannarthusbertrand","https:\/\/www.facebook.com\/Y.A.Bertrand\/","https:\/\/twitter.com\/Yann_A_B"]}]}},"_links":{"self":[{"href":"https:\/\/www.yannarthusbertrandphoto.com\/fr\/wp-json\/wp\/v2\/product\/13653"}],"collection":[{"href":"https:\/\/www.yannarthusbertrandphoto.com\/fr\/wp-json\/wp\/v2\/product"}],"about":[{"href":"https:\/\/www.yannarthusbertrandphoto.com\/fr\/wp-json\/wp\/v2\/types\/product"}],"wp:featuredmedia":[{"embeddable":true,"href":"https:\/\/www.yannarthusbertrandphoto.com\/fr\/wp-json\/wp\/v2\/media\/13654"}],"wp:attachment":[{"href":"https:\/\/www.yannarthusbertrandphoto.com\/fr\/wp-json\/wp\/v2\/media?parent=13653"}],"wp:term":[{"taxonomy":"product_cat","embeddable":true,"href":"https:\/\/www.yannarthusbertrandphoto.com\/fr\/wp-json\/wp\/v2\/product_cat?post=13653"},{"taxonomy":"product_tag","embeddable":true,"href":"https:\/\/www.yannarthusbertrandphoto.com\/fr\/wp-json\/wp\/v2\/product_tag?post=13653"}],"curies":[{"name":"wp","href":"https:\/\/api.w.org\/{rel}","templated":true}]}}