{"id":13833,"date":"2018-04-25T20:52:27","date_gmt":"2018-04-25T18:52:27","guid":{"rendered":"https:\/\/www.yannarthusbertrandphoto.com\/?post_type=product&#038;p=13833"},"modified":"2018-06-19T17:30:34","modified_gmt":"2018-06-19T15:30:34","slug":"enriquillo","status":"publish","type":"product","link":"https:\/\/www.yannarthusbertrandphoto.com\/fr\/produit\/enriquillo\/","title":{"rendered":"Enriquillo"},"content":{"rendered":"<p>Situ\u00e9 au sud-ouest du pays, sur la fronti\u00e8re avec l\u2019\u00e9tat de Ha\u00efti, le lac Enriquillo est le plus grand lac sal\u00e9 des Cara\u00eebes (265 km2). Situ\u00e9 \u00e0 40 m au dessous du niveau de la mer, ce lac est n\u00e9 \u00e0 l\u2019\u00e9poque glaciaire, quand la baisse du niveau des mers a supprim\u00e9 la baie qui s\u00e9parait l\u2019\u00eele en deux, cr\u00e9ant une gigantesque cuvette d\u2019eau sal\u00e9e, isol\u00e9e maintenant de la mer des Cara\u00efbes.<\/p>\n<p>De son lointain pass\u00e9 marin, le lac Enriquillo garde des coraux, des coquilles d\u2019animaux marins, et une salinit\u00e9 trois sup\u00e9rieure \u00e0 celle de l\u2019Oc\u00e9an. Il abrite une faune exceptionnelle : 200 crocodiles sauvages am\u00e9ricains (une esp\u00e8ce en voie de disparition), y trouvent refuge, ainsi que le spectaculaire iguane rhinoc\u00e9ros. Au centre du lac se trouve le parc national de l\u2019\u00eele Cabris, o\u00f9 migrent plusieurs dizaines d\u2019esp\u00e8ces d\u2019oiseaux, dont le flamand rose.<\/p>\n<p>Patrimoine mondial de l\u2019Unesco, class\u00e9 depuis 2002 r\u00e9serve de la Biosph\u00e8re, le lac Enriquillo fait actuellement l\u2019objet d\u2019un plan de d\u00e9veloppement \u00e9cotouristique auquel participent Ha\u00efti et la R\u00e9publique Dominicaine, qui se sont longtemps disput\u00e9s ce patrimoine naturel commun.<\/p>\n","protected":false},"excerpt":{"rendered":"<p>Lac Enriquillo, R\u00e9publique Dominicaine (18\u00b030\u2019N &#8211; 71\u00b035\u2019O).<\/p>\n","protected":false},"featured_media":13834,"template":"","meta":{"inline_featured_image":false},"product_cat":[212],"product_tag":[],"yoast_head":"<!-- This site is optimized with the Yoast SEO plugin v19.10 - https:\/\/yoast.com\/wordpress\/plugins\/seo\/ -->\n<title>Enriquillo, R\u00e9publique Dominicaine - Yann Arthus-Bertrand Photographie<\/title>\n<meta name=\"description\" content=\"Situ\u00e9 au sud-ouest du pays, sur la fronti\u00e8re avec l\u2019\u00e9tat de Ha\u00efti, le lac Enriquillo est le plus grand lac sal\u00e9 des Cara\u00eebes (265 km2). Situ\u00e9 \u00e0 40 m au dessous du niveau de la mer, ce lac est n\u00e9 \u00e0 l\u2019\u00e9poque glaciaire, quand la baisse du niveau des mers a supprim\u00e9 la baie qui s\u00e9parait l\u2019\u00eele en deux\" \/>\n<meta name=\"robots\" content=\"index, follow, max-snippet:-1, max-image-preview:large, max-video-preview:-1\" \/>\n<link rel=\"canonical\" href=\"https:\/\/www.yannarthusbertrandphoto.com\/fr\/produit\/enriquillo\/\" \/>\n<meta property=\"og:locale\" content=\"fr_FR\" \/>\n<meta property=\"og:type\" content=\"article\" \/>\n<meta property=\"og:title\" content=\"Enriquillo, R\u00e9publique Dominicaine - Yann Arthus-Bertrand Photographie\" \/>\n<meta property=\"og:description\" content=\"Situ\u00e9 au sud-ouest du pays, sur la fronti\u00e8re avec l\u2019\u00e9tat de Ha\u00efti, le lac Enriquillo est le plus grand lac sal\u00e9 des Cara\u00eebes (265 km2). Situ\u00e9 \u00e0 40 m au dessous du niveau de la mer, ce lac est n\u00e9 \u00e0 l\u2019\u00e9poque glaciaire, quand la baisse du niveau des mers a supprim\u00e9 la baie qui s\u00e9parait l\u2019\u00eele en deux\" \/>\n<meta property=\"og:url\" content=\"https:\/\/www.yannarthusbertrandphoto.com\/fr\/produit\/enriquillo\/\" \/>\n<meta property=\"og:site_name\" content=\"Yann Arthus-Bertrand\" \/>\n<meta property=\"article:publisher\" content=\"https:\/\/www.facebook.com\/Y.A.Bertrand\/\" \/>\n<meta property=\"article:modified_time\" content=\"2018-06-19T15:30:34+00:00\" \/>\n<meta property=\"og:image\" content=\"https:\/\/www.yannarthusbertrandphoto.com\/wp-content\/uploads\/2018\/04\/yab_republique-dominicaine_enriquillo_yann-arthus-bertrand-photographie.jpeg\" \/>\n\t<meta property=\"og:image:width\" content=\"2000\" \/>\n\t<meta property=\"og:image:height\" content=\"1333\" \/>\n\t<meta property=\"og:image:type\" content=\"image\/jpeg\" \/>\n<meta name=\"twitter:card\" content=\"summary_large_image\" \/>\n<meta name=\"twitter:site\" content=\"@Yann_A_B\" \/>\n<meta name=\"twitter:label1\" content=\"Dur\u00e9e de lecture estim\u00e9e\" \/>\n\t<meta name=\"twitter:data1\" content=\"1 minute\" \/>\n<script type=\"application\/ld+json\" class=\"yoast-schema-graph\">{\"@context\":\"https:\/\/schema.org\",\"@graph\":[{\"@type\":\"WebPage\",\"@id\":\"https:\/\/www.yannarthusbertrandphoto.com\/fr\/produit\/enriquillo\/\",\"url\":\"https:\/\/www.yannarthusbertrandphoto.com\/fr\/produit\/enriquillo\/\",\"name\":\"Enriquillo, R\u00e9publique Dominicaine - Yann Arthus-Bertrand Photographie\",\"isPartOf\":{\"@id\":\"https:\/\/www.yannarthusbertrandphoto.com\/fr\/#website\"},\"datePublished\":\"2018-04-25T18:52:27+00:00\",\"dateModified\":\"2018-06-19T15:30:34+00:00\",\"description\":\"Situ\u00e9 au sud-ouest du pays, sur la fronti\u00e8re avec l\u2019\u00e9tat de Ha\u00efti, le lac Enriquillo est le plus grand lac sal\u00e9 des Cara\u00eebes (265 km2). Situ\u00e9 \u00e0 40 m au dessous du niveau de la mer, ce lac est n\u00e9 \u00e0 l\u2019\u00e9poque glaciaire, quand la baisse du niveau des mers a supprim\u00e9 la baie qui s\u00e9parait l\u2019\u00eele en deux\",\"breadcrumb\":{\"@id\":\"https:\/\/www.yannarthusbertrandphoto.com\/fr\/produit\/enriquillo\/#breadcrumb\"},\"inLanguage\":\"fr-FR\",\"potentialAction\":[{\"@type\":\"ReadAction\",\"target\":[\"https:\/\/www.yannarthusbertrandphoto.com\/fr\/produit\/enriquillo\/\"]}]},{\"@type\":\"BreadcrumbList\",\"@id\":\"https:\/\/www.yannarthusbertrandphoto.com\/fr\/produit\/enriquillo\/#breadcrumb\",\"itemListElement\":[{\"@type\":\"ListItem\",\"position\":1,\"name\":\"Accueil\",\"item\":\"https:\/\/www.yannarthusbertrandphoto.com\/fr\/\"},{\"@type\":\"ListItem\",\"position\":2,\"name\":\"Shop\",\"item\":\"https:\/\/www.yannarthusbertrandphoto.com\/fr\/shop\/\"},{\"@type\":\"ListItem\",\"position\":3,\"name\":\"Enriquillo\"}]},{\"@type\":\"WebSite\",\"@id\":\"https:\/\/www.yannarthusbertrandphoto.com\/fr\/#website\",\"url\":\"https:\/\/www.yannarthusbertrandphoto.com\/fr\/\",\"name\":\"Yann Arthus-Bertrand\",\"description\":\"Site officiel d\u00e9di\u00e9 \u00e0 l\u2019\u0153uvre photographique de Yann Arthus-Bertrand\",\"publisher\":{\"@id\":\"https:\/\/www.yannarthusbertrandphoto.com\/fr\/#organization\"},\"potentialAction\":[{\"@type\":\"SearchAction\",\"target\":{\"@type\":\"EntryPoint\",\"urlTemplate\":\"https:\/\/www.yannarthusbertrandphoto.com\/fr\/?s={search_term_string}\"},\"query-input\":\"required name=search_term_string\"}],\"inLanguage\":\"fr-FR\"},{\"@type\":\"Organization\",\"@id\":\"https:\/\/www.yannarthusbertrandphoto.com\/fr\/#organization\",\"name\":\"Alfie Be\",\"url\":\"https:\/\/www.yannarthusbertrandphoto.com\/fr\/\",\"logo\":{\"@type\":\"ImageObject\",\"inLanguage\":\"fr-FR\",\"@id\":\"https:\/\/www.yannarthusbertrandphoto.com\/fr\/#\/schema\/logo\/image\/\",\"url\":\"https:\/\/www.yannarthusbertrandphoto.com\/wp-content\/uploads\/2018\/01\/yab_logo_black.svg\",\"contentUrl\":\"https:\/\/www.yannarthusbertrandphoto.com\/wp-content\/uploads\/2018\/01\/yab_logo_black.svg\",\"caption\":\"Alfie Be\"},\"image\":{\"@id\":\"https:\/\/www.yannarthusbertrandphoto.com\/fr\/#\/schema\/logo\/image\/\"},\"sameAs\":[\"https:\/\/www.instagram.com\/yannarthusbertrand\/\",\"https:\/\/www.youtube.com\/user\/yannarthusbertrand\",\"https:\/\/www.facebook.com\/Y.A.Bertrand\/\",\"https:\/\/twitter.com\/Yann_A_B\"]}]}<\/script>\n<!-- \/ Yoast SEO plugin. -->","yoast_head_json":{"title":"Enriquillo, R\u00e9publique Dominicaine - Yann Arthus-Bertrand Photographie","description":"Situ\u00e9 au sud-ouest du pays, sur la fronti\u00e8re avec l\u2019\u00e9tat de Ha\u00efti, le lac Enriquillo est le plus grand lac sal\u00e9 des Cara\u00eebes (265 km2). Situ\u00e9 \u00e0 40 m au dessous du niveau de la mer, ce lac est n\u00e9 \u00e0 l\u2019\u00e9poque glaciaire, quand la baisse du niveau des mers a supprim\u00e9 la baie qui s\u00e9parait l\u2019\u00eele en deux","robots":{"index":"index","follow":"follow","max-snippet":"max-snippet:-1","max-image-preview":"max-image-preview:large","max-video-preview":"max-video-preview:-1"},"canonical":"https:\/\/www.yannarthusbertrandphoto.com\/fr\/produit\/enriquillo\/","og_locale":"fr_FR","og_type":"article","og_title":"Enriquillo, R\u00e9publique Dominicaine - Yann Arthus-Bertrand Photographie","og_description":"Situ\u00e9 au sud-ouest du pays, sur la fronti\u00e8re avec l\u2019\u00e9tat de Ha\u00efti, le lac Enriquillo est le plus grand lac sal\u00e9 des Cara\u00eebes (265 km2). Situ\u00e9 \u00e0 40 m au dessous du niveau de la mer, ce lac est n\u00e9 \u00e0 l\u2019\u00e9poque glaciaire, quand la baisse du niveau des mers a supprim\u00e9 la baie qui s\u00e9parait l\u2019\u00eele en deux","og_url":"https:\/\/www.yannarthusbertrandphoto.com\/fr\/produit\/enriquillo\/","og_site_name":"Yann Arthus-Bertrand","article_publisher":"https:\/\/www.facebook.com\/Y.A.Bertrand\/","article_modified_time":"2018-06-19T15:30:34+00:00","og_image":[{"width":2000,"height":1333,"url":"https:\/\/www.yannarthusbertrandphoto.com\/wp-content\/uploads\/2018\/04\/yab_republique-dominicaine_enriquillo_yann-arthus-bertrand-photographie.jpeg","type":"image\/jpeg"}],"twitter_card":"summary_large_image","twitter_site":"@Yann_A_B","twitter_misc":{"Dur\u00e9e de lecture estim\u00e9e":"1 minute"},"schema":{"@context":"https:\/\/schema.org","@graph":[{"@type":"WebPage","@id":"https:\/\/www.yannarthusbertrandphoto.com\/fr\/produit\/enriquillo\/","url":"https:\/\/www.yannarthusbertrandphoto.com\/fr\/produit\/enriquillo\/","name":"Enriquillo, R\u00e9publique Dominicaine - Yann Arthus-Bertrand Photographie","isPartOf":{"@id":"https:\/\/www.yannarthusbertrandphoto.com\/fr\/#website"},"datePublished":"2018-04-25T18:52:27+00:00","dateModified":"2018-06-19T15:30:34+00:00","description":"Situ\u00e9 au sud-ouest du pays, sur la fronti\u00e8re avec l\u2019\u00e9tat de Ha\u00efti, le lac Enriquillo est le plus grand lac sal\u00e9 des Cara\u00eebes (265 km2). Situ\u00e9 \u00e0 40 m au dessous du niveau de la mer, ce lac est n\u00e9 \u00e0 l\u2019\u00e9poque glaciaire, quand la baisse du niveau des mers a supprim\u00e9 la baie qui s\u00e9parait l\u2019\u00eele en deux","breadcrumb":{"@id":"https:\/\/www.yannarthusbertrandphoto.com\/fr\/produit\/enriquillo\/#breadcrumb"},"inLanguage":"fr-FR","potentialAction":[{"@type":"ReadAction","target":["https:\/\/www.yannarthusbertrandphoto.com\/fr\/produit\/enriquillo\/"]}]},{"@type":"BreadcrumbList","@id":"https:\/\/www.yannarthusbertrandphoto.com\/fr\/produit\/enriquillo\/#breadcrumb","itemListElement":[{"@type":"ListItem","position":1,"name":"Accueil","item":"https:\/\/www.yannarthusbertrandphoto.com\/fr\/"},{"@type":"ListItem","position":2,"name":"Shop","item":"https:\/\/www.yannarthusbertrandphoto.com\/fr\/shop\/"},{"@type":"ListItem","position":3,"name":"Enriquillo"}]},{"@type":"WebSite","@id":"https:\/\/www.yannarthusbertrandphoto.com\/fr\/#website","url":"https:\/\/www.yannarthusbertrandphoto.com\/fr\/","name":"Yann Arthus-Bertrand","description":"Site officiel d\u00e9di\u00e9 \u00e0 l\u2019\u0153uvre photographique de Yann Arthus-Bertrand","publisher":{"@id":"https:\/\/www.yannarthusbertrandphoto.com\/fr\/#organization"},"potentialAction":[{"@type":"SearchAction","target":{"@type":"EntryPoint","urlTemplate":"https:\/\/www.yannarthusbertrandphoto.com\/fr\/?s={search_term_string}"},"query-input":"required name=search_term_string"}],"inLanguage":"fr-FR"},{"@type":"Organization","@id":"https:\/\/www.yannarthusbertrandphoto.com\/fr\/#organization","name":"Alfie Be","url":"https:\/\/www.yannarthusbertrandphoto.com\/fr\/","logo":{"@type":"ImageObject","inLanguage":"fr-FR","@id":"https:\/\/www.yannarthusbertrandphoto.com\/fr\/#\/schema\/logo\/image\/","url":"https:\/\/www.yannarthusbertrandphoto.com\/wp-content\/uploads\/2018\/01\/yab_logo_black.svg","contentUrl":"https:\/\/www.yannarthusbertrandphoto.com\/wp-content\/uploads\/2018\/01\/yab_logo_black.svg","caption":"Alfie Be"},"image":{"@id":"https:\/\/www.yannarthusbertrandphoto.com\/fr\/#\/schema\/logo\/image\/"},"sameAs":["https:\/\/www.instagram.com\/yannarthusbertrand\/","https:\/\/www.youtube.com\/user\/yannarthusbertrand","https:\/\/www.facebook.com\/Y.A.Bertrand\/","https:\/\/twitter.com\/Yann_A_B"]}]}},"_links":{"self":[{"href":"https:\/\/www.yannarthusbertrandphoto.com\/fr\/wp-json\/wp\/v2\/product\/13833"}],"collection":[{"href":"https:\/\/www.yannarthusbertrandphoto.com\/fr\/wp-json\/wp\/v2\/product"}],"about":[{"href":"https:\/\/www.yannarthusbertrandphoto.com\/fr\/wp-json\/wp\/v2\/types\/product"}],"wp:featuredmedia":[{"embeddable":true,"href":"https:\/\/www.yannarthusbertrandphoto.com\/fr\/wp-json\/wp\/v2\/media\/13834"}],"wp:attachment":[{"href":"https:\/\/www.yannarthusbertrandphoto.com\/fr\/wp-json\/wp\/v2\/media?parent=13833"}],"wp:term":[{"taxonomy":"product_cat","embeddable":true,"href":"https:\/\/www.yannarthusbertrandphoto.com\/fr\/wp-json\/wp\/v2\/product_cat?post=13833"},{"taxonomy":"product_tag","embeddable":true,"href":"https:\/\/www.yannarthusbertrandphoto.com\/fr\/wp-json\/wp\/v2\/product_tag?post=13833"}],"curies":[{"name":"wp","href":"https:\/\/api.w.org\/{rel}","templated":true}]}}