{"id":13968,"date":"2018-04-25T21:01:52","date_gmt":"2018-04-25T19:01:52","guid":{"rendered":"https:\/\/www.yannarthusbertrandphoto.com\/?post_type=product&#038;p=13968"},"modified":"2018-05-28T17:36:40","modified_gmt":"2018-05-28T15:36:40","slug":"lagune-2","status":"publish","type":"product","link":"https:\/\/www.yannarthusbertrandphoto.com\/fr\/produit\/lagune-2\/","title":{"rendered":"Lagune"},"content":{"rendered":"<p>La lagune de Venise, qui s\u2019\u00e9tend sur 500 km2 entre les c\u00f4tes italiennes et la mer Adriatique, est la plus vaste zone humide d\u2019Italie. Lieu de rencontre des eaux douces et sal\u00e9es, ce mar\u00e9cage n\u00e9 des limons et des sables apport\u00e9s par les fleuves est particuli\u00e8rement riche en \u00e9l\u00e9ments nutritifs qui permettent le d\u00e9veloppement d\u2019une multitude d\u2019esp\u00e8ces aquatiques et attirent de nombreux oiseaux. La lagune est aujourd\u2019hui menac\u00e9e par les pollutions urbaines et industrielles, notamment les hydrocarbures et les m\u00e9taux lourds. Elle pr\u00e9sente aussi une concentration importante en phosphates et nitrates issus de l\u2019agriculture qui favorisent la prolif\u00e9ration d\u2019une algue verte, l\u2019Ulva rigida. Ce qui provoque une diminution de la teneur en oxyg\u00e8ne des eaux, fatale pour de nombreux poissons. Dans les pays industrialis\u00e9s, la concentration en nitrates des eaux continentales a doubl\u00e9, voire quintupl\u00e9 dans certaines r\u00e9gions, au cours des trente derni\u00e8res ann\u00e9es.<\/p>\n","protected":false},"excerpt":{"rendered":"<p>La lagune de Venise, V\u00e9n\u00e9tie, Italie (45\u00b017\u2019 N &#8211; 12\u00b012\u2019 E).<\/p>\n","protected":false},"featured_media":13969,"template":"","meta":{"inline_featured_image":false},"product_cat":[212],"product_tag":[],"yoast_head":"<!-- This site is optimized with the Yoast SEO plugin v19.10 - https:\/\/yoast.com\/wordpress\/plugins\/seo\/ -->\n<title>Lagune, Italie - Yann Arthus-Bertrand Photographie<\/title>\n<meta name=\"description\" content=\"La lagune de Venise, qui s\u2019\u00e9tend sur 500 km2 entre les c\u00f4tes italiennes et la mer Adriatique, est la plus vaste zone humide d\u2019Italie. Lieu de rencontre des eaux douces et sal\u00e9es, ce mar\u00e9cage n\u00e9 des limons et des sables apport\u00e9s par les fleuves est particuli\u00e8rement riche\" \/>\n<meta name=\"robots\" content=\"index, follow, max-snippet:-1, max-image-preview:large, max-video-preview:-1\" \/>\n<link rel=\"canonical\" href=\"https:\/\/www.yannarthusbertrandphoto.com\/fr\/produit\/lagune-2\/\" \/>\n<meta property=\"og:locale\" content=\"fr_FR\" \/>\n<meta property=\"og:type\" content=\"article\" \/>\n<meta property=\"og:title\" content=\"Lagune, Italie - Yann Arthus-Bertrand Photographie\" \/>\n<meta property=\"og:description\" content=\"La lagune de Venise, qui s\u2019\u00e9tend sur 500 km2 entre les c\u00f4tes italiennes et la mer Adriatique, est la plus vaste zone humide d\u2019Italie. Lieu de rencontre des eaux douces et sal\u00e9es, ce mar\u00e9cage n\u00e9 des limons et des sables apport\u00e9s par les fleuves est particuli\u00e8rement riche\" \/>\n<meta property=\"og:url\" content=\"https:\/\/www.yannarthusbertrandphoto.com\/fr\/produit\/lagune-2\/\" \/>\n<meta property=\"og:site_name\" content=\"Yann Arthus-Bertrand\" \/>\n<meta property=\"article:publisher\" content=\"https:\/\/www.facebook.com\/Y.A.Bertrand\/\" \/>\n<meta property=\"article:modified_time\" content=\"2018-05-28T15:36:40+00:00\" \/>\n<meta property=\"og:image\" content=\"https:\/\/www.yannarthusbertrandphoto.com\/wp-content\/uploads\/2018\/04\/yab_italie_lagoon_yann-arthus-bertrand-photography.jpeg\" \/>\n\t<meta property=\"og:image:width\" content=\"2000\" \/>\n\t<meta property=\"og:image:height\" content=\"1333\" \/>\n\t<meta property=\"og:image:type\" content=\"image\/jpeg\" \/>\n<meta name=\"twitter:card\" content=\"summary_large_image\" \/>\n<meta name=\"twitter:site\" content=\"@Yann_A_B\" \/>\n<meta name=\"twitter:label1\" content=\"Dur\u00e9e de lecture estim\u00e9e\" \/>\n\t<meta name=\"twitter:data1\" content=\"1 minute\" \/>\n<script type=\"application\/ld+json\" class=\"yoast-schema-graph\">{\"@context\":\"https:\/\/schema.org\",\"@graph\":[{\"@type\":\"WebPage\",\"@id\":\"https:\/\/www.yannarthusbertrandphoto.com\/fr\/produit\/lagune-2\/\",\"url\":\"https:\/\/www.yannarthusbertrandphoto.com\/fr\/produit\/lagune-2\/\",\"name\":\"Lagune, Italie - Yann Arthus-Bertrand Photographie\",\"isPartOf\":{\"@id\":\"https:\/\/www.yannarthusbertrandphoto.com\/fr\/#website\"},\"datePublished\":\"2018-04-25T19:01:52+00:00\",\"dateModified\":\"2018-05-28T15:36:40+00:00\",\"description\":\"La lagune de Venise, qui s\u2019\u00e9tend sur 500 km2 entre les c\u00f4tes italiennes et la mer Adriatique, est la plus vaste zone humide d\u2019Italie. Lieu de rencontre des eaux douces et sal\u00e9es, ce mar\u00e9cage n\u00e9 des limons et des sables apport\u00e9s par les fleuves est particuli\u00e8rement riche\",\"breadcrumb\":{\"@id\":\"https:\/\/www.yannarthusbertrandphoto.com\/fr\/produit\/lagune-2\/#breadcrumb\"},\"inLanguage\":\"fr-FR\",\"potentialAction\":[{\"@type\":\"ReadAction\",\"target\":[\"https:\/\/www.yannarthusbertrandphoto.com\/fr\/produit\/lagune-2\/\"]}]},{\"@type\":\"BreadcrumbList\",\"@id\":\"https:\/\/www.yannarthusbertrandphoto.com\/fr\/produit\/lagune-2\/#breadcrumb\",\"itemListElement\":[{\"@type\":\"ListItem\",\"position\":1,\"name\":\"Accueil\",\"item\":\"https:\/\/www.yannarthusbertrandphoto.com\/fr\/\"},{\"@type\":\"ListItem\",\"position\":2,\"name\":\"Shop\",\"item\":\"https:\/\/www.yannarthusbertrandphoto.com\/fr\/shop\/\"},{\"@type\":\"ListItem\",\"position\":3,\"name\":\"Lagune\"}]},{\"@type\":\"WebSite\",\"@id\":\"https:\/\/www.yannarthusbertrandphoto.com\/fr\/#website\",\"url\":\"https:\/\/www.yannarthusbertrandphoto.com\/fr\/\",\"name\":\"Yann Arthus-Bertrand\",\"description\":\"Site officiel d\u00e9di\u00e9 \u00e0 l\u2019\u0153uvre photographique de Yann Arthus-Bertrand\",\"publisher\":{\"@id\":\"https:\/\/www.yannarthusbertrandphoto.com\/fr\/#organization\"},\"potentialAction\":[{\"@type\":\"SearchAction\",\"target\":{\"@type\":\"EntryPoint\",\"urlTemplate\":\"https:\/\/www.yannarthusbertrandphoto.com\/fr\/?s={search_term_string}\"},\"query-input\":\"required name=search_term_string\"}],\"inLanguage\":\"fr-FR\"},{\"@type\":\"Organization\",\"@id\":\"https:\/\/www.yannarthusbertrandphoto.com\/fr\/#organization\",\"name\":\"Alfie Be\",\"url\":\"https:\/\/www.yannarthusbertrandphoto.com\/fr\/\",\"logo\":{\"@type\":\"ImageObject\",\"inLanguage\":\"fr-FR\",\"@id\":\"https:\/\/www.yannarthusbertrandphoto.com\/fr\/#\/schema\/logo\/image\/\",\"url\":\"https:\/\/www.yannarthusbertrandphoto.com\/wp-content\/uploads\/2018\/01\/yab_logo_black.svg\",\"contentUrl\":\"https:\/\/www.yannarthusbertrandphoto.com\/wp-content\/uploads\/2018\/01\/yab_logo_black.svg\",\"caption\":\"Alfie Be\"},\"image\":{\"@id\":\"https:\/\/www.yannarthusbertrandphoto.com\/fr\/#\/schema\/logo\/image\/\"},\"sameAs\":[\"https:\/\/www.instagram.com\/yannarthusbertrand\/\",\"https:\/\/www.youtube.com\/user\/yannarthusbertrand\",\"https:\/\/www.facebook.com\/Y.A.Bertrand\/\",\"https:\/\/twitter.com\/Yann_A_B\"]}]}<\/script>\n<!-- \/ Yoast SEO plugin. -->","yoast_head_json":{"title":"Lagune, Italie - Yann Arthus-Bertrand Photographie","description":"La lagune de Venise, qui s\u2019\u00e9tend sur 500 km2 entre les c\u00f4tes italiennes et la mer Adriatique, est la plus vaste zone humide d\u2019Italie. Lieu de rencontre des eaux douces et sal\u00e9es, ce mar\u00e9cage n\u00e9 des limons et des sables apport\u00e9s par les fleuves est particuli\u00e8rement riche","robots":{"index":"index","follow":"follow","max-snippet":"max-snippet:-1","max-image-preview":"max-image-preview:large","max-video-preview":"max-video-preview:-1"},"canonical":"https:\/\/www.yannarthusbertrandphoto.com\/fr\/produit\/lagune-2\/","og_locale":"fr_FR","og_type":"article","og_title":"Lagune, Italie - Yann Arthus-Bertrand Photographie","og_description":"La lagune de Venise, qui s\u2019\u00e9tend sur 500 km2 entre les c\u00f4tes italiennes et la mer Adriatique, est la plus vaste zone humide d\u2019Italie. Lieu de rencontre des eaux douces et sal\u00e9es, ce mar\u00e9cage n\u00e9 des limons et des sables apport\u00e9s par les fleuves est particuli\u00e8rement riche","og_url":"https:\/\/www.yannarthusbertrandphoto.com\/fr\/produit\/lagune-2\/","og_site_name":"Yann Arthus-Bertrand","article_publisher":"https:\/\/www.facebook.com\/Y.A.Bertrand\/","article_modified_time":"2018-05-28T15:36:40+00:00","og_image":[{"width":2000,"height":1333,"url":"https:\/\/www.yannarthusbertrandphoto.com\/wp-content\/uploads\/2018\/04\/yab_italie_lagoon_yann-arthus-bertrand-photography.jpeg","type":"image\/jpeg"}],"twitter_card":"summary_large_image","twitter_site":"@Yann_A_B","twitter_misc":{"Dur\u00e9e de lecture estim\u00e9e":"1 minute"},"schema":{"@context":"https:\/\/schema.org","@graph":[{"@type":"WebPage","@id":"https:\/\/www.yannarthusbertrandphoto.com\/fr\/produit\/lagune-2\/","url":"https:\/\/www.yannarthusbertrandphoto.com\/fr\/produit\/lagune-2\/","name":"Lagune, Italie - Yann Arthus-Bertrand Photographie","isPartOf":{"@id":"https:\/\/www.yannarthusbertrandphoto.com\/fr\/#website"},"datePublished":"2018-04-25T19:01:52+00:00","dateModified":"2018-05-28T15:36:40+00:00","description":"La lagune de Venise, qui s\u2019\u00e9tend sur 500 km2 entre les c\u00f4tes italiennes et la mer Adriatique, est la plus vaste zone humide d\u2019Italie. Lieu de rencontre des eaux douces et sal\u00e9es, ce mar\u00e9cage n\u00e9 des limons et des sables apport\u00e9s par les fleuves est particuli\u00e8rement riche","breadcrumb":{"@id":"https:\/\/www.yannarthusbertrandphoto.com\/fr\/produit\/lagune-2\/#breadcrumb"},"inLanguage":"fr-FR","potentialAction":[{"@type":"ReadAction","target":["https:\/\/www.yannarthusbertrandphoto.com\/fr\/produit\/lagune-2\/"]}]},{"@type":"BreadcrumbList","@id":"https:\/\/www.yannarthusbertrandphoto.com\/fr\/produit\/lagune-2\/#breadcrumb","itemListElement":[{"@type":"ListItem","position":1,"name":"Accueil","item":"https:\/\/www.yannarthusbertrandphoto.com\/fr\/"},{"@type":"ListItem","position":2,"name":"Shop","item":"https:\/\/www.yannarthusbertrandphoto.com\/fr\/shop\/"},{"@type":"ListItem","position":3,"name":"Lagune"}]},{"@type":"WebSite","@id":"https:\/\/www.yannarthusbertrandphoto.com\/fr\/#website","url":"https:\/\/www.yannarthusbertrandphoto.com\/fr\/","name":"Yann Arthus-Bertrand","description":"Site officiel d\u00e9di\u00e9 \u00e0 l\u2019\u0153uvre photographique de Yann Arthus-Bertrand","publisher":{"@id":"https:\/\/www.yannarthusbertrandphoto.com\/fr\/#organization"},"potentialAction":[{"@type":"SearchAction","target":{"@type":"EntryPoint","urlTemplate":"https:\/\/www.yannarthusbertrandphoto.com\/fr\/?s={search_term_string}"},"query-input":"required name=search_term_string"}],"inLanguage":"fr-FR"},{"@type":"Organization","@id":"https:\/\/www.yannarthusbertrandphoto.com\/fr\/#organization","name":"Alfie Be","url":"https:\/\/www.yannarthusbertrandphoto.com\/fr\/","logo":{"@type":"ImageObject","inLanguage":"fr-FR","@id":"https:\/\/www.yannarthusbertrandphoto.com\/fr\/#\/schema\/logo\/image\/","url":"https:\/\/www.yannarthusbertrandphoto.com\/wp-content\/uploads\/2018\/01\/yab_logo_black.svg","contentUrl":"https:\/\/www.yannarthusbertrandphoto.com\/wp-content\/uploads\/2018\/01\/yab_logo_black.svg","caption":"Alfie Be"},"image":{"@id":"https:\/\/www.yannarthusbertrandphoto.com\/fr\/#\/schema\/logo\/image\/"},"sameAs":["https:\/\/www.instagram.com\/yannarthusbertrand\/","https:\/\/www.youtube.com\/user\/yannarthusbertrand","https:\/\/www.facebook.com\/Y.A.Bertrand\/","https:\/\/twitter.com\/Yann_A_B"]}]}},"_links":{"self":[{"href":"https:\/\/www.yannarthusbertrandphoto.com\/fr\/wp-json\/wp\/v2\/product\/13968"}],"collection":[{"href":"https:\/\/www.yannarthusbertrandphoto.com\/fr\/wp-json\/wp\/v2\/product"}],"about":[{"href":"https:\/\/www.yannarthusbertrandphoto.com\/fr\/wp-json\/wp\/v2\/types\/product"}],"wp:featuredmedia":[{"embeddable":true,"href":"https:\/\/www.yannarthusbertrandphoto.com\/fr\/wp-json\/wp\/v2\/media\/13969"}],"wp:attachment":[{"href":"https:\/\/www.yannarthusbertrandphoto.com\/fr\/wp-json\/wp\/v2\/media?parent=13968"}],"wp:term":[{"taxonomy":"product_cat","embeddable":true,"href":"https:\/\/www.yannarthusbertrandphoto.com\/fr\/wp-json\/wp\/v2\/product_cat?post=13968"},{"taxonomy":"product_tag","embeddable":true,"href":"https:\/\/www.yannarthusbertrandphoto.com\/fr\/wp-json\/wp\/v2\/product_tag?post=13968"}],"curies":[{"name":"wp","href":"https:\/\/api.w.org\/{rel}","templated":true}]}}