{"id":14058,"date":"2018-04-25T21:13:44","date_gmt":"2018-04-25T19:13:44","guid":{"rendered":"https:\/\/www.yannarthusbertrandphoto.com\/?post_type=product&#038;p=14058"},"modified":"2018-05-28T18:06:52","modified_gmt":"2018-05-28T16:06:52","slug":"makoko","status":"publish","type":"product","link":"https:\/\/www.yannarthusbertrandphoto.com\/fr\/produit\/makoko\/","title":{"rendered":"Makoko"},"content":{"rendered":"<p>Situ\u00e9e au bord de l\u2019oc\u00e9an Atlantique et d\u2019une lagune, Lagos est la plus grande ville du Nig\u00e9ria et le principal centre commercial et industriel, mais ne poss\u00e8de aucun attrait touristique. Ancienne capitale du pays, l\u2019agglom\u00e9ration souffre d\u2019un accroissement d\u00e9mographique d\u00e9mesur\u00e9 depuis son ind\u00e9pendance en 1960 et compte aujourd\u2019hui 9 millions d\u2019habitants. Un pont de 10 kilom\u00e8tres, le Third Mainland Bridge, qui relie les quartiers d\u2019affaires du centre-ville situ\u00e9s sur l\u2019\u00eele de Lagos \u00e0 l\u2019a\u00e9roport surplombe Makoko, un bidonville sur la lagune.<\/p>\n<p>Des p\u00eacheurs, venus chercher fortune depuis la fronti\u00e8re du B\u00e9nin, s\u2019y sont entass\u00e9s dans des cabanes sur pilotis o\u00f9 l\u2019on ne peut se rendre qu\u2019en pirogue. A Makoko o\u00f9 vivent plus de 100 000 personnes, il n\u2019y a ni eau courante, ni \u00e9lectricit\u00e9, ni assainissement. Premier pays africain producteur de p\u00e9trole par le volume de sa production avec 2,6 millions de barils\/jour en 2010, le Nig\u00e9ria demeure relativement pauvre.<\/p>\n<p>Ce pays qui est le plus peupl\u00e9 d\u2019Afrique avec 155 millions d\u2019habitants a officiellement (en r\u00e9alit\u00e9 sans doute beaucoup moins) une capacit\u00e9 de production d\u2019\u00e9lectricit\u00e9 de 5 900 MW pour l\u2019ensemble de son territoire : face aux coupures incessantes, usines, entreprises et h\u00f4pitaux doivent le plus souvent recourir \u00e0 de co\u00fbteux et polluants g\u00e9n\u00e9rateurs diesel.<\/p>\n","protected":false},"excerpt":{"rendered":"<p>Bidonville de Makoko, lagune de Lagos, \u00e9tat de Lagos, Nig\u00e9ria (6\u00b029\u2019N &#8211; 3\u00b023\u2019E).<\/p>\n","protected":false},"featured_media":14059,"template":"","meta":{"inline_featured_image":false},"product_cat":[212],"product_tag":[],"yoast_head":"<!-- This site is optimized with the Yoast SEO plugin v19.10 - https:\/\/yoast.com\/wordpress\/plugins\/seo\/ -->\n<title>Makoko, Nig\u00e9ria - Yann Arthus-Bertrand Photographie<\/title>\n<meta name=\"description\" content=\"Situ\u00e9e au bord de l\u2019oc\u00e9an Atlantique et d\u2019une lagune, Lagos est la plus grande ville du Nig\u00e9ria et le principal centre commercial et industriel, mais ne poss\u00e8de aucun attrait touristique. Ancienne capitale du pays, l\u2019agglom\u00e9ration souffre d\u2019un accroissement d\u00e9mographique d\u00e9mesur\u00e9 depuis son ind\u00e9pendance en 1960\" \/>\n<meta name=\"robots\" content=\"index, follow, max-snippet:-1, max-image-preview:large, max-video-preview:-1\" \/>\n<link rel=\"canonical\" href=\"https:\/\/www.yannarthusbertrandphoto.com\/fr\/produit\/makoko\/\" \/>\n<meta property=\"og:locale\" content=\"fr_FR\" \/>\n<meta property=\"og:type\" content=\"article\" \/>\n<meta property=\"og:title\" content=\"Makoko, Nig\u00e9ria - Yann Arthus-Bertrand Photographie\" \/>\n<meta property=\"og:description\" content=\"Situ\u00e9e au bord de l\u2019oc\u00e9an Atlantique et d\u2019une lagune, Lagos est la plus grande ville du Nig\u00e9ria et le principal centre commercial et industriel, mais ne poss\u00e8de aucun attrait touristique. Ancienne capitale du pays, l\u2019agglom\u00e9ration souffre d\u2019un accroissement d\u00e9mographique d\u00e9mesur\u00e9 depuis son ind\u00e9pendance en 1960\" \/>\n<meta property=\"og:url\" content=\"https:\/\/www.yannarthusbertrandphoto.com\/fr\/produit\/makoko\/\" \/>\n<meta property=\"og:site_name\" content=\"Yann Arthus-Bertrand\" \/>\n<meta property=\"article:publisher\" content=\"https:\/\/www.facebook.com\/Y.A.Bertrand\/\" \/>\n<meta property=\"article:modified_time\" content=\"2018-05-28T16:06:52+00:00\" \/>\n<meta property=\"og:image\" content=\"https:\/\/www.yannarthusbertrandphoto.com\/wp-content\/uploads\/2018\/04\/yab_nigeria_makoko_yann-arthus-bertrand-photographie.jpeg\" \/>\n\t<meta property=\"og:image:width\" content=\"2000\" \/>\n\t<meta property=\"og:image:height\" content=\"1333\" \/>\n\t<meta property=\"og:image:type\" content=\"image\/jpeg\" \/>\n<meta name=\"twitter:card\" content=\"summary_large_image\" \/>\n<meta name=\"twitter:site\" content=\"@Yann_A_B\" \/>\n<meta name=\"twitter:label1\" content=\"Dur\u00e9e de lecture estim\u00e9e\" \/>\n\t<meta name=\"twitter:data1\" content=\"1 minute\" \/>\n<script type=\"application\/ld+json\" class=\"yoast-schema-graph\">{\"@context\":\"https:\/\/schema.org\",\"@graph\":[{\"@type\":\"WebPage\",\"@id\":\"https:\/\/www.yannarthusbertrandphoto.com\/fr\/produit\/makoko\/\",\"url\":\"https:\/\/www.yannarthusbertrandphoto.com\/fr\/produit\/makoko\/\",\"name\":\"Makoko, Nig\u00e9ria - Yann Arthus-Bertrand Photographie\",\"isPartOf\":{\"@id\":\"https:\/\/www.yannarthusbertrandphoto.com\/fr\/#website\"},\"datePublished\":\"2018-04-25T19:13:44+00:00\",\"dateModified\":\"2018-05-28T16:06:52+00:00\",\"description\":\"Situ\u00e9e au bord de l\u2019oc\u00e9an Atlantique et d\u2019une lagune, Lagos est la plus grande ville du Nig\u00e9ria et le principal centre commercial et industriel, mais ne poss\u00e8de aucun attrait touristique. Ancienne capitale du pays, l\u2019agglom\u00e9ration souffre d\u2019un accroissement d\u00e9mographique d\u00e9mesur\u00e9 depuis son ind\u00e9pendance en 1960\",\"breadcrumb\":{\"@id\":\"https:\/\/www.yannarthusbertrandphoto.com\/fr\/produit\/makoko\/#breadcrumb\"},\"inLanguage\":\"fr-FR\",\"potentialAction\":[{\"@type\":\"ReadAction\",\"target\":[\"https:\/\/www.yannarthusbertrandphoto.com\/fr\/produit\/makoko\/\"]}]},{\"@type\":\"BreadcrumbList\",\"@id\":\"https:\/\/www.yannarthusbertrandphoto.com\/fr\/produit\/makoko\/#breadcrumb\",\"itemListElement\":[{\"@type\":\"ListItem\",\"position\":1,\"name\":\"Accueil\",\"item\":\"https:\/\/www.yannarthusbertrandphoto.com\/fr\/\"},{\"@type\":\"ListItem\",\"position\":2,\"name\":\"Shop\",\"item\":\"https:\/\/www.yannarthusbertrandphoto.com\/fr\/shop\/\"},{\"@type\":\"ListItem\",\"position\":3,\"name\":\"Makoko\"}]},{\"@type\":\"WebSite\",\"@id\":\"https:\/\/www.yannarthusbertrandphoto.com\/fr\/#website\",\"url\":\"https:\/\/www.yannarthusbertrandphoto.com\/fr\/\",\"name\":\"Yann Arthus-Bertrand\",\"description\":\"Site officiel d\u00e9di\u00e9 \u00e0 l\u2019\u0153uvre photographique de Yann Arthus-Bertrand\",\"publisher\":{\"@id\":\"https:\/\/www.yannarthusbertrandphoto.com\/fr\/#organization\"},\"potentialAction\":[{\"@type\":\"SearchAction\",\"target\":{\"@type\":\"EntryPoint\",\"urlTemplate\":\"https:\/\/www.yannarthusbertrandphoto.com\/fr\/?s={search_term_string}\"},\"query-input\":\"required name=search_term_string\"}],\"inLanguage\":\"fr-FR\"},{\"@type\":\"Organization\",\"@id\":\"https:\/\/www.yannarthusbertrandphoto.com\/fr\/#organization\",\"name\":\"Alfie Be\",\"url\":\"https:\/\/www.yannarthusbertrandphoto.com\/fr\/\",\"logo\":{\"@type\":\"ImageObject\",\"inLanguage\":\"fr-FR\",\"@id\":\"https:\/\/www.yannarthusbertrandphoto.com\/fr\/#\/schema\/logo\/image\/\",\"url\":\"https:\/\/www.yannarthusbertrandphoto.com\/wp-content\/uploads\/2018\/01\/yab_logo_black.svg\",\"contentUrl\":\"https:\/\/www.yannarthusbertrandphoto.com\/wp-content\/uploads\/2018\/01\/yab_logo_black.svg\",\"caption\":\"Alfie Be\"},\"image\":{\"@id\":\"https:\/\/www.yannarthusbertrandphoto.com\/fr\/#\/schema\/logo\/image\/\"},\"sameAs\":[\"https:\/\/www.instagram.com\/yannarthusbertrand\/\",\"https:\/\/www.youtube.com\/user\/yannarthusbertrand\",\"https:\/\/www.facebook.com\/Y.A.Bertrand\/\",\"https:\/\/twitter.com\/Yann_A_B\"]}]}<\/script>\n<!-- \/ Yoast SEO plugin. -->","yoast_head_json":{"title":"Makoko, Nig\u00e9ria - Yann Arthus-Bertrand Photographie","description":"Situ\u00e9e au bord de l\u2019oc\u00e9an Atlantique et d\u2019une lagune, Lagos est la plus grande ville du Nig\u00e9ria et le principal centre commercial et industriel, mais ne poss\u00e8de aucun attrait touristique. Ancienne capitale du pays, l\u2019agglom\u00e9ration souffre d\u2019un accroissement d\u00e9mographique d\u00e9mesur\u00e9 depuis son ind\u00e9pendance en 1960","robots":{"index":"index","follow":"follow","max-snippet":"max-snippet:-1","max-image-preview":"max-image-preview:large","max-video-preview":"max-video-preview:-1"},"canonical":"https:\/\/www.yannarthusbertrandphoto.com\/fr\/produit\/makoko\/","og_locale":"fr_FR","og_type":"article","og_title":"Makoko, Nig\u00e9ria - Yann Arthus-Bertrand Photographie","og_description":"Situ\u00e9e au bord de l\u2019oc\u00e9an Atlantique et d\u2019une lagune, Lagos est la plus grande ville du Nig\u00e9ria et le principal centre commercial et industriel, mais ne poss\u00e8de aucun attrait touristique. Ancienne capitale du pays, l\u2019agglom\u00e9ration souffre d\u2019un accroissement d\u00e9mographique d\u00e9mesur\u00e9 depuis son ind\u00e9pendance en 1960","og_url":"https:\/\/www.yannarthusbertrandphoto.com\/fr\/produit\/makoko\/","og_site_name":"Yann Arthus-Bertrand","article_publisher":"https:\/\/www.facebook.com\/Y.A.Bertrand\/","article_modified_time":"2018-05-28T16:06:52+00:00","og_image":[{"width":2000,"height":1333,"url":"https:\/\/www.yannarthusbertrandphoto.com\/wp-content\/uploads\/2018\/04\/yab_nigeria_makoko_yann-arthus-bertrand-photographie.jpeg","type":"image\/jpeg"}],"twitter_card":"summary_large_image","twitter_site":"@Yann_A_B","twitter_misc":{"Dur\u00e9e de lecture estim\u00e9e":"1 minute"},"schema":{"@context":"https:\/\/schema.org","@graph":[{"@type":"WebPage","@id":"https:\/\/www.yannarthusbertrandphoto.com\/fr\/produit\/makoko\/","url":"https:\/\/www.yannarthusbertrandphoto.com\/fr\/produit\/makoko\/","name":"Makoko, Nig\u00e9ria - Yann Arthus-Bertrand Photographie","isPartOf":{"@id":"https:\/\/www.yannarthusbertrandphoto.com\/fr\/#website"},"datePublished":"2018-04-25T19:13:44+00:00","dateModified":"2018-05-28T16:06:52+00:00","description":"Situ\u00e9e au bord de l\u2019oc\u00e9an Atlantique et d\u2019une lagune, Lagos est la plus grande ville du Nig\u00e9ria et le principal centre commercial et industriel, mais ne poss\u00e8de aucun attrait touristique. Ancienne capitale du pays, l\u2019agglom\u00e9ration souffre d\u2019un accroissement d\u00e9mographique d\u00e9mesur\u00e9 depuis son ind\u00e9pendance en 1960","breadcrumb":{"@id":"https:\/\/www.yannarthusbertrandphoto.com\/fr\/produit\/makoko\/#breadcrumb"},"inLanguage":"fr-FR","potentialAction":[{"@type":"ReadAction","target":["https:\/\/www.yannarthusbertrandphoto.com\/fr\/produit\/makoko\/"]}]},{"@type":"BreadcrumbList","@id":"https:\/\/www.yannarthusbertrandphoto.com\/fr\/produit\/makoko\/#breadcrumb","itemListElement":[{"@type":"ListItem","position":1,"name":"Accueil","item":"https:\/\/www.yannarthusbertrandphoto.com\/fr\/"},{"@type":"ListItem","position":2,"name":"Shop","item":"https:\/\/www.yannarthusbertrandphoto.com\/fr\/shop\/"},{"@type":"ListItem","position":3,"name":"Makoko"}]},{"@type":"WebSite","@id":"https:\/\/www.yannarthusbertrandphoto.com\/fr\/#website","url":"https:\/\/www.yannarthusbertrandphoto.com\/fr\/","name":"Yann Arthus-Bertrand","description":"Site officiel d\u00e9di\u00e9 \u00e0 l\u2019\u0153uvre photographique de Yann Arthus-Bertrand","publisher":{"@id":"https:\/\/www.yannarthusbertrandphoto.com\/fr\/#organization"},"potentialAction":[{"@type":"SearchAction","target":{"@type":"EntryPoint","urlTemplate":"https:\/\/www.yannarthusbertrandphoto.com\/fr\/?s={search_term_string}"},"query-input":"required name=search_term_string"}],"inLanguage":"fr-FR"},{"@type":"Organization","@id":"https:\/\/www.yannarthusbertrandphoto.com\/fr\/#organization","name":"Alfie Be","url":"https:\/\/www.yannarthusbertrandphoto.com\/fr\/","logo":{"@type":"ImageObject","inLanguage":"fr-FR","@id":"https:\/\/www.yannarthusbertrandphoto.com\/fr\/#\/schema\/logo\/image\/","url":"https:\/\/www.yannarthusbertrandphoto.com\/wp-content\/uploads\/2018\/01\/yab_logo_black.svg","contentUrl":"https:\/\/www.yannarthusbertrandphoto.com\/wp-content\/uploads\/2018\/01\/yab_logo_black.svg","caption":"Alfie Be"},"image":{"@id":"https:\/\/www.yannarthusbertrandphoto.com\/fr\/#\/schema\/logo\/image\/"},"sameAs":["https:\/\/www.instagram.com\/yannarthusbertrand\/","https:\/\/www.youtube.com\/user\/yannarthusbertrand","https:\/\/www.facebook.com\/Y.A.Bertrand\/","https:\/\/twitter.com\/Yann_A_B"]}]}},"_links":{"self":[{"href":"https:\/\/www.yannarthusbertrandphoto.com\/fr\/wp-json\/wp\/v2\/product\/14058"}],"collection":[{"href":"https:\/\/www.yannarthusbertrandphoto.com\/fr\/wp-json\/wp\/v2\/product"}],"about":[{"href":"https:\/\/www.yannarthusbertrandphoto.com\/fr\/wp-json\/wp\/v2\/types\/product"}],"wp:featuredmedia":[{"embeddable":true,"href":"https:\/\/www.yannarthusbertrandphoto.com\/fr\/wp-json\/wp\/v2\/media\/14059"}],"wp:attachment":[{"href":"https:\/\/www.yannarthusbertrandphoto.com\/fr\/wp-json\/wp\/v2\/media?parent=14058"}],"wp:term":[{"taxonomy":"product_cat","embeddable":true,"href":"https:\/\/www.yannarthusbertrandphoto.com\/fr\/wp-json\/wp\/v2\/product_cat?post=14058"},{"taxonomy":"product_tag","embeddable":true,"href":"https:\/\/www.yannarthusbertrandphoto.com\/fr\/wp-json\/wp\/v2\/product_tag?post=14058"}],"curies":[{"name":"wp","href":"https:\/\/api.w.org\/{rel}","templated":true}]}}