{"id":14193,"date":"2018-04-25T21:23:10","date_gmt":"2018-04-25T19:23:10","guid":{"rendered":"https:\/\/www.yannarthusbertrandphoto.com\/?post_type=product&#038;p=14193"},"modified":"2018-05-28T18:19:45","modified_gmt":"2018-05-28T16:19:45","slug":"brown","status":"publish","type":"product","link":"https:\/\/www.yannarthusbertrandphoto.com\/fr\/produit\/brown\/","title":{"rendered":"Brown"},"content":{"rendered":"<p>Situ\u00e9s au c\u0153ur d\u2019un champ p\u00e9trolier, les greens (\u00ab verts \u00bb en anglais) du golf de Dukhan ne m\u00e9ritent pas vraiment leur nom. Il faudrait plut\u00f4t les rebaptiser \u00ab browns \u00bb (\u00ab marron \u00bb en anglais). Les parcours dessin\u00e9s \u00e0 m\u00eame le sol, ne n\u00e9cessitent aucun entretien et, surtout, aucun arrosage. Les browns sont \u00e9cologiques, parfaitement adapt\u00e9s \u00e0 ce pays au climat aride o\u00f9 il ne pleut pas pendant six mois et o\u00f9 l\u2019eau douce provient du dessalement de l\u2019eau de mer.<\/p>\n<p>Mais, soucieuses de d\u00e9velopper un tourisme haut de gamme, les autorit\u00e9s de l\u2019\u00e9mirat semblent avoir oubli\u00e9 les principes des browns. Ainsi, le nouveau golf de Doha, la capitale qatarie, est l\u2019antith\u00e8se du golf de Dukhan. Ses 150 hectares ont n\u00e9cessit\u00e9 le creusement de huit lacs d\u2019eau douce ou sal\u00e9e, la plantation de 10 000 palmiers, l\u2019importation de cactus g\u00e9ants des \u00c9tats-Unis. Et afin de r\u00e9pondre aux standards internationaux, les greens arros\u00e9s en permanence sont d\u2019un vert \u00e9tincelant.<\/p>\n<p>Quand les instances du golf comprendront-elles que ce sport invent\u00e9 par des bergers \u00e9cossais pour se distraire devrait se pratiquer, conform\u00e9ment \u00e0 ses origines, sur des terrains naturels, sans engrais et sans arrosage?<\/p>\n","protected":false},"excerpt":{"rendered":"<p>Golf sur sable \u00e0 Dukhan, province d\u2019Al Jemailiya, Qatar (25\u00b025&prime; N \u2013 50\u00b047&prime; E).<\/p>\n","protected":false},"featured_media":14194,"template":"","meta":{"inline_featured_image":false},"product_cat":[212],"product_tag":[],"yoast_head":"<!-- This site is optimized with the Yoast SEO plugin v19.10 - https:\/\/yoast.com\/wordpress\/plugins\/seo\/ -->\n<title>Brown, Qatar - Yann Arthus-Bertrand Photographie<\/title>\n<meta name=\"description\" content=\"Situ\u00e9s au c\u0153ur d\u2019un champ p\u00e9trolier, les greens (\u00ab verts \u00bb en anglais) du golf de Dukhan ne m\u00e9ritent pas vraiment leur nom. Il faudrait plut\u00f4t les rebaptiser \u00ab browns \u00bb (\u00ab marron \u00bb en anglais). Les parcours dessin\u00e9s \u00e0 m\u00eame le sol, ne n\u00e9cessitent aucun entretien et, surtout, aucun arrosage.\" \/>\n<meta name=\"robots\" content=\"index, follow, max-snippet:-1, max-image-preview:large, max-video-preview:-1\" \/>\n<link rel=\"canonical\" href=\"https:\/\/www.yannarthusbertrandphoto.com\/fr\/produit\/brown\/\" \/>\n<meta property=\"og:locale\" content=\"fr_FR\" \/>\n<meta property=\"og:type\" content=\"article\" \/>\n<meta property=\"og:title\" content=\"Brown, Qatar - Yann Arthus-Bertrand Photographie\" \/>\n<meta property=\"og:description\" content=\"Situ\u00e9s au c\u0153ur d\u2019un champ p\u00e9trolier, les greens (\u00ab verts \u00bb en anglais) du golf de Dukhan ne m\u00e9ritent pas vraiment leur nom. Il faudrait plut\u00f4t les rebaptiser \u00ab browns \u00bb (\u00ab marron \u00bb en anglais). Les parcours dessin\u00e9s \u00e0 m\u00eame le sol, ne n\u00e9cessitent aucun entretien et, surtout, aucun arrosage.\" \/>\n<meta property=\"og:url\" content=\"https:\/\/www.yannarthusbertrandphoto.com\/fr\/produit\/brown\/\" \/>\n<meta property=\"og:site_name\" content=\"Yann Arthus-Bertrand\" \/>\n<meta property=\"article:publisher\" content=\"https:\/\/www.facebook.com\/Y.A.Bertrand\/\" \/>\n<meta property=\"article:modified_time\" content=\"2018-05-28T16:19:45+00:00\" \/>\n<meta property=\"og:image\" content=\"https:\/\/www.yannarthusbertrandphoto.com\/wp-content\/uploads\/2018\/04\/yab_qatar_brown_yann-arthus-bertrand-photographie.jpeg\" \/>\n\t<meta property=\"og:image:width\" content=\"2000\" \/>\n\t<meta property=\"og:image:height\" content=\"1333\" \/>\n\t<meta property=\"og:image:type\" content=\"image\/jpeg\" \/>\n<meta name=\"twitter:card\" content=\"summary_large_image\" \/>\n<meta name=\"twitter:site\" content=\"@Yann_A_B\" \/>\n<meta name=\"twitter:label1\" content=\"Dur\u00e9e de lecture estim\u00e9e\" \/>\n\t<meta name=\"twitter:data1\" content=\"1 minute\" \/>\n<script type=\"application\/ld+json\" class=\"yoast-schema-graph\">{\"@context\":\"https:\/\/schema.org\",\"@graph\":[{\"@type\":\"WebPage\",\"@id\":\"https:\/\/www.yannarthusbertrandphoto.com\/fr\/produit\/brown\/\",\"url\":\"https:\/\/www.yannarthusbertrandphoto.com\/fr\/produit\/brown\/\",\"name\":\"Brown, Qatar - Yann Arthus-Bertrand Photographie\",\"isPartOf\":{\"@id\":\"https:\/\/www.yannarthusbertrandphoto.com\/fr\/#website\"},\"datePublished\":\"2018-04-25T19:23:10+00:00\",\"dateModified\":\"2018-05-28T16:19:45+00:00\",\"description\":\"Situ\u00e9s au c\u0153ur d\u2019un champ p\u00e9trolier, les greens (\u00ab verts \u00bb en anglais) du golf de Dukhan ne m\u00e9ritent pas vraiment leur nom. Il faudrait plut\u00f4t les rebaptiser \u00ab browns \u00bb (\u00ab marron \u00bb en anglais). Les parcours dessin\u00e9s \u00e0 m\u00eame le sol, ne n\u00e9cessitent aucun entretien et, surtout, aucun arrosage.\",\"breadcrumb\":{\"@id\":\"https:\/\/www.yannarthusbertrandphoto.com\/fr\/produit\/brown\/#breadcrumb\"},\"inLanguage\":\"fr-FR\",\"potentialAction\":[{\"@type\":\"ReadAction\",\"target\":[\"https:\/\/www.yannarthusbertrandphoto.com\/fr\/produit\/brown\/\"]}]},{\"@type\":\"BreadcrumbList\",\"@id\":\"https:\/\/www.yannarthusbertrandphoto.com\/fr\/produit\/brown\/#breadcrumb\",\"itemListElement\":[{\"@type\":\"ListItem\",\"position\":1,\"name\":\"Accueil\",\"item\":\"https:\/\/www.yannarthusbertrandphoto.com\/fr\/\"},{\"@type\":\"ListItem\",\"position\":2,\"name\":\"Shop\",\"item\":\"https:\/\/www.yannarthusbertrandphoto.com\/fr\/shop\/\"},{\"@type\":\"ListItem\",\"position\":3,\"name\":\"Brown\"}]},{\"@type\":\"WebSite\",\"@id\":\"https:\/\/www.yannarthusbertrandphoto.com\/fr\/#website\",\"url\":\"https:\/\/www.yannarthusbertrandphoto.com\/fr\/\",\"name\":\"Yann Arthus-Bertrand\",\"description\":\"Site officiel d\u00e9di\u00e9 \u00e0 l\u2019\u0153uvre photographique de Yann Arthus-Bertrand\",\"publisher\":{\"@id\":\"https:\/\/www.yannarthusbertrandphoto.com\/fr\/#organization\"},\"potentialAction\":[{\"@type\":\"SearchAction\",\"target\":{\"@type\":\"EntryPoint\",\"urlTemplate\":\"https:\/\/www.yannarthusbertrandphoto.com\/fr\/?s={search_term_string}\"},\"query-input\":\"required name=search_term_string\"}],\"inLanguage\":\"fr-FR\"},{\"@type\":\"Organization\",\"@id\":\"https:\/\/www.yannarthusbertrandphoto.com\/fr\/#organization\",\"name\":\"Alfie Be\",\"url\":\"https:\/\/www.yannarthusbertrandphoto.com\/fr\/\",\"logo\":{\"@type\":\"ImageObject\",\"inLanguage\":\"fr-FR\",\"@id\":\"https:\/\/www.yannarthusbertrandphoto.com\/fr\/#\/schema\/logo\/image\/\",\"url\":\"https:\/\/www.yannarthusbertrandphoto.com\/wp-content\/uploads\/2018\/01\/yab_logo_black.svg\",\"contentUrl\":\"https:\/\/www.yannarthusbertrandphoto.com\/wp-content\/uploads\/2018\/01\/yab_logo_black.svg\",\"caption\":\"Alfie Be\"},\"image\":{\"@id\":\"https:\/\/www.yannarthusbertrandphoto.com\/fr\/#\/schema\/logo\/image\/\"},\"sameAs\":[\"https:\/\/www.instagram.com\/yannarthusbertrand\/\",\"https:\/\/www.youtube.com\/user\/yannarthusbertrand\",\"https:\/\/www.facebook.com\/Y.A.Bertrand\/\",\"https:\/\/twitter.com\/Yann_A_B\"]}]}<\/script>\n<!-- \/ Yoast SEO plugin. -->","yoast_head_json":{"title":"Brown, Qatar - Yann Arthus-Bertrand Photographie","description":"Situ\u00e9s au c\u0153ur d\u2019un champ p\u00e9trolier, les greens (\u00ab verts \u00bb en anglais) du golf de Dukhan ne m\u00e9ritent pas vraiment leur nom. Il faudrait plut\u00f4t les rebaptiser \u00ab browns \u00bb (\u00ab marron \u00bb en anglais). Les parcours dessin\u00e9s \u00e0 m\u00eame le sol, ne n\u00e9cessitent aucun entretien et, surtout, aucun arrosage.","robots":{"index":"index","follow":"follow","max-snippet":"max-snippet:-1","max-image-preview":"max-image-preview:large","max-video-preview":"max-video-preview:-1"},"canonical":"https:\/\/www.yannarthusbertrandphoto.com\/fr\/produit\/brown\/","og_locale":"fr_FR","og_type":"article","og_title":"Brown, Qatar - Yann Arthus-Bertrand Photographie","og_description":"Situ\u00e9s au c\u0153ur d\u2019un champ p\u00e9trolier, les greens (\u00ab verts \u00bb en anglais) du golf de Dukhan ne m\u00e9ritent pas vraiment leur nom. Il faudrait plut\u00f4t les rebaptiser \u00ab browns \u00bb (\u00ab marron \u00bb en anglais). Les parcours dessin\u00e9s \u00e0 m\u00eame le sol, ne n\u00e9cessitent aucun entretien et, surtout, aucun arrosage.","og_url":"https:\/\/www.yannarthusbertrandphoto.com\/fr\/produit\/brown\/","og_site_name":"Yann Arthus-Bertrand","article_publisher":"https:\/\/www.facebook.com\/Y.A.Bertrand\/","article_modified_time":"2018-05-28T16:19:45+00:00","og_image":[{"width":2000,"height":1333,"url":"https:\/\/www.yannarthusbertrandphoto.com\/wp-content\/uploads\/2018\/04\/yab_qatar_brown_yann-arthus-bertrand-photographie.jpeg","type":"image\/jpeg"}],"twitter_card":"summary_large_image","twitter_site":"@Yann_A_B","twitter_misc":{"Dur\u00e9e de lecture estim\u00e9e":"1 minute"},"schema":{"@context":"https:\/\/schema.org","@graph":[{"@type":"WebPage","@id":"https:\/\/www.yannarthusbertrandphoto.com\/fr\/produit\/brown\/","url":"https:\/\/www.yannarthusbertrandphoto.com\/fr\/produit\/brown\/","name":"Brown, Qatar - Yann Arthus-Bertrand Photographie","isPartOf":{"@id":"https:\/\/www.yannarthusbertrandphoto.com\/fr\/#website"},"datePublished":"2018-04-25T19:23:10+00:00","dateModified":"2018-05-28T16:19:45+00:00","description":"Situ\u00e9s au c\u0153ur d\u2019un champ p\u00e9trolier, les greens (\u00ab verts \u00bb en anglais) du golf de Dukhan ne m\u00e9ritent pas vraiment leur nom. Il faudrait plut\u00f4t les rebaptiser \u00ab browns \u00bb (\u00ab marron \u00bb en anglais). Les parcours dessin\u00e9s \u00e0 m\u00eame le sol, ne n\u00e9cessitent aucun entretien et, surtout, aucun arrosage.","breadcrumb":{"@id":"https:\/\/www.yannarthusbertrandphoto.com\/fr\/produit\/brown\/#breadcrumb"},"inLanguage":"fr-FR","potentialAction":[{"@type":"ReadAction","target":["https:\/\/www.yannarthusbertrandphoto.com\/fr\/produit\/brown\/"]}]},{"@type":"BreadcrumbList","@id":"https:\/\/www.yannarthusbertrandphoto.com\/fr\/produit\/brown\/#breadcrumb","itemListElement":[{"@type":"ListItem","position":1,"name":"Accueil","item":"https:\/\/www.yannarthusbertrandphoto.com\/fr\/"},{"@type":"ListItem","position":2,"name":"Shop","item":"https:\/\/www.yannarthusbertrandphoto.com\/fr\/shop\/"},{"@type":"ListItem","position":3,"name":"Brown"}]},{"@type":"WebSite","@id":"https:\/\/www.yannarthusbertrandphoto.com\/fr\/#website","url":"https:\/\/www.yannarthusbertrandphoto.com\/fr\/","name":"Yann Arthus-Bertrand","description":"Site officiel d\u00e9di\u00e9 \u00e0 l\u2019\u0153uvre photographique de Yann Arthus-Bertrand","publisher":{"@id":"https:\/\/www.yannarthusbertrandphoto.com\/fr\/#organization"},"potentialAction":[{"@type":"SearchAction","target":{"@type":"EntryPoint","urlTemplate":"https:\/\/www.yannarthusbertrandphoto.com\/fr\/?s={search_term_string}"},"query-input":"required name=search_term_string"}],"inLanguage":"fr-FR"},{"@type":"Organization","@id":"https:\/\/www.yannarthusbertrandphoto.com\/fr\/#organization","name":"Alfie Be","url":"https:\/\/www.yannarthusbertrandphoto.com\/fr\/","logo":{"@type":"ImageObject","inLanguage":"fr-FR","@id":"https:\/\/www.yannarthusbertrandphoto.com\/fr\/#\/schema\/logo\/image\/","url":"https:\/\/www.yannarthusbertrandphoto.com\/wp-content\/uploads\/2018\/01\/yab_logo_black.svg","contentUrl":"https:\/\/www.yannarthusbertrandphoto.com\/wp-content\/uploads\/2018\/01\/yab_logo_black.svg","caption":"Alfie Be"},"image":{"@id":"https:\/\/www.yannarthusbertrandphoto.com\/fr\/#\/schema\/logo\/image\/"},"sameAs":["https:\/\/www.instagram.com\/yannarthusbertrand\/","https:\/\/www.youtube.com\/user\/yannarthusbertrand","https:\/\/www.facebook.com\/Y.A.Bertrand\/","https:\/\/twitter.com\/Yann_A_B"]}]}},"_links":{"self":[{"href":"https:\/\/www.yannarthusbertrandphoto.com\/fr\/wp-json\/wp\/v2\/product\/14193"}],"collection":[{"href":"https:\/\/www.yannarthusbertrandphoto.com\/fr\/wp-json\/wp\/v2\/product"}],"about":[{"href":"https:\/\/www.yannarthusbertrandphoto.com\/fr\/wp-json\/wp\/v2\/types\/product"}],"wp:featuredmedia":[{"embeddable":true,"href":"https:\/\/www.yannarthusbertrandphoto.com\/fr\/wp-json\/wp\/v2\/media\/14194"}],"wp:attachment":[{"href":"https:\/\/www.yannarthusbertrandphoto.com\/fr\/wp-json\/wp\/v2\/media?parent=14193"}],"wp:term":[{"taxonomy":"product_cat","embeddable":true,"href":"https:\/\/www.yannarthusbertrandphoto.com\/fr\/wp-json\/wp\/v2\/product_cat?post=14193"},{"taxonomy":"product_tag","embeddable":true,"href":"https:\/\/www.yannarthusbertrandphoto.com\/fr\/wp-json\/wp\/v2\/product_tag?post=14193"}],"curies":[{"name":"wp","href":"https:\/\/api.w.org\/{rel}","templated":true}]}}