{"id":14238,"date":"2018-04-25T21:28:58","date_gmt":"2018-04-25T19:28:58","guid":{"rendered":"https:\/\/www.yannarthusbertrandphoto.com\/?post_type=product&#038;p=14238"},"modified":"2018-05-28T18:22:31","modified_gmt":"2018-05-28T16:22:31","slug":"cheval-blanc","status":"publish","type":"product","link":"https:\/\/www.yannarthusbertrandphoto.com\/fr\/produit\/cheval-blanc\/","title":{"rendered":"Cheval Blanc"},"content":{"rendered":"<p>Grav\u00e9e dans la craie d\u2019une colline de la province de l\u2019Oxfordshire, \u00e0 l\u2019ouest de Londres, la silhouette d\u2019un cheval d\u2019une longueur de 111 m se d\u00e9tache en contrebas des ruines du ch\u00e2teau d\u2019Uffington. Sa similitude avec le dessin ornant d\u2019antiques pi\u00e8ces de monnaie sugg\u00e8re qu\u2019elle ait \u00e9t\u00e9 r\u00e9alis\u00e9e par les Celtes de l\u2019\u00e2ge du fer, aux environs de l\u2019an 100 av. J.-C. La tradition locale voit dans cette repr\u00e9sentation stylis\u00e9e l\u2019image d\u2019un dragon, dessin\u00e9 en hommage \u00e0 Saint-Georges qui, selon la l\u00e9gende, aurait terrass\u00e9 le monstre sur une colline toute proche.<\/p>\n<p>Mais l\u2019hypoth\u00e8se la plus vraisemblable est celle d\u2019une gravure d\u00e9di\u00e9e au culte de la d\u00e9esse celte Epona, qui \u00e9tait g\u00e9n\u00e9ralement repr\u00e9sent\u00e9e sous les traits d\u2019un cheval. Une dizaine d\u2019autres chevaux blancs, dont le trac\u00e9 est r\u00e9guli\u00e8rement entretenu, ornent les collines de la r\u00e9gion et du Wiltshire voisin, illustrant une habitude imm\u00e9moriale de l\u2019homme de tracer dans le paysage la repr\u00e9sentation de sa puissance ou de ses r\u00eaves.<\/p>\n","protected":false},"excerpt":{"rendered":"<p>Cheval blanc d\u2019Uffington, Oxfordshire, Angleterre (51\u00b034\u2019N &#8211; 1\u00b034\u2019O).<\/p>\n","protected":false},"featured_media":14239,"template":"","meta":{"inline_featured_image":false},"product_cat":[212],"product_tag":[],"yoast_head":"<!-- This site is optimized with the Yoast SEO plugin v19.10 - https:\/\/yoast.com\/wordpress\/plugins\/seo\/ -->\n<title>Cheval Blanc, Royaume-Uni - Yann Arthus-Bertrand Photographie<\/title>\n<meta name=\"description\" content=\"Grav\u00e9e dans la craie d\u2019une colline de la province de l\u2019Oxfordshire, \u00e0 l\u2019ouest de Londres, la silhouette d\u2019un cheval d\u2019une longueur de 111 m se d\u00e9tache en contrebas des ruines du ch\u00e2teau d\u2019Uffington. Sa similitude avec le dessin ornant d\u2019antiques pi\u00e8ces de monnaie\" \/>\n<meta name=\"robots\" content=\"index, follow, max-snippet:-1, max-image-preview:large, max-video-preview:-1\" \/>\n<link rel=\"canonical\" href=\"https:\/\/www.yannarthusbertrandphoto.com\/fr\/produit\/cheval-blanc\/\" \/>\n<meta property=\"og:locale\" content=\"fr_FR\" \/>\n<meta property=\"og:type\" content=\"article\" \/>\n<meta property=\"og:title\" content=\"Cheval Blanc, Royaume-Uni - Yann Arthus-Bertrand Photographie\" \/>\n<meta property=\"og:description\" content=\"Grav\u00e9e dans la craie d\u2019une colline de la province de l\u2019Oxfordshire, \u00e0 l\u2019ouest de Londres, la silhouette d\u2019un cheval d\u2019une longueur de 111 m se d\u00e9tache en contrebas des ruines du ch\u00e2teau d\u2019Uffington. Sa similitude avec le dessin ornant d\u2019antiques pi\u00e8ces de monnaie\" \/>\n<meta property=\"og:url\" content=\"https:\/\/www.yannarthusbertrandphoto.com\/fr\/produit\/cheval-blanc\/\" \/>\n<meta property=\"og:site_name\" content=\"Yann Arthus-Bertrand\" \/>\n<meta property=\"article:publisher\" content=\"https:\/\/www.facebook.com\/Y.A.Bertrand\/\" \/>\n<meta property=\"article:modified_time\" content=\"2018-05-28T16:22:31+00:00\" \/>\n<meta property=\"og:image\" content=\"https:\/\/www.yannarthusbertrandphoto.com\/wp-content\/uploads\/2018\/04\/yab_royaume-uni_cheval-blanc_yann-arthus-bertrand-photographie.jpeg\" \/>\n\t<meta property=\"og:image:width\" content=\"2000\" \/>\n\t<meta property=\"og:image:height\" content=\"1333\" \/>\n\t<meta property=\"og:image:type\" content=\"image\/jpeg\" \/>\n<meta name=\"twitter:card\" content=\"summary_large_image\" \/>\n<meta name=\"twitter:site\" content=\"@Yann_A_B\" \/>\n<meta name=\"twitter:label1\" content=\"Dur\u00e9e de lecture estim\u00e9e\" \/>\n\t<meta name=\"twitter:data1\" content=\"1 minute\" \/>\n<script type=\"application\/ld+json\" class=\"yoast-schema-graph\">{\"@context\":\"https:\/\/schema.org\",\"@graph\":[{\"@type\":\"WebPage\",\"@id\":\"https:\/\/www.yannarthusbertrandphoto.com\/fr\/produit\/cheval-blanc\/\",\"url\":\"https:\/\/www.yannarthusbertrandphoto.com\/fr\/produit\/cheval-blanc\/\",\"name\":\"Cheval Blanc, Royaume-Uni - Yann Arthus-Bertrand Photographie\",\"isPartOf\":{\"@id\":\"https:\/\/www.yannarthusbertrandphoto.com\/fr\/#website\"},\"datePublished\":\"2018-04-25T19:28:58+00:00\",\"dateModified\":\"2018-05-28T16:22:31+00:00\",\"description\":\"Grav\u00e9e dans la craie d\u2019une colline de la province de l\u2019Oxfordshire, \u00e0 l\u2019ouest de Londres, la silhouette d\u2019un cheval d\u2019une longueur de 111 m se d\u00e9tache en contrebas des ruines du ch\u00e2teau d\u2019Uffington. Sa similitude avec le dessin ornant d\u2019antiques pi\u00e8ces de monnaie\",\"breadcrumb\":{\"@id\":\"https:\/\/www.yannarthusbertrandphoto.com\/fr\/produit\/cheval-blanc\/#breadcrumb\"},\"inLanguage\":\"fr-FR\",\"potentialAction\":[{\"@type\":\"ReadAction\",\"target\":[\"https:\/\/www.yannarthusbertrandphoto.com\/fr\/produit\/cheval-blanc\/\"]}]},{\"@type\":\"BreadcrumbList\",\"@id\":\"https:\/\/www.yannarthusbertrandphoto.com\/fr\/produit\/cheval-blanc\/#breadcrumb\",\"itemListElement\":[{\"@type\":\"ListItem\",\"position\":1,\"name\":\"Accueil\",\"item\":\"https:\/\/www.yannarthusbertrandphoto.com\/fr\/\"},{\"@type\":\"ListItem\",\"position\":2,\"name\":\"Shop\",\"item\":\"https:\/\/www.yannarthusbertrandphoto.com\/fr\/shop\/\"},{\"@type\":\"ListItem\",\"position\":3,\"name\":\"Cheval Blanc\"}]},{\"@type\":\"WebSite\",\"@id\":\"https:\/\/www.yannarthusbertrandphoto.com\/fr\/#website\",\"url\":\"https:\/\/www.yannarthusbertrandphoto.com\/fr\/\",\"name\":\"Yann Arthus-Bertrand\",\"description\":\"Site officiel d\u00e9di\u00e9 \u00e0 l\u2019\u0153uvre photographique de Yann Arthus-Bertrand\",\"publisher\":{\"@id\":\"https:\/\/www.yannarthusbertrandphoto.com\/fr\/#organization\"},\"potentialAction\":[{\"@type\":\"SearchAction\",\"target\":{\"@type\":\"EntryPoint\",\"urlTemplate\":\"https:\/\/www.yannarthusbertrandphoto.com\/fr\/?s={search_term_string}\"},\"query-input\":\"required name=search_term_string\"}],\"inLanguage\":\"fr-FR\"},{\"@type\":\"Organization\",\"@id\":\"https:\/\/www.yannarthusbertrandphoto.com\/fr\/#organization\",\"name\":\"Alfie Be\",\"url\":\"https:\/\/www.yannarthusbertrandphoto.com\/fr\/\",\"logo\":{\"@type\":\"ImageObject\",\"inLanguage\":\"fr-FR\",\"@id\":\"https:\/\/www.yannarthusbertrandphoto.com\/fr\/#\/schema\/logo\/image\/\",\"url\":\"https:\/\/www.yannarthusbertrandphoto.com\/wp-content\/uploads\/2018\/01\/yab_logo_black.svg\",\"contentUrl\":\"https:\/\/www.yannarthusbertrandphoto.com\/wp-content\/uploads\/2018\/01\/yab_logo_black.svg\",\"caption\":\"Alfie Be\"},\"image\":{\"@id\":\"https:\/\/www.yannarthusbertrandphoto.com\/fr\/#\/schema\/logo\/image\/\"},\"sameAs\":[\"https:\/\/www.instagram.com\/yannarthusbertrand\/\",\"https:\/\/www.youtube.com\/user\/yannarthusbertrand\",\"https:\/\/www.facebook.com\/Y.A.Bertrand\/\",\"https:\/\/twitter.com\/Yann_A_B\"]}]}<\/script>\n<!-- \/ Yoast SEO plugin. -->","yoast_head_json":{"title":"Cheval Blanc, Royaume-Uni - Yann Arthus-Bertrand Photographie","description":"Grav\u00e9e dans la craie d\u2019une colline de la province de l\u2019Oxfordshire, \u00e0 l\u2019ouest de Londres, la silhouette d\u2019un cheval d\u2019une longueur de 111 m se d\u00e9tache en contrebas des ruines du ch\u00e2teau d\u2019Uffington. Sa similitude avec le dessin ornant d\u2019antiques pi\u00e8ces de monnaie","robots":{"index":"index","follow":"follow","max-snippet":"max-snippet:-1","max-image-preview":"max-image-preview:large","max-video-preview":"max-video-preview:-1"},"canonical":"https:\/\/www.yannarthusbertrandphoto.com\/fr\/produit\/cheval-blanc\/","og_locale":"fr_FR","og_type":"article","og_title":"Cheval Blanc, Royaume-Uni - Yann Arthus-Bertrand Photographie","og_description":"Grav\u00e9e dans la craie d\u2019une colline de la province de l\u2019Oxfordshire, \u00e0 l\u2019ouest de Londres, la silhouette d\u2019un cheval d\u2019une longueur de 111 m se d\u00e9tache en contrebas des ruines du ch\u00e2teau d\u2019Uffington. Sa similitude avec le dessin ornant d\u2019antiques pi\u00e8ces de monnaie","og_url":"https:\/\/www.yannarthusbertrandphoto.com\/fr\/produit\/cheval-blanc\/","og_site_name":"Yann Arthus-Bertrand","article_publisher":"https:\/\/www.facebook.com\/Y.A.Bertrand\/","article_modified_time":"2018-05-28T16:22:31+00:00","og_image":[{"width":2000,"height":1333,"url":"https:\/\/www.yannarthusbertrandphoto.com\/wp-content\/uploads\/2018\/04\/yab_royaume-uni_cheval-blanc_yann-arthus-bertrand-photographie.jpeg","type":"image\/jpeg"}],"twitter_card":"summary_large_image","twitter_site":"@Yann_A_B","twitter_misc":{"Dur\u00e9e de lecture estim\u00e9e":"1 minute"},"schema":{"@context":"https:\/\/schema.org","@graph":[{"@type":"WebPage","@id":"https:\/\/www.yannarthusbertrandphoto.com\/fr\/produit\/cheval-blanc\/","url":"https:\/\/www.yannarthusbertrandphoto.com\/fr\/produit\/cheval-blanc\/","name":"Cheval Blanc, Royaume-Uni - Yann Arthus-Bertrand Photographie","isPartOf":{"@id":"https:\/\/www.yannarthusbertrandphoto.com\/fr\/#website"},"datePublished":"2018-04-25T19:28:58+00:00","dateModified":"2018-05-28T16:22:31+00:00","description":"Grav\u00e9e dans la craie d\u2019une colline de la province de l\u2019Oxfordshire, \u00e0 l\u2019ouest de Londres, la silhouette d\u2019un cheval d\u2019une longueur de 111 m se d\u00e9tache en contrebas des ruines du ch\u00e2teau d\u2019Uffington. Sa similitude avec le dessin ornant d\u2019antiques pi\u00e8ces de monnaie","breadcrumb":{"@id":"https:\/\/www.yannarthusbertrandphoto.com\/fr\/produit\/cheval-blanc\/#breadcrumb"},"inLanguage":"fr-FR","potentialAction":[{"@type":"ReadAction","target":["https:\/\/www.yannarthusbertrandphoto.com\/fr\/produit\/cheval-blanc\/"]}]},{"@type":"BreadcrumbList","@id":"https:\/\/www.yannarthusbertrandphoto.com\/fr\/produit\/cheval-blanc\/#breadcrumb","itemListElement":[{"@type":"ListItem","position":1,"name":"Accueil","item":"https:\/\/www.yannarthusbertrandphoto.com\/fr\/"},{"@type":"ListItem","position":2,"name":"Shop","item":"https:\/\/www.yannarthusbertrandphoto.com\/fr\/shop\/"},{"@type":"ListItem","position":3,"name":"Cheval Blanc"}]},{"@type":"WebSite","@id":"https:\/\/www.yannarthusbertrandphoto.com\/fr\/#website","url":"https:\/\/www.yannarthusbertrandphoto.com\/fr\/","name":"Yann Arthus-Bertrand","description":"Site officiel d\u00e9di\u00e9 \u00e0 l\u2019\u0153uvre photographique de Yann Arthus-Bertrand","publisher":{"@id":"https:\/\/www.yannarthusbertrandphoto.com\/fr\/#organization"},"potentialAction":[{"@type":"SearchAction","target":{"@type":"EntryPoint","urlTemplate":"https:\/\/www.yannarthusbertrandphoto.com\/fr\/?s={search_term_string}"},"query-input":"required name=search_term_string"}],"inLanguage":"fr-FR"},{"@type":"Organization","@id":"https:\/\/www.yannarthusbertrandphoto.com\/fr\/#organization","name":"Alfie Be","url":"https:\/\/www.yannarthusbertrandphoto.com\/fr\/","logo":{"@type":"ImageObject","inLanguage":"fr-FR","@id":"https:\/\/www.yannarthusbertrandphoto.com\/fr\/#\/schema\/logo\/image\/","url":"https:\/\/www.yannarthusbertrandphoto.com\/wp-content\/uploads\/2018\/01\/yab_logo_black.svg","contentUrl":"https:\/\/www.yannarthusbertrandphoto.com\/wp-content\/uploads\/2018\/01\/yab_logo_black.svg","caption":"Alfie Be"},"image":{"@id":"https:\/\/www.yannarthusbertrandphoto.com\/fr\/#\/schema\/logo\/image\/"},"sameAs":["https:\/\/www.instagram.com\/yannarthusbertrand\/","https:\/\/www.youtube.com\/user\/yannarthusbertrand","https:\/\/www.facebook.com\/Y.A.Bertrand\/","https:\/\/twitter.com\/Yann_A_B"]}]}},"_links":{"self":[{"href":"https:\/\/www.yannarthusbertrandphoto.com\/fr\/wp-json\/wp\/v2\/product\/14238"}],"collection":[{"href":"https:\/\/www.yannarthusbertrandphoto.com\/fr\/wp-json\/wp\/v2\/product"}],"about":[{"href":"https:\/\/www.yannarthusbertrandphoto.com\/fr\/wp-json\/wp\/v2\/types\/product"}],"wp:featuredmedia":[{"embeddable":true,"href":"https:\/\/www.yannarthusbertrandphoto.com\/fr\/wp-json\/wp\/v2\/media\/14239"}],"wp:attachment":[{"href":"https:\/\/www.yannarthusbertrandphoto.com\/fr\/wp-json\/wp\/v2\/media?parent=14238"}],"wp:term":[{"taxonomy":"product_cat","embeddable":true,"href":"https:\/\/www.yannarthusbertrandphoto.com\/fr\/wp-json\/wp\/v2\/product_cat?post=14238"},{"taxonomy":"product_tag","embeddable":true,"href":"https:\/\/www.yannarthusbertrandphoto.com\/fr\/wp-json\/wp\/v2\/product_tag?post=14238"}],"curies":[{"name":"wp","href":"https:\/\/api.w.org\/{rel}","templated":true}]}}