{"id":14328,"date":"2018-04-25T21:36:04","date_gmt":"2018-04-25T19:36:04","guid":{"rendered":"https:\/\/www.yannarthusbertrandphoto.com\/?post_type=product&#038;p=14328"},"modified":"2020-09-01T13:24:09","modified_gmt":"2020-09-01T11:24:09","slug":"grande-mosquee","status":"publish","type":"product","link":"https:\/\/www.yannarthusbertrandphoto.com\/fr\/produit\/grande-mosquee\/","title":{"rendered":"Grande Mosqu\u00e9e"},"content":{"rendered":"<p>Situ\u00e9e au c\u0153ur de l\u2019ancienne ville d\u2019Alep, inscrite sur la Liste du patrimoine mondial de l\u2019Unesco depuis 1986, la Grande Mosqu\u00e9e a \u00e9t\u00e9 b\u00e2tie en 715 et reconstruite en 1129. Si Damas, capitale du pays, \u00e9tait d\u00e9j\u00e0 un lieu important dans le monde romano-byzantin, c\u2019est \u00e0 partir de l\u2019an mil qu\u2019Alep a pris son aspect actuel. Le plan romain a \u00e9t\u00e9 adapt\u00e9 et, l\u2019agora, vaste place, est devenue une mosqu\u00e9e. Au lieu d\u2019avoir un b\u00e2timent au c\u0153ur d\u2019une place, c\u2019est l\u2019espace qui se retrouve au centre du monument.<\/p>\n<p>La cour de la Grande Mosqu\u00e9e est la plus vaste surface ouverte de la vieille ville. On y vient pour prier mais aussi pour se d\u00e9lasser, discuter, ou m\u00e9diter. \u00c0 90 % musulmans, les Syriens sont r\u00e9guli\u00e8rement appel\u00e9s aux urnes, mais n\u2019ont pas le droit de voter contre le gouvernement. Le pr\u00e9sident Bachar el-Assad, \u00e9lu par r\u00e9f\u00e9rendum sans opposition, a succ\u00e9d\u00e9 \u00e0 son p\u00e8re le 17 juillet 2000. En octobre 2005, en signant la \u00ab D\u00e9claration de Damas pour le changement national et d\u00e9mocratique \u00bb, des personnalit\u00e9s et partis de l\u2019opposition la\u00efque se sont prononc\u00e9s en faveur d\u2019un changement pacifique et graduel et pour la tenue d\u2019\u00e9lections l\u00e9gislatives libres et transparentes.<\/p>\n<p>Fin octobre 2008, \u00e0 la suite de la condamnation de douze personnalit\u00e9s de la soci\u00e9t\u00e9 civile \u00e0 une peine de deux ans et demi de prison pour leur adh\u00e9sion \u00e0 la \u00ab D\u00e9claration de Damas \u00bb, l\u2019Union europ\u00e9enne a demand\u00e9 la lib\u00e9ration de ces militants non violents et appel\u00e9 le gouvernement syrien \u00e0 respecter ses engagements internationaux : en effet, la Syrie a sign\u00e9 et ratifi\u00e9 en 1969 la D\u00e9claration universelle des droits de l\u2019homme, ainsi que le Pacte international relatif aux droits civils et politiques.<\/p>\n","protected":false},"excerpt":{"rendered":"<p>Grande mosqu\u00e9e d\u2019Alep, Gouvernorat d\u2019Alep, Syrie (36\u00b012\u2019 N \u2013 37\u00b009\u2019 E).<\/p>\n","protected":false},"featured_media":14329,"template":"","meta":{"inline_featured_image":false},"product_cat":[212],"product_tag":[],"yoast_head":"<!-- This site is optimized with the Yoast SEO plugin v19.10 - https:\/\/yoast.com\/wordpress\/plugins\/seo\/ -->\n<title>Grande Mosqu\u00e9e, Syrie - Yann Arthus-Bertrand Photographie<\/title>\n<meta name=\"description\" content=\"Situ\u00e9e au c\u0153ur de l\u2019ancienne ville d\u2019Alep, inscrite sur la Liste du patrimoine mondial de l\u2019Unesco depuis 1986, la Grande Mosqu\u00e9e a \u00e9t\u00e9 b\u00e2tie en 715 et reconstruite en 1129. Si Damas, capitale du pays, \u00e9tait d\u00e9j\u00e0 un lieu important dans le monde romano-byzantin\" \/>\n<meta name=\"robots\" content=\"index, follow, max-snippet:-1, max-image-preview:large, max-video-preview:-1\" \/>\n<link rel=\"canonical\" href=\"https:\/\/www.yannarthusbertrandphoto.com\/fr\/produit\/grande-mosquee\/\" \/>\n<meta property=\"og:locale\" content=\"fr_FR\" \/>\n<meta property=\"og:type\" content=\"article\" \/>\n<meta property=\"og:title\" content=\"Grande Mosqu\u00e9e, Syrie - Yann Arthus-Bertrand Photographie\" \/>\n<meta property=\"og:description\" content=\"Situ\u00e9e au c\u0153ur de l\u2019ancienne ville d\u2019Alep, inscrite sur la Liste du patrimoine mondial de l\u2019Unesco depuis 1986, la Grande Mosqu\u00e9e a \u00e9t\u00e9 b\u00e2tie en 715 et reconstruite en 1129. Si Damas, capitale du pays, \u00e9tait d\u00e9j\u00e0 un lieu important dans le monde romano-byzantin\" \/>\n<meta property=\"og:url\" content=\"https:\/\/www.yannarthusbertrandphoto.com\/fr\/produit\/grande-mosquee\/\" \/>\n<meta property=\"og:site_name\" content=\"Yann Arthus-Bertrand\" \/>\n<meta property=\"article:publisher\" content=\"https:\/\/www.facebook.com\/Y.A.Bertrand\/\" \/>\n<meta property=\"article:modified_time\" content=\"2020-09-01T11:24:09+00:00\" \/>\n<meta property=\"og:image\" content=\"https:\/\/www.yannarthusbertrandphoto.com\/wp-content\/uploads\/2018\/04\/yab_syrie_grande-mosque_yann-arthus-bertrand-photographie.jpeg\" \/>\n\t<meta property=\"og:image:width\" content=\"2000\" \/>\n\t<meta property=\"og:image:height\" content=\"1333\" \/>\n\t<meta property=\"og:image:type\" content=\"image\/jpeg\" \/>\n<meta name=\"twitter:card\" content=\"summary_large_image\" \/>\n<meta name=\"twitter:site\" content=\"@Yann_A_B\" \/>\n<meta name=\"twitter:label1\" content=\"Dur\u00e9e de lecture estim\u00e9e\" \/>\n\t<meta name=\"twitter:data1\" content=\"2 minutes\" \/>\n<script type=\"application\/ld+json\" class=\"yoast-schema-graph\">{\"@context\":\"https:\/\/schema.org\",\"@graph\":[{\"@type\":\"WebPage\",\"@id\":\"https:\/\/www.yannarthusbertrandphoto.com\/fr\/produit\/grande-mosquee\/\",\"url\":\"https:\/\/www.yannarthusbertrandphoto.com\/fr\/produit\/grande-mosquee\/\",\"name\":\"Grande Mosqu\u00e9e, Syrie - Yann Arthus-Bertrand Photographie\",\"isPartOf\":{\"@id\":\"https:\/\/www.yannarthusbertrandphoto.com\/fr\/#website\"},\"datePublished\":\"2018-04-25T19:36:04+00:00\",\"dateModified\":\"2020-09-01T11:24:09+00:00\",\"description\":\"Situ\u00e9e au c\u0153ur de l\u2019ancienne ville d\u2019Alep, inscrite sur la Liste du patrimoine mondial de l\u2019Unesco depuis 1986, la Grande Mosqu\u00e9e a \u00e9t\u00e9 b\u00e2tie en 715 et reconstruite en 1129. Si Damas, capitale du pays, \u00e9tait d\u00e9j\u00e0 un lieu important dans le monde romano-byzantin\",\"breadcrumb\":{\"@id\":\"https:\/\/www.yannarthusbertrandphoto.com\/fr\/produit\/grande-mosquee\/#breadcrumb\"},\"inLanguage\":\"fr-FR\",\"potentialAction\":[{\"@type\":\"ReadAction\",\"target\":[\"https:\/\/www.yannarthusbertrandphoto.com\/fr\/produit\/grande-mosquee\/\"]}]},{\"@type\":\"BreadcrumbList\",\"@id\":\"https:\/\/www.yannarthusbertrandphoto.com\/fr\/produit\/grande-mosquee\/#breadcrumb\",\"itemListElement\":[{\"@type\":\"ListItem\",\"position\":1,\"name\":\"Accueil\",\"item\":\"https:\/\/www.yannarthusbertrandphoto.com\/fr\/\"},{\"@type\":\"ListItem\",\"position\":2,\"name\":\"Shop\",\"item\":\"https:\/\/www.yannarthusbertrandphoto.com\/fr\/shop\/\"},{\"@type\":\"ListItem\",\"position\":3,\"name\":\"Grande Mosqu\u00e9e\"}]},{\"@type\":\"WebSite\",\"@id\":\"https:\/\/www.yannarthusbertrandphoto.com\/fr\/#website\",\"url\":\"https:\/\/www.yannarthusbertrandphoto.com\/fr\/\",\"name\":\"Yann Arthus-Bertrand\",\"description\":\"Site officiel d\u00e9di\u00e9 \u00e0 l\u2019\u0153uvre photographique de Yann Arthus-Bertrand\",\"publisher\":{\"@id\":\"https:\/\/www.yannarthusbertrandphoto.com\/fr\/#organization\"},\"potentialAction\":[{\"@type\":\"SearchAction\",\"target\":{\"@type\":\"EntryPoint\",\"urlTemplate\":\"https:\/\/www.yannarthusbertrandphoto.com\/fr\/?s={search_term_string}\"},\"query-input\":\"required name=search_term_string\"}],\"inLanguage\":\"fr-FR\"},{\"@type\":\"Organization\",\"@id\":\"https:\/\/www.yannarthusbertrandphoto.com\/fr\/#organization\",\"name\":\"Alfie Be\",\"url\":\"https:\/\/www.yannarthusbertrandphoto.com\/fr\/\",\"logo\":{\"@type\":\"ImageObject\",\"inLanguage\":\"fr-FR\",\"@id\":\"https:\/\/www.yannarthusbertrandphoto.com\/fr\/#\/schema\/logo\/image\/\",\"url\":\"https:\/\/www.yannarthusbertrandphoto.com\/wp-content\/uploads\/2018\/01\/yab_logo_black.svg\",\"contentUrl\":\"https:\/\/www.yannarthusbertrandphoto.com\/wp-content\/uploads\/2018\/01\/yab_logo_black.svg\",\"caption\":\"Alfie Be\"},\"image\":{\"@id\":\"https:\/\/www.yannarthusbertrandphoto.com\/fr\/#\/schema\/logo\/image\/\"},\"sameAs\":[\"https:\/\/www.instagram.com\/yannarthusbertrand\/\",\"https:\/\/www.youtube.com\/user\/yannarthusbertrand\",\"https:\/\/www.facebook.com\/Y.A.Bertrand\/\",\"https:\/\/twitter.com\/Yann_A_B\"]}]}<\/script>\n<!-- \/ Yoast SEO plugin. -->","yoast_head_json":{"title":"Grande Mosqu\u00e9e, Syrie - Yann Arthus-Bertrand Photographie","description":"Situ\u00e9e au c\u0153ur de l\u2019ancienne ville d\u2019Alep, inscrite sur la Liste du patrimoine mondial de l\u2019Unesco depuis 1986, la Grande Mosqu\u00e9e a \u00e9t\u00e9 b\u00e2tie en 715 et reconstruite en 1129. Si Damas, capitale du pays, \u00e9tait d\u00e9j\u00e0 un lieu important dans le monde romano-byzantin","robots":{"index":"index","follow":"follow","max-snippet":"max-snippet:-1","max-image-preview":"max-image-preview:large","max-video-preview":"max-video-preview:-1"},"canonical":"https:\/\/www.yannarthusbertrandphoto.com\/fr\/produit\/grande-mosquee\/","og_locale":"fr_FR","og_type":"article","og_title":"Grande Mosqu\u00e9e, Syrie - Yann Arthus-Bertrand Photographie","og_description":"Situ\u00e9e au c\u0153ur de l\u2019ancienne ville d\u2019Alep, inscrite sur la Liste du patrimoine mondial de l\u2019Unesco depuis 1986, la Grande Mosqu\u00e9e a \u00e9t\u00e9 b\u00e2tie en 715 et reconstruite en 1129. Si Damas, capitale du pays, \u00e9tait d\u00e9j\u00e0 un lieu important dans le monde romano-byzantin","og_url":"https:\/\/www.yannarthusbertrandphoto.com\/fr\/produit\/grande-mosquee\/","og_site_name":"Yann Arthus-Bertrand","article_publisher":"https:\/\/www.facebook.com\/Y.A.Bertrand\/","article_modified_time":"2020-09-01T11:24:09+00:00","og_image":[{"width":2000,"height":1333,"url":"https:\/\/www.yannarthusbertrandphoto.com\/wp-content\/uploads\/2018\/04\/yab_syrie_grande-mosque_yann-arthus-bertrand-photographie.jpeg","type":"image\/jpeg"}],"twitter_card":"summary_large_image","twitter_site":"@Yann_A_B","twitter_misc":{"Dur\u00e9e de lecture estim\u00e9e":"2 minutes"},"schema":{"@context":"https:\/\/schema.org","@graph":[{"@type":"WebPage","@id":"https:\/\/www.yannarthusbertrandphoto.com\/fr\/produit\/grande-mosquee\/","url":"https:\/\/www.yannarthusbertrandphoto.com\/fr\/produit\/grande-mosquee\/","name":"Grande Mosqu\u00e9e, Syrie - Yann Arthus-Bertrand Photographie","isPartOf":{"@id":"https:\/\/www.yannarthusbertrandphoto.com\/fr\/#website"},"datePublished":"2018-04-25T19:36:04+00:00","dateModified":"2020-09-01T11:24:09+00:00","description":"Situ\u00e9e au c\u0153ur de l\u2019ancienne ville d\u2019Alep, inscrite sur la Liste du patrimoine mondial de l\u2019Unesco depuis 1986, la Grande Mosqu\u00e9e a \u00e9t\u00e9 b\u00e2tie en 715 et reconstruite en 1129. Si Damas, capitale du pays, \u00e9tait d\u00e9j\u00e0 un lieu important dans le monde romano-byzantin","breadcrumb":{"@id":"https:\/\/www.yannarthusbertrandphoto.com\/fr\/produit\/grande-mosquee\/#breadcrumb"},"inLanguage":"fr-FR","potentialAction":[{"@type":"ReadAction","target":["https:\/\/www.yannarthusbertrandphoto.com\/fr\/produit\/grande-mosquee\/"]}]},{"@type":"BreadcrumbList","@id":"https:\/\/www.yannarthusbertrandphoto.com\/fr\/produit\/grande-mosquee\/#breadcrumb","itemListElement":[{"@type":"ListItem","position":1,"name":"Accueil","item":"https:\/\/www.yannarthusbertrandphoto.com\/fr\/"},{"@type":"ListItem","position":2,"name":"Shop","item":"https:\/\/www.yannarthusbertrandphoto.com\/fr\/shop\/"},{"@type":"ListItem","position":3,"name":"Grande Mosqu\u00e9e"}]},{"@type":"WebSite","@id":"https:\/\/www.yannarthusbertrandphoto.com\/fr\/#website","url":"https:\/\/www.yannarthusbertrandphoto.com\/fr\/","name":"Yann Arthus-Bertrand","description":"Site officiel d\u00e9di\u00e9 \u00e0 l\u2019\u0153uvre photographique de Yann Arthus-Bertrand","publisher":{"@id":"https:\/\/www.yannarthusbertrandphoto.com\/fr\/#organization"},"potentialAction":[{"@type":"SearchAction","target":{"@type":"EntryPoint","urlTemplate":"https:\/\/www.yannarthusbertrandphoto.com\/fr\/?s={search_term_string}"},"query-input":"required name=search_term_string"}],"inLanguage":"fr-FR"},{"@type":"Organization","@id":"https:\/\/www.yannarthusbertrandphoto.com\/fr\/#organization","name":"Alfie Be","url":"https:\/\/www.yannarthusbertrandphoto.com\/fr\/","logo":{"@type":"ImageObject","inLanguage":"fr-FR","@id":"https:\/\/www.yannarthusbertrandphoto.com\/fr\/#\/schema\/logo\/image\/","url":"https:\/\/www.yannarthusbertrandphoto.com\/wp-content\/uploads\/2018\/01\/yab_logo_black.svg","contentUrl":"https:\/\/www.yannarthusbertrandphoto.com\/wp-content\/uploads\/2018\/01\/yab_logo_black.svg","caption":"Alfie Be"},"image":{"@id":"https:\/\/www.yannarthusbertrandphoto.com\/fr\/#\/schema\/logo\/image\/"},"sameAs":["https:\/\/www.instagram.com\/yannarthusbertrand\/","https:\/\/www.youtube.com\/user\/yannarthusbertrand","https:\/\/www.facebook.com\/Y.A.Bertrand\/","https:\/\/twitter.com\/Yann_A_B"]}]}},"_links":{"self":[{"href":"https:\/\/www.yannarthusbertrandphoto.com\/fr\/wp-json\/wp\/v2\/product\/14328"}],"collection":[{"href":"https:\/\/www.yannarthusbertrandphoto.com\/fr\/wp-json\/wp\/v2\/product"}],"about":[{"href":"https:\/\/www.yannarthusbertrandphoto.com\/fr\/wp-json\/wp\/v2\/types\/product"}],"wp:featuredmedia":[{"embeddable":true,"href":"https:\/\/www.yannarthusbertrandphoto.com\/fr\/wp-json\/wp\/v2\/media\/14329"}],"wp:attachment":[{"href":"https:\/\/www.yannarthusbertrandphoto.com\/fr\/wp-json\/wp\/v2\/media?parent=14328"}],"wp:term":[{"taxonomy":"product_cat","embeddable":true,"href":"https:\/\/www.yannarthusbertrandphoto.com\/fr\/wp-json\/wp\/v2\/product_cat?post=14328"},{"taxonomy":"product_tag","embeddable":true,"href":"https:\/\/www.yannarthusbertrandphoto.com\/fr\/wp-json\/wp\/v2\/product_tag?post=14328"}],"curies":[{"name":"wp","href":"https:\/\/api.w.org\/{rel}","templated":true}]}}