{"id":15976,"date":"2018-05-16T09:02:16","date_gmt":"2018-05-16T07:02:16","guid":{"rendered":"https:\/\/www.yannarthusbertrandphoto.com\/?post_type=product&#038;p=15976"},"modified":"2018-07-17T19:27:58","modified_gmt":"2018-07-17T17:27:58","slug":"markarfljot","status":"publish","type":"product","link":"https:\/\/www.yannarthusbertrandphoto.com\/fr\/produit\/markarfljot\/","title":{"rendered":"Markarfljot"},"content":{"rendered":"<p>Aliment\u00e9e par le Myrdalsj\u00f6kull, une calotte de glace de 800\u00a0km2 au sud de l\u2019\u00eele, la rivi\u00e8re Markarflj\u00f3t contourne le petit glacier Eyjafjallaj\u00f6kull par le nord, dessinant un trac\u00e9 h\u00e9sitant sur une large plaine de s\u00e9diments basaltiques, et termine sa course sur une plage de sable noir bordant l\u2019Atlantique. Comme tous les torrents glaciaires, elle se r\u00e9pand sur une plaine d\u2019\u00e9vacuation glaciaire en un r\u00e9seau dense de chenaux anastomos\u00e9s. Son cours varie constamment et atteint son d\u00e9bit maximal en juillet et en ao\u00fbt, au plus fort de la fonte des glaces. Le changement climatique, provoquant une intensification du ph\u00e9nom\u00e8ne, pourrait perturber ce rythme saisonnier naturel. Des glaciologues islandais ont signal\u00e9 que la calotte glaciaire du Vatnaj\u00f6kull, la plus vaste du pays avec une surface de 8\u00a0300\u00a0km2\u00a0(l\u2019\u00e9quivalent de tous les glaciers d\u2019Europe continentale r\u00e9unis), perdrait pr\u00e8s d\u2019un m\u00e8tre d&rsquo;\u00e9paisseur de glace par an depuis quelques ann\u00e9es, tandis que la pluie se substitue \u00e0 la neige en de\u00e7\u00e0 de\u00a01\u00a0000\u00a0m. Le glacier de Brei\u00f0amerkurj\u00f6kull, l&rsquo;un des glaciers d&rsquo;exutoire du Vatnaj\u00f6kull, a lui recul\u00e9 d&rsquo;au moins 2 km entre 1973 et 2004.<\/p>\n","protected":false},"excerpt":{"rendered":"<p>Embouchure de la rivi\u00e8re Markarfljot, r\u00e9gion du Myrdalsj\u00f6kull, Islande (63\u00b032\u2019 N \u2013 20\u00b005\u2019 O).<\/p>\n","protected":false},"featured_media":15977,"template":"","meta":{"inline_featured_image":false},"product_cat":[212],"product_tag":[],"yoast_head":"<!-- This site is optimized with the Yoast SEO plugin v19.10 - https:\/\/yoast.com\/wordpress\/plugins\/seo\/ -->\n<title>Markarfljot, Islande - Yann Arthus-Bertrand Photographie<\/title>\n<meta name=\"description\" content=\"Aliment\u00e9e par le Myrdalsj\u00f6kull, une calotte de glace de 800\u00a0km2 au sud de l\u2019\u00eele, la rivi\u00e8re Markarflj\u00f3t contourne le petit glacier Eyjafjallaj\u00f6kull par le nord, dessinant un trac\u00e9 h\u00e9sitant sur une large plaine de s\u00e9diments basaltiques, et termine sa course sur une plage de sable noir bordant l\u2019Atlantique.\" \/>\n<meta name=\"robots\" content=\"index, follow, max-snippet:-1, max-image-preview:large, max-video-preview:-1\" \/>\n<link rel=\"canonical\" href=\"https:\/\/www.yannarthusbertrandphoto.com\/fr\/produit\/markarfljot\/\" \/>\n<meta property=\"og:locale\" content=\"fr_FR\" \/>\n<meta property=\"og:type\" content=\"article\" \/>\n<meta property=\"og:title\" content=\"Markarfljot, Islande - Yann Arthus-Bertrand Photographie\" \/>\n<meta property=\"og:description\" content=\"Aliment\u00e9e par le Myrdalsj\u00f6kull, une calotte de glace de 800\u00a0km2 au sud de l\u2019\u00eele, la rivi\u00e8re Markarflj\u00f3t contourne le petit glacier Eyjafjallaj\u00f6kull par le nord, dessinant un trac\u00e9 h\u00e9sitant sur une large plaine de s\u00e9diments basaltiques, et termine sa course sur une plage de sable noir bordant l\u2019Atlantique.\" \/>\n<meta property=\"og:url\" content=\"https:\/\/www.yannarthusbertrandphoto.com\/fr\/produit\/markarfljot\/\" \/>\n<meta property=\"og:site_name\" content=\"Yann Arthus-Bertrand\" \/>\n<meta property=\"article:publisher\" content=\"https:\/\/www.facebook.com\/Y.A.Bertrand\/\" \/>\n<meta property=\"article:modified_time\" content=\"2018-07-17T17:27:58+00:00\" \/>\n<meta property=\"og:image\" content=\"https:\/\/www.yannarthusbertrandphoto.com\/wp-content\/uploads\/2018\/05\/yab_markarfljot_iceland_yann-arthus-bertrand-photography.jpg\" \/>\n\t<meta property=\"og:image:width\" content=\"2000\" \/>\n\t<meta property=\"og:image:height\" content=\"1333\" \/>\n\t<meta property=\"og:image:type\" content=\"image\/jpeg\" \/>\n<meta name=\"twitter:card\" content=\"summary_large_image\" \/>\n<meta name=\"twitter:site\" content=\"@Yann_A_B\" \/>\n<meta name=\"twitter:label1\" content=\"Dur\u00e9e de lecture estim\u00e9e\" \/>\n\t<meta name=\"twitter:data1\" content=\"1 minute\" \/>\n<script type=\"application\/ld+json\" class=\"yoast-schema-graph\">{\"@context\":\"https:\/\/schema.org\",\"@graph\":[{\"@type\":\"WebPage\",\"@id\":\"https:\/\/www.yannarthusbertrandphoto.com\/fr\/produit\/markarfljot\/\",\"url\":\"https:\/\/www.yannarthusbertrandphoto.com\/fr\/produit\/markarfljot\/\",\"name\":\"Markarfljot, Islande - Yann Arthus-Bertrand Photographie\",\"isPartOf\":{\"@id\":\"https:\/\/www.yannarthusbertrandphoto.com\/fr\/#website\"},\"datePublished\":\"2018-05-16T07:02:16+00:00\",\"dateModified\":\"2018-07-17T17:27:58+00:00\",\"description\":\"Aliment\u00e9e par le Myrdalsj\u00f6kull, une calotte de glace de 800\u00a0km2 au sud de l\u2019\u00eele, la rivi\u00e8re Markarflj\u00f3t contourne le petit glacier Eyjafjallaj\u00f6kull par le nord, dessinant un trac\u00e9 h\u00e9sitant sur une large plaine de s\u00e9diments basaltiques, et termine sa course sur une plage de sable noir bordant l\u2019Atlantique.\",\"breadcrumb\":{\"@id\":\"https:\/\/www.yannarthusbertrandphoto.com\/fr\/produit\/markarfljot\/#breadcrumb\"},\"inLanguage\":\"fr-FR\",\"potentialAction\":[{\"@type\":\"ReadAction\",\"target\":[\"https:\/\/www.yannarthusbertrandphoto.com\/fr\/produit\/markarfljot\/\"]}]},{\"@type\":\"BreadcrumbList\",\"@id\":\"https:\/\/www.yannarthusbertrandphoto.com\/fr\/produit\/markarfljot\/#breadcrumb\",\"itemListElement\":[{\"@type\":\"ListItem\",\"position\":1,\"name\":\"Accueil\",\"item\":\"https:\/\/www.yannarthusbertrandphoto.com\/fr\/\"},{\"@type\":\"ListItem\",\"position\":2,\"name\":\"Shop\",\"item\":\"https:\/\/www.yannarthusbertrandphoto.com\/fr\/shop\/\"},{\"@type\":\"ListItem\",\"position\":3,\"name\":\"Markarfljot\"}]},{\"@type\":\"WebSite\",\"@id\":\"https:\/\/www.yannarthusbertrandphoto.com\/fr\/#website\",\"url\":\"https:\/\/www.yannarthusbertrandphoto.com\/fr\/\",\"name\":\"Yann Arthus-Bertrand\",\"description\":\"Site officiel d\u00e9di\u00e9 \u00e0 l\u2019\u0153uvre photographique de Yann Arthus-Bertrand\",\"publisher\":{\"@id\":\"https:\/\/www.yannarthusbertrandphoto.com\/fr\/#organization\"},\"potentialAction\":[{\"@type\":\"SearchAction\",\"target\":{\"@type\":\"EntryPoint\",\"urlTemplate\":\"https:\/\/www.yannarthusbertrandphoto.com\/fr\/?s={search_term_string}\"},\"query-input\":\"required name=search_term_string\"}],\"inLanguage\":\"fr-FR\"},{\"@type\":\"Organization\",\"@id\":\"https:\/\/www.yannarthusbertrandphoto.com\/fr\/#organization\",\"name\":\"Alfie Be\",\"url\":\"https:\/\/www.yannarthusbertrandphoto.com\/fr\/\",\"logo\":{\"@type\":\"ImageObject\",\"inLanguage\":\"fr-FR\",\"@id\":\"https:\/\/www.yannarthusbertrandphoto.com\/fr\/#\/schema\/logo\/image\/\",\"url\":\"https:\/\/www.yannarthusbertrandphoto.com\/wp-content\/uploads\/2018\/01\/yab_logo_black.svg\",\"contentUrl\":\"https:\/\/www.yannarthusbertrandphoto.com\/wp-content\/uploads\/2018\/01\/yab_logo_black.svg\",\"caption\":\"Alfie Be\"},\"image\":{\"@id\":\"https:\/\/www.yannarthusbertrandphoto.com\/fr\/#\/schema\/logo\/image\/\"},\"sameAs\":[\"https:\/\/www.instagram.com\/yannarthusbertrand\/\",\"https:\/\/www.youtube.com\/user\/yannarthusbertrand\",\"https:\/\/www.facebook.com\/Y.A.Bertrand\/\",\"https:\/\/twitter.com\/Yann_A_B\"]}]}<\/script>\n<!-- \/ Yoast SEO plugin. -->","yoast_head_json":{"title":"Markarfljot, Islande - Yann Arthus-Bertrand Photographie","description":"Aliment\u00e9e par le Myrdalsj\u00f6kull, une calotte de glace de 800\u00a0km2 au sud de l\u2019\u00eele, la rivi\u00e8re Markarflj\u00f3t contourne le petit glacier Eyjafjallaj\u00f6kull par le nord, dessinant un trac\u00e9 h\u00e9sitant sur une large plaine de s\u00e9diments basaltiques, et termine sa course sur une plage de sable noir bordant l\u2019Atlantique.","robots":{"index":"index","follow":"follow","max-snippet":"max-snippet:-1","max-image-preview":"max-image-preview:large","max-video-preview":"max-video-preview:-1"},"canonical":"https:\/\/www.yannarthusbertrandphoto.com\/fr\/produit\/markarfljot\/","og_locale":"fr_FR","og_type":"article","og_title":"Markarfljot, Islande - Yann Arthus-Bertrand Photographie","og_description":"Aliment\u00e9e par le Myrdalsj\u00f6kull, une calotte de glace de 800\u00a0km2 au sud de l\u2019\u00eele, la rivi\u00e8re Markarflj\u00f3t contourne le petit glacier Eyjafjallaj\u00f6kull par le nord, dessinant un trac\u00e9 h\u00e9sitant sur une large plaine de s\u00e9diments basaltiques, et termine sa course sur une plage de sable noir bordant l\u2019Atlantique.","og_url":"https:\/\/www.yannarthusbertrandphoto.com\/fr\/produit\/markarfljot\/","og_site_name":"Yann Arthus-Bertrand","article_publisher":"https:\/\/www.facebook.com\/Y.A.Bertrand\/","article_modified_time":"2018-07-17T17:27:58+00:00","og_image":[{"width":2000,"height":1333,"url":"https:\/\/www.yannarthusbertrandphoto.com\/wp-content\/uploads\/2018\/05\/yab_markarfljot_iceland_yann-arthus-bertrand-photography.jpg","type":"image\/jpeg"}],"twitter_card":"summary_large_image","twitter_site":"@Yann_A_B","twitter_misc":{"Dur\u00e9e de lecture estim\u00e9e":"1 minute"},"schema":{"@context":"https:\/\/schema.org","@graph":[{"@type":"WebPage","@id":"https:\/\/www.yannarthusbertrandphoto.com\/fr\/produit\/markarfljot\/","url":"https:\/\/www.yannarthusbertrandphoto.com\/fr\/produit\/markarfljot\/","name":"Markarfljot, Islande - Yann Arthus-Bertrand Photographie","isPartOf":{"@id":"https:\/\/www.yannarthusbertrandphoto.com\/fr\/#website"},"datePublished":"2018-05-16T07:02:16+00:00","dateModified":"2018-07-17T17:27:58+00:00","description":"Aliment\u00e9e par le Myrdalsj\u00f6kull, une calotte de glace de 800\u00a0km2 au sud de l\u2019\u00eele, la rivi\u00e8re Markarflj\u00f3t contourne le petit glacier Eyjafjallaj\u00f6kull par le nord, dessinant un trac\u00e9 h\u00e9sitant sur une large plaine de s\u00e9diments basaltiques, et termine sa course sur une plage de sable noir bordant l\u2019Atlantique.","breadcrumb":{"@id":"https:\/\/www.yannarthusbertrandphoto.com\/fr\/produit\/markarfljot\/#breadcrumb"},"inLanguage":"fr-FR","potentialAction":[{"@type":"ReadAction","target":["https:\/\/www.yannarthusbertrandphoto.com\/fr\/produit\/markarfljot\/"]}]},{"@type":"BreadcrumbList","@id":"https:\/\/www.yannarthusbertrandphoto.com\/fr\/produit\/markarfljot\/#breadcrumb","itemListElement":[{"@type":"ListItem","position":1,"name":"Accueil","item":"https:\/\/www.yannarthusbertrandphoto.com\/fr\/"},{"@type":"ListItem","position":2,"name":"Shop","item":"https:\/\/www.yannarthusbertrandphoto.com\/fr\/shop\/"},{"@type":"ListItem","position":3,"name":"Markarfljot"}]},{"@type":"WebSite","@id":"https:\/\/www.yannarthusbertrandphoto.com\/fr\/#website","url":"https:\/\/www.yannarthusbertrandphoto.com\/fr\/","name":"Yann Arthus-Bertrand","description":"Site officiel d\u00e9di\u00e9 \u00e0 l\u2019\u0153uvre photographique de Yann Arthus-Bertrand","publisher":{"@id":"https:\/\/www.yannarthusbertrandphoto.com\/fr\/#organization"},"potentialAction":[{"@type":"SearchAction","target":{"@type":"EntryPoint","urlTemplate":"https:\/\/www.yannarthusbertrandphoto.com\/fr\/?s={search_term_string}"},"query-input":"required name=search_term_string"}],"inLanguage":"fr-FR"},{"@type":"Organization","@id":"https:\/\/www.yannarthusbertrandphoto.com\/fr\/#organization","name":"Alfie Be","url":"https:\/\/www.yannarthusbertrandphoto.com\/fr\/","logo":{"@type":"ImageObject","inLanguage":"fr-FR","@id":"https:\/\/www.yannarthusbertrandphoto.com\/fr\/#\/schema\/logo\/image\/","url":"https:\/\/www.yannarthusbertrandphoto.com\/wp-content\/uploads\/2018\/01\/yab_logo_black.svg","contentUrl":"https:\/\/www.yannarthusbertrandphoto.com\/wp-content\/uploads\/2018\/01\/yab_logo_black.svg","caption":"Alfie Be"},"image":{"@id":"https:\/\/www.yannarthusbertrandphoto.com\/fr\/#\/schema\/logo\/image\/"},"sameAs":["https:\/\/www.instagram.com\/yannarthusbertrand\/","https:\/\/www.youtube.com\/user\/yannarthusbertrand","https:\/\/www.facebook.com\/Y.A.Bertrand\/","https:\/\/twitter.com\/Yann_A_B"]}]}},"_links":{"self":[{"href":"https:\/\/www.yannarthusbertrandphoto.com\/fr\/wp-json\/wp\/v2\/product\/15976"}],"collection":[{"href":"https:\/\/www.yannarthusbertrandphoto.com\/fr\/wp-json\/wp\/v2\/product"}],"about":[{"href":"https:\/\/www.yannarthusbertrandphoto.com\/fr\/wp-json\/wp\/v2\/types\/product"}],"wp:featuredmedia":[{"embeddable":true,"href":"https:\/\/www.yannarthusbertrandphoto.com\/fr\/wp-json\/wp\/v2\/media\/15977"}],"wp:attachment":[{"href":"https:\/\/www.yannarthusbertrandphoto.com\/fr\/wp-json\/wp\/v2\/media?parent=15976"}],"wp:term":[{"taxonomy":"product_cat","embeddable":true,"href":"https:\/\/www.yannarthusbertrandphoto.com\/fr\/wp-json\/wp\/v2\/product_cat?post=15976"},{"taxonomy":"product_tag","embeddable":true,"href":"https:\/\/www.yannarthusbertrandphoto.com\/fr\/wp-json\/wp\/v2\/product_tag?post=15976"}],"curies":[{"name":"wp","href":"https:\/\/api.w.org\/{rel}","templated":true}]}}