{"id":16068,"date":"2018-05-16T19:59:41","date_gmt":"2018-05-16T17:59:41","guid":{"rendered":"https:\/\/www.yannarthusbertrandphoto.com\/?post_type=product&#038;p=16068"},"modified":"2018-05-29T20:24:41","modified_gmt":"2018-05-29T18:24:41","slug":"cheval","status":"publish","type":"product","link":"https:\/\/www.yannarthusbertrandphoto.com\/fr\/produit\/cheval\/","title":{"rendered":"Cheval pure-race Espagnole"},"content":{"rendered":"","protected":false},"excerpt":{"rendered":"<p>Cheval pure-race Espagnole, Toreo, ag\u00e9 de 11 ans, dress\u00e9 par Mario Luraschi. Chez Mario Luraschi, France.<\/p>\n","protected":false},"featured_media":16069,"template":"","meta":{"inline_featured_image":false},"product_cat":[441,211],"product_tag":[],"yoast_head":"<!-- This site is optimized with the Yoast SEO plugin v19.10 - https:\/\/yoast.com\/wordpress\/plugins\/seo\/ -->\n<title>YANN ARTHUS-BERTRAND PHOTO | Cheval pure-race espagnole, France | Officiel<\/title>\n<meta name=\"description\" content=\"Yann Arthus-Bertrand Photo | YAB PHOTO - Tel un scientifique, son \u0153uvre est une succession de questionnements auxquels il tentera de r\u00e9pondre afin d\u2019expliquer la terre d\u2019une mani\u00e8re artistique en recherchant du sens, du graphisme et de l\u2019\u00e9motion.\u00a0Acqu\u00e9rir une oeuvre sign\u00e9e et en \u00e9ditions limit\u00e9es | YABPHOTO.COM\" \/>\n<meta name=\"robots\" content=\"index, follow, max-snippet:-1, max-image-preview:large, max-video-preview:-1\" \/>\n<link rel=\"canonical\" href=\"https:\/\/www.yannarthusbertrandphoto.com\/fr\/produit\/cheval\/\" \/>\n<meta property=\"og:locale\" content=\"fr_FR\" \/>\n<meta property=\"og:type\" content=\"article\" \/>\n<meta property=\"og:title\" content=\"YANN ARTHUS-BERTRAND PHOTO | Cheval pure-race espagnole, France | Officiel\" \/>\n<meta property=\"og:description\" content=\"Yann Arthus-Bertrand Photo | YAB PHOTO - Tel un scientifique, son \u0153uvre est une succession de questionnements auxquels il tentera de r\u00e9pondre afin d\u2019expliquer la terre d\u2019une mani\u00e8re artistique en recherchant du sens, du graphisme et de l\u2019\u00e9motion.\u00a0Acqu\u00e9rir une oeuvre sign\u00e9e et en \u00e9ditions limit\u00e9es | YABPHOTO.COM\" \/>\n<meta property=\"og:url\" content=\"https:\/\/www.yannarthusbertrandphoto.com\/fr\/produit\/cheval\/\" \/>\n<meta property=\"og:site_name\" content=\"Yann Arthus-Bertrand\" \/>\n<meta property=\"article:publisher\" content=\"https:\/\/www.facebook.com\/Y.A.Bertrand\/\" \/>\n<meta property=\"article:modified_time\" content=\"2018-05-29T18:24:41+00:00\" \/>\n<meta property=\"og:image\" content=\"https:\/\/www.yannarthusbertrandphoto.com\/wp-content\/uploads\/2018\/05\/bch-expo-032c.jpg\" \/>\n<meta name=\"twitter:card\" content=\"summary_large_image\" \/>\n<meta name=\"twitter:title\" content=\"YANN ARTHUS-BERTRAND PHOTO | Cheval pure-race espagnole, France | Officiel\" \/>\n<meta name=\"twitter:description\" content=\"Yann Arthus-Bertrand Photo | YAB PHOTO - Tel un scientifique, son \u0153uvre est une succession de questionnements auxquels il tentera de r\u00e9pondre afin d\u2019expliquer la terre d\u2019une mani\u00e8re artistique en recherchant du sens, du graphisme et de l\u2019\u00e9motion.\u00a0Acqu\u00e9rir une oeuvre sign\u00e9e et en \u00e9ditions limit\u00e9es | YABPHOTO.COM\" \/>\n<meta name=\"twitter:image\" content=\"https:\/\/www.yannarthusbertrandphoto.com\/wp-content\/uploads\/2018\/05\/bch-expo-032c.jpg\" \/>\n<meta name=\"twitter:site\" content=\"@Yann_A_B\" \/>\n<script type=\"application\/ld+json\" class=\"yoast-schema-graph\">{\"@context\":\"https:\/\/schema.org\",\"@graph\":[{\"@type\":\"WebPage\",\"@id\":\"https:\/\/www.yannarthusbertrandphoto.com\/fr\/produit\/cheval\/\",\"url\":\"https:\/\/www.yannarthusbertrandphoto.com\/fr\/produit\/cheval\/\",\"name\":\"YANN ARTHUS-BERTRAND PHOTO | Cheval pure-race espagnole, France | Officiel\",\"isPartOf\":{\"@id\":\"https:\/\/www.yannarthusbertrandphoto.com\/fr\/#website\"},\"datePublished\":\"2018-05-16T17:59:41+00:00\",\"dateModified\":\"2018-05-29T18:24:41+00:00\",\"description\":\"Yann Arthus-Bertrand Photo | YAB PHOTO - Tel un scientifique, son \u0153uvre est une succession de questionnements auxquels il tentera de r\u00e9pondre afin d\u2019expliquer la terre d\u2019une mani\u00e8re artistique en recherchant du sens, du graphisme et de l\u2019\u00e9motion.\u00a0Acqu\u00e9rir une oeuvre sign\u00e9e et en \u00e9ditions limit\u00e9es | YABPHOTO.COM\",\"breadcrumb\":{\"@id\":\"https:\/\/www.yannarthusbertrandphoto.com\/fr\/produit\/cheval\/#breadcrumb\"},\"inLanguage\":\"fr-FR\",\"potentialAction\":[{\"@type\":\"ReadAction\",\"target\":[\"https:\/\/www.yannarthusbertrandphoto.com\/fr\/produit\/cheval\/\"]}]},{\"@type\":\"BreadcrumbList\",\"@id\":\"https:\/\/www.yannarthusbertrandphoto.com\/fr\/produit\/cheval\/#breadcrumb\",\"itemListElement\":[{\"@type\":\"ListItem\",\"position\":1,\"name\":\"Accueil\",\"item\":\"https:\/\/www.yannarthusbertrandphoto.com\/fr\/\"},{\"@type\":\"ListItem\",\"position\":2,\"name\":\"Shop\",\"item\":\"https:\/\/www.yannarthusbertrandphoto.com\/fr\/shop\/\"},{\"@type\":\"ListItem\",\"position\":3,\"name\":\"Cheval pure-race Espagnole\"}]},{\"@type\":\"WebSite\",\"@id\":\"https:\/\/www.yannarthusbertrandphoto.com\/fr\/#website\",\"url\":\"https:\/\/www.yannarthusbertrandphoto.com\/fr\/\",\"name\":\"Yann Arthus-Bertrand\",\"description\":\"Site officiel d\u00e9di\u00e9 \u00e0 l\u2019\u0153uvre photographique de Yann Arthus-Bertrand\",\"publisher\":{\"@id\":\"https:\/\/www.yannarthusbertrandphoto.com\/fr\/#organization\"},\"potentialAction\":[{\"@type\":\"SearchAction\",\"target\":{\"@type\":\"EntryPoint\",\"urlTemplate\":\"https:\/\/www.yannarthusbertrandphoto.com\/fr\/?s={search_term_string}\"},\"query-input\":\"required name=search_term_string\"}],\"inLanguage\":\"fr-FR\"},{\"@type\":\"Organization\",\"@id\":\"https:\/\/www.yannarthusbertrandphoto.com\/fr\/#organization\",\"name\":\"Alfie Be\",\"url\":\"https:\/\/www.yannarthusbertrandphoto.com\/fr\/\",\"logo\":{\"@type\":\"ImageObject\",\"inLanguage\":\"fr-FR\",\"@id\":\"https:\/\/www.yannarthusbertrandphoto.com\/fr\/#\/schema\/logo\/image\/\",\"url\":\"https:\/\/www.yannarthusbertrandphoto.com\/wp-content\/uploads\/2018\/01\/yab_logo_black.svg\",\"contentUrl\":\"https:\/\/www.yannarthusbertrandphoto.com\/wp-content\/uploads\/2018\/01\/yab_logo_black.svg\",\"caption\":\"Alfie Be\"},\"image\":{\"@id\":\"https:\/\/www.yannarthusbertrandphoto.com\/fr\/#\/schema\/logo\/image\/\"},\"sameAs\":[\"https:\/\/www.instagram.com\/yannarthusbertrand\/\",\"https:\/\/www.youtube.com\/user\/yannarthusbertrand\",\"https:\/\/www.facebook.com\/Y.A.Bertrand\/\",\"https:\/\/twitter.com\/Yann_A_B\"]}]}<\/script>\n<!-- \/ Yoast SEO plugin. -->","yoast_head_json":{"title":"YANN ARTHUS-BERTRAND PHOTO | Cheval pure-race espagnole, France | Officiel","description":"Yann Arthus-Bertrand Photo | YAB PHOTO - Tel un scientifique, son \u0153uvre est une succession de questionnements auxquels il tentera de r\u00e9pondre afin d\u2019expliquer la terre d\u2019une mani\u00e8re artistique en recherchant du sens, du graphisme et de l\u2019\u00e9motion.\u00a0Acqu\u00e9rir une oeuvre sign\u00e9e et en \u00e9ditions limit\u00e9es | YABPHOTO.COM","robots":{"index":"index","follow":"follow","max-snippet":"max-snippet:-1","max-image-preview":"max-image-preview:large","max-video-preview":"max-video-preview:-1"},"canonical":"https:\/\/www.yannarthusbertrandphoto.com\/fr\/produit\/cheval\/","og_locale":"fr_FR","og_type":"article","og_title":"YANN ARTHUS-BERTRAND PHOTO | Cheval pure-race espagnole, France | Officiel","og_description":"Yann Arthus-Bertrand Photo | YAB PHOTO - Tel un scientifique, son \u0153uvre est une succession de questionnements auxquels il tentera de r\u00e9pondre afin d\u2019expliquer la terre d\u2019une mani\u00e8re artistique en recherchant du sens, du graphisme et de l\u2019\u00e9motion.\u00a0Acqu\u00e9rir une oeuvre sign\u00e9e et en \u00e9ditions limit\u00e9es | YABPHOTO.COM","og_url":"https:\/\/www.yannarthusbertrandphoto.com\/fr\/produit\/cheval\/","og_site_name":"Yann Arthus-Bertrand","article_publisher":"https:\/\/www.facebook.com\/Y.A.Bertrand\/","article_modified_time":"2018-05-29T18:24:41+00:00","og_image":[{"url":"https:\/\/www.yannarthusbertrandphoto.com\/wp-content\/uploads\/2018\/05\/bch-expo-032c.jpg"}],"twitter_card":"summary_large_image","twitter_title":"YANN ARTHUS-BERTRAND PHOTO | Cheval pure-race espagnole, France | Officiel","twitter_description":"Yann Arthus-Bertrand Photo | YAB PHOTO - Tel un scientifique, son \u0153uvre est une succession de questionnements auxquels il tentera de r\u00e9pondre afin d\u2019expliquer la terre d\u2019une mani\u00e8re artistique en recherchant du sens, du graphisme et de l\u2019\u00e9motion.\u00a0Acqu\u00e9rir une oeuvre sign\u00e9e et en \u00e9ditions limit\u00e9es | YABPHOTO.COM","twitter_image":"https:\/\/www.yannarthusbertrandphoto.com\/wp-content\/uploads\/2018\/05\/bch-expo-032c.jpg","twitter_site":"@Yann_A_B","schema":{"@context":"https:\/\/schema.org","@graph":[{"@type":"WebPage","@id":"https:\/\/www.yannarthusbertrandphoto.com\/fr\/produit\/cheval\/","url":"https:\/\/www.yannarthusbertrandphoto.com\/fr\/produit\/cheval\/","name":"YANN ARTHUS-BERTRAND PHOTO | Cheval pure-race espagnole, France | Officiel","isPartOf":{"@id":"https:\/\/www.yannarthusbertrandphoto.com\/fr\/#website"},"datePublished":"2018-05-16T17:59:41+00:00","dateModified":"2018-05-29T18:24:41+00:00","description":"Yann Arthus-Bertrand Photo | YAB PHOTO - Tel un scientifique, son \u0153uvre est une succession de questionnements auxquels il tentera de r\u00e9pondre afin d\u2019expliquer la terre d\u2019une mani\u00e8re artistique en recherchant du sens, du graphisme et de l\u2019\u00e9motion.\u00a0Acqu\u00e9rir une oeuvre sign\u00e9e et en \u00e9ditions limit\u00e9es | YABPHOTO.COM","breadcrumb":{"@id":"https:\/\/www.yannarthusbertrandphoto.com\/fr\/produit\/cheval\/#breadcrumb"},"inLanguage":"fr-FR","potentialAction":[{"@type":"ReadAction","target":["https:\/\/www.yannarthusbertrandphoto.com\/fr\/produit\/cheval\/"]}]},{"@type":"BreadcrumbList","@id":"https:\/\/www.yannarthusbertrandphoto.com\/fr\/produit\/cheval\/#breadcrumb","itemListElement":[{"@type":"ListItem","position":1,"name":"Accueil","item":"https:\/\/www.yannarthusbertrandphoto.com\/fr\/"},{"@type":"ListItem","position":2,"name":"Shop","item":"https:\/\/www.yannarthusbertrandphoto.com\/fr\/shop\/"},{"@type":"ListItem","position":3,"name":"Cheval pure-race Espagnole"}]},{"@type":"WebSite","@id":"https:\/\/www.yannarthusbertrandphoto.com\/fr\/#website","url":"https:\/\/www.yannarthusbertrandphoto.com\/fr\/","name":"Yann Arthus-Bertrand","description":"Site officiel d\u00e9di\u00e9 \u00e0 l\u2019\u0153uvre photographique de Yann Arthus-Bertrand","publisher":{"@id":"https:\/\/www.yannarthusbertrandphoto.com\/fr\/#organization"},"potentialAction":[{"@type":"SearchAction","target":{"@type":"EntryPoint","urlTemplate":"https:\/\/www.yannarthusbertrandphoto.com\/fr\/?s={search_term_string}"},"query-input":"required name=search_term_string"}],"inLanguage":"fr-FR"},{"@type":"Organization","@id":"https:\/\/www.yannarthusbertrandphoto.com\/fr\/#organization","name":"Alfie Be","url":"https:\/\/www.yannarthusbertrandphoto.com\/fr\/","logo":{"@type":"ImageObject","inLanguage":"fr-FR","@id":"https:\/\/www.yannarthusbertrandphoto.com\/fr\/#\/schema\/logo\/image\/","url":"https:\/\/www.yannarthusbertrandphoto.com\/wp-content\/uploads\/2018\/01\/yab_logo_black.svg","contentUrl":"https:\/\/www.yannarthusbertrandphoto.com\/wp-content\/uploads\/2018\/01\/yab_logo_black.svg","caption":"Alfie Be"},"image":{"@id":"https:\/\/www.yannarthusbertrandphoto.com\/fr\/#\/schema\/logo\/image\/"},"sameAs":["https:\/\/www.instagram.com\/yannarthusbertrand\/","https:\/\/www.youtube.com\/user\/yannarthusbertrand","https:\/\/www.facebook.com\/Y.A.Bertrand\/","https:\/\/twitter.com\/Yann_A_B"]}]}},"_links":{"self":[{"href":"https:\/\/www.yannarthusbertrandphoto.com\/fr\/wp-json\/wp\/v2\/product\/16068"}],"collection":[{"href":"https:\/\/www.yannarthusbertrandphoto.com\/fr\/wp-json\/wp\/v2\/product"}],"about":[{"href":"https:\/\/www.yannarthusbertrandphoto.com\/fr\/wp-json\/wp\/v2\/types\/product"}],"wp:featuredmedia":[{"embeddable":true,"href":"https:\/\/www.yannarthusbertrandphoto.com\/fr\/wp-json\/wp\/v2\/media\/16069"}],"wp:attachment":[{"href":"https:\/\/www.yannarthusbertrandphoto.com\/fr\/wp-json\/wp\/v2\/media?parent=16068"}],"wp:term":[{"taxonomy":"product_cat","embeddable":true,"href":"https:\/\/www.yannarthusbertrandphoto.com\/fr\/wp-json\/wp\/v2\/product_cat?post=16068"},{"taxonomy":"product_tag","embeddable":true,"href":"https:\/\/www.yannarthusbertrandphoto.com\/fr\/wp-json\/wp\/v2\/product_tag?post=16068"}],"curies":[{"name":"wp","href":"https:\/\/api.w.org\/{rel}","templated":true}]}}