{"id":1691,"date":"2017-12-07T21:47:09","date_gmt":"2017-12-07T20:47:09","guid":{"rendered":"https:\/\/www.yannarthusbertrandphoto.com\/?post_type=product&#038;p=1691"},"modified":"2018-02-20T17:44:54","modified_gmt":"2018-02-20T16:44:54","slug":"cendres-volantes-afrique-du-sud","status":"publish","type":"product","link":"https:\/\/www.yannarthusbertrandphoto.com\/fr\/produit\/cendres-volantes-afrique-du-sud\/","title":{"rendered":"Cendres volantes"},"content":{"rendered":"<p>Ces immenses terre-pleins sont constitu\u00e9s de cendres volantes r\u00e9sultant des op\u00e9rations de liqu\u00e9faction du charbon, r\u00e9alis\u00e9es par les installations industrielles de la compagnie p\u00e9troli\u00e8re sud-africaine Sasol toutes proches. Il s\u2019agit de la plus importante \u2013et sans doute de la seule\u2013 usine de carburant de synth\u00e8se du monde. Elle utilise le proc\u00e9d\u00e9 Fischer-Tropsch pour convertir des charbons de mauvaise qualit\u00e9 mais aussi du gaz naturel en hydrocarbures liquides. L\u2019usine \u00e0 elle seule occupe une superficie de 13 km2 et sa cr\u00e9ation doit beaucoup \u00e0 l\u2019embargo international auquel l\u2019Afrique du Sud \u00e9tait soumise lorsque ce pays pratiquait une politique rigoureuse de s\u00e9gr\u00e9gation et de discrimination raciales au profit de la minorit\u00e9 blanche, plus connue sous le nom d\u2019Apartheid. Si la production de carburant synth\u00e9tique est rest\u00e9e marginale, la technologie conna\u00eet un regain d\u2019int\u00e9r\u00eat avec l\u2019augmentation des prix du p\u00e9trole. D\u2019un point de vue environnemental, la production d\u2019un litre de carburant synth\u00e9tique issu du charbon engendre deux fois plus de gaz \u00e0 effet de serre qu\u2019un carburant \u00e9quivalent issu du raffinage du p\u00e9trole.<\/p>\n","protected":false},"excerpt":{"rendered":"<p>D\u00e9p\u00f4t de cendres volantes pr\u00e8s de Secunda, province de Mpumalanga, r\u00e9publique d\u2019Afrique du Sud (26\u00b031\u2019S \u2013 29\u00b007\u2019E).<\/p>\n","protected":false},"featured_media":1692,"template":"","meta":{"inline_featured_image":false},"product_cat":[212],"product_tag":[],"yoast_head":"<!-- This site is optimized with the Yoast SEO plugin v19.10 - https:\/\/yoast.com\/wordpress\/plugins\/seo\/ -->\n<title>Cendres volantes - Yann Arthus-Bertrand Photographie<\/title>\n<meta name=\"description\" content=\"Ces immenses terre-pleins sont constitu\u00e9s de cendres volantes r\u00e9sultant des op\u00e9rations de liqu\u00e9faction du charbon, r\u00e9alis\u00e9es par les installations industrielles de la compagnie p\u00e9troli\u00e8re sud-africaine Sasol toutes proches. Il s\u2019agit de la plus importante \u2013et sans doute de la seule\u2013 usine de carburant de synth\u00e8se...\" \/>\n<meta name=\"robots\" content=\"index, follow, max-snippet:-1, max-image-preview:large, max-video-preview:-1\" \/>\n<link rel=\"canonical\" href=\"https:\/\/www.yannarthusbertrandphoto.com\/fr\/produit\/cendres-volantes-afrique-du-sud\/\" \/>\n<meta property=\"og:locale\" content=\"fr_FR\" \/>\n<meta property=\"og:type\" content=\"article\" \/>\n<meta property=\"og:title\" content=\"Cendres volantes - Yann Arthus-Bertrand Photographie\" \/>\n<meta property=\"og:description\" content=\"Ces immenses terre-pleins sont constitu\u00e9s de cendres volantes r\u00e9sultant des op\u00e9rations de liqu\u00e9faction du charbon, r\u00e9alis\u00e9es par les installations industrielles de la compagnie p\u00e9troli\u00e8re sud-africaine Sasol toutes proches. Il s\u2019agit de la plus importante \u2013et sans doute de la seule\u2013 usine de carburant de synth\u00e8se...\" \/>\n<meta property=\"og:url\" content=\"https:\/\/www.yannarthusbertrandphoto.com\/fr\/produit\/cendres-volantes-afrique-du-sud\/\" \/>\n<meta property=\"og:site_name\" content=\"Yann Arthus-Bertrand\" \/>\n<meta property=\"article:publisher\" content=\"https:\/\/www.facebook.com\/Y.A.Bertrand\/\" \/>\n<meta property=\"article:modified_time\" content=\"2018-02-20T16:44:54+00:00\" \/>\n<meta property=\"og:image\" content=\"https:\/\/www.yannarthusbertrandphoto.com\/wp-content\/uploads\/2017\/12\/001-za0711n-4050.jpg\" \/>\n\t<meta property=\"og:image:width\" content=\"2000\" \/>\n\t<meta property=\"og:image:height\" content=\"1333\" \/>\n\t<meta property=\"og:image:type\" content=\"image\/jpeg\" \/>\n<meta name=\"twitter:card\" content=\"summary_large_image\" \/>\n<meta name=\"twitter:site\" content=\"@Yann_A_B\" \/>\n<meta name=\"twitter:label1\" content=\"Dur\u00e9e de lecture estim\u00e9e\" \/>\n\t<meta name=\"twitter:data1\" content=\"1 minute\" \/>\n<script type=\"application\/ld+json\" class=\"yoast-schema-graph\">{\"@context\":\"https:\/\/schema.org\",\"@graph\":[{\"@type\":\"WebPage\",\"@id\":\"https:\/\/www.yannarthusbertrandphoto.com\/fr\/produit\/cendres-volantes-afrique-du-sud\/\",\"url\":\"https:\/\/www.yannarthusbertrandphoto.com\/fr\/produit\/cendres-volantes-afrique-du-sud\/\",\"name\":\"Cendres volantes - Yann Arthus-Bertrand Photographie\",\"isPartOf\":{\"@id\":\"https:\/\/www.yannarthusbertrandphoto.com\/fr\/#website\"},\"datePublished\":\"2017-12-07T20:47:09+00:00\",\"dateModified\":\"2018-02-20T16:44:54+00:00\",\"description\":\"Ces immenses terre-pleins sont constitu\u00e9s de cendres volantes r\u00e9sultant des op\u00e9rations de liqu\u00e9faction du charbon, r\u00e9alis\u00e9es par les installations industrielles de la compagnie p\u00e9troli\u00e8re sud-africaine Sasol toutes proches. Il s\u2019agit de la plus importante \u2013et sans doute de la seule\u2013 usine de carburant de synth\u00e8se...\",\"breadcrumb\":{\"@id\":\"https:\/\/www.yannarthusbertrandphoto.com\/fr\/produit\/cendres-volantes-afrique-du-sud\/#breadcrumb\"},\"inLanguage\":\"fr-FR\",\"potentialAction\":[{\"@type\":\"ReadAction\",\"target\":[\"https:\/\/www.yannarthusbertrandphoto.com\/fr\/produit\/cendres-volantes-afrique-du-sud\/\"]}]},{\"@type\":\"BreadcrumbList\",\"@id\":\"https:\/\/www.yannarthusbertrandphoto.com\/fr\/produit\/cendres-volantes-afrique-du-sud\/#breadcrumb\",\"itemListElement\":[{\"@type\":\"ListItem\",\"position\":1,\"name\":\"Accueil\",\"item\":\"https:\/\/www.yannarthusbertrandphoto.com\/fr\/\"},{\"@type\":\"ListItem\",\"position\":2,\"name\":\"Shop\",\"item\":\"https:\/\/www.yannarthusbertrandphoto.com\/fr\/shop\/\"},{\"@type\":\"ListItem\",\"position\":3,\"name\":\"Cendres volantes\"}]},{\"@type\":\"WebSite\",\"@id\":\"https:\/\/www.yannarthusbertrandphoto.com\/fr\/#website\",\"url\":\"https:\/\/www.yannarthusbertrandphoto.com\/fr\/\",\"name\":\"Yann Arthus-Bertrand\",\"description\":\"Site officiel d\u00e9di\u00e9 \u00e0 l\u2019\u0153uvre photographique de Yann Arthus-Bertrand\",\"publisher\":{\"@id\":\"https:\/\/www.yannarthusbertrandphoto.com\/fr\/#organization\"},\"potentialAction\":[{\"@type\":\"SearchAction\",\"target\":{\"@type\":\"EntryPoint\",\"urlTemplate\":\"https:\/\/www.yannarthusbertrandphoto.com\/fr\/?s={search_term_string}\"},\"query-input\":\"required name=search_term_string\"}],\"inLanguage\":\"fr-FR\"},{\"@type\":\"Organization\",\"@id\":\"https:\/\/www.yannarthusbertrandphoto.com\/fr\/#organization\",\"name\":\"Alfie Be\",\"url\":\"https:\/\/www.yannarthusbertrandphoto.com\/fr\/\",\"logo\":{\"@type\":\"ImageObject\",\"inLanguage\":\"fr-FR\",\"@id\":\"https:\/\/www.yannarthusbertrandphoto.com\/fr\/#\/schema\/logo\/image\/\",\"url\":\"https:\/\/www.yannarthusbertrandphoto.com\/wp-content\/uploads\/2018\/01\/yab_logo_black.svg\",\"contentUrl\":\"https:\/\/www.yannarthusbertrandphoto.com\/wp-content\/uploads\/2018\/01\/yab_logo_black.svg\",\"caption\":\"Alfie Be\"},\"image\":{\"@id\":\"https:\/\/www.yannarthusbertrandphoto.com\/fr\/#\/schema\/logo\/image\/\"},\"sameAs\":[\"https:\/\/www.instagram.com\/yannarthusbertrand\/\",\"https:\/\/www.youtube.com\/user\/yannarthusbertrand\",\"https:\/\/www.facebook.com\/Y.A.Bertrand\/\",\"https:\/\/twitter.com\/Yann_A_B\"]}]}<\/script>\n<!-- \/ Yoast SEO plugin. -->","yoast_head_json":{"title":"Cendres volantes - Yann Arthus-Bertrand Photographie","description":"Ces immenses terre-pleins sont constitu\u00e9s de cendres volantes r\u00e9sultant des op\u00e9rations de liqu\u00e9faction du charbon, r\u00e9alis\u00e9es par les installations industrielles de la compagnie p\u00e9troli\u00e8re sud-africaine Sasol toutes proches. Il s\u2019agit de la plus importante \u2013et sans doute de la seule\u2013 usine de carburant de synth\u00e8se...","robots":{"index":"index","follow":"follow","max-snippet":"max-snippet:-1","max-image-preview":"max-image-preview:large","max-video-preview":"max-video-preview:-1"},"canonical":"https:\/\/www.yannarthusbertrandphoto.com\/fr\/produit\/cendres-volantes-afrique-du-sud\/","og_locale":"fr_FR","og_type":"article","og_title":"Cendres volantes - Yann Arthus-Bertrand Photographie","og_description":"Ces immenses terre-pleins sont constitu\u00e9s de cendres volantes r\u00e9sultant des op\u00e9rations de liqu\u00e9faction du charbon, r\u00e9alis\u00e9es par les installations industrielles de la compagnie p\u00e9troli\u00e8re sud-africaine Sasol toutes proches. Il s\u2019agit de la plus importante \u2013et sans doute de la seule\u2013 usine de carburant de synth\u00e8se...","og_url":"https:\/\/www.yannarthusbertrandphoto.com\/fr\/produit\/cendres-volantes-afrique-du-sud\/","og_site_name":"Yann Arthus-Bertrand","article_publisher":"https:\/\/www.facebook.com\/Y.A.Bertrand\/","article_modified_time":"2018-02-20T16:44:54+00:00","og_image":[{"width":2000,"height":1333,"url":"https:\/\/www.yannarthusbertrandphoto.com\/wp-content\/uploads\/2017\/12\/001-za0711n-4050.jpg","type":"image\/jpeg"}],"twitter_card":"summary_large_image","twitter_site":"@Yann_A_B","twitter_misc":{"Dur\u00e9e de lecture estim\u00e9e":"1 minute"},"schema":{"@context":"https:\/\/schema.org","@graph":[{"@type":"WebPage","@id":"https:\/\/www.yannarthusbertrandphoto.com\/fr\/produit\/cendres-volantes-afrique-du-sud\/","url":"https:\/\/www.yannarthusbertrandphoto.com\/fr\/produit\/cendres-volantes-afrique-du-sud\/","name":"Cendres volantes - Yann Arthus-Bertrand Photographie","isPartOf":{"@id":"https:\/\/www.yannarthusbertrandphoto.com\/fr\/#website"},"datePublished":"2017-12-07T20:47:09+00:00","dateModified":"2018-02-20T16:44:54+00:00","description":"Ces immenses terre-pleins sont constitu\u00e9s de cendres volantes r\u00e9sultant des op\u00e9rations de liqu\u00e9faction du charbon, r\u00e9alis\u00e9es par les installations industrielles de la compagnie p\u00e9troli\u00e8re sud-africaine Sasol toutes proches. Il s\u2019agit de la plus importante \u2013et sans doute de la seule\u2013 usine de carburant de synth\u00e8se...","breadcrumb":{"@id":"https:\/\/www.yannarthusbertrandphoto.com\/fr\/produit\/cendres-volantes-afrique-du-sud\/#breadcrumb"},"inLanguage":"fr-FR","potentialAction":[{"@type":"ReadAction","target":["https:\/\/www.yannarthusbertrandphoto.com\/fr\/produit\/cendres-volantes-afrique-du-sud\/"]}]},{"@type":"BreadcrumbList","@id":"https:\/\/www.yannarthusbertrandphoto.com\/fr\/produit\/cendres-volantes-afrique-du-sud\/#breadcrumb","itemListElement":[{"@type":"ListItem","position":1,"name":"Accueil","item":"https:\/\/www.yannarthusbertrandphoto.com\/fr\/"},{"@type":"ListItem","position":2,"name":"Shop","item":"https:\/\/www.yannarthusbertrandphoto.com\/fr\/shop\/"},{"@type":"ListItem","position":3,"name":"Cendres volantes"}]},{"@type":"WebSite","@id":"https:\/\/www.yannarthusbertrandphoto.com\/fr\/#website","url":"https:\/\/www.yannarthusbertrandphoto.com\/fr\/","name":"Yann Arthus-Bertrand","description":"Site officiel d\u00e9di\u00e9 \u00e0 l\u2019\u0153uvre photographique de Yann Arthus-Bertrand","publisher":{"@id":"https:\/\/www.yannarthusbertrandphoto.com\/fr\/#organization"},"potentialAction":[{"@type":"SearchAction","target":{"@type":"EntryPoint","urlTemplate":"https:\/\/www.yannarthusbertrandphoto.com\/fr\/?s={search_term_string}"},"query-input":"required name=search_term_string"}],"inLanguage":"fr-FR"},{"@type":"Organization","@id":"https:\/\/www.yannarthusbertrandphoto.com\/fr\/#organization","name":"Alfie Be","url":"https:\/\/www.yannarthusbertrandphoto.com\/fr\/","logo":{"@type":"ImageObject","inLanguage":"fr-FR","@id":"https:\/\/www.yannarthusbertrandphoto.com\/fr\/#\/schema\/logo\/image\/","url":"https:\/\/www.yannarthusbertrandphoto.com\/wp-content\/uploads\/2018\/01\/yab_logo_black.svg","contentUrl":"https:\/\/www.yannarthusbertrandphoto.com\/wp-content\/uploads\/2018\/01\/yab_logo_black.svg","caption":"Alfie Be"},"image":{"@id":"https:\/\/www.yannarthusbertrandphoto.com\/fr\/#\/schema\/logo\/image\/"},"sameAs":["https:\/\/www.instagram.com\/yannarthusbertrand\/","https:\/\/www.youtube.com\/user\/yannarthusbertrand","https:\/\/www.facebook.com\/Y.A.Bertrand\/","https:\/\/twitter.com\/Yann_A_B"]}]}},"_links":{"self":[{"href":"https:\/\/www.yannarthusbertrandphoto.com\/fr\/wp-json\/wp\/v2\/product\/1691"}],"collection":[{"href":"https:\/\/www.yannarthusbertrandphoto.com\/fr\/wp-json\/wp\/v2\/product"}],"about":[{"href":"https:\/\/www.yannarthusbertrandphoto.com\/fr\/wp-json\/wp\/v2\/types\/product"}],"wp:featuredmedia":[{"embeddable":true,"href":"https:\/\/www.yannarthusbertrandphoto.com\/fr\/wp-json\/wp\/v2\/media\/1692"}],"wp:attachment":[{"href":"https:\/\/www.yannarthusbertrandphoto.com\/fr\/wp-json\/wp\/v2\/media?parent=1691"}],"wp:term":[{"taxonomy":"product_cat","embeddable":true,"href":"https:\/\/www.yannarthusbertrandphoto.com\/fr\/wp-json\/wp\/v2\/product_cat?post=1691"},{"taxonomy":"product_tag","embeddable":true,"href":"https:\/\/www.yannarthusbertrandphoto.com\/fr\/wp-json\/wp\/v2\/product_tag?post=1691"}],"curies":[{"name":"wp","href":"https:\/\/api.w.org\/{rel}","templated":true}]}}