{"id":17545,"date":"2018-07-02T09:30:58","date_gmt":"2018-07-02T07:30:58","guid":{"rendered":"https:\/\/www.yannarthusbertrandphoto.com\/?post_type=product&#038;p=17545"},"modified":"2018-07-02T09:50:12","modified_gmt":"2018-07-02T07:50:12","slug":"bois-flottant","status":"publish","type":"product","link":"https:\/\/www.yannarthusbertrandphoto.com\/fr\/produit\/bois-flottant\/","title":{"rendered":"Bois flottant"},"content":{"rendered":"<p>Inaccessible par la route, mais capitale \u00e9conomique du pays peupl\u00e9e de 150 000 habitants, Port-Gentil d\u00e9pend de l\u2019industrie p\u00e9troli\u00e8re et de celle du bois. La for\u00eat gabonaise, qui couvre pr\u00e8s de 85 % du territoire, est riche d\u2019environ 400 essences de bois diff\u00e9rentes, dont 60 sont exploit\u00e9es. Les grumes sont achemin\u00e9es vers la c\u00f4te par la route et par le chemin de fer, puis par le fleuve Ogoou\u00e9, le plus long cours d\u2019eau du pays (1 200 km), jusqu\u2019\u00e0 Port-Gentil. Certaines seront charg\u00e9es telles quelles sur des cargos \u00e0 destination de la Chine ou de l\u2019Europe. D\u2019autres seront rassembl\u00e9es avant d\u2019\u00eatre transform\u00e9es en bois de d\u00e9roulage. Ce sera le cas de l\u2019okoum\u00e9 (Aucoumea klaineana), une essence foresti\u00e8re recherch\u00e9e pour la fabrication de contreplaqu\u00e9. Premier exportateur de ce bois dont il r\u00e9alise la moiti\u00e9 de la production mondiale annuelle (soit 2 000 000 m3), le Gabon n\u2019a pas pour objectif d\u2019augmenter les quotas en vigueur, et ce au nom de la \u00ab gestion durable \u00bb des ressources foresti\u00e8res. Son projet est de transformer davantage de bois sur place afin de cr\u00e9er des emplois et d\u2019accro\u00eetre ainsi les recettes tir\u00e9es de l\u2019exploitation des for\u00eats, une activit\u00e9 qui contribue \u00e0 60 % du PIB gabonais hors p\u00e9trole. Reste que l\u2019exploitation foresti\u00e8re n\u2019est pas sans impact : les routes ouvertes par les exploitants favorisent le d\u00e9veloppement du braconnage et des concessions foresti\u00e8res empi\u00e8tent sur des territoires o\u00f9 vivent des populations pygm\u00e9es.<\/p>\n","protected":false},"excerpt":{"rendered":"<p>Flottage du bois pr\u00e8s de Port Gentil, province Ogoou\u00e9-Maritime, Gabon (0\u00b043\u2019 S &#8211; 8\u00b047\u2019 E).<\/p>\n","protected":false},"featured_media":17546,"template":"","meta":{"inline_featured_image":false},"product_cat":[456,215],"product_tag":[],"yoast_head":"<!-- This site is optimized with the Yoast SEO plugin v19.10 - https:\/\/yoast.com\/wordpress\/plugins\/seo\/ -->\n<title>YANN ARTHUS-BERTRAND PHOTO | Bois Flottant, Gabon | Officiel<\/title>\n<meta name=\"description\" content=\"YAB PHOTO | Tel un scientifique, son oeuvre photographique est une succession de questionnements auxquels il tentera de r\u00e9pondre afin d\u2019expliquer la terre d\u2019une mani\u00e8re artistique en recherchant du sens, du graphisme et de l\u2019\u00e9motion. Acqu\u00e9rir une Oeuvre Sign\u00e9e et en Editions Limit\u00e9es | YABPHOTO.COM\" \/>\n<meta name=\"robots\" content=\"index, follow, max-snippet:-1, max-image-preview:large, max-video-preview:-1\" \/>\n<link rel=\"canonical\" href=\"https:\/\/www.yannarthusbertrandphoto.com\/fr\/produit\/bois-flottant\/\" \/>\n<meta property=\"og:locale\" content=\"fr_FR\" \/>\n<meta property=\"og:type\" content=\"article\" \/>\n<meta property=\"og:title\" content=\"YANN ARTHUS-BERTRAND PHOTO | Bois Flottant, Gabon | Officiel\" \/>\n<meta property=\"og:description\" content=\"YAB PHOTO | Tel un scientifique, son oeuvre photographique est une succession de questionnements auxquels il tentera de r\u00e9pondre afin d\u2019expliquer la terre d\u2019une mani\u00e8re artistique en recherchant du sens, du graphisme et de l\u2019\u00e9motion. Acqu\u00e9rir une Oeuvre Sign\u00e9e et en Editions Limit\u00e9es | YABPHOTO.COM\" \/>\n<meta property=\"og:url\" content=\"https:\/\/www.yannarthusbertrandphoto.com\/fr\/produit\/bois-flottant\/\" \/>\n<meta property=\"og:site_name\" content=\"Yann Arthus-Bertrand\" \/>\n<meta property=\"article:publisher\" content=\"https:\/\/www.facebook.com\/Y.A.Bertrand\/\" \/>\n<meta property=\"article:modified_time\" content=\"2018-07-02T07:50:12+00:00\" \/>\n<meta property=\"og:image\" content=\"https:\/\/www.yannarthusbertrandphoto.com\/wp-content\/uploads\/2018\/07\/yab_yann-arthus-bertrand-photo_floating-wood.jpg\" \/>\n\t<meta property=\"og:image:width\" content=\"2000\" \/>\n\t<meta property=\"og:image:height\" content=\"1333\" \/>\n\t<meta property=\"og:image:type\" content=\"image\/jpeg\" \/>\n<meta name=\"twitter:card\" content=\"summary_large_image\" \/>\n<meta name=\"twitter:site\" content=\"@Yann_A_B\" \/>\n<meta name=\"twitter:label1\" content=\"Dur\u00e9e de lecture estim\u00e9e\" \/>\n\t<meta name=\"twitter:data1\" content=\"1 minute\" \/>\n<script type=\"application\/ld+json\" class=\"yoast-schema-graph\">{\"@context\":\"https:\/\/schema.org\",\"@graph\":[{\"@type\":\"WebPage\",\"@id\":\"https:\/\/www.yannarthusbertrandphoto.com\/fr\/produit\/bois-flottant\/\",\"url\":\"https:\/\/www.yannarthusbertrandphoto.com\/fr\/produit\/bois-flottant\/\",\"name\":\"YANN ARTHUS-BERTRAND PHOTO | Bois Flottant, Gabon | Officiel\",\"isPartOf\":{\"@id\":\"https:\/\/www.yannarthusbertrandphoto.com\/fr\/#website\"},\"datePublished\":\"2018-07-02T07:30:58+00:00\",\"dateModified\":\"2018-07-02T07:50:12+00:00\",\"description\":\"YAB PHOTO | Tel un scientifique, son oeuvre photographique est une succession de questionnements auxquels il tentera de r\u00e9pondre afin d\u2019expliquer la terre d\u2019une mani\u00e8re artistique en recherchant du sens, du graphisme et de l\u2019\u00e9motion. Acqu\u00e9rir une Oeuvre Sign\u00e9e et en Editions Limit\u00e9es | YABPHOTO.COM\",\"breadcrumb\":{\"@id\":\"https:\/\/www.yannarthusbertrandphoto.com\/fr\/produit\/bois-flottant\/#breadcrumb\"},\"inLanguage\":\"fr-FR\",\"potentialAction\":[{\"@type\":\"ReadAction\",\"target\":[\"https:\/\/www.yannarthusbertrandphoto.com\/fr\/produit\/bois-flottant\/\"]}]},{\"@type\":\"BreadcrumbList\",\"@id\":\"https:\/\/www.yannarthusbertrandphoto.com\/fr\/produit\/bois-flottant\/#breadcrumb\",\"itemListElement\":[{\"@type\":\"ListItem\",\"position\":1,\"name\":\"Accueil\",\"item\":\"https:\/\/www.yannarthusbertrandphoto.com\/fr\/\"},{\"@type\":\"ListItem\",\"position\":2,\"name\":\"Shop\",\"item\":\"https:\/\/www.yannarthusbertrandphoto.com\/fr\/shop\/\"},{\"@type\":\"ListItem\",\"position\":3,\"name\":\"Bois flottant\"}]},{\"@type\":\"WebSite\",\"@id\":\"https:\/\/www.yannarthusbertrandphoto.com\/fr\/#website\",\"url\":\"https:\/\/www.yannarthusbertrandphoto.com\/fr\/\",\"name\":\"Yann Arthus-Bertrand\",\"description\":\"Site officiel d\u00e9di\u00e9 \u00e0 l\u2019\u0153uvre photographique de Yann Arthus-Bertrand\",\"publisher\":{\"@id\":\"https:\/\/www.yannarthusbertrandphoto.com\/fr\/#organization\"},\"potentialAction\":[{\"@type\":\"SearchAction\",\"target\":{\"@type\":\"EntryPoint\",\"urlTemplate\":\"https:\/\/www.yannarthusbertrandphoto.com\/fr\/?s={search_term_string}\"},\"query-input\":\"required name=search_term_string\"}],\"inLanguage\":\"fr-FR\"},{\"@type\":\"Organization\",\"@id\":\"https:\/\/www.yannarthusbertrandphoto.com\/fr\/#organization\",\"name\":\"Alfie Be\",\"url\":\"https:\/\/www.yannarthusbertrandphoto.com\/fr\/\",\"logo\":{\"@type\":\"ImageObject\",\"inLanguage\":\"fr-FR\",\"@id\":\"https:\/\/www.yannarthusbertrandphoto.com\/fr\/#\/schema\/logo\/image\/\",\"url\":\"https:\/\/www.yannarthusbertrandphoto.com\/wp-content\/uploads\/2018\/01\/yab_logo_black.svg\",\"contentUrl\":\"https:\/\/www.yannarthusbertrandphoto.com\/wp-content\/uploads\/2018\/01\/yab_logo_black.svg\",\"caption\":\"Alfie Be\"},\"image\":{\"@id\":\"https:\/\/www.yannarthusbertrandphoto.com\/fr\/#\/schema\/logo\/image\/\"},\"sameAs\":[\"https:\/\/www.instagram.com\/yannarthusbertrand\/\",\"https:\/\/www.youtube.com\/user\/yannarthusbertrand\",\"https:\/\/www.facebook.com\/Y.A.Bertrand\/\",\"https:\/\/twitter.com\/Yann_A_B\"]}]}<\/script>\n<!-- \/ Yoast SEO plugin. -->","yoast_head_json":{"title":"YANN ARTHUS-BERTRAND PHOTO | Bois Flottant, Gabon | Officiel","description":"YAB PHOTO | Tel un scientifique, son oeuvre photographique est une succession de questionnements auxquels il tentera de r\u00e9pondre afin d\u2019expliquer la terre d\u2019une mani\u00e8re artistique en recherchant du sens, du graphisme et de l\u2019\u00e9motion. Acqu\u00e9rir une Oeuvre Sign\u00e9e et en Editions Limit\u00e9es | YABPHOTO.COM","robots":{"index":"index","follow":"follow","max-snippet":"max-snippet:-1","max-image-preview":"max-image-preview:large","max-video-preview":"max-video-preview:-1"},"canonical":"https:\/\/www.yannarthusbertrandphoto.com\/fr\/produit\/bois-flottant\/","og_locale":"fr_FR","og_type":"article","og_title":"YANN ARTHUS-BERTRAND PHOTO | Bois Flottant, Gabon | Officiel","og_description":"YAB PHOTO | Tel un scientifique, son oeuvre photographique est une succession de questionnements auxquels il tentera de r\u00e9pondre afin d\u2019expliquer la terre d\u2019une mani\u00e8re artistique en recherchant du sens, du graphisme et de l\u2019\u00e9motion. Acqu\u00e9rir une Oeuvre Sign\u00e9e et en Editions Limit\u00e9es | YABPHOTO.COM","og_url":"https:\/\/www.yannarthusbertrandphoto.com\/fr\/produit\/bois-flottant\/","og_site_name":"Yann Arthus-Bertrand","article_publisher":"https:\/\/www.facebook.com\/Y.A.Bertrand\/","article_modified_time":"2018-07-02T07:50:12+00:00","og_image":[{"width":2000,"height":1333,"url":"https:\/\/www.yannarthusbertrandphoto.com\/wp-content\/uploads\/2018\/07\/yab_yann-arthus-bertrand-photo_floating-wood.jpg","type":"image\/jpeg"}],"twitter_card":"summary_large_image","twitter_site":"@Yann_A_B","twitter_misc":{"Dur\u00e9e de lecture estim\u00e9e":"1 minute"},"schema":{"@context":"https:\/\/schema.org","@graph":[{"@type":"WebPage","@id":"https:\/\/www.yannarthusbertrandphoto.com\/fr\/produit\/bois-flottant\/","url":"https:\/\/www.yannarthusbertrandphoto.com\/fr\/produit\/bois-flottant\/","name":"YANN ARTHUS-BERTRAND PHOTO | Bois Flottant, Gabon | Officiel","isPartOf":{"@id":"https:\/\/www.yannarthusbertrandphoto.com\/fr\/#website"},"datePublished":"2018-07-02T07:30:58+00:00","dateModified":"2018-07-02T07:50:12+00:00","description":"YAB PHOTO | Tel un scientifique, son oeuvre photographique est une succession de questionnements auxquels il tentera de r\u00e9pondre afin d\u2019expliquer la terre d\u2019une mani\u00e8re artistique en recherchant du sens, du graphisme et de l\u2019\u00e9motion. Acqu\u00e9rir une Oeuvre Sign\u00e9e et en Editions Limit\u00e9es | YABPHOTO.COM","breadcrumb":{"@id":"https:\/\/www.yannarthusbertrandphoto.com\/fr\/produit\/bois-flottant\/#breadcrumb"},"inLanguage":"fr-FR","potentialAction":[{"@type":"ReadAction","target":["https:\/\/www.yannarthusbertrandphoto.com\/fr\/produit\/bois-flottant\/"]}]},{"@type":"BreadcrumbList","@id":"https:\/\/www.yannarthusbertrandphoto.com\/fr\/produit\/bois-flottant\/#breadcrumb","itemListElement":[{"@type":"ListItem","position":1,"name":"Accueil","item":"https:\/\/www.yannarthusbertrandphoto.com\/fr\/"},{"@type":"ListItem","position":2,"name":"Shop","item":"https:\/\/www.yannarthusbertrandphoto.com\/fr\/shop\/"},{"@type":"ListItem","position":3,"name":"Bois flottant"}]},{"@type":"WebSite","@id":"https:\/\/www.yannarthusbertrandphoto.com\/fr\/#website","url":"https:\/\/www.yannarthusbertrandphoto.com\/fr\/","name":"Yann Arthus-Bertrand","description":"Site officiel d\u00e9di\u00e9 \u00e0 l\u2019\u0153uvre photographique de Yann Arthus-Bertrand","publisher":{"@id":"https:\/\/www.yannarthusbertrandphoto.com\/fr\/#organization"},"potentialAction":[{"@type":"SearchAction","target":{"@type":"EntryPoint","urlTemplate":"https:\/\/www.yannarthusbertrandphoto.com\/fr\/?s={search_term_string}"},"query-input":"required name=search_term_string"}],"inLanguage":"fr-FR"},{"@type":"Organization","@id":"https:\/\/www.yannarthusbertrandphoto.com\/fr\/#organization","name":"Alfie Be","url":"https:\/\/www.yannarthusbertrandphoto.com\/fr\/","logo":{"@type":"ImageObject","inLanguage":"fr-FR","@id":"https:\/\/www.yannarthusbertrandphoto.com\/fr\/#\/schema\/logo\/image\/","url":"https:\/\/www.yannarthusbertrandphoto.com\/wp-content\/uploads\/2018\/01\/yab_logo_black.svg","contentUrl":"https:\/\/www.yannarthusbertrandphoto.com\/wp-content\/uploads\/2018\/01\/yab_logo_black.svg","caption":"Alfie Be"},"image":{"@id":"https:\/\/www.yannarthusbertrandphoto.com\/fr\/#\/schema\/logo\/image\/"},"sameAs":["https:\/\/www.instagram.com\/yannarthusbertrand\/","https:\/\/www.youtube.com\/user\/yannarthusbertrand","https:\/\/www.facebook.com\/Y.A.Bertrand\/","https:\/\/twitter.com\/Yann_A_B"]}]}},"_links":{"self":[{"href":"https:\/\/www.yannarthusbertrandphoto.com\/fr\/wp-json\/wp\/v2\/product\/17545"}],"collection":[{"href":"https:\/\/www.yannarthusbertrandphoto.com\/fr\/wp-json\/wp\/v2\/product"}],"about":[{"href":"https:\/\/www.yannarthusbertrandphoto.com\/fr\/wp-json\/wp\/v2\/types\/product"}],"wp:featuredmedia":[{"embeddable":true,"href":"https:\/\/www.yannarthusbertrandphoto.com\/fr\/wp-json\/wp\/v2\/media\/17546"}],"wp:attachment":[{"href":"https:\/\/www.yannarthusbertrandphoto.com\/fr\/wp-json\/wp\/v2\/media?parent=17545"}],"wp:term":[{"taxonomy":"product_cat","embeddable":true,"href":"https:\/\/www.yannarthusbertrandphoto.com\/fr\/wp-json\/wp\/v2\/product_cat?post=17545"},{"taxonomy":"product_tag","embeddable":true,"href":"https:\/\/www.yannarthusbertrandphoto.com\/fr\/wp-json\/wp\/v2\/product_tag?post=17545"}],"curies":[{"name":"wp","href":"https:\/\/api.w.org\/{rel}","templated":true}]}}