{"id":1779,"date":"2017-12-11T09:00:17","date_gmt":"2017-12-11T08:00:17","guid":{"rendered":"https:\/\/www.yannarthusbertrandphoto.com\/?post_type=product&#038;p=1779"},"modified":"2018-04-25T22:02:40","modified_gmt":"2018-04-25T20:02:40","slug":"caravanes","status":"publish","type":"product","link":"https:\/\/www.yannarthusbertrandphoto.com\/fr\/produit\/caravanes\/","title":{"rendered":"Caravanes"},"content":{"rendered":"<p>Aliment\u00e9 par les eaux provenant de l\u2019Atlas saharien au sud, les Aur\u00e8s, et de l\u2019Atlas tellien au nord, le Djurdjura, ce chott et d\u2019une superficie de 1 100 km2. D\u00e9sert de sel en \u00e9t\u00e9 \u00e0 cause de l\u2019\u00e9vaporation, en hiver sa surface et recouverte d\u2019eau.<\/p>\n","protected":false},"excerpt":{"rendered":"<p>Traces du passage d\u2019une caravane de dromadaires sur le lac sal\u00e9 du Chott El Hodna, situ\u00e9 entre la wilaya de M\u2019Sila et la wilaya de Batna, Alg\u00e9rie (35\u00b018\u2019 00\u201d N \u2013 4\u00b040\u2019 00\u201d E).<\/p>\n","protected":false},"featured_media":1780,"template":"","meta":{"inline_featured_image":false},"product_cat":[235,240],"product_tag":[],"yoast_head":"<!-- This site is optimized with the Yoast SEO plugin v19.10 - https:\/\/yoast.com\/wordpress\/plugins\/seo\/ -->\n<title>Caravanes, Alg\u00e9rie - Yann Arthus-Bertrand Photographie<\/title>\n<meta name=\"description\" content=\"Aliment\u00e9 par les eaux provenant de l\u2019Atlas saharien au sud, les Aur\u00e8s, et de l\u2019Atlas tellien au nord, le Djurdjura, ce chott et d\u2019une superficie de 1 100 km2. D\u00e9sert de sel en \u00e9t\u00e9 \u00e0 cause de l\u2019\u00e9vaporation, en hiver sa surface et recouverte d\u2019eau.\" \/>\n<meta name=\"robots\" content=\"index, follow, max-snippet:-1, max-image-preview:large, max-video-preview:-1\" \/>\n<link rel=\"canonical\" href=\"https:\/\/www.yannarthusbertrandphoto.com\/fr\/produit\/caravanes\/\" \/>\n<meta property=\"og:locale\" content=\"fr_FR\" \/>\n<meta property=\"og:type\" content=\"article\" \/>\n<meta property=\"og:title\" content=\"Caravanes, Alg\u00e9rie - Yann Arthus-Bertrand Photographie\" \/>\n<meta property=\"og:description\" content=\"Aliment\u00e9 par les eaux provenant de l\u2019Atlas saharien au sud, les Aur\u00e8s, et de l\u2019Atlas tellien au nord, le Djurdjura, ce chott et d\u2019une superficie de 1 100 km2. D\u00e9sert de sel en \u00e9t\u00e9 \u00e0 cause de l\u2019\u00e9vaporation, en hiver sa surface et recouverte d\u2019eau.\" \/>\n<meta property=\"og:url\" content=\"https:\/\/www.yannarthusbertrandphoto.com\/fr\/produit\/caravanes\/\" \/>\n<meta property=\"og:site_name\" content=\"Yann Arthus-Bertrand\" \/>\n<meta property=\"article:publisher\" content=\"https:\/\/www.facebook.com\/Y.A.Bertrand\/\" \/>\n<meta property=\"article:modified_time\" content=\"2018-04-25T20:02:40+00:00\" \/>\n<meta property=\"og:image\" content=\"https:\/\/www.yannarthusbertrandphoto.com\/wp-content\/uploads\/2017\/12\/p-243-alg-2006.jpg\" \/>\n\t<meta property=\"og:image:width\" content=\"2000\" \/>\n\t<meta property=\"og:image:height\" content=\"1333\" \/>\n\t<meta property=\"og:image:type\" content=\"image\/jpeg\" \/>\n<meta name=\"twitter:card\" content=\"summary_large_image\" \/>\n<meta name=\"twitter:site\" content=\"@Yann_A_B\" \/>\n<script type=\"application\/ld+json\" class=\"yoast-schema-graph\">{\"@context\":\"https:\/\/schema.org\",\"@graph\":[{\"@type\":\"WebPage\",\"@id\":\"https:\/\/www.yannarthusbertrandphoto.com\/fr\/produit\/caravanes\/\",\"url\":\"https:\/\/www.yannarthusbertrandphoto.com\/fr\/produit\/caravanes\/\",\"name\":\"Caravanes, Alg\u00e9rie - Yann Arthus-Bertrand Photographie\",\"isPartOf\":{\"@id\":\"https:\/\/www.yannarthusbertrandphoto.com\/fr\/#website\"},\"datePublished\":\"2017-12-11T08:00:17+00:00\",\"dateModified\":\"2018-04-25T20:02:40+00:00\",\"description\":\"Aliment\u00e9 par les eaux provenant de l\u2019Atlas saharien au sud, les Aur\u00e8s, et de l\u2019Atlas tellien au nord, le Djurdjura, ce chott et d\u2019une superficie de 1 100 km2. D\u00e9sert de sel en \u00e9t\u00e9 \u00e0 cause de l\u2019\u00e9vaporation, en hiver sa surface et recouverte d\u2019eau.\",\"breadcrumb\":{\"@id\":\"https:\/\/www.yannarthusbertrandphoto.com\/fr\/produit\/caravanes\/#breadcrumb\"},\"inLanguage\":\"fr-FR\",\"potentialAction\":[{\"@type\":\"ReadAction\",\"target\":[\"https:\/\/www.yannarthusbertrandphoto.com\/fr\/produit\/caravanes\/\"]}]},{\"@type\":\"BreadcrumbList\",\"@id\":\"https:\/\/www.yannarthusbertrandphoto.com\/fr\/produit\/caravanes\/#breadcrumb\",\"itemListElement\":[{\"@type\":\"ListItem\",\"position\":1,\"name\":\"Accueil\",\"item\":\"https:\/\/www.yannarthusbertrandphoto.com\/fr\/\"},{\"@type\":\"ListItem\",\"position\":2,\"name\":\"Shop\",\"item\":\"https:\/\/www.yannarthusbertrandphoto.com\/fr\/shop\/\"},{\"@type\":\"ListItem\",\"position\":3,\"name\":\"Caravanes\"}]},{\"@type\":\"WebSite\",\"@id\":\"https:\/\/www.yannarthusbertrandphoto.com\/fr\/#website\",\"url\":\"https:\/\/www.yannarthusbertrandphoto.com\/fr\/\",\"name\":\"Yann Arthus-Bertrand\",\"description\":\"Site officiel d\u00e9di\u00e9 \u00e0 l\u2019\u0153uvre photographique de Yann Arthus-Bertrand\",\"publisher\":{\"@id\":\"https:\/\/www.yannarthusbertrandphoto.com\/fr\/#organization\"},\"potentialAction\":[{\"@type\":\"SearchAction\",\"target\":{\"@type\":\"EntryPoint\",\"urlTemplate\":\"https:\/\/www.yannarthusbertrandphoto.com\/fr\/?s={search_term_string}\"},\"query-input\":\"required name=search_term_string\"}],\"inLanguage\":\"fr-FR\"},{\"@type\":\"Organization\",\"@id\":\"https:\/\/www.yannarthusbertrandphoto.com\/fr\/#organization\",\"name\":\"Alfie Be\",\"url\":\"https:\/\/www.yannarthusbertrandphoto.com\/fr\/\",\"logo\":{\"@type\":\"ImageObject\",\"inLanguage\":\"fr-FR\",\"@id\":\"https:\/\/www.yannarthusbertrandphoto.com\/fr\/#\/schema\/logo\/image\/\",\"url\":\"https:\/\/www.yannarthusbertrandphoto.com\/wp-content\/uploads\/2018\/01\/yab_logo_black.svg\",\"contentUrl\":\"https:\/\/www.yannarthusbertrandphoto.com\/wp-content\/uploads\/2018\/01\/yab_logo_black.svg\",\"caption\":\"Alfie Be\"},\"image\":{\"@id\":\"https:\/\/www.yannarthusbertrandphoto.com\/fr\/#\/schema\/logo\/image\/\"},\"sameAs\":[\"https:\/\/www.instagram.com\/yannarthusbertrand\/\",\"https:\/\/www.youtube.com\/user\/yannarthusbertrand\",\"https:\/\/www.facebook.com\/Y.A.Bertrand\/\",\"https:\/\/twitter.com\/Yann_A_B\"]}]}<\/script>\n<!-- \/ Yoast SEO plugin. -->","yoast_head_json":{"title":"Caravanes, Alg\u00e9rie - Yann Arthus-Bertrand Photographie","description":"Aliment\u00e9 par les eaux provenant de l\u2019Atlas saharien au sud, les Aur\u00e8s, et de l\u2019Atlas tellien au nord, le Djurdjura, ce chott et d\u2019une superficie de 1 100 km2. D\u00e9sert de sel en \u00e9t\u00e9 \u00e0 cause de l\u2019\u00e9vaporation, en hiver sa surface et recouverte d\u2019eau.","robots":{"index":"index","follow":"follow","max-snippet":"max-snippet:-1","max-image-preview":"max-image-preview:large","max-video-preview":"max-video-preview:-1"},"canonical":"https:\/\/www.yannarthusbertrandphoto.com\/fr\/produit\/caravanes\/","og_locale":"fr_FR","og_type":"article","og_title":"Caravanes, Alg\u00e9rie - Yann Arthus-Bertrand Photographie","og_description":"Aliment\u00e9 par les eaux provenant de l\u2019Atlas saharien au sud, les Aur\u00e8s, et de l\u2019Atlas tellien au nord, le Djurdjura, ce chott et d\u2019une superficie de 1 100 km2. D\u00e9sert de sel en \u00e9t\u00e9 \u00e0 cause de l\u2019\u00e9vaporation, en hiver sa surface et recouverte d\u2019eau.","og_url":"https:\/\/www.yannarthusbertrandphoto.com\/fr\/produit\/caravanes\/","og_site_name":"Yann Arthus-Bertrand","article_publisher":"https:\/\/www.facebook.com\/Y.A.Bertrand\/","article_modified_time":"2018-04-25T20:02:40+00:00","og_image":[{"width":2000,"height":1333,"url":"https:\/\/www.yannarthusbertrandphoto.com\/wp-content\/uploads\/2017\/12\/p-243-alg-2006.jpg","type":"image\/jpeg"}],"twitter_card":"summary_large_image","twitter_site":"@Yann_A_B","schema":{"@context":"https:\/\/schema.org","@graph":[{"@type":"WebPage","@id":"https:\/\/www.yannarthusbertrandphoto.com\/fr\/produit\/caravanes\/","url":"https:\/\/www.yannarthusbertrandphoto.com\/fr\/produit\/caravanes\/","name":"Caravanes, Alg\u00e9rie - Yann Arthus-Bertrand Photographie","isPartOf":{"@id":"https:\/\/www.yannarthusbertrandphoto.com\/fr\/#website"},"datePublished":"2017-12-11T08:00:17+00:00","dateModified":"2018-04-25T20:02:40+00:00","description":"Aliment\u00e9 par les eaux provenant de l\u2019Atlas saharien au sud, les Aur\u00e8s, et de l\u2019Atlas tellien au nord, le Djurdjura, ce chott et d\u2019une superficie de 1 100 km2. D\u00e9sert de sel en \u00e9t\u00e9 \u00e0 cause de l\u2019\u00e9vaporation, en hiver sa surface et recouverte d\u2019eau.","breadcrumb":{"@id":"https:\/\/www.yannarthusbertrandphoto.com\/fr\/produit\/caravanes\/#breadcrumb"},"inLanguage":"fr-FR","potentialAction":[{"@type":"ReadAction","target":["https:\/\/www.yannarthusbertrandphoto.com\/fr\/produit\/caravanes\/"]}]},{"@type":"BreadcrumbList","@id":"https:\/\/www.yannarthusbertrandphoto.com\/fr\/produit\/caravanes\/#breadcrumb","itemListElement":[{"@type":"ListItem","position":1,"name":"Accueil","item":"https:\/\/www.yannarthusbertrandphoto.com\/fr\/"},{"@type":"ListItem","position":2,"name":"Shop","item":"https:\/\/www.yannarthusbertrandphoto.com\/fr\/shop\/"},{"@type":"ListItem","position":3,"name":"Caravanes"}]},{"@type":"WebSite","@id":"https:\/\/www.yannarthusbertrandphoto.com\/fr\/#website","url":"https:\/\/www.yannarthusbertrandphoto.com\/fr\/","name":"Yann Arthus-Bertrand","description":"Site officiel d\u00e9di\u00e9 \u00e0 l\u2019\u0153uvre photographique de Yann Arthus-Bertrand","publisher":{"@id":"https:\/\/www.yannarthusbertrandphoto.com\/fr\/#organization"},"potentialAction":[{"@type":"SearchAction","target":{"@type":"EntryPoint","urlTemplate":"https:\/\/www.yannarthusbertrandphoto.com\/fr\/?s={search_term_string}"},"query-input":"required name=search_term_string"}],"inLanguage":"fr-FR"},{"@type":"Organization","@id":"https:\/\/www.yannarthusbertrandphoto.com\/fr\/#organization","name":"Alfie Be","url":"https:\/\/www.yannarthusbertrandphoto.com\/fr\/","logo":{"@type":"ImageObject","inLanguage":"fr-FR","@id":"https:\/\/www.yannarthusbertrandphoto.com\/fr\/#\/schema\/logo\/image\/","url":"https:\/\/www.yannarthusbertrandphoto.com\/wp-content\/uploads\/2018\/01\/yab_logo_black.svg","contentUrl":"https:\/\/www.yannarthusbertrandphoto.com\/wp-content\/uploads\/2018\/01\/yab_logo_black.svg","caption":"Alfie Be"},"image":{"@id":"https:\/\/www.yannarthusbertrandphoto.com\/fr\/#\/schema\/logo\/image\/"},"sameAs":["https:\/\/www.instagram.com\/yannarthusbertrand\/","https:\/\/www.youtube.com\/user\/yannarthusbertrand","https:\/\/www.facebook.com\/Y.A.Bertrand\/","https:\/\/twitter.com\/Yann_A_B"]}]}},"_links":{"self":[{"href":"https:\/\/www.yannarthusbertrandphoto.com\/fr\/wp-json\/wp\/v2\/product\/1779"}],"collection":[{"href":"https:\/\/www.yannarthusbertrandphoto.com\/fr\/wp-json\/wp\/v2\/product"}],"about":[{"href":"https:\/\/www.yannarthusbertrandphoto.com\/fr\/wp-json\/wp\/v2\/types\/product"}],"wp:featuredmedia":[{"embeddable":true,"href":"https:\/\/www.yannarthusbertrandphoto.com\/fr\/wp-json\/wp\/v2\/media\/1780"}],"wp:attachment":[{"href":"https:\/\/www.yannarthusbertrandphoto.com\/fr\/wp-json\/wp\/v2\/media?parent=1779"}],"wp:term":[{"taxonomy":"product_cat","embeddable":true,"href":"https:\/\/www.yannarthusbertrandphoto.com\/fr\/wp-json\/wp\/v2\/product_cat?post=1779"},{"taxonomy":"product_tag","embeddable":true,"href":"https:\/\/www.yannarthusbertrandphoto.com\/fr\/wp-json\/wp\/v2\/product_tag?post=1779"}],"curies":[{"name":"wp","href":"https:\/\/api.w.org\/{rel}","templated":true}]}}