{"id":23340,"date":"2021-01-18T15:26:55","date_gmt":"2021-01-18T14:26:55","guid":{"rendered":"https:\/\/www.yannarthusbertrandphoto.com\/?post_type=product&#038;p=23340"},"modified":"2021-04-06T11:11:46","modified_gmt":"2021-04-06T09:11:46","slug":"pirogues","status":"publish","type":"product","link":"https:\/\/www.yannarthusbertrandphoto.com\/fr\/produit\/pirogues\/","title":{"rendered":"Pirogues"},"content":{"rendered":"<p>C\u2019est le plus grand delta du monde\u2026. Et c\u2019est un pays. Il s\u2019appelle le Bangladesh. Pr\u00e8s de trois cents cours d\u2019eau traversent le Bangladesh, ils d\u00e9finissent sa g\u00e9ographie et le style de vie de son peuple. Ainsi les 160 millions d\u2019habitants de ce pays, parmi les plus pauvres et le plus dens\u00e9ment peupl\u00e9 du monde, ont appris \u00e0 vivre au milieu de l\u2019eau et \u00e0 s\u2019adapter \u00e0 ses caprices. Ici et pour tous, elle reste la principale ressource, que ce soit pour la p\u00eache ou pour l\u2019agriculture dont d\u00e9pendent pr\u00e8s de 70% des bangladeshis. Mais aujourd\u2019hui, l\u2019eau, cet alli\u00e9 de toujours, est devenue une v\u00e9ritable menace. Pris en \u00e9tau entre la fonte des neiges des glaciers de l\u2019Himalaya au Nord du pays, et la mont\u00e9e des eaux de l\u2019Oc\u00e9an indien au sud, les habitants se retrouvent submerg\u00e9s par elle. Cyclones, ouragans, inondations, \u00e9rosion, ce pays, situ\u00e9 \u00e0 cinq m\u00e8tres seulement au dessus du niveau de la mer, subit localement les cons\u00e9quences d\u2019un r\u00e9chauffement global dont il n\u2019est pas responsable. Pire encore, si le r\u00e9chauffement climatique continue au m\u00eame rythme, le Bangladesh pourrait perdre jusqu\u2019\u00e0 17 % de son territoire d\u2019ici \u00e0 2050. Entre 20 et 40 millions de personnes se retrouveraient alors sans terre sous les pieds.<span class=\"Apple-converted-space\">\u00a0<\/span><\/p>\n","protected":false},"excerpt":{"rendered":"<p>Pirogues sur la rivi\u00e8re Buriganga, Dhaka, Bangladesh<\/p>\n","protected":false},"featured_media":23341,"template":"","meta":{"inline_featured_image":false},"product_cat":[212],"product_tag":[],"yoast_head":"<!-- This site is optimized with the Yoast SEO plugin v19.10 - https:\/\/yoast.com\/wordpress\/plugins\/seo\/ -->\n<title>YANN ARTHUS-BERTRAND PHOTO | Pirogues, Bangladesh | Officiel<\/title>\n<meta name=\"description\" content=\"YAB PHOTO | Tel un scientifique, son oeuvre photographique est une succession de questionnements auxquels il tentera de r\u00e9pondre afin d\u2019expliquer la terre d\u2019une mani\u00e8re artistique en recherchant du sens, du graphisme et de l\u2019\u00e9motion. Acqu\u00e9rir une Oeuvre Sign\u00e9e et en Editions Limit\u00e9es | YABPHOTO.COM\" \/>\n<meta name=\"robots\" content=\"index, follow, max-snippet:-1, max-image-preview:large, max-video-preview:-1\" \/>\n<link rel=\"canonical\" href=\"https:\/\/www.yannarthusbertrandphoto.com\/fr\/produit\/pirogues\/\" \/>\n<meta property=\"og:locale\" content=\"fr_FR\" \/>\n<meta property=\"og:type\" content=\"article\" \/>\n<meta property=\"og:title\" content=\"YANN ARTHUS-BERTRAND PHOTO | Pirogues, Bangladesh | Officiel\" \/>\n<meta property=\"og:description\" content=\"YAB PHOTO | Tel un scientifique, son oeuvre photographique est une succession de questionnements auxquels il tentera de r\u00e9pondre afin d\u2019expliquer la terre d\u2019une mani\u00e8re artistique en recherchant du sens, du graphisme et de l\u2019\u00e9motion. Acqu\u00e9rir une Oeuvre Sign\u00e9e et en Editions Limit\u00e9es | YABPHOTO.COM\" \/>\n<meta property=\"og:url\" content=\"https:\/\/www.yannarthusbertrandphoto.com\/fr\/produit\/pirogues\/\" \/>\n<meta property=\"og:site_name\" content=\"Yann Arthus-Bertrand\" \/>\n<meta property=\"article:publisher\" content=\"https:\/\/www.facebook.com\/Y.A.Bertrand\/\" \/>\n<meta property=\"article:modified_time\" content=\"2021-04-06T09:11:46+00:00\" \/>\n<meta property=\"og:image\" content=\"https:\/\/www.yannarthusbertrandphoto.com\/wp-content\/uploads\/2021\/01\/yab_bangladesh_yabphoto_4.jpg\" \/>\n\t<meta property=\"og:image:width\" content=\"2000\" \/>\n\t<meta property=\"og:image:height\" content=\"1333\" \/>\n\t<meta property=\"og:image:type\" content=\"image\/jpeg\" \/>\n<meta name=\"twitter:card\" content=\"summary_large_image\" \/>\n<meta name=\"twitter:site\" content=\"@Yann_A_B\" \/>\n<meta name=\"twitter:label1\" content=\"Dur\u00e9e de lecture estim\u00e9e\" \/>\n\t<meta name=\"twitter:data1\" content=\"1 minute\" \/>\n<script type=\"application\/ld+json\" class=\"yoast-schema-graph\">{\"@context\":\"https:\/\/schema.org\",\"@graph\":[{\"@type\":\"WebPage\",\"@id\":\"https:\/\/www.yannarthusbertrandphoto.com\/fr\/produit\/pirogues\/\",\"url\":\"https:\/\/www.yannarthusbertrandphoto.com\/fr\/produit\/pirogues\/\",\"name\":\"YANN ARTHUS-BERTRAND PHOTO | Pirogues, Bangladesh | Officiel\",\"isPartOf\":{\"@id\":\"https:\/\/www.yannarthusbertrandphoto.com\/fr\/#website\"},\"datePublished\":\"2021-01-18T14:26:55+00:00\",\"dateModified\":\"2021-04-06T09:11:46+00:00\",\"description\":\"YAB PHOTO | Tel un scientifique, son oeuvre photographique est une succession de questionnements auxquels il tentera de r\u00e9pondre afin d\u2019expliquer la terre d\u2019une mani\u00e8re artistique en recherchant du sens, du graphisme et de l\u2019\u00e9motion. Acqu\u00e9rir une Oeuvre Sign\u00e9e et en Editions Limit\u00e9es | YABPHOTO.COM\",\"breadcrumb\":{\"@id\":\"https:\/\/www.yannarthusbertrandphoto.com\/fr\/produit\/pirogues\/#breadcrumb\"},\"inLanguage\":\"fr-FR\",\"potentialAction\":[{\"@type\":\"ReadAction\",\"target\":[\"https:\/\/www.yannarthusbertrandphoto.com\/fr\/produit\/pirogues\/\"]}]},{\"@type\":\"BreadcrumbList\",\"@id\":\"https:\/\/www.yannarthusbertrandphoto.com\/fr\/produit\/pirogues\/#breadcrumb\",\"itemListElement\":[{\"@type\":\"ListItem\",\"position\":1,\"name\":\"Accueil\",\"item\":\"https:\/\/www.yannarthusbertrandphoto.com\/fr\/\"},{\"@type\":\"ListItem\",\"position\":2,\"name\":\"Shop\",\"item\":\"https:\/\/www.yannarthusbertrandphoto.com\/fr\/shop\/\"},{\"@type\":\"ListItem\",\"position\":3,\"name\":\"Pirogues\"}]},{\"@type\":\"WebSite\",\"@id\":\"https:\/\/www.yannarthusbertrandphoto.com\/fr\/#website\",\"url\":\"https:\/\/www.yannarthusbertrandphoto.com\/fr\/\",\"name\":\"Yann Arthus-Bertrand\",\"description\":\"Site officiel d\u00e9di\u00e9 \u00e0 l\u2019\u0153uvre photographique de Yann Arthus-Bertrand\",\"publisher\":{\"@id\":\"https:\/\/www.yannarthusbertrandphoto.com\/fr\/#organization\"},\"potentialAction\":[{\"@type\":\"SearchAction\",\"target\":{\"@type\":\"EntryPoint\",\"urlTemplate\":\"https:\/\/www.yannarthusbertrandphoto.com\/fr\/?s={search_term_string}\"},\"query-input\":\"required name=search_term_string\"}],\"inLanguage\":\"fr-FR\"},{\"@type\":\"Organization\",\"@id\":\"https:\/\/www.yannarthusbertrandphoto.com\/fr\/#organization\",\"name\":\"Alfie Be\",\"url\":\"https:\/\/www.yannarthusbertrandphoto.com\/fr\/\",\"logo\":{\"@type\":\"ImageObject\",\"inLanguage\":\"fr-FR\",\"@id\":\"https:\/\/www.yannarthusbertrandphoto.com\/fr\/#\/schema\/logo\/image\/\",\"url\":\"https:\/\/www.yannarthusbertrandphoto.com\/wp-content\/uploads\/2018\/01\/yab_logo_black.svg\",\"contentUrl\":\"https:\/\/www.yannarthusbertrandphoto.com\/wp-content\/uploads\/2018\/01\/yab_logo_black.svg\",\"caption\":\"Alfie Be\"},\"image\":{\"@id\":\"https:\/\/www.yannarthusbertrandphoto.com\/fr\/#\/schema\/logo\/image\/\"},\"sameAs\":[\"https:\/\/www.instagram.com\/yannarthusbertrand\/\",\"https:\/\/www.youtube.com\/user\/yannarthusbertrand\",\"https:\/\/www.facebook.com\/Y.A.Bertrand\/\",\"https:\/\/twitter.com\/Yann_A_B\"]}]}<\/script>\n<!-- \/ Yoast SEO plugin. -->","yoast_head_json":{"title":"YANN ARTHUS-BERTRAND PHOTO | Pirogues, Bangladesh | Officiel","description":"YAB PHOTO | Tel un scientifique, son oeuvre photographique est une succession de questionnements auxquels il tentera de r\u00e9pondre afin d\u2019expliquer la terre d\u2019une mani\u00e8re artistique en recherchant du sens, du graphisme et de l\u2019\u00e9motion. Acqu\u00e9rir une Oeuvre Sign\u00e9e et en Editions Limit\u00e9es | YABPHOTO.COM","robots":{"index":"index","follow":"follow","max-snippet":"max-snippet:-1","max-image-preview":"max-image-preview:large","max-video-preview":"max-video-preview:-1"},"canonical":"https:\/\/www.yannarthusbertrandphoto.com\/fr\/produit\/pirogues\/","og_locale":"fr_FR","og_type":"article","og_title":"YANN ARTHUS-BERTRAND PHOTO | Pirogues, Bangladesh | Officiel","og_description":"YAB PHOTO | Tel un scientifique, son oeuvre photographique est une succession de questionnements auxquels il tentera de r\u00e9pondre afin d\u2019expliquer la terre d\u2019une mani\u00e8re artistique en recherchant du sens, du graphisme et de l\u2019\u00e9motion. Acqu\u00e9rir une Oeuvre Sign\u00e9e et en Editions Limit\u00e9es | YABPHOTO.COM","og_url":"https:\/\/www.yannarthusbertrandphoto.com\/fr\/produit\/pirogues\/","og_site_name":"Yann Arthus-Bertrand","article_publisher":"https:\/\/www.facebook.com\/Y.A.Bertrand\/","article_modified_time":"2021-04-06T09:11:46+00:00","og_image":[{"width":2000,"height":1333,"url":"https:\/\/www.yannarthusbertrandphoto.com\/wp-content\/uploads\/2021\/01\/yab_bangladesh_yabphoto_4.jpg","type":"image\/jpeg"}],"twitter_card":"summary_large_image","twitter_site":"@Yann_A_B","twitter_misc":{"Dur\u00e9e de lecture estim\u00e9e":"1 minute"},"schema":{"@context":"https:\/\/schema.org","@graph":[{"@type":"WebPage","@id":"https:\/\/www.yannarthusbertrandphoto.com\/fr\/produit\/pirogues\/","url":"https:\/\/www.yannarthusbertrandphoto.com\/fr\/produit\/pirogues\/","name":"YANN ARTHUS-BERTRAND PHOTO | Pirogues, Bangladesh | Officiel","isPartOf":{"@id":"https:\/\/www.yannarthusbertrandphoto.com\/fr\/#website"},"datePublished":"2021-01-18T14:26:55+00:00","dateModified":"2021-04-06T09:11:46+00:00","description":"YAB PHOTO | Tel un scientifique, son oeuvre photographique est une succession de questionnements auxquels il tentera de r\u00e9pondre afin d\u2019expliquer la terre d\u2019une mani\u00e8re artistique en recherchant du sens, du graphisme et de l\u2019\u00e9motion. Acqu\u00e9rir une Oeuvre Sign\u00e9e et en Editions Limit\u00e9es | YABPHOTO.COM","breadcrumb":{"@id":"https:\/\/www.yannarthusbertrandphoto.com\/fr\/produit\/pirogues\/#breadcrumb"},"inLanguage":"fr-FR","potentialAction":[{"@type":"ReadAction","target":["https:\/\/www.yannarthusbertrandphoto.com\/fr\/produit\/pirogues\/"]}]},{"@type":"BreadcrumbList","@id":"https:\/\/www.yannarthusbertrandphoto.com\/fr\/produit\/pirogues\/#breadcrumb","itemListElement":[{"@type":"ListItem","position":1,"name":"Accueil","item":"https:\/\/www.yannarthusbertrandphoto.com\/fr\/"},{"@type":"ListItem","position":2,"name":"Shop","item":"https:\/\/www.yannarthusbertrandphoto.com\/fr\/shop\/"},{"@type":"ListItem","position":3,"name":"Pirogues"}]},{"@type":"WebSite","@id":"https:\/\/www.yannarthusbertrandphoto.com\/fr\/#website","url":"https:\/\/www.yannarthusbertrandphoto.com\/fr\/","name":"Yann Arthus-Bertrand","description":"Site officiel d\u00e9di\u00e9 \u00e0 l\u2019\u0153uvre photographique de Yann Arthus-Bertrand","publisher":{"@id":"https:\/\/www.yannarthusbertrandphoto.com\/fr\/#organization"},"potentialAction":[{"@type":"SearchAction","target":{"@type":"EntryPoint","urlTemplate":"https:\/\/www.yannarthusbertrandphoto.com\/fr\/?s={search_term_string}"},"query-input":"required name=search_term_string"}],"inLanguage":"fr-FR"},{"@type":"Organization","@id":"https:\/\/www.yannarthusbertrandphoto.com\/fr\/#organization","name":"Alfie Be","url":"https:\/\/www.yannarthusbertrandphoto.com\/fr\/","logo":{"@type":"ImageObject","inLanguage":"fr-FR","@id":"https:\/\/www.yannarthusbertrandphoto.com\/fr\/#\/schema\/logo\/image\/","url":"https:\/\/www.yannarthusbertrandphoto.com\/wp-content\/uploads\/2018\/01\/yab_logo_black.svg","contentUrl":"https:\/\/www.yannarthusbertrandphoto.com\/wp-content\/uploads\/2018\/01\/yab_logo_black.svg","caption":"Alfie Be"},"image":{"@id":"https:\/\/www.yannarthusbertrandphoto.com\/fr\/#\/schema\/logo\/image\/"},"sameAs":["https:\/\/www.instagram.com\/yannarthusbertrand\/","https:\/\/www.youtube.com\/user\/yannarthusbertrand","https:\/\/www.facebook.com\/Y.A.Bertrand\/","https:\/\/twitter.com\/Yann_A_B"]}]}},"_links":{"self":[{"href":"https:\/\/www.yannarthusbertrandphoto.com\/fr\/wp-json\/wp\/v2\/product\/23340"}],"collection":[{"href":"https:\/\/www.yannarthusbertrandphoto.com\/fr\/wp-json\/wp\/v2\/product"}],"about":[{"href":"https:\/\/www.yannarthusbertrandphoto.com\/fr\/wp-json\/wp\/v2\/types\/product"}],"wp:featuredmedia":[{"embeddable":true,"href":"https:\/\/www.yannarthusbertrandphoto.com\/fr\/wp-json\/wp\/v2\/media\/23341"}],"wp:attachment":[{"href":"https:\/\/www.yannarthusbertrandphoto.com\/fr\/wp-json\/wp\/v2\/media?parent=23340"}],"wp:term":[{"taxonomy":"product_cat","embeddable":true,"href":"https:\/\/www.yannarthusbertrandphoto.com\/fr\/wp-json\/wp\/v2\/product_cat?post=23340"},{"taxonomy":"product_tag","embeddable":true,"href":"https:\/\/www.yannarthusbertrandphoto.com\/fr\/wp-json\/wp\/v2\/product_tag?post=23340"}],"curies":[{"name":"wp","href":"https:\/\/api.w.org\/{rel}","templated":true}]}}