{"id":2751,"date":"2017-12-11T12:48:58","date_gmt":"2017-12-11T11:48:58","guid":{"rendered":"https:\/\/www.yannarthusbertrandphoto.com\/?post_type=product&#038;p=2751"},"modified":"2018-06-13T09:53:39","modified_gmt":"2018-06-13T07:53:39","slug":"baleine","status":"publish","type":"product","link":"https:\/\/www.yannarthusbertrandphoto.com\/fr\/produit\/baleine\/","title":{"rendered":"Baleine"},"content":{"rendered":"<p>Estivant le long des c\u00f4tes de l\u2019Antarctique, les baleines rejoignent les mers du Sud en hiver pour s\u2019y reproduire. De juillet \u00e0 novembre, les c\u00f4tes de la presqu\u2019\u00eele de Vald\u00e9s, en Argentine, deviennent le lieu d\u2019accouplement et de mise bas des baleines franches australes (<em>Eubalaena australis<\/em>). Mammif\u00e8re marin migrateur, la baleine a \u00e9t\u00e9 victime jusque dans les ann\u00e9es 1950 d\u2019une exploitation intensive pour sa viande et l\u2019huile extraite de sa graisse, qui l\u2019a men\u00e9e au bord de l\u2019extinction. Des mesures de protection accompagnent la prise de conscience internationale d\u00e8s 1937. En 1982, un moratoire interdisant la chasse \u00e0 des fins commerciales est d\u00e9clar\u00e9, et en 1994, le sanctuaire baleinier des mers australes vient s\u2019ajouter \u00e0 celui de l\u2019oc\u00e9an Indien \u00e9tabli quinze ans plus t\u00f4t. En d\u00e9pit de cette mobilisation, on estime que depuis la mise en \u0153uvre du moratoire en 1986, pr\u00e8s de 32 000 baleines ont \u00e9t\u00e9 tu\u00e9es. Apr\u00e8s des d\u00e9cennies de protection, 7 des 13 esp\u00e8ces de baleines, dont certaines ne comptent encore que quelques milliers d\u2019individus (10 \u00e0 60 fois moins qu\u2019au d\u00e9but du XXe si\u00e8cle), sont toujours menac\u00e9es.<\/p>\n","protected":false},"excerpt":{"rendered":"<p>Baleine au large de la p\u00e9ninsule de Vald\u00e9s, Argentine (42\u00b023\u2019 S \u2013 64\u00b029\u2019 O).<\/p>\n","protected":false},"featured_media":2754,"template":"","meta":{"inline_featured_image":false},"product_cat":[212],"product_tag":[],"yoast_head":"<!-- This site is optimized with the Yoast SEO plugin v19.10 - https:\/\/yoast.com\/wordpress\/plugins\/seo\/ -->\n<title>Baleine, Argentine - Yann Arthus-Bertrand Photographie<\/title>\n<meta name=\"description\" content=\"Estivant le long des c\u00f4tes de l\u2019Antarctique, les baleines rejoignent les mers du Sud en hiver pour s\u2019y reproduire. De juillet \u00e0 novembre, les c\u00f4tes de la presqu\u2019\u00eele de Vald\u00e9s, en Argentine, deviennent le lieu d\u2019accouplement et de mise bas des baleines franches australes (Eubalaena australis). Mammif\u00e8re marin...\" \/>\n<meta name=\"robots\" content=\"index, follow, max-snippet:-1, max-image-preview:large, max-video-preview:-1\" \/>\n<link rel=\"canonical\" href=\"https:\/\/www.yannarthusbertrandphoto.com\/fr\/produit\/baleine\/\" \/>\n<meta property=\"og:locale\" content=\"fr_FR\" \/>\n<meta property=\"og:type\" content=\"article\" \/>\n<meta property=\"og:title\" content=\"Baleine, Argentine - Yann Arthus-Bertrand Photographie\" \/>\n<meta property=\"og:description\" content=\"Estivant le long des c\u00f4tes de l\u2019Antarctique, les baleines rejoignent les mers du Sud en hiver pour s\u2019y reproduire. De juillet \u00e0 novembre, les c\u00f4tes de la presqu\u2019\u00eele de Vald\u00e9s, en Argentine, deviennent le lieu d\u2019accouplement et de mise bas des baleines franches australes (Eubalaena australis). Mammif\u00e8re marin...\" \/>\n<meta property=\"og:url\" content=\"https:\/\/www.yannarthusbertrandphoto.com\/fr\/produit\/baleine\/\" \/>\n<meta property=\"og:site_name\" content=\"Yann Arthus-Bertrand\" \/>\n<meta property=\"article:publisher\" content=\"https:\/\/www.facebook.com\/Y.A.Bertrand\/\" \/>\n<meta property=\"article:modified_time\" content=\"2018-06-13T07:53:39+00:00\" \/>\n<meta property=\"og:image\" content=\"https:\/\/www.yannarthusbertrandphoto.com\/wp-content\/uploads\/2017\/12\/baleine_argentine-1.jpg\" \/>\n\t<meta property=\"og:image:width\" content=\"1800\" \/>\n\t<meta property=\"og:image:height\" content=\"1201\" \/>\n\t<meta property=\"og:image:type\" content=\"image\/jpeg\" \/>\n<meta name=\"twitter:card\" content=\"summary_large_image\" \/>\n<meta name=\"twitter:site\" content=\"@Yann_A_B\" \/>\n<meta name=\"twitter:label1\" content=\"Dur\u00e9e de lecture estim\u00e9e\" \/>\n\t<meta name=\"twitter:data1\" content=\"1 minute\" \/>\n<script type=\"application\/ld+json\" class=\"yoast-schema-graph\">{\"@context\":\"https:\/\/schema.org\",\"@graph\":[{\"@type\":\"WebPage\",\"@id\":\"https:\/\/www.yannarthusbertrandphoto.com\/fr\/produit\/baleine\/\",\"url\":\"https:\/\/www.yannarthusbertrandphoto.com\/fr\/produit\/baleine\/\",\"name\":\"Baleine, Argentine - Yann Arthus-Bertrand Photographie\",\"isPartOf\":{\"@id\":\"https:\/\/www.yannarthusbertrandphoto.com\/fr\/#website\"},\"datePublished\":\"2017-12-11T11:48:58+00:00\",\"dateModified\":\"2018-06-13T07:53:39+00:00\",\"description\":\"Estivant le long des c\u00f4tes de l\u2019Antarctique, les baleines rejoignent les mers du Sud en hiver pour s\u2019y reproduire. De juillet \u00e0 novembre, les c\u00f4tes de la presqu\u2019\u00eele de Vald\u00e9s, en Argentine, deviennent le lieu d\u2019accouplement et de mise bas des baleines franches australes (Eubalaena australis). Mammif\u00e8re marin...\",\"breadcrumb\":{\"@id\":\"https:\/\/www.yannarthusbertrandphoto.com\/fr\/produit\/baleine\/#breadcrumb\"},\"inLanguage\":\"fr-FR\",\"potentialAction\":[{\"@type\":\"ReadAction\",\"target\":[\"https:\/\/www.yannarthusbertrandphoto.com\/fr\/produit\/baleine\/\"]}]},{\"@type\":\"BreadcrumbList\",\"@id\":\"https:\/\/www.yannarthusbertrandphoto.com\/fr\/produit\/baleine\/#breadcrumb\",\"itemListElement\":[{\"@type\":\"ListItem\",\"position\":1,\"name\":\"Accueil\",\"item\":\"https:\/\/www.yannarthusbertrandphoto.com\/fr\/\"},{\"@type\":\"ListItem\",\"position\":2,\"name\":\"Shop\",\"item\":\"https:\/\/www.yannarthusbertrandphoto.com\/fr\/shop\/\"},{\"@type\":\"ListItem\",\"position\":3,\"name\":\"Baleine\"}]},{\"@type\":\"WebSite\",\"@id\":\"https:\/\/www.yannarthusbertrandphoto.com\/fr\/#website\",\"url\":\"https:\/\/www.yannarthusbertrandphoto.com\/fr\/\",\"name\":\"Yann Arthus-Bertrand\",\"description\":\"Site officiel d\u00e9di\u00e9 \u00e0 l\u2019\u0153uvre photographique de Yann Arthus-Bertrand\",\"publisher\":{\"@id\":\"https:\/\/www.yannarthusbertrandphoto.com\/fr\/#organization\"},\"potentialAction\":[{\"@type\":\"SearchAction\",\"target\":{\"@type\":\"EntryPoint\",\"urlTemplate\":\"https:\/\/www.yannarthusbertrandphoto.com\/fr\/?s={search_term_string}\"},\"query-input\":\"required name=search_term_string\"}],\"inLanguage\":\"fr-FR\"},{\"@type\":\"Organization\",\"@id\":\"https:\/\/www.yannarthusbertrandphoto.com\/fr\/#organization\",\"name\":\"Alfie Be\",\"url\":\"https:\/\/www.yannarthusbertrandphoto.com\/fr\/\",\"logo\":{\"@type\":\"ImageObject\",\"inLanguage\":\"fr-FR\",\"@id\":\"https:\/\/www.yannarthusbertrandphoto.com\/fr\/#\/schema\/logo\/image\/\",\"url\":\"https:\/\/www.yannarthusbertrandphoto.com\/wp-content\/uploads\/2018\/01\/yab_logo_black.svg\",\"contentUrl\":\"https:\/\/www.yannarthusbertrandphoto.com\/wp-content\/uploads\/2018\/01\/yab_logo_black.svg\",\"caption\":\"Alfie Be\"},\"image\":{\"@id\":\"https:\/\/www.yannarthusbertrandphoto.com\/fr\/#\/schema\/logo\/image\/\"},\"sameAs\":[\"https:\/\/www.instagram.com\/yannarthusbertrand\/\",\"https:\/\/www.youtube.com\/user\/yannarthusbertrand\",\"https:\/\/www.facebook.com\/Y.A.Bertrand\/\",\"https:\/\/twitter.com\/Yann_A_B\"]}]}<\/script>\n<!-- \/ Yoast SEO plugin. -->","yoast_head_json":{"title":"Baleine, Argentine - Yann Arthus-Bertrand Photographie","description":"Estivant le long des c\u00f4tes de l\u2019Antarctique, les baleines rejoignent les mers du Sud en hiver pour s\u2019y reproduire. De juillet \u00e0 novembre, les c\u00f4tes de la presqu\u2019\u00eele de Vald\u00e9s, en Argentine, deviennent le lieu d\u2019accouplement et de mise bas des baleines franches australes (Eubalaena australis). Mammif\u00e8re marin...","robots":{"index":"index","follow":"follow","max-snippet":"max-snippet:-1","max-image-preview":"max-image-preview:large","max-video-preview":"max-video-preview:-1"},"canonical":"https:\/\/www.yannarthusbertrandphoto.com\/fr\/produit\/baleine\/","og_locale":"fr_FR","og_type":"article","og_title":"Baleine, Argentine - Yann Arthus-Bertrand Photographie","og_description":"Estivant le long des c\u00f4tes de l\u2019Antarctique, les baleines rejoignent les mers du Sud en hiver pour s\u2019y reproduire. De juillet \u00e0 novembre, les c\u00f4tes de la presqu\u2019\u00eele de Vald\u00e9s, en Argentine, deviennent le lieu d\u2019accouplement et de mise bas des baleines franches australes (Eubalaena australis). Mammif\u00e8re marin...","og_url":"https:\/\/www.yannarthusbertrandphoto.com\/fr\/produit\/baleine\/","og_site_name":"Yann Arthus-Bertrand","article_publisher":"https:\/\/www.facebook.com\/Y.A.Bertrand\/","article_modified_time":"2018-06-13T07:53:39+00:00","og_image":[{"width":1800,"height":1201,"url":"https:\/\/www.yannarthusbertrandphoto.com\/wp-content\/uploads\/2017\/12\/baleine_argentine-1.jpg","type":"image\/jpeg"}],"twitter_card":"summary_large_image","twitter_site":"@Yann_A_B","twitter_misc":{"Dur\u00e9e de lecture estim\u00e9e":"1 minute"},"schema":{"@context":"https:\/\/schema.org","@graph":[{"@type":"WebPage","@id":"https:\/\/www.yannarthusbertrandphoto.com\/fr\/produit\/baleine\/","url":"https:\/\/www.yannarthusbertrandphoto.com\/fr\/produit\/baleine\/","name":"Baleine, Argentine - Yann Arthus-Bertrand Photographie","isPartOf":{"@id":"https:\/\/www.yannarthusbertrandphoto.com\/fr\/#website"},"datePublished":"2017-12-11T11:48:58+00:00","dateModified":"2018-06-13T07:53:39+00:00","description":"Estivant le long des c\u00f4tes de l\u2019Antarctique, les baleines rejoignent les mers du Sud en hiver pour s\u2019y reproduire. De juillet \u00e0 novembre, les c\u00f4tes de la presqu\u2019\u00eele de Vald\u00e9s, en Argentine, deviennent le lieu d\u2019accouplement et de mise bas des baleines franches australes (Eubalaena australis). Mammif\u00e8re marin...","breadcrumb":{"@id":"https:\/\/www.yannarthusbertrandphoto.com\/fr\/produit\/baleine\/#breadcrumb"},"inLanguage":"fr-FR","potentialAction":[{"@type":"ReadAction","target":["https:\/\/www.yannarthusbertrandphoto.com\/fr\/produit\/baleine\/"]}]},{"@type":"BreadcrumbList","@id":"https:\/\/www.yannarthusbertrandphoto.com\/fr\/produit\/baleine\/#breadcrumb","itemListElement":[{"@type":"ListItem","position":1,"name":"Accueil","item":"https:\/\/www.yannarthusbertrandphoto.com\/fr\/"},{"@type":"ListItem","position":2,"name":"Shop","item":"https:\/\/www.yannarthusbertrandphoto.com\/fr\/shop\/"},{"@type":"ListItem","position":3,"name":"Baleine"}]},{"@type":"WebSite","@id":"https:\/\/www.yannarthusbertrandphoto.com\/fr\/#website","url":"https:\/\/www.yannarthusbertrandphoto.com\/fr\/","name":"Yann Arthus-Bertrand","description":"Site officiel d\u00e9di\u00e9 \u00e0 l\u2019\u0153uvre photographique de Yann Arthus-Bertrand","publisher":{"@id":"https:\/\/www.yannarthusbertrandphoto.com\/fr\/#organization"},"potentialAction":[{"@type":"SearchAction","target":{"@type":"EntryPoint","urlTemplate":"https:\/\/www.yannarthusbertrandphoto.com\/fr\/?s={search_term_string}"},"query-input":"required name=search_term_string"}],"inLanguage":"fr-FR"},{"@type":"Organization","@id":"https:\/\/www.yannarthusbertrandphoto.com\/fr\/#organization","name":"Alfie Be","url":"https:\/\/www.yannarthusbertrandphoto.com\/fr\/","logo":{"@type":"ImageObject","inLanguage":"fr-FR","@id":"https:\/\/www.yannarthusbertrandphoto.com\/fr\/#\/schema\/logo\/image\/","url":"https:\/\/www.yannarthusbertrandphoto.com\/wp-content\/uploads\/2018\/01\/yab_logo_black.svg","contentUrl":"https:\/\/www.yannarthusbertrandphoto.com\/wp-content\/uploads\/2018\/01\/yab_logo_black.svg","caption":"Alfie Be"},"image":{"@id":"https:\/\/www.yannarthusbertrandphoto.com\/fr\/#\/schema\/logo\/image\/"},"sameAs":["https:\/\/www.instagram.com\/yannarthusbertrand\/","https:\/\/www.youtube.com\/user\/yannarthusbertrand","https:\/\/www.facebook.com\/Y.A.Bertrand\/","https:\/\/twitter.com\/Yann_A_B"]}]}},"_links":{"self":[{"href":"https:\/\/www.yannarthusbertrandphoto.com\/fr\/wp-json\/wp\/v2\/product\/2751"}],"collection":[{"href":"https:\/\/www.yannarthusbertrandphoto.com\/fr\/wp-json\/wp\/v2\/product"}],"about":[{"href":"https:\/\/www.yannarthusbertrandphoto.com\/fr\/wp-json\/wp\/v2\/types\/product"}],"wp:featuredmedia":[{"embeddable":true,"href":"https:\/\/www.yannarthusbertrandphoto.com\/fr\/wp-json\/wp\/v2\/media\/2754"}],"wp:attachment":[{"href":"https:\/\/www.yannarthusbertrandphoto.com\/fr\/wp-json\/wp\/v2\/media?parent=2751"}],"wp:term":[{"taxonomy":"product_cat","embeddable":true,"href":"https:\/\/www.yannarthusbertrandphoto.com\/fr\/wp-json\/wp\/v2\/product_cat?post=2751"},{"taxonomy":"product_tag","embeddable":true,"href":"https:\/\/www.yannarthusbertrandphoto.com\/fr\/wp-json\/wp\/v2\/product_tag?post=2751"}],"curies":[{"name":"wp","href":"https:\/\/api.w.org\/{rel}","templated":true}]}}