{"id":2798,"date":"2017-12-11T12:52:51","date_gmt":"2017-12-11T11:52:51","guid":{"rendered":"https:\/\/www.yannarthusbertrandphoto.com\/?post_type=product&#038;p=2798"},"modified":"2018-02-20T18:15:17","modified_gmt":"2018-02-20T17:15:17","slug":"chutes-argentine","status":"publish","type":"product","link":"https:\/\/www.yannarthusbertrandphoto.com\/fr\/produit\/chutes-argentine\/","title":{"rendered":"Chutes"},"content":{"rendered":"<p>Aux confins de l\u2019Argentine et du Br\u00e9sil, les chutes d\u2019Iguaz\u00fa, hautes de 70\u00a0m, dessinent un demi-cercle de 2\u00a0700\u00a0m de long admir\u00e9 par\u00a0plus d\u2019un million de touristes chaque ann\u00e9e. Du c\u00f4t\u00e9 argentin, elles sont int\u00e9gr\u00e9es au parc national d\u2019Iguaz\u00fa qui a \u00e9t\u00e9 inscrit sur la Liste du patrimoine mondial de l\u2019Unesco en\u00a01984. Il concentre 44\u00a0% des esp\u00e8ces animales du pays et constitue l\u2019un des vestiges les plus intacts de la for\u00eat atlantique sud-am\u00e9ricaine. Cet \u00e9cosyst\u00e8me unique de for\u00eats subtropicales s\u2019\u00e9tend sur la frange oc\u00e9anique du Br\u00e9sil et p\u00e9n\u00e8tre l\u00e9g\u00e8rement \u00e0 l\u2019int\u00e9rieur du Paraguay et de l\u2019Argentine. On consid\u00e8re l\u2019ensemble comme l\u2019une des cinq zones prioritaires pour la conservation de la biodiversit\u00e9 mondiale, un \u00ab point chaud \u00bb abritant 20\u00a0000\u00a0vari\u00e9t\u00e9s de plantes, dont 8\u00a0000\u00a0end\u00e9miques, et\u00a01\u00a0668\u00a0esp\u00e8ces de vert\u00e9br\u00e9s terrestres dont plus d\u2019un tiers n\u2019existe nulle part ailleurs. Une richesse en sursis puisque la d\u00e9forestation et l\u2019urbanisation ont d\u00e9j\u00e0 r\u00e9duit de 90\u00a0% l\u2019\u00e9tendue originelle du milieu.<\/p>\n","protected":false},"excerpt":{"rendered":"<p>Chutes d\u2019eau d\u2019Iguaz\u00fa, province de Misiones, Argentine (25\u00b042&prime; S \u2013 54\u00b026&prime; O).<\/p>\n","protected":false},"featured_media":2799,"template":"","meta":{"inline_featured_image":false},"product_cat":[212],"product_tag":[],"yoast_head":"<!-- This site is optimized with the Yoast SEO plugin v19.10 - https:\/\/yoast.com\/wordpress\/plugins\/seo\/ -->\n<title>Chutes, Argentine - Yann Arthus-Bertrand Photographie<\/title>\n<meta name=\"description\" content=\"Aux confins de l\u2019Argentine et du Br\u00e9sil, les chutes d\u2019Iguaz\u00fa, hautes de 70\u00a0m, dessinent un demi-cercle de 2\u00a0700\u00a0m de long admir\u00e9 par\u00a0plus d\u2019un million de touristes chaque ann\u00e9e. Du c\u00f4t\u00e9 argentin, elles sont int\u00e9gr\u00e9es au parc national d\u2019Iguaz\u00fa qui a \u00e9t\u00e9 inscrit sur la Liste du patrimoine mondial de l\u2019Unesco en\u00a01984...\" \/>\n<meta name=\"robots\" content=\"index, follow, max-snippet:-1, max-image-preview:large, max-video-preview:-1\" \/>\n<link rel=\"canonical\" href=\"https:\/\/www.yannarthusbertrandphoto.com\/fr\/produit\/chutes-argentine\/\" \/>\n<meta property=\"og:locale\" content=\"fr_FR\" \/>\n<meta property=\"og:type\" content=\"article\" \/>\n<meta property=\"og:title\" content=\"Chutes, Argentine - Yann Arthus-Bertrand Photographie\" \/>\n<meta property=\"og:description\" content=\"Aux confins de l\u2019Argentine et du Br\u00e9sil, les chutes d\u2019Iguaz\u00fa, hautes de 70\u00a0m, dessinent un demi-cercle de 2\u00a0700\u00a0m de long admir\u00e9 par\u00a0plus d\u2019un million de touristes chaque ann\u00e9e. Du c\u00f4t\u00e9 argentin, elles sont int\u00e9gr\u00e9es au parc national d\u2019Iguaz\u00fa qui a \u00e9t\u00e9 inscrit sur la Liste du patrimoine mondial de l\u2019Unesco en\u00a01984...\" \/>\n<meta property=\"og:url\" content=\"https:\/\/www.yannarthusbertrandphoto.com\/fr\/produit\/chutes-argentine\/\" \/>\n<meta property=\"og:site_name\" content=\"Yann Arthus-Bertrand\" \/>\n<meta property=\"article:publisher\" content=\"https:\/\/www.facebook.com\/Y.A.Bertrand\/\" \/>\n<meta property=\"article:modified_time\" content=\"2018-02-20T17:15:17+00:00\" \/>\n<meta property=\"og:image\" content=\"https:\/\/www.yannarthusbertrandphoto.com\/wp-content\/uploads\/2017\/12\/chutes_argentine.jpg\" \/>\n\t<meta property=\"og:image:width\" content=\"2000\" \/>\n\t<meta property=\"og:image:height\" content=\"1333\" \/>\n\t<meta property=\"og:image:type\" content=\"image\/jpeg\" \/>\n<meta name=\"twitter:card\" content=\"summary_large_image\" \/>\n<meta name=\"twitter:site\" content=\"@Yann_A_B\" \/>\n<meta name=\"twitter:label1\" content=\"Dur\u00e9e de lecture estim\u00e9e\" \/>\n\t<meta name=\"twitter:data1\" content=\"1 minute\" \/>\n<script type=\"application\/ld+json\" class=\"yoast-schema-graph\">{\"@context\":\"https:\/\/schema.org\",\"@graph\":[{\"@type\":\"WebPage\",\"@id\":\"https:\/\/www.yannarthusbertrandphoto.com\/fr\/produit\/chutes-argentine\/\",\"url\":\"https:\/\/www.yannarthusbertrandphoto.com\/fr\/produit\/chutes-argentine\/\",\"name\":\"Chutes, Argentine - Yann Arthus-Bertrand Photographie\",\"isPartOf\":{\"@id\":\"https:\/\/www.yannarthusbertrandphoto.com\/fr\/#website\"},\"datePublished\":\"2017-12-11T11:52:51+00:00\",\"dateModified\":\"2018-02-20T17:15:17+00:00\",\"description\":\"Aux confins de l\u2019Argentine et du Br\u00e9sil, les chutes d\u2019Iguaz\u00fa, hautes de 70\u00a0m, dessinent un demi-cercle de 2\u00a0700\u00a0m de long admir\u00e9 par\u00a0plus d\u2019un million de touristes chaque ann\u00e9e. Du c\u00f4t\u00e9 argentin, elles sont int\u00e9gr\u00e9es au parc national d\u2019Iguaz\u00fa qui a \u00e9t\u00e9 inscrit sur la Liste du patrimoine mondial de l\u2019Unesco en\u00a01984...\",\"breadcrumb\":{\"@id\":\"https:\/\/www.yannarthusbertrandphoto.com\/fr\/produit\/chutes-argentine\/#breadcrumb\"},\"inLanguage\":\"fr-FR\",\"potentialAction\":[{\"@type\":\"ReadAction\",\"target\":[\"https:\/\/www.yannarthusbertrandphoto.com\/fr\/produit\/chutes-argentine\/\"]}]},{\"@type\":\"BreadcrumbList\",\"@id\":\"https:\/\/www.yannarthusbertrandphoto.com\/fr\/produit\/chutes-argentine\/#breadcrumb\",\"itemListElement\":[{\"@type\":\"ListItem\",\"position\":1,\"name\":\"Accueil\",\"item\":\"https:\/\/www.yannarthusbertrandphoto.com\/fr\/\"},{\"@type\":\"ListItem\",\"position\":2,\"name\":\"Shop\",\"item\":\"https:\/\/www.yannarthusbertrandphoto.com\/fr\/shop\/\"},{\"@type\":\"ListItem\",\"position\":3,\"name\":\"Chutes\"}]},{\"@type\":\"WebSite\",\"@id\":\"https:\/\/www.yannarthusbertrandphoto.com\/fr\/#website\",\"url\":\"https:\/\/www.yannarthusbertrandphoto.com\/fr\/\",\"name\":\"Yann Arthus-Bertrand\",\"description\":\"Site officiel d\u00e9di\u00e9 \u00e0 l\u2019\u0153uvre photographique de Yann Arthus-Bertrand\",\"publisher\":{\"@id\":\"https:\/\/www.yannarthusbertrandphoto.com\/fr\/#organization\"},\"potentialAction\":[{\"@type\":\"SearchAction\",\"target\":{\"@type\":\"EntryPoint\",\"urlTemplate\":\"https:\/\/www.yannarthusbertrandphoto.com\/fr\/?s={search_term_string}\"},\"query-input\":\"required name=search_term_string\"}],\"inLanguage\":\"fr-FR\"},{\"@type\":\"Organization\",\"@id\":\"https:\/\/www.yannarthusbertrandphoto.com\/fr\/#organization\",\"name\":\"Alfie Be\",\"url\":\"https:\/\/www.yannarthusbertrandphoto.com\/fr\/\",\"logo\":{\"@type\":\"ImageObject\",\"inLanguage\":\"fr-FR\",\"@id\":\"https:\/\/www.yannarthusbertrandphoto.com\/fr\/#\/schema\/logo\/image\/\",\"url\":\"https:\/\/www.yannarthusbertrandphoto.com\/wp-content\/uploads\/2018\/01\/yab_logo_black.svg\",\"contentUrl\":\"https:\/\/www.yannarthusbertrandphoto.com\/wp-content\/uploads\/2018\/01\/yab_logo_black.svg\",\"caption\":\"Alfie Be\"},\"image\":{\"@id\":\"https:\/\/www.yannarthusbertrandphoto.com\/fr\/#\/schema\/logo\/image\/\"},\"sameAs\":[\"https:\/\/www.instagram.com\/yannarthusbertrand\/\",\"https:\/\/www.youtube.com\/user\/yannarthusbertrand\",\"https:\/\/www.facebook.com\/Y.A.Bertrand\/\",\"https:\/\/twitter.com\/Yann_A_B\"]}]}<\/script>\n<!-- \/ Yoast SEO plugin. -->","yoast_head_json":{"title":"Chutes, Argentine - Yann Arthus-Bertrand Photographie","description":"Aux confins de l\u2019Argentine et du Br\u00e9sil, les chutes d\u2019Iguaz\u00fa, hautes de 70\u00a0m, dessinent un demi-cercle de 2\u00a0700\u00a0m de long admir\u00e9 par\u00a0plus d\u2019un million de touristes chaque ann\u00e9e. Du c\u00f4t\u00e9 argentin, elles sont int\u00e9gr\u00e9es au parc national d\u2019Iguaz\u00fa qui a \u00e9t\u00e9 inscrit sur la Liste du patrimoine mondial de l\u2019Unesco en\u00a01984...","robots":{"index":"index","follow":"follow","max-snippet":"max-snippet:-1","max-image-preview":"max-image-preview:large","max-video-preview":"max-video-preview:-1"},"canonical":"https:\/\/www.yannarthusbertrandphoto.com\/fr\/produit\/chutes-argentine\/","og_locale":"fr_FR","og_type":"article","og_title":"Chutes, Argentine - Yann Arthus-Bertrand Photographie","og_description":"Aux confins de l\u2019Argentine et du Br\u00e9sil, les chutes d\u2019Iguaz\u00fa, hautes de 70\u00a0m, dessinent un demi-cercle de 2\u00a0700\u00a0m de long admir\u00e9 par\u00a0plus d\u2019un million de touristes chaque ann\u00e9e. Du c\u00f4t\u00e9 argentin, elles sont int\u00e9gr\u00e9es au parc national d\u2019Iguaz\u00fa qui a \u00e9t\u00e9 inscrit sur la Liste du patrimoine mondial de l\u2019Unesco en\u00a01984...","og_url":"https:\/\/www.yannarthusbertrandphoto.com\/fr\/produit\/chutes-argentine\/","og_site_name":"Yann Arthus-Bertrand","article_publisher":"https:\/\/www.facebook.com\/Y.A.Bertrand\/","article_modified_time":"2018-02-20T17:15:17+00:00","og_image":[{"width":2000,"height":1333,"url":"https:\/\/www.yannarthusbertrandphoto.com\/wp-content\/uploads\/2017\/12\/chutes_argentine.jpg","type":"image\/jpeg"}],"twitter_card":"summary_large_image","twitter_site":"@Yann_A_B","twitter_misc":{"Dur\u00e9e de lecture estim\u00e9e":"1 minute"},"schema":{"@context":"https:\/\/schema.org","@graph":[{"@type":"WebPage","@id":"https:\/\/www.yannarthusbertrandphoto.com\/fr\/produit\/chutes-argentine\/","url":"https:\/\/www.yannarthusbertrandphoto.com\/fr\/produit\/chutes-argentine\/","name":"Chutes, Argentine - Yann Arthus-Bertrand Photographie","isPartOf":{"@id":"https:\/\/www.yannarthusbertrandphoto.com\/fr\/#website"},"datePublished":"2017-12-11T11:52:51+00:00","dateModified":"2018-02-20T17:15:17+00:00","description":"Aux confins de l\u2019Argentine et du Br\u00e9sil, les chutes d\u2019Iguaz\u00fa, hautes de 70\u00a0m, dessinent un demi-cercle de 2\u00a0700\u00a0m de long admir\u00e9 par\u00a0plus d\u2019un million de touristes chaque ann\u00e9e. Du c\u00f4t\u00e9 argentin, elles sont int\u00e9gr\u00e9es au parc national d\u2019Iguaz\u00fa qui a \u00e9t\u00e9 inscrit sur la Liste du patrimoine mondial de l\u2019Unesco en\u00a01984...","breadcrumb":{"@id":"https:\/\/www.yannarthusbertrandphoto.com\/fr\/produit\/chutes-argentine\/#breadcrumb"},"inLanguage":"fr-FR","potentialAction":[{"@type":"ReadAction","target":["https:\/\/www.yannarthusbertrandphoto.com\/fr\/produit\/chutes-argentine\/"]}]},{"@type":"BreadcrumbList","@id":"https:\/\/www.yannarthusbertrandphoto.com\/fr\/produit\/chutes-argentine\/#breadcrumb","itemListElement":[{"@type":"ListItem","position":1,"name":"Accueil","item":"https:\/\/www.yannarthusbertrandphoto.com\/fr\/"},{"@type":"ListItem","position":2,"name":"Shop","item":"https:\/\/www.yannarthusbertrandphoto.com\/fr\/shop\/"},{"@type":"ListItem","position":3,"name":"Chutes"}]},{"@type":"WebSite","@id":"https:\/\/www.yannarthusbertrandphoto.com\/fr\/#website","url":"https:\/\/www.yannarthusbertrandphoto.com\/fr\/","name":"Yann Arthus-Bertrand","description":"Site officiel d\u00e9di\u00e9 \u00e0 l\u2019\u0153uvre photographique de Yann Arthus-Bertrand","publisher":{"@id":"https:\/\/www.yannarthusbertrandphoto.com\/fr\/#organization"},"potentialAction":[{"@type":"SearchAction","target":{"@type":"EntryPoint","urlTemplate":"https:\/\/www.yannarthusbertrandphoto.com\/fr\/?s={search_term_string}"},"query-input":"required name=search_term_string"}],"inLanguage":"fr-FR"},{"@type":"Organization","@id":"https:\/\/www.yannarthusbertrandphoto.com\/fr\/#organization","name":"Alfie Be","url":"https:\/\/www.yannarthusbertrandphoto.com\/fr\/","logo":{"@type":"ImageObject","inLanguage":"fr-FR","@id":"https:\/\/www.yannarthusbertrandphoto.com\/fr\/#\/schema\/logo\/image\/","url":"https:\/\/www.yannarthusbertrandphoto.com\/wp-content\/uploads\/2018\/01\/yab_logo_black.svg","contentUrl":"https:\/\/www.yannarthusbertrandphoto.com\/wp-content\/uploads\/2018\/01\/yab_logo_black.svg","caption":"Alfie Be"},"image":{"@id":"https:\/\/www.yannarthusbertrandphoto.com\/fr\/#\/schema\/logo\/image\/"},"sameAs":["https:\/\/www.instagram.com\/yannarthusbertrand\/","https:\/\/www.youtube.com\/user\/yannarthusbertrand","https:\/\/www.facebook.com\/Y.A.Bertrand\/","https:\/\/twitter.com\/Yann_A_B"]}]}},"_links":{"self":[{"href":"https:\/\/www.yannarthusbertrandphoto.com\/fr\/wp-json\/wp\/v2\/product\/2798"}],"collection":[{"href":"https:\/\/www.yannarthusbertrandphoto.com\/fr\/wp-json\/wp\/v2\/product"}],"about":[{"href":"https:\/\/www.yannarthusbertrandphoto.com\/fr\/wp-json\/wp\/v2\/types\/product"}],"wp:featuredmedia":[{"embeddable":true,"href":"https:\/\/www.yannarthusbertrandphoto.com\/fr\/wp-json\/wp\/v2\/media\/2799"}],"wp:attachment":[{"href":"https:\/\/www.yannarthusbertrandphoto.com\/fr\/wp-json\/wp\/v2\/media?parent=2798"}],"wp:term":[{"taxonomy":"product_cat","embeddable":true,"href":"https:\/\/www.yannarthusbertrandphoto.com\/fr\/wp-json\/wp\/v2\/product_cat?post=2798"},{"taxonomy":"product_tag","embeddable":true,"href":"https:\/\/www.yannarthusbertrandphoto.com\/fr\/wp-json\/wp\/v2\/product_tag?post=2798"}],"curies":[{"name":"wp","href":"https:\/\/api.w.org\/{rel}","templated":true}]}}