{"id":2888,"date":"2017-12-11T13:04:23","date_gmt":"2017-12-11T12:04:23","guid":{"rendered":"https:\/\/www.yannarthusbertrandphoto.com\/?post_type=product&#038;p=2888"},"modified":"2018-02-20T18:24:14","modified_gmt":"2018-02-20T17:24:14","slug":"shark-bay","status":"publish","type":"product","link":"https:\/\/www.yannarthusbertrandphoto.com\/fr\/produit\/shark-bay\/","title":{"rendered":"Shark Bay"},"content":{"rendered":"<p>Shark Bay \u2013 la baie du requin \u2013, \u00e0 l\u2019extr\u00e9mit\u00e9 du continent australien, ne ressemble \u00e0 nulle autre. Plusieurs langues de terre, p\u00e9ninsules et \u00eeles isolent la baie des eaux de l\u2019oc\u00e9an Indien ; la difficile circulation de l\u2019eau limite son renouvellement et donne \u00e0 ses fonds leur aspect unique au monde. Les eaux de Shark Bay abritent \u00e9galement le plus grand et le plus diversifi\u00e9 des herbiers du monde. Les plantes fournissent, outre une protection contre l\u2019\u00e9rosion, un habitat et de la nourriture pour de tr\u00e8s nombreuses esp\u00e8ces animales, formant notamment le refuge de la plus importante colonie de dugongs de la plan\u00e8te : 13 000 de ces mammif\u00e8res herbivores menac\u00e9s y habitent (soit 87 % des individus de l\u2019ouest de l\u2019Australie). Les herbiers attirent aussi de nombreuses tortues vertes ou tortues caouannes, qui viennent brouter les pousses des plantes aquatiques ou pondre dans la baie. D\u2019autres grands animaux comme les grands dauphins de l\u2019oc\u00e9an Indien, les baleines \u00e0 bosse ou le requin-baleine profitent \u00e9galement des eaux riches de la baie.<\/p>\n","protected":false},"excerpt":{"rendered":"<p>Shark Bay, bancs de sable dans la baie L&rsquo;Haridon Bight, p\u00e9ninsule Peron, Australie\u00a0(25\u00b059&prime; S &#8211; 113\u00b044&prime; E).<\/p>\n","protected":false},"featured_media":2891,"template":"","meta":{"inline_featured_image":false},"product_cat":[212],"product_tag":[],"yoast_head":"<!-- This site is optimized with the Yoast SEO plugin v19.10 - https:\/\/yoast.com\/wordpress\/plugins\/seo\/ -->\n<title>Shark Bay, Australie - Yann Arthus-Bertrand Photographie<\/title>\n<meta name=\"description\" content=\"Shark Bay \u2013 la baie du requin \u2013, \u00e0 l\u2019extr\u00e9mit\u00e9 du continent australien, ne ressemble \u00e0 nulle autre. Plusieurs langues de terre, p\u00e9ninsules et \u00eeles isolent la baie des eaux de l\u2019oc\u00e9an Indien ; la difficile circulation de l\u2019eau limite son renouvellement et donne \u00e0 ses fonds leur aspect unique...\" \/>\n<meta name=\"robots\" content=\"index, follow, max-snippet:-1, max-image-preview:large, max-video-preview:-1\" \/>\n<link rel=\"canonical\" href=\"https:\/\/www.yannarthusbertrandphoto.com\/fr\/produit\/shark-bay\/\" \/>\n<meta property=\"og:locale\" content=\"fr_FR\" \/>\n<meta property=\"og:type\" content=\"article\" \/>\n<meta property=\"og:title\" content=\"Shark Bay, Australie - Yann Arthus-Bertrand Photographie\" \/>\n<meta property=\"og:description\" content=\"Shark Bay \u2013 la baie du requin \u2013, \u00e0 l\u2019extr\u00e9mit\u00e9 du continent australien, ne ressemble \u00e0 nulle autre. Plusieurs langues de terre, p\u00e9ninsules et \u00eeles isolent la baie des eaux de l\u2019oc\u00e9an Indien ; la difficile circulation de l\u2019eau limite son renouvellement et donne \u00e0 ses fonds leur aspect unique...\" \/>\n<meta property=\"og:url\" content=\"https:\/\/www.yannarthusbertrandphoto.com\/fr\/produit\/shark-bay\/\" \/>\n<meta property=\"og:site_name\" content=\"Yann Arthus-Bertrand\" \/>\n<meta property=\"article:publisher\" content=\"https:\/\/www.facebook.com\/Y.A.Bertrand\/\" \/>\n<meta property=\"article:modified_time\" content=\"2018-02-20T17:24:14+00:00\" \/>\n<meta property=\"og:image\" content=\"https:\/\/www.yannarthusbertrandphoto.com\/wp-content\/uploads\/2017\/12\/shark_bay_australie-1.jpg\" \/>\n\t<meta property=\"og:image:width\" content=\"1333\" \/>\n\t<meta property=\"og:image:height\" content=\"2000\" \/>\n\t<meta property=\"og:image:type\" content=\"image\/jpeg\" \/>\n<meta name=\"twitter:card\" content=\"summary_large_image\" \/>\n<meta name=\"twitter:site\" content=\"@Yann_A_B\" \/>\n<meta name=\"twitter:label1\" content=\"Dur\u00e9e de lecture estim\u00e9e\" \/>\n\t<meta name=\"twitter:data1\" content=\"1 minute\" \/>\n<script type=\"application\/ld+json\" class=\"yoast-schema-graph\">{\"@context\":\"https:\/\/schema.org\",\"@graph\":[{\"@type\":\"WebPage\",\"@id\":\"https:\/\/www.yannarthusbertrandphoto.com\/fr\/produit\/shark-bay\/\",\"url\":\"https:\/\/www.yannarthusbertrandphoto.com\/fr\/produit\/shark-bay\/\",\"name\":\"Shark Bay, Australie - Yann Arthus-Bertrand Photographie\",\"isPartOf\":{\"@id\":\"https:\/\/www.yannarthusbertrandphoto.com\/fr\/#website\"},\"datePublished\":\"2017-12-11T12:04:23+00:00\",\"dateModified\":\"2018-02-20T17:24:14+00:00\",\"description\":\"Shark Bay \u2013 la baie du requin \u2013, \u00e0 l\u2019extr\u00e9mit\u00e9 du continent australien, ne ressemble \u00e0 nulle autre. Plusieurs langues de terre, p\u00e9ninsules et \u00eeles isolent la baie des eaux de l\u2019oc\u00e9an Indien ; la difficile circulation de l\u2019eau limite son renouvellement et donne \u00e0 ses fonds leur aspect unique...\",\"breadcrumb\":{\"@id\":\"https:\/\/www.yannarthusbertrandphoto.com\/fr\/produit\/shark-bay\/#breadcrumb\"},\"inLanguage\":\"fr-FR\",\"potentialAction\":[{\"@type\":\"ReadAction\",\"target\":[\"https:\/\/www.yannarthusbertrandphoto.com\/fr\/produit\/shark-bay\/\"]}]},{\"@type\":\"BreadcrumbList\",\"@id\":\"https:\/\/www.yannarthusbertrandphoto.com\/fr\/produit\/shark-bay\/#breadcrumb\",\"itemListElement\":[{\"@type\":\"ListItem\",\"position\":1,\"name\":\"Accueil\",\"item\":\"https:\/\/www.yannarthusbertrandphoto.com\/fr\/\"},{\"@type\":\"ListItem\",\"position\":2,\"name\":\"Shop\",\"item\":\"https:\/\/www.yannarthusbertrandphoto.com\/fr\/shop\/\"},{\"@type\":\"ListItem\",\"position\":3,\"name\":\"Shark Bay\"}]},{\"@type\":\"WebSite\",\"@id\":\"https:\/\/www.yannarthusbertrandphoto.com\/fr\/#website\",\"url\":\"https:\/\/www.yannarthusbertrandphoto.com\/fr\/\",\"name\":\"Yann Arthus-Bertrand\",\"description\":\"Site officiel d\u00e9di\u00e9 \u00e0 l\u2019\u0153uvre photographique de Yann Arthus-Bertrand\",\"publisher\":{\"@id\":\"https:\/\/www.yannarthusbertrandphoto.com\/fr\/#organization\"},\"potentialAction\":[{\"@type\":\"SearchAction\",\"target\":{\"@type\":\"EntryPoint\",\"urlTemplate\":\"https:\/\/www.yannarthusbertrandphoto.com\/fr\/?s={search_term_string}\"},\"query-input\":\"required name=search_term_string\"}],\"inLanguage\":\"fr-FR\"},{\"@type\":\"Organization\",\"@id\":\"https:\/\/www.yannarthusbertrandphoto.com\/fr\/#organization\",\"name\":\"Alfie Be\",\"url\":\"https:\/\/www.yannarthusbertrandphoto.com\/fr\/\",\"logo\":{\"@type\":\"ImageObject\",\"inLanguage\":\"fr-FR\",\"@id\":\"https:\/\/www.yannarthusbertrandphoto.com\/fr\/#\/schema\/logo\/image\/\",\"url\":\"https:\/\/www.yannarthusbertrandphoto.com\/wp-content\/uploads\/2018\/01\/yab_logo_black.svg\",\"contentUrl\":\"https:\/\/www.yannarthusbertrandphoto.com\/wp-content\/uploads\/2018\/01\/yab_logo_black.svg\",\"caption\":\"Alfie Be\"},\"image\":{\"@id\":\"https:\/\/www.yannarthusbertrandphoto.com\/fr\/#\/schema\/logo\/image\/\"},\"sameAs\":[\"https:\/\/www.instagram.com\/yannarthusbertrand\/\",\"https:\/\/www.youtube.com\/user\/yannarthusbertrand\",\"https:\/\/www.facebook.com\/Y.A.Bertrand\/\",\"https:\/\/twitter.com\/Yann_A_B\"]}]}<\/script>\n<!-- \/ Yoast SEO plugin. -->","yoast_head_json":{"title":"Shark Bay, Australie - Yann Arthus-Bertrand Photographie","description":"Shark Bay \u2013 la baie du requin \u2013, \u00e0 l\u2019extr\u00e9mit\u00e9 du continent australien, ne ressemble \u00e0 nulle autre. Plusieurs langues de terre, p\u00e9ninsules et \u00eeles isolent la baie des eaux de l\u2019oc\u00e9an Indien ; la difficile circulation de l\u2019eau limite son renouvellement et donne \u00e0 ses fonds leur aspect unique...","robots":{"index":"index","follow":"follow","max-snippet":"max-snippet:-1","max-image-preview":"max-image-preview:large","max-video-preview":"max-video-preview:-1"},"canonical":"https:\/\/www.yannarthusbertrandphoto.com\/fr\/produit\/shark-bay\/","og_locale":"fr_FR","og_type":"article","og_title":"Shark Bay, Australie - Yann Arthus-Bertrand Photographie","og_description":"Shark Bay \u2013 la baie du requin \u2013, \u00e0 l\u2019extr\u00e9mit\u00e9 du continent australien, ne ressemble \u00e0 nulle autre. Plusieurs langues de terre, p\u00e9ninsules et \u00eeles isolent la baie des eaux de l\u2019oc\u00e9an Indien ; la difficile circulation de l\u2019eau limite son renouvellement et donne \u00e0 ses fonds leur aspect unique...","og_url":"https:\/\/www.yannarthusbertrandphoto.com\/fr\/produit\/shark-bay\/","og_site_name":"Yann Arthus-Bertrand","article_publisher":"https:\/\/www.facebook.com\/Y.A.Bertrand\/","article_modified_time":"2018-02-20T17:24:14+00:00","og_image":[{"width":1333,"height":2000,"url":"https:\/\/www.yannarthusbertrandphoto.com\/wp-content\/uploads\/2017\/12\/shark_bay_australie-1.jpg","type":"image\/jpeg"}],"twitter_card":"summary_large_image","twitter_site":"@Yann_A_B","twitter_misc":{"Dur\u00e9e de lecture estim\u00e9e":"1 minute"},"schema":{"@context":"https:\/\/schema.org","@graph":[{"@type":"WebPage","@id":"https:\/\/www.yannarthusbertrandphoto.com\/fr\/produit\/shark-bay\/","url":"https:\/\/www.yannarthusbertrandphoto.com\/fr\/produit\/shark-bay\/","name":"Shark Bay, Australie - Yann Arthus-Bertrand Photographie","isPartOf":{"@id":"https:\/\/www.yannarthusbertrandphoto.com\/fr\/#website"},"datePublished":"2017-12-11T12:04:23+00:00","dateModified":"2018-02-20T17:24:14+00:00","description":"Shark Bay \u2013 la baie du requin \u2013, \u00e0 l\u2019extr\u00e9mit\u00e9 du continent australien, ne ressemble \u00e0 nulle autre. Plusieurs langues de terre, p\u00e9ninsules et \u00eeles isolent la baie des eaux de l\u2019oc\u00e9an Indien ; la difficile circulation de l\u2019eau limite son renouvellement et donne \u00e0 ses fonds leur aspect unique...","breadcrumb":{"@id":"https:\/\/www.yannarthusbertrandphoto.com\/fr\/produit\/shark-bay\/#breadcrumb"},"inLanguage":"fr-FR","potentialAction":[{"@type":"ReadAction","target":["https:\/\/www.yannarthusbertrandphoto.com\/fr\/produit\/shark-bay\/"]}]},{"@type":"BreadcrumbList","@id":"https:\/\/www.yannarthusbertrandphoto.com\/fr\/produit\/shark-bay\/#breadcrumb","itemListElement":[{"@type":"ListItem","position":1,"name":"Accueil","item":"https:\/\/www.yannarthusbertrandphoto.com\/fr\/"},{"@type":"ListItem","position":2,"name":"Shop","item":"https:\/\/www.yannarthusbertrandphoto.com\/fr\/shop\/"},{"@type":"ListItem","position":3,"name":"Shark Bay"}]},{"@type":"WebSite","@id":"https:\/\/www.yannarthusbertrandphoto.com\/fr\/#website","url":"https:\/\/www.yannarthusbertrandphoto.com\/fr\/","name":"Yann Arthus-Bertrand","description":"Site officiel d\u00e9di\u00e9 \u00e0 l\u2019\u0153uvre photographique de Yann Arthus-Bertrand","publisher":{"@id":"https:\/\/www.yannarthusbertrandphoto.com\/fr\/#organization"},"potentialAction":[{"@type":"SearchAction","target":{"@type":"EntryPoint","urlTemplate":"https:\/\/www.yannarthusbertrandphoto.com\/fr\/?s={search_term_string}"},"query-input":"required name=search_term_string"}],"inLanguage":"fr-FR"},{"@type":"Organization","@id":"https:\/\/www.yannarthusbertrandphoto.com\/fr\/#organization","name":"Alfie Be","url":"https:\/\/www.yannarthusbertrandphoto.com\/fr\/","logo":{"@type":"ImageObject","inLanguage":"fr-FR","@id":"https:\/\/www.yannarthusbertrandphoto.com\/fr\/#\/schema\/logo\/image\/","url":"https:\/\/www.yannarthusbertrandphoto.com\/wp-content\/uploads\/2018\/01\/yab_logo_black.svg","contentUrl":"https:\/\/www.yannarthusbertrandphoto.com\/wp-content\/uploads\/2018\/01\/yab_logo_black.svg","caption":"Alfie Be"},"image":{"@id":"https:\/\/www.yannarthusbertrandphoto.com\/fr\/#\/schema\/logo\/image\/"},"sameAs":["https:\/\/www.instagram.com\/yannarthusbertrand\/","https:\/\/www.youtube.com\/user\/yannarthusbertrand","https:\/\/www.facebook.com\/Y.A.Bertrand\/","https:\/\/twitter.com\/Yann_A_B"]}]}},"_links":{"self":[{"href":"https:\/\/www.yannarthusbertrandphoto.com\/fr\/wp-json\/wp\/v2\/product\/2888"}],"collection":[{"href":"https:\/\/www.yannarthusbertrandphoto.com\/fr\/wp-json\/wp\/v2\/product"}],"about":[{"href":"https:\/\/www.yannarthusbertrandphoto.com\/fr\/wp-json\/wp\/v2\/types\/product"}],"wp:featuredmedia":[{"embeddable":true,"href":"https:\/\/www.yannarthusbertrandphoto.com\/fr\/wp-json\/wp\/v2\/media\/2891"}],"wp:attachment":[{"href":"https:\/\/www.yannarthusbertrandphoto.com\/fr\/wp-json\/wp\/v2\/media?parent=2888"}],"wp:term":[{"taxonomy":"product_cat","embeddable":true,"href":"https:\/\/www.yannarthusbertrandphoto.com\/fr\/wp-json\/wp\/v2\/product_cat?post=2888"},{"taxonomy":"product_tag","embeddable":true,"href":"https:\/\/www.yannarthusbertrandphoto.com\/fr\/wp-json\/wp\/v2\/product_tag?post=2888"}],"curies":[{"name":"wp","href":"https:\/\/api.w.org\/{rel}","templated":true}]}}