{"id":4934,"date":"2018-01-11T13:35:06","date_gmt":"2018-01-11T12:35:06","guid":{"rendered":"https:\/\/www.yannarthusbertrandphoto.com\/?post_type=product&#038;p=4934"},"modified":"2018-10-26T18:43:18","modified_gmt":"2018-10-26T16:43:18","slug":"sulu","status":"publish","type":"product","link":"https:\/\/www.yannarthusbertrandphoto.com\/fr\/produit\/sulu\/","title":{"rendered":"Sulu"},"content":{"rendered":"<p>Plus de 6 000 des 7 100 \u00eeles que comptent les Philippines sont inhabit\u00e9es, comme cet \u00eelot de l\u2019archipel de Sulu, collier de 500 \u00eeles entre la mer des C\u00e9l\u00e8bes et la mer de Sulu. Leur biodiversit\u00e9 exceptionnelle est menac\u00e9e car, bien qu\u2019\u00e0 l\u2019\u00e9cart des sites industriels, elles subissent les effets de la pollution mondiale. Premi\u00e8res victimes potentielles du r\u00e9chauffement climatique, ces terres qui s\u2019\u00e9l\u00e8vent \u00e0 peine au-dessus de l\u2019eau dispara\u00eetraient \u00e0 coup s\u00fbr avec un rel\u00e8vement du niveau de la mer.<\/p>\n<p>L\u2019oc\u00e9an, gardien des \u00e9quilibres de la plan\u00e8te, joue un r\u00f4le majeur dans le climat mondial. Il stocke la chaleur aux moments les plus chauds et la lib\u00e8re plus tard, la transporte dans ses courants, et fournit par \u00e9vaporation l\u2019eau des nuages porteurs de pluie. L\u2019oc\u00e9an absorbe et pi\u00e8ge \u00e9galement le gaz carbonique, un des principaux agents de l\u2019effet de serre. Cette immensit\u00e9 aquatique est peupl\u00e9e d\u2019une faune dont on n\u2019imagine pas totalement la diversit\u00e9 et qui, au long de la cha\u00eene alimentaire \u2013 du plancton aux mammif\u00e8res marins, en passant par les poissons \u2013 contribue \u00e0 la subsistance des \u00eatres humains.<\/p>\n","protected":false},"excerpt":{"rendered":"<p>Ilot dans l\u2019archipel de Sulu, Philippines (7\u00b058\u2019 N \u2013 118\u00b040\u2019 E).<\/p>\n","protected":false},"featured_media":4935,"template":"","meta":{"inline_featured_image":false},"product_cat":[212],"product_tag":[],"yoast_head":"<!-- This site is optimized with the Yoast SEO plugin v19.10 - https:\/\/yoast.com\/wordpress\/plugins\/seo\/ -->\n<title>Sulu - Yann Arthus-Bertrand<\/title>\n<meta name=\"robots\" content=\"index, follow, max-snippet:-1, max-image-preview:large, max-video-preview:-1\" \/>\n<link rel=\"canonical\" href=\"https:\/\/www.yannarthusbertrandphoto.com\/fr\/produit\/sulu\/\" \/>\n<meta property=\"og:locale\" content=\"fr_FR\" \/>\n<meta property=\"og:type\" content=\"article\" \/>\n<meta property=\"og:title\" content=\"Sulu - Yann Arthus-Bertrand\" \/>\n<meta property=\"og:description\" content=\"Ilot dans l\u2019archipel de Sulu, Philippines (7\u00b058\u2019 N \u2013 118\u00b040\u2019 E).\" \/>\n<meta property=\"og:url\" content=\"https:\/\/www.yannarthusbertrandphoto.com\/fr\/produit\/sulu\/\" \/>\n<meta property=\"og:site_name\" content=\"Yann Arthus-Bertrand\" \/>\n<meta property=\"article:publisher\" content=\"https:\/\/www.facebook.com\/Y.A.Bertrand\/\" \/>\n<meta property=\"article:modified_time\" content=\"2018-10-26T16:43:18+00:00\" \/>\n<meta property=\"og:image\" content=\"https:\/\/www.yannarthusbertrandphoto.com\/wp-content\/uploads\/2018\/01\/sulu.jpg\" \/>\n\t<meta property=\"og:image:width\" content=\"2000\" \/>\n\t<meta property=\"og:image:height\" content=\"1333\" \/>\n\t<meta property=\"og:image:type\" content=\"image\/jpeg\" \/>\n<meta name=\"twitter:card\" content=\"summary_large_image\" \/>\n<meta name=\"twitter:site\" content=\"@Yann_A_B\" \/>\n<meta name=\"twitter:label1\" content=\"Dur\u00e9e de lecture estim\u00e9e\" \/>\n\t<meta name=\"twitter:data1\" content=\"1 minute\" \/>\n<script type=\"application\/ld+json\" class=\"yoast-schema-graph\">{\"@context\":\"https:\/\/schema.org\",\"@graph\":[{\"@type\":\"WebPage\",\"@id\":\"https:\/\/www.yannarthusbertrandphoto.com\/fr\/produit\/sulu\/\",\"url\":\"https:\/\/www.yannarthusbertrandphoto.com\/fr\/produit\/sulu\/\",\"name\":\"Sulu - Yann Arthus-Bertrand\",\"isPartOf\":{\"@id\":\"https:\/\/www.yannarthusbertrandphoto.com\/fr\/#website\"},\"datePublished\":\"2018-01-11T12:35:06+00:00\",\"dateModified\":\"2018-10-26T16:43:18+00:00\",\"breadcrumb\":{\"@id\":\"https:\/\/www.yannarthusbertrandphoto.com\/fr\/produit\/sulu\/#breadcrumb\"},\"inLanguage\":\"fr-FR\",\"potentialAction\":[{\"@type\":\"ReadAction\",\"target\":[\"https:\/\/www.yannarthusbertrandphoto.com\/fr\/produit\/sulu\/\"]}]},{\"@type\":\"BreadcrumbList\",\"@id\":\"https:\/\/www.yannarthusbertrandphoto.com\/fr\/produit\/sulu\/#breadcrumb\",\"itemListElement\":[{\"@type\":\"ListItem\",\"position\":1,\"name\":\"Accueil\",\"item\":\"https:\/\/www.yannarthusbertrandphoto.com\/fr\/\"},{\"@type\":\"ListItem\",\"position\":2,\"name\":\"Shop\",\"item\":\"https:\/\/www.yannarthusbertrandphoto.com\/fr\/shop\/\"},{\"@type\":\"ListItem\",\"position\":3,\"name\":\"Sulu\"}]},{\"@type\":\"WebSite\",\"@id\":\"https:\/\/www.yannarthusbertrandphoto.com\/fr\/#website\",\"url\":\"https:\/\/www.yannarthusbertrandphoto.com\/fr\/\",\"name\":\"Yann Arthus-Bertrand\",\"description\":\"Site officiel d\u00e9di\u00e9 \u00e0 l\u2019\u0153uvre photographique de Yann Arthus-Bertrand\",\"publisher\":{\"@id\":\"https:\/\/www.yannarthusbertrandphoto.com\/fr\/#organization\"},\"potentialAction\":[{\"@type\":\"SearchAction\",\"target\":{\"@type\":\"EntryPoint\",\"urlTemplate\":\"https:\/\/www.yannarthusbertrandphoto.com\/fr\/?s={search_term_string}\"},\"query-input\":\"required name=search_term_string\"}],\"inLanguage\":\"fr-FR\"},{\"@type\":\"Organization\",\"@id\":\"https:\/\/www.yannarthusbertrandphoto.com\/fr\/#organization\",\"name\":\"Alfie Be\",\"url\":\"https:\/\/www.yannarthusbertrandphoto.com\/fr\/\",\"logo\":{\"@type\":\"ImageObject\",\"inLanguage\":\"fr-FR\",\"@id\":\"https:\/\/www.yannarthusbertrandphoto.com\/fr\/#\/schema\/logo\/image\/\",\"url\":\"https:\/\/www.yannarthusbertrandphoto.com\/wp-content\/uploads\/2018\/01\/yab_logo_black.svg\",\"contentUrl\":\"https:\/\/www.yannarthusbertrandphoto.com\/wp-content\/uploads\/2018\/01\/yab_logo_black.svg\",\"caption\":\"Alfie Be\"},\"image\":{\"@id\":\"https:\/\/www.yannarthusbertrandphoto.com\/fr\/#\/schema\/logo\/image\/\"},\"sameAs\":[\"https:\/\/www.instagram.com\/yannarthusbertrand\/\",\"https:\/\/www.youtube.com\/user\/yannarthusbertrand\",\"https:\/\/www.facebook.com\/Y.A.Bertrand\/\",\"https:\/\/twitter.com\/Yann_A_B\"]}]}<\/script>\n<!-- \/ Yoast SEO plugin. -->","yoast_head_json":{"title":"Sulu - Yann Arthus-Bertrand","robots":{"index":"index","follow":"follow","max-snippet":"max-snippet:-1","max-image-preview":"max-image-preview:large","max-video-preview":"max-video-preview:-1"},"canonical":"https:\/\/www.yannarthusbertrandphoto.com\/fr\/produit\/sulu\/","og_locale":"fr_FR","og_type":"article","og_title":"Sulu - Yann Arthus-Bertrand","og_description":"Ilot dans l\u2019archipel de Sulu, Philippines (7\u00b058\u2019 N \u2013 118\u00b040\u2019 E).","og_url":"https:\/\/www.yannarthusbertrandphoto.com\/fr\/produit\/sulu\/","og_site_name":"Yann Arthus-Bertrand","article_publisher":"https:\/\/www.facebook.com\/Y.A.Bertrand\/","article_modified_time":"2018-10-26T16:43:18+00:00","og_image":[{"width":2000,"height":1333,"url":"https:\/\/www.yannarthusbertrandphoto.com\/wp-content\/uploads\/2018\/01\/sulu.jpg","type":"image\/jpeg"}],"twitter_card":"summary_large_image","twitter_site":"@Yann_A_B","twitter_misc":{"Dur\u00e9e de lecture estim\u00e9e":"1 minute"},"schema":{"@context":"https:\/\/schema.org","@graph":[{"@type":"WebPage","@id":"https:\/\/www.yannarthusbertrandphoto.com\/fr\/produit\/sulu\/","url":"https:\/\/www.yannarthusbertrandphoto.com\/fr\/produit\/sulu\/","name":"Sulu - Yann Arthus-Bertrand","isPartOf":{"@id":"https:\/\/www.yannarthusbertrandphoto.com\/fr\/#website"},"datePublished":"2018-01-11T12:35:06+00:00","dateModified":"2018-10-26T16:43:18+00:00","breadcrumb":{"@id":"https:\/\/www.yannarthusbertrandphoto.com\/fr\/produit\/sulu\/#breadcrumb"},"inLanguage":"fr-FR","potentialAction":[{"@type":"ReadAction","target":["https:\/\/www.yannarthusbertrandphoto.com\/fr\/produit\/sulu\/"]}]},{"@type":"BreadcrumbList","@id":"https:\/\/www.yannarthusbertrandphoto.com\/fr\/produit\/sulu\/#breadcrumb","itemListElement":[{"@type":"ListItem","position":1,"name":"Accueil","item":"https:\/\/www.yannarthusbertrandphoto.com\/fr\/"},{"@type":"ListItem","position":2,"name":"Shop","item":"https:\/\/www.yannarthusbertrandphoto.com\/fr\/shop\/"},{"@type":"ListItem","position":3,"name":"Sulu"}]},{"@type":"WebSite","@id":"https:\/\/www.yannarthusbertrandphoto.com\/fr\/#website","url":"https:\/\/www.yannarthusbertrandphoto.com\/fr\/","name":"Yann Arthus-Bertrand","description":"Site officiel d\u00e9di\u00e9 \u00e0 l\u2019\u0153uvre photographique de Yann Arthus-Bertrand","publisher":{"@id":"https:\/\/www.yannarthusbertrandphoto.com\/fr\/#organization"},"potentialAction":[{"@type":"SearchAction","target":{"@type":"EntryPoint","urlTemplate":"https:\/\/www.yannarthusbertrandphoto.com\/fr\/?s={search_term_string}"},"query-input":"required name=search_term_string"}],"inLanguage":"fr-FR"},{"@type":"Organization","@id":"https:\/\/www.yannarthusbertrandphoto.com\/fr\/#organization","name":"Alfie Be","url":"https:\/\/www.yannarthusbertrandphoto.com\/fr\/","logo":{"@type":"ImageObject","inLanguage":"fr-FR","@id":"https:\/\/www.yannarthusbertrandphoto.com\/fr\/#\/schema\/logo\/image\/","url":"https:\/\/www.yannarthusbertrandphoto.com\/wp-content\/uploads\/2018\/01\/yab_logo_black.svg","contentUrl":"https:\/\/www.yannarthusbertrandphoto.com\/wp-content\/uploads\/2018\/01\/yab_logo_black.svg","caption":"Alfie Be"},"image":{"@id":"https:\/\/www.yannarthusbertrandphoto.com\/fr\/#\/schema\/logo\/image\/"},"sameAs":["https:\/\/www.instagram.com\/yannarthusbertrand\/","https:\/\/www.youtube.com\/user\/yannarthusbertrand","https:\/\/www.facebook.com\/Y.A.Bertrand\/","https:\/\/twitter.com\/Yann_A_B"]}]}},"_links":{"self":[{"href":"https:\/\/www.yannarthusbertrandphoto.com\/fr\/wp-json\/wp\/v2\/product\/4934"}],"collection":[{"href":"https:\/\/www.yannarthusbertrandphoto.com\/fr\/wp-json\/wp\/v2\/product"}],"about":[{"href":"https:\/\/www.yannarthusbertrandphoto.com\/fr\/wp-json\/wp\/v2\/types\/product"}],"wp:featuredmedia":[{"embeddable":true,"href":"https:\/\/www.yannarthusbertrandphoto.com\/fr\/wp-json\/wp\/v2\/media\/4935"}],"wp:attachment":[{"href":"https:\/\/www.yannarthusbertrandphoto.com\/fr\/wp-json\/wp\/v2\/media?parent=4934"}],"wp:term":[{"taxonomy":"product_cat","embeddable":true,"href":"https:\/\/www.yannarthusbertrandphoto.com\/fr\/wp-json\/wp\/v2\/product_cat?post=4934"},{"taxonomy":"product_tag","embeddable":true,"href":"https:\/\/www.yannarthusbertrandphoto.com\/fr\/wp-json\/wp\/v2\/product_tag?post=4934"}],"curies":[{"name":"wp","href":"https:\/\/api.w.org\/{rel}","templated":true}]}}