{"id":5013,"date":"2018-01-11T14:20:11","date_gmt":"2018-01-11T13:20:11","guid":{"rendered":"https:\/\/www.yannarthusbertrandphoto.com\/?post_type=product&#038;p=5013"},"modified":"2018-05-28T17:43:28","modified_gmt":"2018-05-28T15:43:28","slug":"lac-magadi","status":"publish","type":"product","link":"https:\/\/www.yannarthusbertrandphoto.com\/fr\/produit\/lac-magadi\/","title":{"rendered":"Lac Magadi"},"content":{"rendered":"<p>N\u00e9e d\u2019une d\u00e9chirure de la cro\u00fbte terrestre survenue il y a 30 millions d\u2019ann\u00e9es environ, la grande fracture du Rift s\u2019\u00e9tend sur pr\u00e8s de 7 000 km dans l\u2019est de l\u2019Afrique. Bord\u00e9e de hauts plateaux volcaniques, ce vaste foss\u00e9 d\u2019effondrement, succession de d\u00e9pressions (Rift Valleys) allant de la mer Rouge jusqu\u2019au Mozambique, abrite un chapelet de grands lacs (Turkana, Kivu, Tanganyika, Malawi&#8230;) et de lacs plus petits, comme le lac Magadi, le plus m\u00e9ridional du Kenya.<\/p>\n<p>Aliment\u00e9 par les eaux des pluies qui lessivent les pentes volcaniques avoisinantes et emportent les sels min\u00e9raux, mais surtout par des sources chaudes salines, ce lac contient une eau \u00e0 haute teneur en sel. Par endroits, sa surface est marbr\u00e9e de licks, d\u00e9p\u00f4ts salins cristallis\u00e9s m\u00eal\u00e9s \u00e0 l\u2019eau saum\u00e2tre. Bien qu\u2019inhospitalier, le lac n\u2019est toutefois pas exempt de vie : une seule esp\u00e8ce de poisson end\u00e9mique y vit dans des eaux alcalines (pH 10) dont la temp\u00e9rature d\u00e9passe 40\u00b0C.<\/p>\n<p>Des millions de flamants nains (Phoenicopterus minor) viennent se nourrir des microalgues, crevettes et autres crustac\u00e9s qui prolif\u00e8rent dans les eaux du lac. A noter que les cristaux de sesquicarbonate du lac consid\u00e9r\u00e9 comme les plus purs au monde sont exploit\u00e9s depuis un si\u00e8cle pour produire du carbonate de soude utilis\u00e9 par l\u2019industrie du verre et celle des d\u00e9tergents.<\/p>\n","protected":false},"excerpt":{"rendered":"<p>Vol de flamants roses au-dessus de formations cristallines du lac Magadi, Kenya (1\u00b052\u2019 S \u2013 36\u00b017\u2019 E).<\/p>\n","protected":false},"featured_media":9161,"template":"","meta":{"inline_featured_image":false},"product_cat":[212],"product_tag":[],"yoast_head":"<!-- This site is optimized with the Yoast SEO plugin v19.10 - https:\/\/yoast.com\/wordpress\/plugins\/seo\/ -->\n<title>Lac Magadi, Kenya - Yann Arthus-Bertrand Photographie<\/title>\n<meta name=\"description\" content=\"Bord\u00e9e de hauts plateaux volcaniques, ce vaste foss\u00e9 d\u2019effondrement, succession de d\u00e9pressions (Rift Valleys) allant de la mer Rouge jusqu\u2019au Mozambique, abrite un chapelet de grands lacs (Turkana, Kivu, Tanganyika, Malawi...) et de lacs plus petits, comme le lac Magadi, le plus m\u00e9ridional du Kenya.\" \/>\n<meta name=\"robots\" content=\"index, follow, max-snippet:-1, max-image-preview:large, max-video-preview:-1\" \/>\n<link rel=\"canonical\" href=\"https:\/\/www.yannarthusbertrandphoto.com\/fr\/produit\/lac-magadi\/\" \/>\n<meta property=\"og:locale\" content=\"fr_FR\" \/>\n<meta property=\"og:type\" content=\"article\" \/>\n<meta property=\"og:title\" content=\"Lac Magadi, Kenya - Yann Arthus-Bertrand Photographie\" \/>\n<meta property=\"og:description\" content=\"Bord\u00e9e de hauts plateaux volcaniques, ce vaste foss\u00e9 d\u2019effondrement, succession de d\u00e9pressions (Rift Valleys) allant de la mer Rouge jusqu\u2019au Mozambique, abrite un chapelet de grands lacs (Turkana, Kivu, Tanganyika, Malawi...) et de lacs plus petits, comme le lac Magadi, le plus m\u00e9ridional du Kenya.\" \/>\n<meta property=\"og:url\" content=\"https:\/\/www.yannarthusbertrandphoto.com\/fr\/produit\/lac-magadi\/\" \/>\n<meta property=\"og:site_name\" content=\"Yann Arthus-Bertrand\" \/>\n<meta property=\"article:publisher\" content=\"https:\/\/www.facebook.com\/Y.A.Bertrand\/\" \/>\n<meta property=\"article:modified_time\" content=\"2018-05-28T15:43:28+00:00\" \/>\n<meta property=\"og:image\" content=\"https:\/\/www.yannarthusbertrandphoto.com\/wp-content\/uploads\/2018\/01\/yab_yann-arthus-bertrand_photography_kenya.jpg\" \/>\n\t<meta property=\"og:image:width\" content=\"2000\" \/>\n\t<meta property=\"og:image:height\" content=\"1333\" \/>\n\t<meta property=\"og:image:type\" content=\"image\/jpeg\" \/>\n<meta name=\"twitter:card\" content=\"summary_large_image\" \/>\n<meta name=\"twitter:site\" content=\"@Yann_A_B\" \/>\n<meta name=\"twitter:label1\" content=\"Dur\u00e9e de lecture estim\u00e9e\" \/>\n\t<meta name=\"twitter:data1\" content=\"1 minute\" \/>\n<script type=\"application\/ld+json\" class=\"yoast-schema-graph\">{\"@context\":\"https:\/\/schema.org\",\"@graph\":[{\"@type\":\"WebPage\",\"@id\":\"https:\/\/www.yannarthusbertrandphoto.com\/fr\/produit\/lac-magadi\/\",\"url\":\"https:\/\/www.yannarthusbertrandphoto.com\/fr\/produit\/lac-magadi\/\",\"name\":\"Lac Magadi, Kenya - Yann Arthus-Bertrand Photographie\",\"isPartOf\":{\"@id\":\"https:\/\/www.yannarthusbertrandphoto.com\/fr\/#website\"},\"datePublished\":\"2018-01-11T13:20:11+00:00\",\"dateModified\":\"2018-05-28T15:43:28+00:00\",\"description\":\"Bord\u00e9e de hauts plateaux volcaniques, ce vaste foss\u00e9 d\u2019effondrement, succession de d\u00e9pressions (Rift Valleys) allant de la mer Rouge jusqu\u2019au Mozambique, abrite un chapelet de grands lacs (Turkana, Kivu, Tanganyika, Malawi...) et de lacs plus petits, comme le lac Magadi, le plus m\u00e9ridional du Kenya.\",\"breadcrumb\":{\"@id\":\"https:\/\/www.yannarthusbertrandphoto.com\/fr\/produit\/lac-magadi\/#breadcrumb\"},\"inLanguage\":\"fr-FR\",\"potentialAction\":[{\"@type\":\"ReadAction\",\"target\":[\"https:\/\/www.yannarthusbertrandphoto.com\/fr\/produit\/lac-magadi\/\"]}]},{\"@type\":\"BreadcrumbList\",\"@id\":\"https:\/\/www.yannarthusbertrandphoto.com\/fr\/produit\/lac-magadi\/#breadcrumb\",\"itemListElement\":[{\"@type\":\"ListItem\",\"position\":1,\"name\":\"Accueil\",\"item\":\"https:\/\/www.yannarthusbertrandphoto.com\/fr\/\"},{\"@type\":\"ListItem\",\"position\":2,\"name\":\"Shop\",\"item\":\"https:\/\/www.yannarthusbertrandphoto.com\/fr\/shop\/\"},{\"@type\":\"ListItem\",\"position\":3,\"name\":\"Lac Magadi\"}]},{\"@type\":\"WebSite\",\"@id\":\"https:\/\/www.yannarthusbertrandphoto.com\/fr\/#website\",\"url\":\"https:\/\/www.yannarthusbertrandphoto.com\/fr\/\",\"name\":\"Yann Arthus-Bertrand\",\"description\":\"Site officiel d\u00e9di\u00e9 \u00e0 l\u2019\u0153uvre photographique de Yann Arthus-Bertrand\",\"publisher\":{\"@id\":\"https:\/\/www.yannarthusbertrandphoto.com\/fr\/#organization\"},\"potentialAction\":[{\"@type\":\"SearchAction\",\"target\":{\"@type\":\"EntryPoint\",\"urlTemplate\":\"https:\/\/www.yannarthusbertrandphoto.com\/fr\/?s={search_term_string}\"},\"query-input\":\"required name=search_term_string\"}],\"inLanguage\":\"fr-FR\"},{\"@type\":\"Organization\",\"@id\":\"https:\/\/www.yannarthusbertrandphoto.com\/fr\/#organization\",\"name\":\"Alfie Be\",\"url\":\"https:\/\/www.yannarthusbertrandphoto.com\/fr\/\",\"logo\":{\"@type\":\"ImageObject\",\"inLanguage\":\"fr-FR\",\"@id\":\"https:\/\/www.yannarthusbertrandphoto.com\/fr\/#\/schema\/logo\/image\/\",\"url\":\"https:\/\/www.yannarthusbertrandphoto.com\/wp-content\/uploads\/2018\/01\/yab_logo_black.svg\",\"contentUrl\":\"https:\/\/www.yannarthusbertrandphoto.com\/wp-content\/uploads\/2018\/01\/yab_logo_black.svg\",\"caption\":\"Alfie Be\"},\"image\":{\"@id\":\"https:\/\/www.yannarthusbertrandphoto.com\/fr\/#\/schema\/logo\/image\/\"},\"sameAs\":[\"https:\/\/www.instagram.com\/yannarthusbertrand\/\",\"https:\/\/www.youtube.com\/user\/yannarthusbertrand\",\"https:\/\/www.facebook.com\/Y.A.Bertrand\/\",\"https:\/\/twitter.com\/Yann_A_B\"]}]}<\/script>\n<!-- \/ Yoast SEO plugin. -->","yoast_head_json":{"title":"Lac Magadi, Kenya - Yann Arthus-Bertrand Photographie","description":"Bord\u00e9e de hauts plateaux volcaniques, ce vaste foss\u00e9 d\u2019effondrement, succession de d\u00e9pressions (Rift Valleys) allant de la mer Rouge jusqu\u2019au Mozambique, abrite un chapelet de grands lacs (Turkana, Kivu, Tanganyika, Malawi...) et de lacs plus petits, comme le lac Magadi, le plus m\u00e9ridional du Kenya.","robots":{"index":"index","follow":"follow","max-snippet":"max-snippet:-1","max-image-preview":"max-image-preview:large","max-video-preview":"max-video-preview:-1"},"canonical":"https:\/\/www.yannarthusbertrandphoto.com\/fr\/produit\/lac-magadi\/","og_locale":"fr_FR","og_type":"article","og_title":"Lac Magadi, Kenya - Yann Arthus-Bertrand Photographie","og_description":"Bord\u00e9e de hauts plateaux volcaniques, ce vaste foss\u00e9 d\u2019effondrement, succession de d\u00e9pressions (Rift Valleys) allant de la mer Rouge jusqu\u2019au Mozambique, abrite un chapelet de grands lacs (Turkana, Kivu, Tanganyika, Malawi...) et de lacs plus petits, comme le lac Magadi, le plus m\u00e9ridional du Kenya.","og_url":"https:\/\/www.yannarthusbertrandphoto.com\/fr\/produit\/lac-magadi\/","og_site_name":"Yann Arthus-Bertrand","article_publisher":"https:\/\/www.facebook.com\/Y.A.Bertrand\/","article_modified_time":"2018-05-28T15:43:28+00:00","og_image":[{"width":2000,"height":1333,"url":"https:\/\/www.yannarthusbertrandphoto.com\/wp-content\/uploads\/2018\/01\/yab_yann-arthus-bertrand_photography_kenya.jpg","type":"image\/jpeg"}],"twitter_card":"summary_large_image","twitter_site":"@Yann_A_B","twitter_misc":{"Dur\u00e9e de lecture estim\u00e9e":"1 minute"},"schema":{"@context":"https:\/\/schema.org","@graph":[{"@type":"WebPage","@id":"https:\/\/www.yannarthusbertrandphoto.com\/fr\/produit\/lac-magadi\/","url":"https:\/\/www.yannarthusbertrandphoto.com\/fr\/produit\/lac-magadi\/","name":"Lac Magadi, Kenya - Yann Arthus-Bertrand Photographie","isPartOf":{"@id":"https:\/\/www.yannarthusbertrandphoto.com\/fr\/#website"},"datePublished":"2018-01-11T13:20:11+00:00","dateModified":"2018-05-28T15:43:28+00:00","description":"Bord\u00e9e de hauts plateaux volcaniques, ce vaste foss\u00e9 d\u2019effondrement, succession de d\u00e9pressions (Rift Valleys) allant de la mer Rouge jusqu\u2019au Mozambique, abrite un chapelet de grands lacs (Turkana, Kivu, Tanganyika, Malawi...) et de lacs plus petits, comme le lac Magadi, le plus m\u00e9ridional du Kenya.","breadcrumb":{"@id":"https:\/\/www.yannarthusbertrandphoto.com\/fr\/produit\/lac-magadi\/#breadcrumb"},"inLanguage":"fr-FR","potentialAction":[{"@type":"ReadAction","target":["https:\/\/www.yannarthusbertrandphoto.com\/fr\/produit\/lac-magadi\/"]}]},{"@type":"BreadcrumbList","@id":"https:\/\/www.yannarthusbertrandphoto.com\/fr\/produit\/lac-magadi\/#breadcrumb","itemListElement":[{"@type":"ListItem","position":1,"name":"Accueil","item":"https:\/\/www.yannarthusbertrandphoto.com\/fr\/"},{"@type":"ListItem","position":2,"name":"Shop","item":"https:\/\/www.yannarthusbertrandphoto.com\/fr\/shop\/"},{"@type":"ListItem","position":3,"name":"Lac Magadi"}]},{"@type":"WebSite","@id":"https:\/\/www.yannarthusbertrandphoto.com\/fr\/#website","url":"https:\/\/www.yannarthusbertrandphoto.com\/fr\/","name":"Yann Arthus-Bertrand","description":"Site officiel d\u00e9di\u00e9 \u00e0 l\u2019\u0153uvre photographique de Yann Arthus-Bertrand","publisher":{"@id":"https:\/\/www.yannarthusbertrandphoto.com\/fr\/#organization"},"potentialAction":[{"@type":"SearchAction","target":{"@type":"EntryPoint","urlTemplate":"https:\/\/www.yannarthusbertrandphoto.com\/fr\/?s={search_term_string}"},"query-input":"required name=search_term_string"}],"inLanguage":"fr-FR"},{"@type":"Organization","@id":"https:\/\/www.yannarthusbertrandphoto.com\/fr\/#organization","name":"Alfie Be","url":"https:\/\/www.yannarthusbertrandphoto.com\/fr\/","logo":{"@type":"ImageObject","inLanguage":"fr-FR","@id":"https:\/\/www.yannarthusbertrandphoto.com\/fr\/#\/schema\/logo\/image\/","url":"https:\/\/www.yannarthusbertrandphoto.com\/wp-content\/uploads\/2018\/01\/yab_logo_black.svg","contentUrl":"https:\/\/www.yannarthusbertrandphoto.com\/wp-content\/uploads\/2018\/01\/yab_logo_black.svg","caption":"Alfie Be"},"image":{"@id":"https:\/\/www.yannarthusbertrandphoto.com\/fr\/#\/schema\/logo\/image\/"},"sameAs":["https:\/\/www.instagram.com\/yannarthusbertrand\/","https:\/\/www.youtube.com\/user\/yannarthusbertrand","https:\/\/www.facebook.com\/Y.A.Bertrand\/","https:\/\/twitter.com\/Yann_A_B"]}]}},"_links":{"self":[{"href":"https:\/\/www.yannarthusbertrandphoto.com\/fr\/wp-json\/wp\/v2\/product\/5013"}],"collection":[{"href":"https:\/\/www.yannarthusbertrandphoto.com\/fr\/wp-json\/wp\/v2\/product"}],"about":[{"href":"https:\/\/www.yannarthusbertrandphoto.com\/fr\/wp-json\/wp\/v2\/types\/product"}],"wp:featuredmedia":[{"embeddable":true,"href":"https:\/\/www.yannarthusbertrandphoto.com\/fr\/wp-json\/wp\/v2\/media\/9161"}],"wp:attachment":[{"href":"https:\/\/www.yannarthusbertrandphoto.com\/fr\/wp-json\/wp\/v2\/media?parent=5013"}],"wp:term":[{"taxonomy":"product_cat","embeddable":true,"href":"https:\/\/www.yannarthusbertrandphoto.com\/fr\/wp-json\/wp\/v2\/product_cat?post=5013"},{"taxonomy":"product_tag","embeddable":true,"href":"https:\/\/www.yannarthusbertrandphoto.com\/fr\/wp-json\/wp\/v2\/product_tag?post=5013"}],"curies":[{"name":"wp","href":"https:\/\/api.w.org\/{rel}","templated":true}]}}