{"id":6055,"date":"2018-02-20T16:26:38","date_gmt":"2018-02-20T15:26:38","guid":{"rendered":"https:\/\/www.yannarthusbertrandphoto.com\/?post_type=product&#038;p=6055"},"modified":"2022-02-21T10:18:07","modified_gmt":"2022-02-21T09:18:07","slug":"coeur-de-voh","status":"publish","type":"product","link":"https:\/\/www.yannarthusbertrandphoto.com\/fr\/produit\/coeur-de-voh\/","title":{"rendered":"Coeur de Voh"},"content":{"rendered":"<p>La mangrove, for\u00eat mi-terrestre mi-aquatique, se d\u00e9veloppe sur les sols vaseux tropicaux expos\u00e9s aux alternances de mar\u00e9es. Constitu\u00e9e de diverses plantes halophytes (capables de vivre sur les sols sal\u00e9s), avec une pr\u00e9dominance de pal\u00e9tuviers, elle tapisse pr\u00e8s d\u2019un quart des c\u00f4tes tropicales et couvre environ 15 millions d\u2019hectares \u00e0 travers le monde, la moiti\u00e9 de son \u00e9tendue originelle.<\/p>\n<p>Ce milieu fragile recule continuellement devant la surexploitation des ressources, l\u2019expansion agricole et urbaine, le d\u00e9veloppement des \u00e9levages de crevettes et la pollution. La mangrove reste pourtant indispensable \u00e0 la faune marine et \u00e0 l\u2019\u00e9quilibre du littoral, aussi bien qu\u2019\u00e0 l\u2019\u00e9conomie locale. La Nouvelle-Cal\u00e9donie, ensemble d\u2019\u00eeles du Pacifique qui couvre 18 575 km2, compte 200 km2 d\u2019une mangrove assez basse (8 \u00e0 10 m de hauteur) mais tr\u00e8s dense, principalement sur la c\u00f4te ouest de Grande Terre, l\u2019\u00eele la plus importante de l\u2019archipel n\u00e9o-cal\u00e9donien.<\/p>\n<p>A l\u2019int\u00e9rieur des terres, l\u00e0 o\u00f9 l\u2019eau marine ne p\u00e9n\u00e8tre qu\u2019au moment des grandes mar\u00e9es, la v\u00e9g\u00e9tation c\u00e8de parfois la place \u00e0 des \u00e9tendues nues et sursal\u00e9es appel\u00e9es tannes, comme pr\u00e8s de la localit\u00e9 de Voh o\u00f9 la nature a dessin\u00e9 cette clairi\u00e8re en forme de\u00a0coeur stylis\u00e9, le Coeur de Voh.<\/p>\n","protected":false},"excerpt":{"rendered":"<p>Coeur de Voh en 1992, Nouvelle-Cal\u00e9donie, France (20\u00b056\u2019S &#8211; 164\u00b039\u2019E).<\/p>\n","protected":false},"featured_media":6056,"template":"","meta":{"inline_featured_image":false},"product_cat":[409,212],"product_tag":[],"yoast_head":"<!-- This site is optimized with the Yoast SEO plugin v19.10 - https:\/\/yoast.com\/wordpress\/plugins\/seo\/ -->\n<title>YANN ARTHUS-BERTRAND PHOTO | Coeur de Voh, Nouvelle Cal\u00e9donie | Officiel<\/title>\n<meta name=\"description\" content=\"YAB PHOTO | Tel un scientifique, l\u2019Oeuvre de Yann Arthus-Bertrand est une succession de questionnements auxquels il tentera de r\u00e9pondre afin d\u2019expliquer la terre d\u2019une mani\u00e8re artistique en recherchant du sens, du graphisme et de l\u2019\u00e9motion.\u00a0Acqu\u00e9rir la photographie \u00ab\u00a0Coeur de Voh\u00a0\u00bb - Tirage Sign\u00e9 | YABPHOTO.COM\" \/>\n<meta name=\"robots\" content=\"index, follow, max-snippet:-1, max-image-preview:large, max-video-preview:-1\" \/>\n<link rel=\"canonical\" href=\"https:\/\/www.yannarthusbertrandphoto.com\/fr\/produit\/coeur-de-voh\/\" \/>\n<meta property=\"og:locale\" content=\"fr_FR\" \/>\n<meta property=\"og:type\" content=\"article\" \/>\n<meta property=\"og:title\" content=\"YANN ARTHUS-BERTRAND PHOTO | Coeur de Voh, Nouvelle Cal\u00e9donie | Officiel\" \/>\n<meta property=\"og:description\" content=\"YAB PHOTO - \u00ab J\u2019\u00e9tais \u00e9bahi. je savais que la photo serait int\u00e9ressante mais je n\u2019avais pas conscience qu\u2019elle deviendrait un tel symbole comme un message d\u2019amour de la part de la Terre. Elle est devenue l\u2019embl\u00e8me de mon travail \u00bb YAB. Acqu\u00e9rir une oeuvre sign\u00e9e et en \u00e9ditions limit\u00e9es | YABPHOTO.COM\" \/>\n<meta property=\"og:url\" content=\"https:\/\/www.yannarthusbertrandphoto.com\/fr\/produit\/coeur-de-voh\/\" \/>\n<meta property=\"og:site_name\" content=\"Yann Arthus-Bertrand\" \/>\n<meta property=\"article:publisher\" content=\"https:\/\/www.facebook.com\/Y.A.Bertrand\/\" \/>\n<meta property=\"article:modified_time\" content=\"2022-02-21T09:18:07+00:00\" \/>\n<meta property=\"og:image\" content=\"https:\/\/www.yannarthusbertrandphoto.com\/wp-content\/uploads\/2018\/02\/coeur.jpg\" \/>\n<meta name=\"twitter:card\" content=\"summary_large_image\" \/>\n<meta name=\"twitter:title\" content=\"YANN ARTHUS-BERTRAND PHOTO | Coeur de Voh, Nouvelle Cal\u00e9donie | Officiel\" \/>\n<meta name=\"twitter:description\" content=\"YAB PHOTO - \u00ab J\u2019\u00e9tais \u00e9bahi. je savais que la photo serait int\u00e9ressante mais je n\u2019avais pas conscience qu\u2019elle deviendrait un tel symbole comme un message d\u2019amour de la part de la Terre. Elle est devenue l\u2019embl\u00e8me de mon travail \u00bb YAB. Acqu\u00e9rir une oeuvre sign\u00e9e et en \u00e9ditions limit\u00e9es | YABPHOTO.COM\" \/>\n<meta name=\"twitter:image\" content=\"https:\/\/www.yannarthusbertrandphoto.com\/wp-content\/uploads\/2018\/02\/coeur.jpg\" \/>\n<meta name=\"twitter:site\" content=\"@Yann_A_B\" \/>\n<meta name=\"twitter:label1\" content=\"Dur\u00e9e de lecture estim\u00e9e\" \/>\n\t<meta name=\"twitter:data1\" content=\"1 minute\" \/>\n<script type=\"application\/ld+json\" class=\"yoast-schema-graph\">{\"@context\":\"https:\/\/schema.org\",\"@graph\":[{\"@type\":\"WebPage\",\"@id\":\"https:\/\/www.yannarthusbertrandphoto.com\/fr\/produit\/coeur-de-voh\/\",\"url\":\"https:\/\/www.yannarthusbertrandphoto.com\/fr\/produit\/coeur-de-voh\/\",\"name\":\"YANN ARTHUS-BERTRAND PHOTO | Coeur de Voh, Nouvelle Cal\u00e9donie | Officiel\",\"isPartOf\":{\"@id\":\"https:\/\/www.yannarthusbertrandphoto.com\/fr\/#website\"},\"datePublished\":\"2018-02-20T15:26:38+00:00\",\"dateModified\":\"2022-02-21T09:18:07+00:00\",\"description\":\"YAB PHOTO | Tel un scientifique, l\u2019Oeuvre de Yann Arthus-Bertrand est une succession de questionnements auxquels il tentera de r\u00e9pondre afin d\u2019expliquer la terre d\u2019une mani\u00e8re artistique en recherchant du sens, du graphisme et de l\u2019\u00e9motion.\u00a0Acqu\u00e9rir la photographie \u00ab\u00a0Coeur de Voh\u00a0\u00bb - Tirage Sign\u00e9 | YABPHOTO.COM\",\"breadcrumb\":{\"@id\":\"https:\/\/www.yannarthusbertrandphoto.com\/fr\/produit\/coeur-de-voh\/#breadcrumb\"},\"inLanguage\":\"fr-FR\",\"potentialAction\":[{\"@type\":\"ReadAction\",\"target\":[\"https:\/\/www.yannarthusbertrandphoto.com\/fr\/produit\/coeur-de-voh\/\"]}]},{\"@type\":\"BreadcrumbList\",\"@id\":\"https:\/\/www.yannarthusbertrandphoto.com\/fr\/produit\/coeur-de-voh\/#breadcrumb\",\"itemListElement\":[{\"@type\":\"ListItem\",\"position\":1,\"name\":\"Accueil\",\"item\":\"https:\/\/www.yannarthusbertrandphoto.com\/fr\/\"},{\"@type\":\"ListItem\",\"position\":2,\"name\":\"Shop\",\"item\":\"https:\/\/www.yannarthusbertrandphoto.com\/fr\/shop\/\"},{\"@type\":\"ListItem\",\"position\":3,\"name\":\"Coeur de Voh\"}]},{\"@type\":\"WebSite\",\"@id\":\"https:\/\/www.yannarthusbertrandphoto.com\/fr\/#website\",\"url\":\"https:\/\/www.yannarthusbertrandphoto.com\/fr\/\",\"name\":\"Yann Arthus-Bertrand\",\"description\":\"Site officiel d\u00e9di\u00e9 \u00e0 l\u2019\u0153uvre photographique de Yann Arthus-Bertrand\",\"publisher\":{\"@id\":\"https:\/\/www.yannarthusbertrandphoto.com\/fr\/#organization\"},\"potentialAction\":[{\"@type\":\"SearchAction\",\"target\":{\"@type\":\"EntryPoint\",\"urlTemplate\":\"https:\/\/www.yannarthusbertrandphoto.com\/fr\/?s={search_term_string}\"},\"query-input\":\"required name=search_term_string\"}],\"inLanguage\":\"fr-FR\"},{\"@type\":\"Organization\",\"@id\":\"https:\/\/www.yannarthusbertrandphoto.com\/fr\/#organization\",\"name\":\"Alfie Be\",\"url\":\"https:\/\/www.yannarthusbertrandphoto.com\/fr\/\",\"logo\":{\"@type\":\"ImageObject\",\"inLanguage\":\"fr-FR\",\"@id\":\"https:\/\/www.yannarthusbertrandphoto.com\/fr\/#\/schema\/logo\/image\/\",\"url\":\"https:\/\/www.yannarthusbertrandphoto.com\/wp-content\/uploads\/2018\/01\/yab_logo_black.svg\",\"contentUrl\":\"https:\/\/www.yannarthusbertrandphoto.com\/wp-content\/uploads\/2018\/01\/yab_logo_black.svg\",\"caption\":\"Alfie Be\"},\"image\":{\"@id\":\"https:\/\/www.yannarthusbertrandphoto.com\/fr\/#\/schema\/logo\/image\/\"},\"sameAs\":[\"https:\/\/www.instagram.com\/yannarthusbertrand\/\",\"https:\/\/www.youtube.com\/user\/yannarthusbertrand\",\"https:\/\/www.facebook.com\/Y.A.Bertrand\/\",\"https:\/\/twitter.com\/Yann_A_B\"]}]}<\/script>\n<!-- \/ Yoast SEO plugin. -->","yoast_head_json":{"title":"YANN ARTHUS-BERTRAND PHOTO | Coeur de Voh, Nouvelle Cal\u00e9donie | Officiel","description":"YAB PHOTO | Tel un scientifique, l\u2019Oeuvre de Yann Arthus-Bertrand est une succession de questionnements auxquels il tentera de r\u00e9pondre afin d\u2019expliquer la terre d\u2019une mani\u00e8re artistique en recherchant du sens, du graphisme et de l\u2019\u00e9motion.\u00a0Acqu\u00e9rir la photographie \u00ab\u00a0Coeur de Voh\u00a0\u00bb - Tirage Sign\u00e9 | YABPHOTO.COM","robots":{"index":"index","follow":"follow","max-snippet":"max-snippet:-1","max-image-preview":"max-image-preview:large","max-video-preview":"max-video-preview:-1"},"canonical":"https:\/\/www.yannarthusbertrandphoto.com\/fr\/produit\/coeur-de-voh\/","og_locale":"fr_FR","og_type":"article","og_title":"YANN ARTHUS-BERTRAND PHOTO | Coeur de Voh, Nouvelle Cal\u00e9donie | Officiel","og_description":"YAB PHOTO - \u00ab J\u2019\u00e9tais \u00e9bahi. je savais que la photo serait int\u00e9ressante mais je n\u2019avais pas conscience qu\u2019elle deviendrait un tel symbole comme un message d\u2019amour de la part de la Terre. Elle est devenue l\u2019embl\u00e8me de mon travail \u00bb YAB. Acqu\u00e9rir une oeuvre sign\u00e9e et en \u00e9ditions limit\u00e9es | YABPHOTO.COM","og_url":"https:\/\/www.yannarthusbertrandphoto.com\/fr\/produit\/coeur-de-voh\/","og_site_name":"Yann Arthus-Bertrand","article_publisher":"https:\/\/www.facebook.com\/Y.A.Bertrand\/","article_modified_time":"2022-02-21T09:18:07+00:00","og_image":[{"url":"https:\/\/www.yannarthusbertrandphoto.com\/wp-content\/uploads\/2018\/02\/coeur.jpg"}],"twitter_card":"summary_large_image","twitter_title":"YANN ARTHUS-BERTRAND PHOTO | Coeur de Voh, Nouvelle Cal\u00e9donie | Officiel","twitter_description":"YAB PHOTO - \u00ab J\u2019\u00e9tais \u00e9bahi. je savais que la photo serait int\u00e9ressante mais je n\u2019avais pas conscience qu\u2019elle deviendrait un tel symbole comme un message d\u2019amour de la part de la Terre. Elle est devenue l\u2019embl\u00e8me de mon travail \u00bb YAB. Acqu\u00e9rir une oeuvre sign\u00e9e et en \u00e9ditions limit\u00e9es | YABPHOTO.COM","twitter_image":"https:\/\/www.yannarthusbertrandphoto.com\/wp-content\/uploads\/2018\/02\/coeur.jpg","twitter_site":"@Yann_A_B","twitter_misc":{"Dur\u00e9e de lecture estim\u00e9e":"1 minute"},"schema":{"@context":"https:\/\/schema.org","@graph":[{"@type":"WebPage","@id":"https:\/\/www.yannarthusbertrandphoto.com\/fr\/produit\/coeur-de-voh\/","url":"https:\/\/www.yannarthusbertrandphoto.com\/fr\/produit\/coeur-de-voh\/","name":"YANN ARTHUS-BERTRAND PHOTO | Coeur de Voh, Nouvelle Cal\u00e9donie | Officiel","isPartOf":{"@id":"https:\/\/www.yannarthusbertrandphoto.com\/fr\/#website"},"datePublished":"2018-02-20T15:26:38+00:00","dateModified":"2022-02-21T09:18:07+00:00","description":"YAB PHOTO | Tel un scientifique, l\u2019Oeuvre de Yann Arthus-Bertrand est une succession de questionnements auxquels il tentera de r\u00e9pondre afin d\u2019expliquer la terre d\u2019une mani\u00e8re artistique en recherchant du sens, du graphisme et de l\u2019\u00e9motion.\u00a0Acqu\u00e9rir la photographie \u00ab\u00a0Coeur de Voh\u00a0\u00bb - Tirage Sign\u00e9 | YABPHOTO.COM","breadcrumb":{"@id":"https:\/\/www.yannarthusbertrandphoto.com\/fr\/produit\/coeur-de-voh\/#breadcrumb"},"inLanguage":"fr-FR","potentialAction":[{"@type":"ReadAction","target":["https:\/\/www.yannarthusbertrandphoto.com\/fr\/produit\/coeur-de-voh\/"]}]},{"@type":"BreadcrumbList","@id":"https:\/\/www.yannarthusbertrandphoto.com\/fr\/produit\/coeur-de-voh\/#breadcrumb","itemListElement":[{"@type":"ListItem","position":1,"name":"Accueil","item":"https:\/\/www.yannarthusbertrandphoto.com\/fr\/"},{"@type":"ListItem","position":2,"name":"Shop","item":"https:\/\/www.yannarthusbertrandphoto.com\/fr\/shop\/"},{"@type":"ListItem","position":3,"name":"Coeur de Voh"}]},{"@type":"WebSite","@id":"https:\/\/www.yannarthusbertrandphoto.com\/fr\/#website","url":"https:\/\/www.yannarthusbertrandphoto.com\/fr\/","name":"Yann Arthus-Bertrand","description":"Site officiel d\u00e9di\u00e9 \u00e0 l\u2019\u0153uvre photographique de Yann Arthus-Bertrand","publisher":{"@id":"https:\/\/www.yannarthusbertrandphoto.com\/fr\/#organization"},"potentialAction":[{"@type":"SearchAction","target":{"@type":"EntryPoint","urlTemplate":"https:\/\/www.yannarthusbertrandphoto.com\/fr\/?s={search_term_string}"},"query-input":"required name=search_term_string"}],"inLanguage":"fr-FR"},{"@type":"Organization","@id":"https:\/\/www.yannarthusbertrandphoto.com\/fr\/#organization","name":"Alfie Be","url":"https:\/\/www.yannarthusbertrandphoto.com\/fr\/","logo":{"@type":"ImageObject","inLanguage":"fr-FR","@id":"https:\/\/www.yannarthusbertrandphoto.com\/fr\/#\/schema\/logo\/image\/","url":"https:\/\/www.yannarthusbertrandphoto.com\/wp-content\/uploads\/2018\/01\/yab_logo_black.svg","contentUrl":"https:\/\/www.yannarthusbertrandphoto.com\/wp-content\/uploads\/2018\/01\/yab_logo_black.svg","caption":"Alfie Be"},"image":{"@id":"https:\/\/www.yannarthusbertrandphoto.com\/fr\/#\/schema\/logo\/image\/"},"sameAs":["https:\/\/www.instagram.com\/yannarthusbertrand\/","https:\/\/www.youtube.com\/user\/yannarthusbertrand","https:\/\/www.facebook.com\/Y.A.Bertrand\/","https:\/\/twitter.com\/Yann_A_B"]}]}},"_links":{"self":[{"href":"https:\/\/www.yannarthusbertrandphoto.com\/fr\/wp-json\/wp\/v2\/product\/6055"}],"collection":[{"href":"https:\/\/www.yannarthusbertrandphoto.com\/fr\/wp-json\/wp\/v2\/product"}],"about":[{"href":"https:\/\/www.yannarthusbertrandphoto.com\/fr\/wp-json\/wp\/v2\/types\/product"}],"wp:featuredmedia":[{"embeddable":true,"href":"https:\/\/www.yannarthusbertrandphoto.com\/fr\/wp-json\/wp\/v2\/media\/6056"}],"wp:attachment":[{"href":"https:\/\/www.yannarthusbertrandphoto.com\/fr\/wp-json\/wp\/v2\/media?parent=6055"}],"wp:term":[{"taxonomy":"product_cat","embeddable":true,"href":"https:\/\/www.yannarthusbertrandphoto.com\/fr\/wp-json\/wp\/v2\/product_cat?post=6055"},{"taxonomy":"product_tag","embeddable":true,"href":"https:\/\/www.yannarthusbertrandphoto.com\/fr\/wp-json\/wp\/v2\/product_tag?post=6055"}],"curies":[{"name":"wp","href":"https:\/\/api.w.org\/{rel}","templated":true}]}}