{"id":6064,"date":"2018-02-20T16:54:35","date_gmt":"2018-02-20T15:54:35","guid":{"rendered":"https:\/\/www.yannarthusbertrandphoto.com\/?post_type=product&#038;p=6064"},"modified":"2018-05-28T17:37:53","modified_gmt":"2018-05-28T15:37:53","slug":"honshu","status":"publish","type":"product","link":"https:\/\/www.yannarthusbertrandphoto.com\/fr\/produit\/honshu\/","title":{"rendered":"Honshu"},"content":{"rendered":"<p>Depuis qu\u2019il a \u00e9t\u00e9 reli\u00e9 \u00e0 Tokyo par le chemin de fer en 1872, le petit port de p\u00eache de Yokohama n\u2019a cess\u00e9 de se d\u00e9velopper jusqu\u2019\u00e0 devenir aujourd\u2019hui le premier port international japonais et la deuxi\u00e8me plus grande ville du pays apr\u00e8s la capitale. Les autoroutes qui l\u2019encerclent sont le symbole d\u2019un d\u00e9veloppement \u00e9conomique en grande partie fond\u00e9 sur le transport routier, comme dans nombre de pays industrialis\u00e9s. Suivant ce mod\u00e8le dominant, les surfaces autorouti\u00e8res ont augment\u00e9 partout dans le monde. Le nombre de v\u00e9hicules s\u2019\u00e9l\u00e8ve d\u00e9sormais \u00e0 plus d\u2019un milliard, contre 500 millions en 1986. Avec 240 millions de v\u00e9hicules immatricul\u00e9s, les \u00c9tats-Unis poss\u00e8dent, \u00e0 eux seuls, pr\u00e8s d\u2019un quart du parc automobile mondial. D\u00e9sormais au deuxi\u00e8me rang mondial, la Chine poss\u00e8de 78 millions de v\u00e9hicules soit 7,6 % du total mondial. Mais si l\u2019on consid\u00e8re le nombre de v\u00e9hicules par habitant, les Etats-Unis disposent d\u2019une automobile pour 1,3 habitant tandis qu\u2019en Chine, ce ratio est de 17,2. En d\u00e9pit des pollutions engendr\u00e9es et de la saturation des infrastructures routi\u00e8res dans les villes, le parc automobile ne cesse de cro\u00eetre (l\u2019augmentation a \u00e9t\u00e9 de 36 millions de v\u00e9hicules pour la seule ann\u00e9e 2010). Le secteur des transports est l\u2019un des principaux \u00e9metteurs de gaz \u00e0 effet de serre (23 % en 2009) et celui qui croit le plus vite. La multiplicit\u00e9 des usagers rend les mesures de limitation complexes. Depuis 1970, les \u00e9missions de gaz \u00e0 effet de serre des transports ont cr\u00fb de 120%.<\/p>\n","protected":false},"excerpt":{"rendered":"<p>Echangeur autoroutier pr\u00e8s du port de Yokohama, Honshu, Japon (35\u00b027\u2019 N \u2013 139\u00b041\u2019 E).<\/p>\n","protected":false},"featured_media":6108,"template":"","meta":{"inline_featured_image":false},"product_cat":[212],"product_tag":[],"yoast_head":"<!-- This site is optimized with the Yoast SEO plugin v19.10 - https:\/\/yoast.com\/wordpress\/plugins\/seo\/ -->\n<title>Honshu - Yann Arthus-Bertrand Photographie<\/title>\n<meta name=\"description\" content=\"Depuis qu\u2019il a \u00e9t\u00e9 reli\u00e9 \u00e0 Tokyo par le chemin de fer en 1872, le petit port de p\u00eache de Yokohama n\u2019a cess\u00e9 de se d\u00e9velopper jusqu\u2019\u00e0 devenir aujourd\u2019hui le premier port international japonais et la deuxi\u00e8me plus grande ville du pays apr\u00e8s la capitale. Les autoroutes qui l\u2019encerclent sont le symbole...\" \/>\n<meta name=\"robots\" content=\"index, follow, max-snippet:-1, max-image-preview:large, max-video-preview:-1\" \/>\n<link rel=\"canonical\" href=\"https:\/\/www.yannarthusbertrandphoto.com\/fr\/produit\/honshu\/\" \/>\n<meta property=\"og:locale\" content=\"fr_FR\" \/>\n<meta property=\"og:type\" content=\"article\" \/>\n<meta property=\"og:title\" content=\"Honshu - Yann Arthus-Bertrand Photographie\" \/>\n<meta property=\"og:description\" content=\"Depuis qu\u2019il a \u00e9t\u00e9 reli\u00e9 \u00e0 Tokyo par le chemin de fer en 1872, le petit port de p\u00eache de Yokohama n\u2019a cess\u00e9 de se d\u00e9velopper jusqu\u2019\u00e0 devenir aujourd\u2019hui le premier port international japonais et la deuxi\u00e8me plus grande ville du pays apr\u00e8s la capitale. Les autoroutes qui l\u2019encerclent sont le symbole...\" \/>\n<meta property=\"og:url\" content=\"https:\/\/www.yannarthusbertrandphoto.com\/fr\/produit\/honshu\/\" \/>\n<meta property=\"og:site_name\" content=\"Yann Arthus-Bertrand\" \/>\n<meta property=\"article:publisher\" content=\"https:\/\/www.facebook.com\/Y.A.Bertrand\/\" \/>\n<meta property=\"article:modified_time\" content=\"2018-05-28T15:37:53+00:00\" \/>\n<meta property=\"og:image\" content=\"https:\/\/www.yannarthusbertrandphoto.com\/wp-content\/uploads\/2018\/02\/yab_honshu.jpg\" \/>\n\t<meta property=\"og:image:width\" content=\"2000\" \/>\n\t<meta property=\"og:image:height\" content=\"1333\" \/>\n\t<meta property=\"og:image:type\" content=\"image\/jpeg\" \/>\n<meta name=\"twitter:card\" content=\"summary_large_image\" \/>\n<meta name=\"twitter:site\" content=\"@Yann_A_B\" \/>\n<meta name=\"twitter:label1\" content=\"Dur\u00e9e de lecture estim\u00e9e\" \/>\n\t<meta name=\"twitter:data1\" content=\"1 minute\" \/>\n<script type=\"application\/ld+json\" class=\"yoast-schema-graph\">{\"@context\":\"https:\/\/schema.org\",\"@graph\":[{\"@type\":\"WebPage\",\"@id\":\"https:\/\/www.yannarthusbertrandphoto.com\/fr\/produit\/honshu\/\",\"url\":\"https:\/\/www.yannarthusbertrandphoto.com\/fr\/produit\/honshu\/\",\"name\":\"Honshu - Yann Arthus-Bertrand Photographie\",\"isPartOf\":{\"@id\":\"https:\/\/www.yannarthusbertrandphoto.com\/fr\/#website\"},\"datePublished\":\"2018-02-20T15:54:35+00:00\",\"dateModified\":\"2018-05-28T15:37:53+00:00\",\"description\":\"Depuis qu\u2019il a \u00e9t\u00e9 reli\u00e9 \u00e0 Tokyo par le chemin de fer en 1872, le petit port de p\u00eache de Yokohama n\u2019a cess\u00e9 de se d\u00e9velopper jusqu\u2019\u00e0 devenir aujourd\u2019hui le premier port international japonais et la deuxi\u00e8me plus grande ville du pays apr\u00e8s la capitale. Les autoroutes qui l\u2019encerclent sont le symbole...\",\"breadcrumb\":{\"@id\":\"https:\/\/www.yannarthusbertrandphoto.com\/fr\/produit\/honshu\/#breadcrumb\"},\"inLanguage\":\"fr-FR\",\"potentialAction\":[{\"@type\":\"ReadAction\",\"target\":[\"https:\/\/www.yannarthusbertrandphoto.com\/fr\/produit\/honshu\/\"]}]},{\"@type\":\"BreadcrumbList\",\"@id\":\"https:\/\/www.yannarthusbertrandphoto.com\/fr\/produit\/honshu\/#breadcrumb\",\"itemListElement\":[{\"@type\":\"ListItem\",\"position\":1,\"name\":\"Accueil\",\"item\":\"https:\/\/www.yannarthusbertrandphoto.com\/fr\/\"},{\"@type\":\"ListItem\",\"position\":2,\"name\":\"Shop\",\"item\":\"https:\/\/www.yannarthusbertrandphoto.com\/fr\/shop\/\"},{\"@type\":\"ListItem\",\"position\":3,\"name\":\"Honshu\"}]},{\"@type\":\"WebSite\",\"@id\":\"https:\/\/www.yannarthusbertrandphoto.com\/fr\/#website\",\"url\":\"https:\/\/www.yannarthusbertrandphoto.com\/fr\/\",\"name\":\"Yann Arthus-Bertrand\",\"description\":\"Site officiel d\u00e9di\u00e9 \u00e0 l\u2019\u0153uvre photographique de Yann Arthus-Bertrand\",\"publisher\":{\"@id\":\"https:\/\/www.yannarthusbertrandphoto.com\/fr\/#organization\"},\"potentialAction\":[{\"@type\":\"SearchAction\",\"target\":{\"@type\":\"EntryPoint\",\"urlTemplate\":\"https:\/\/www.yannarthusbertrandphoto.com\/fr\/?s={search_term_string}\"},\"query-input\":\"required name=search_term_string\"}],\"inLanguage\":\"fr-FR\"},{\"@type\":\"Organization\",\"@id\":\"https:\/\/www.yannarthusbertrandphoto.com\/fr\/#organization\",\"name\":\"Alfie Be\",\"url\":\"https:\/\/www.yannarthusbertrandphoto.com\/fr\/\",\"logo\":{\"@type\":\"ImageObject\",\"inLanguage\":\"fr-FR\",\"@id\":\"https:\/\/www.yannarthusbertrandphoto.com\/fr\/#\/schema\/logo\/image\/\",\"url\":\"https:\/\/www.yannarthusbertrandphoto.com\/wp-content\/uploads\/2018\/01\/yab_logo_black.svg\",\"contentUrl\":\"https:\/\/www.yannarthusbertrandphoto.com\/wp-content\/uploads\/2018\/01\/yab_logo_black.svg\",\"caption\":\"Alfie Be\"},\"image\":{\"@id\":\"https:\/\/www.yannarthusbertrandphoto.com\/fr\/#\/schema\/logo\/image\/\"},\"sameAs\":[\"https:\/\/www.instagram.com\/yannarthusbertrand\/\",\"https:\/\/www.youtube.com\/user\/yannarthusbertrand\",\"https:\/\/www.facebook.com\/Y.A.Bertrand\/\",\"https:\/\/twitter.com\/Yann_A_B\"]}]}<\/script>\n<!-- \/ Yoast SEO plugin. -->","yoast_head_json":{"title":"Honshu - Yann Arthus-Bertrand Photographie","description":"Depuis qu\u2019il a \u00e9t\u00e9 reli\u00e9 \u00e0 Tokyo par le chemin de fer en 1872, le petit port de p\u00eache de Yokohama n\u2019a cess\u00e9 de se d\u00e9velopper jusqu\u2019\u00e0 devenir aujourd\u2019hui le premier port international japonais et la deuxi\u00e8me plus grande ville du pays apr\u00e8s la capitale. Les autoroutes qui l\u2019encerclent sont le symbole...","robots":{"index":"index","follow":"follow","max-snippet":"max-snippet:-1","max-image-preview":"max-image-preview:large","max-video-preview":"max-video-preview:-1"},"canonical":"https:\/\/www.yannarthusbertrandphoto.com\/fr\/produit\/honshu\/","og_locale":"fr_FR","og_type":"article","og_title":"Honshu - Yann Arthus-Bertrand Photographie","og_description":"Depuis qu\u2019il a \u00e9t\u00e9 reli\u00e9 \u00e0 Tokyo par le chemin de fer en 1872, le petit port de p\u00eache de Yokohama n\u2019a cess\u00e9 de se d\u00e9velopper jusqu\u2019\u00e0 devenir aujourd\u2019hui le premier port international japonais et la deuxi\u00e8me plus grande ville du pays apr\u00e8s la capitale. Les autoroutes qui l\u2019encerclent sont le symbole...","og_url":"https:\/\/www.yannarthusbertrandphoto.com\/fr\/produit\/honshu\/","og_site_name":"Yann Arthus-Bertrand","article_publisher":"https:\/\/www.facebook.com\/Y.A.Bertrand\/","article_modified_time":"2018-05-28T15:37:53+00:00","og_image":[{"width":2000,"height":1333,"url":"https:\/\/www.yannarthusbertrandphoto.com\/wp-content\/uploads\/2018\/02\/yab_honshu.jpg","type":"image\/jpeg"}],"twitter_card":"summary_large_image","twitter_site":"@Yann_A_B","twitter_misc":{"Dur\u00e9e de lecture estim\u00e9e":"1 minute"},"schema":{"@context":"https:\/\/schema.org","@graph":[{"@type":"WebPage","@id":"https:\/\/www.yannarthusbertrandphoto.com\/fr\/produit\/honshu\/","url":"https:\/\/www.yannarthusbertrandphoto.com\/fr\/produit\/honshu\/","name":"Honshu - Yann Arthus-Bertrand Photographie","isPartOf":{"@id":"https:\/\/www.yannarthusbertrandphoto.com\/fr\/#website"},"datePublished":"2018-02-20T15:54:35+00:00","dateModified":"2018-05-28T15:37:53+00:00","description":"Depuis qu\u2019il a \u00e9t\u00e9 reli\u00e9 \u00e0 Tokyo par le chemin de fer en 1872, le petit port de p\u00eache de Yokohama n\u2019a cess\u00e9 de se d\u00e9velopper jusqu\u2019\u00e0 devenir aujourd\u2019hui le premier port international japonais et la deuxi\u00e8me plus grande ville du pays apr\u00e8s la capitale. Les autoroutes qui l\u2019encerclent sont le symbole...","breadcrumb":{"@id":"https:\/\/www.yannarthusbertrandphoto.com\/fr\/produit\/honshu\/#breadcrumb"},"inLanguage":"fr-FR","potentialAction":[{"@type":"ReadAction","target":["https:\/\/www.yannarthusbertrandphoto.com\/fr\/produit\/honshu\/"]}]},{"@type":"BreadcrumbList","@id":"https:\/\/www.yannarthusbertrandphoto.com\/fr\/produit\/honshu\/#breadcrumb","itemListElement":[{"@type":"ListItem","position":1,"name":"Accueil","item":"https:\/\/www.yannarthusbertrandphoto.com\/fr\/"},{"@type":"ListItem","position":2,"name":"Shop","item":"https:\/\/www.yannarthusbertrandphoto.com\/fr\/shop\/"},{"@type":"ListItem","position":3,"name":"Honshu"}]},{"@type":"WebSite","@id":"https:\/\/www.yannarthusbertrandphoto.com\/fr\/#website","url":"https:\/\/www.yannarthusbertrandphoto.com\/fr\/","name":"Yann Arthus-Bertrand","description":"Site officiel d\u00e9di\u00e9 \u00e0 l\u2019\u0153uvre photographique de Yann Arthus-Bertrand","publisher":{"@id":"https:\/\/www.yannarthusbertrandphoto.com\/fr\/#organization"},"potentialAction":[{"@type":"SearchAction","target":{"@type":"EntryPoint","urlTemplate":"https:\/\/www.yannarthusbertrandphoto.com\/fr\/?s={search_term_string}"},"query-input":"required name=search_term_string"}],"inLanguage":"fr-FR"},{"@type":"Organization","@id":"https:\/\/www.yannarthusbertrandphoto.com\/fr\/#organization","name":"Alfie Be","url":"https:\/\/www.yannarthusbertrandphoto.com\/fr\/","logo":{"@type":"ImageObject","inLanguage":"fr-FR","@id":"https:\/\/www.yannarthusbertrandphoto.com\/fr\/#\/schema\/logo\/image\/","url":"https:\/\/www.yannarthusbertrandphoto.com\/wp-content\/uploads\/2018\/01\/yab_logo_black.svg","contentUrl":"https:\/\/www.yannarthusbertrandphoto.com\/wp-content\/uploads\/2018\/01\/yab_logo_black.svg","caption":"Alfie Be"},"image":{"@id":"https:\/\/www.yannarthusbertrandphoto.com\/fr\/#\/schema\/logo\/image\/"},"sameAs":["https:\/\/www.instagram.com\/yannarthusbertrand\/","https:\/\/www.youtube.com\/user\/yannarthusbertrand","https:\/\/www.facebook.com\/Y.A.Bertrand\/","https:\/\/twitter.com\/Yann_A_B"]}]}},"_links":{"self":[{"href":"https:\/\/www.yannarthusbertrandphoto.com\/fr\/wp-json\/wp\/v2\/product\/6064"}],"collection":[{"href":"https:\/\/www.yannarthusbertrandphoto.com\/fr\/wp-json\/wp\/v2\/product"}],"about":[{"href":"https:\/\/www.yannarthusbertrandphoto.com\/fr\/wp-json\/wp\/v2\/types\/product"}],"wp:featuredmedia":[{"embeddable":true,"href":"https:\/\/www.yannarthusbertrandphoto.com\/fr\/wp-json\/wp\/v2\/media\/6108"}],"wp:attachment":[{"href":"https:\/\/www.yannarthusbertrandphoto.com\/fr\/wp-json\/wp\/v2\/media?parent=6064"}],"wp:term":[{"taxonomy":"product_cat","embeddable":true,"href":"https:\/\/www.yannarthusbertrandphoto.com\/fr\/wp-json\/wp\/v2\/product_cat?post=6064"},{"taxonomy":"product_tag","embeddable":true,"href":"https:\/\/www.yannarthusbertrandphoto.com\/fr\/wp-json\/wp\/v2\/product_tag?post=6064"}],"curies":[{"name":"wp","href":"https:\/\/api.w.org\/{rel}","templated":true}]}}