{"id":6845,"date":"2018-02-21T14:20:57","date_gmt":"2018-02-21T13:20:57","guid":{"rendered":"https:\/\/www.yannarthusbertrandphoto.com\/?post_type=product&#038;p=6845"},"modified":"2018-02-21T17:28:01","modified_gmt":"2018-02-21T16:28:01","slug":"lignes-electriques","status":"publish","type":"product","link":"https:\/\/www.yannarthusbertrandphoto.com\/fr\/produit\/lignes-electriques\/","title":{"rendered":"Lignes \u00e9lectriques"},"content":{"rendered":"<p>La concentration de la population am\u00e9ricaine sur les c\u00f4tes atlantique et pacifique laisse presque vide l\u2019immense territoire s\u2019\u00e9tendant entre les deux fa\u00e7ades oc\u00e9aniques. Les grandes plaines \u00e0 l\u2019ouest du Mississippi et les montagnes Rocheuses sont exploit\u00e9es pour produire \u00e9nergie et denr\u00e9es alimentaires \u00e0 destination des populations c\u00f4ti\u00e8res. Le cours de nombre de rivi\u00e8res et de fleuves descendant des Rocheuses a \u00e9t\u00e9 interrompu par des barrages qui fournissent de l\u2019\u00e9lectricit\u00e9 et cr\u00e9ent des retenues d\u2019eau permettant d\u2019irriguer de riches terres agricoles. Premier producteur agricole mondial, les \u00c9tats-Unis sont aussi les premiers en termes de consommation d\u2019\u00e9nergie. Repr\u00e9sentant moins que 4 % de la population mondiale, les habitants de ce pays utilisent un quart de l\u2019\u00e9nergie produite dans le monde. Aujourd\u2019hui, le pays est essentiellement d\u00e9pendant du charbon, qui lui fournit la moiti\u00e9 de son \u00e9lectricit\u00e9. C\u2019est aussi avec 104 r\u00e9acteurs atomiques en fonctionnement le premier producteur mondial d\u2019\u00e9lectricit\u00e9 d\u2019origine nucl\u00e9aire.<\/p>\n","protected":false},"excerpt":{"rendered":"<p>Lignes \u00e9lectriques au milieu d\u2019un champ pr\u00e8s d\u2019Idaho Falls, Idaho, \u00e9tats-Unis (43\u00b028\u2019 N -112\u00b002\u2019 O).<\/p>\n","protected":false},"featured_media":6846,"template":"","meta":{"inline_featured_image":false},"product_cat":[212],"product_tag":[],"yoast_head":"<!-- This site is optimized with the Yoast SEO plugin v19.10 - https:\/\/yoast.com\/wordpress\/plugins\/seo\/ -->\n<title>Lignes \u00e9lectriques, Etats-Unis - Yann Arthus-Bertrand Photographie<\/title>\n<meta name=\"description\" content=\"Premier producteur agricole mondial, les \u00c9tats-Unis sont aussi les premiers en termes de consommation d\u2019\u00e9nergie. Repr\u00e9sentant moins que 4 % de la population mondiale, les habitants de ce pays utilisent un quart de l\u2019\u00e9nergie produite dans le monde. Aujourd\u2019hui, le pays est essentiellement d\u00e9pendant du charbon...\" \/>\n<meta name=\"robots\" content=\"index, follow, max-snippet:-1, max-image-preview:large, max-video-preview:-1\" \/>\n<link rel=\"canonical\" href=\"https:\/\/www.yannarthusbertrandphoto.com\/fr\/produit\/lignes-electriques\/\" \/>\n<meta property=\"og:locale\" content=\"fr_FR\" \/>\n<meta property=\"og:type\" content=\"article\" \/>\n<meta property=\"og:title\" content=\"Lignes \u00e9lectriques, Etats-Unis - Yann Arthus-Bertrand Photographie\" \/>\n<meta property=\"og:description\" content=\"Premier producteur agricole mondial, les \u00c9tats-Unis sont aussi les premiers en termes de consommation d\u2019\u00e9nergie. Repr\u00e9sentant moins que 4 % de la population mondiale, les habitants de ce pays utilisent un quart de l\u2019\u00e9nergie produite dans le monde. Aujourd\u2019hui, le pays est essentiellement d\u00e9pendant du charbon...\" \/>\n<meta property=\"og:url\" content=\"https:\/\/www.yannarthusbertrandphoto.com\/fr\/produit\/lignes-electriques\/\" \/>\n<meta property=\"og:site_name\" content=\"Yann Arthus-Bertrand\" \/>\n<meta property=\"article:publisher\" content=\"https:\/\/www.facebook.com\/Y.A.Bertrand\/\" \/>\n<meta property=\"article:modified_time\" content=\"2018-02-21T16:28:01+00:00\" \/>\n<meta property=\"og:image\" content=\"https:\/\/www.yannarthusbertrandphoto.com\/wp-content\/uploads\/2018\/02\/yab_lignes-electriques_etats-unis.jpg\" \/>\n\t<meta property=\"og:image:width\" content=\"2000\" \/>\n\t<meta property=\"og:image:height\" content=\"1331\" \/>\n\t<meta property=\"og:image:type\" content=\"image\/jpeg\" \/>\n<meta name=\"twitter:card\" content=\"summary_large_image\" \/>\n<meta name=\"twitter:site\" content=\"@Yann_A_B\" \/>\n<meta name=\"twitter:label1\" content=\"Dur\u00e9e de lecture estim\u00e9e\" \/>\n\t<meta name=\"twitter:data1\" content=\"1 minute\" \/>\n<script type=\"application\/ld+json\" class=\"yoast-schema-graph\">{\"@context\":\"https:\/\/schema.org\",\"@graph\":[{\"@type\":\"WebPage\",\"@id\":\"https:\/\/www.yannarthusbertrandphoto.com\/fr\/produit\/lignes-electriques\/\",\"url\":\"https:\/\/www.yannarthusbertrandphoto.com\/fr\/produit\/lignes-electriques\/\",\"name\":\"Lignes \u00e9lectriques, Etats-Unis - Yann Arthus-Bertrand Photographie\",\"isPartOf\":{\"@id\":\"https:\/\/www.yannarthusbertrandphoto.com\/fr\/#website\"},\"datePublished\":\"2018-02-21T13:20:57+00:00\",\"dateModified\":\"2018-02-21T16:28:01+00:00\",\"description\":\"Premier producteur agricole mondial, les \u00c9tats-Unis sont aussi les premiers en termes de consommation d\u2019\u00e9nergie. Repr\u00e9sentant moins que 4 % de la population mondiale, les habitants de ce pays utilisent un quart de l\u2019\u00e9nergie produite dans le monde. Aujourd\u2019hui, le pays est essentiellement d\u00e9pendant du charbon...\",\"breadcrumb\":{\"@id\":\"https:\/\/www.yannarthusbertrandphoto.com\/fr\/produit\/lignes-electriques\/#breadcrumb\"},\"inLanguage\":\"fr-FR\",\"potentialAction\":[{\"@type\":\"ReadAction\",\"target\":[\"https:\/\/www.yannarthusbertrandphoto.com\/fr\/produit\/lignes-electriques\/\"]}]},{\"@type\":\"BreadcrumbList\",\"@id\":\"https:\/\/www.yannarthusbertrandphoto.com\/fr\/produit\/lignes-electriques\/#breadcrumb\",\"itemListElement\":[{\"@type\":\"ListItem\",\"position\":1,\"name\":\"Accueil\",\"item\":\"https:\/\/www.yannarthusbertrandphoto.com\/fr\/\"},{\"@type\":\"ListItem\",\"position\":2,\"name\":\"Shop\",\"item\":\"https:\/\/www.yannarthusbertrandphoto.com\/fr\/shop\/\"},{\"@type\":\"ListItem\",\"position\":3,\"name\":\"Lignes \u00e9lectriques\"}]},{\"@type\":\"WebSite\",\"@id\":\"https:\/\/www.yannarthusbertrandphoto.com\/fr\/#website\",\"url\":\"https:\/\/www.yannarthusbertrandphoto.com\/fr\/\",\"name\":\"Yann Arthus-Bertrand\",\"description\":\"Site officiel d\u00e9di\u00e9 \u00e0 l\u2019\u0153uvre photographique de Yann Arthus-Bertrand\",\"publisher\":{\"@id\":\"https:\/\/www.yannarthusbertrandphoto.com\/fr\/#organization\"},\"potentialAction\":[{\"@type\":\"SearchAction\",\"target\":{\"@type\":\"EntryPoint\",\"urlTemplate\":\"https:\/\/www.yannarthusbertrandphoto.com\/fr\/?s={search_term_string}\"},\"query-input\":\"required name=search_term_string\"}],\"inLanguage\":\"fr-FR\"},{\"@type\":\"Organization\",\"@id\":\"https:\/\/www.yannarthusbertrandphoto.com\/fr\/#organization\",\"name\":\"Alfie Be\",\"url\":\"https:\/\/www.yannarthusbertrandphoto.com\/fr\/\",\"logo\":{\"@type\":\"ImageObject\",\"inLanguage\":\"fr-FR\",\"@id\":\"https:\/\/www.yannarthusbertrandphoto.com\/fr\/#\/schema\/logo\/image\/\",\"url\":\"https:\/\/www.yannarthusbertrandphoto.com\/wp-content\/uploads\/2018\/01\/yab_logo_black.svg\",\"contentUrl\":\"https:\/\/www.yannarthusbertrandphoto.com\/wp-content\/uploads\/2018\/01\/yab_logo_black.svg\",\"caption\":\"Alfie Be\"},\"image\":{\"@id\":\"https:\/\/www.yannarthusbertrandphoto.com\/fr\/#\/schema\/logo\/image\/\"},\"sameAs\":[\"https:\/\/www.instagram.com\/yannarthusbertrand\/\",\"https:\/\/www.youtube.com\/user\/yannarthusbertrand\",\"https:\/\/www.facebook.com\/Y.A.Bertrand\/\",\"https:\/\/twitter.com\/Yann_A_B\"]}]}<\/script>\n<!-- \/ Yoast SEO plugin. -->","yoast_head_json":{"title":"Lignes \u00e9lectriques, Etats-Unis - Yann Arthus-Bertrand Photographie","description":"Premier producteur agricole mondial, les \u00c9tats-Unis sont aussi les premiers en termes de consommation d\u2019\u00e9nergie. Repr\u00e9sentant moins que 4 % de la population mondiale, les habitants de ce pays utilisent un quart de l\u2019\u00e9nergie produite dans le monde. Aujourd\u2019hui, le pays est essentiellement d\u00e9pendant du charbon...","robots":{"index":"index","follow":"follow","max-snippet":"max-snippet:-1","max-image-preview":"max-image-preview:large","max-video-preview":"max-video-preview:-1"},"canonical":"https:\/\/www.yannarthusbertrandphoto.com\/fr\/produit\/lignes-electriques\/","og_locale":"fr_FR","og_type":"article","og_title":"Lignes \u00e9lectriques, Etats-Unis - Yann Arthus-Bertrand Photographie","og_description":"Premier producteur agricole mondial, les \u00c9tats-Unis sont aussi les premiers en termes de consommation d\u2019\u00e9nergie. Repr\u00e9sentant moins que 4 % de la population mondiale, les habitants de ce pays utilisent un quart de l\u2019\u00e9nergie produite dans le monde. Aujourd\u2019hui, le pays est essentiellement d\u00e9pendant du charbon...","og_url":"https:\/\/www.yannarthusbertrandphoto.com\/fr\/produit\/lignes-electriques\/","og_site_name":"Yann Arthus-Bertrand","article_publisher":"https:\/\/www.facebook.com\/Y.A.Bertrand\/","article_modified_time":"2018-02-21T16:28:01+00:00","og_image":[{"width":2000,"height":1331,"url":"https:\/\/www.yannarthusbertrandphoto.com\/wp-content\/uploads\/2018\/02\/yab_lignes-electriques_etats-unis.jpg","type":"image\/jpeg"}],"twitter_card":"summary_large_image","twitter_site":"@Yann_A_B","twitter_misc":{"Dur\u00e9e de lecture estim\u00e9e":"1 minute"},"schema":{"@context":"https:\/\/schema.org","@graph":[{"@type":"WebPage","@id":"https:\/\/www.yannarthusbertrandphoto.com\/fr\/produit\/lignes-electriques\/","url":"https:\/\/www.yannarthusbertrandphoto.com\/fr\/produit\/lignes-electriques\/","name":"Lignes \u00e9lectriques, Etats-Unis - Yann Arthus-Bertrand Photographie","isPartOf":{"@id":"https:\/\/www.yannarthusbertrandphoto.com\/fr\/#website"},"datePublished":"2018-02-21T13:20:57+00:00","dateModified":"2018-02-21T16:28:01+00:00","description":"Premier producteur agricole mondial, les \u00c9tats-Unis sont aussi les premiers en termes de consommation d\u2019\u00e9nergie. Repr\u00e9sentant moins que 4 % de la population mondiale, les habitants de ce pays utilisent un quart de l\u2019\u00e9nergie produite dans le monde. Aujourd\u2019hui, le pays est essentiellement d\u00e9pendant du charbon...","breadcrumb":{"@id":"https:\/\/www.yannarthusbertrandphoto.com\/fr\/produit\/lignes-electriques\/#breadcrumb"},"inLanguage":"fr-FR","potentialAction":[{"@type":"ReadAction","target":["https:\/\/www.yannarthusbertrandphoto.com\/fr\/produit\/lignes-electriques\/"]}]},{"@type":"BreadcrumbList","@id":"https:\/\/www.yannarthusbertrandphoto.com\/fr\/produit\/lignes-electriques\/#breadcrumb","itemListElement":[{"@type":"ListItem","position":1,"name":"Accueil","item":"https:\/\/www.yannarthusbertrandphoto.com\/fr\/"},{"@type":"ListItem","position":2,"name":"Shop","item":"https:\/\/www.yannarthusbertrandphoto.com\/fr\/shop\/"},{"@type":"ListItem","position":3,"name":"Lignes \u00e9lectriques"}]},{"@type":"WebSite","@id":"https:\/\/www.yannarthusbertrandphoto.com\/fr\/#website","url":"https:\/\/www.yannarthusbertrandphoto.com\/fr\/","name":"Yann Arthus-Bertrand","description":"Site officiel d\u00e9di\u00e9 \u00e0 l\u2019\u0153uvre photographique de Yann Arthus-Bertrand","publisher":{"@id":"https:\/\/www.yannarthusbertrandphoto.com\/fr\/#organization"},"potentialAction":[{"@type":"SearchAction","target":{"@type":"EntryPoint","urlTemplate":"https:\/\/www.yannarthusbertrandphoto.com\/fr\/?s={search_term_string}"},"query-input":"required name=search_term_string"}],"inLanguage":"fr-FR"},{"@type":"Organization","@id":"https:\/\/www.yannarthusbertrandphoto.com\/fr\/#organization","name":"Alfie Be","url":"https:\/\/www.yannarthusbertrandphoto.com\/fr\/","logo":{"@type":"ImageObject","inLanguage":"fr-FR","@id":"https:\/\/www.yannarthusbertrandphoto.com\/fr\/#\/schema\/logo\/image\/","url":"https:\/\/www.yannarthusbertrandphoto.com\/wp-content\/uploads\/2018\/01\/yab_logo_black.svg","contentUrl":"https:\/\/www.yannarthusbertrandphoto.com\/wp-content\/uploads\/2018\/01\/yab_logo_black.svg","caption":"Alfie Be"},"image":{"@id":"https:\/\/www.yannarthusbertrandphoto.com\/fr\/#\/schema\/logo\/image\/"},"sameAs":["https:\/\/www.instagram.com\/yannarthusbertrand\/","https:\/\/www.youtube.com\/user\/yannarthusbertrand","https:\/\/www.facebook.com\/Y.A.Bertrand\/","https:\/\/twitter.com\/Yann_A_B"]}]}},"_links":{"self":[{"href":"https:\/\/www.yannarthusbertrandphoto.com\/fr\/wp-json\/wp\/v2\/product\/6845"}],"collection":[{"href":"https:\/\/www.yannarthusbertrandphoto.com\/fr\/wp-json\/wp\/v2\/product"}],"about":[{"href":"https:\/\/www.yannarthusbertrandphoto.com\/fr\/wp-json\/wp\/v2\/types\/product"}],"wp:featuredmedia":[{"embeddable":true,"href":"https:\/\/www.yannarthusbertrandphoto.com\/fr\/wp-json\/wp\/v2\/media\/6846"}],"wp:attachment":[{"href":"https:\/\/www.yannarthusbertrandphoto.com\/fr\/wp-json\/wp\/v2\/media?parent=6845"}],"wp:term":[{"taxonomy":"product_cat","embeddable":true,"href":"https:\/\/www.yannarthusbertrandphoto.com\/fr\/wp-json\/wp\/v2\/product_cat?post=6845"},{"taxonomy":"product_tag","embeddable":true,"href":"https:\/\/www.yannarthusbertrandphoto.com\/fr\/wp-json\/wp\/v2\/product_tag?post=6845"}],"curies":[{"name":"wp","href":"https:\/\/api.w.org\/{rel}","templated":true}]}}