{"id":6908,"date":"2018-02-21T18:17:50","date_gmt":"2018-02-21T17:17:50","guid":{"rendered":"https:\/\/www.yannarthusbertrandphoto.com\/?post_type=product&#038;p=6908"},"modified":"2018-05-15T10:02:23","modified_gmt":"2018-05-15T08:02:23","slug":"el-diego","status":"publish","type":"product","link":"https:\/\/www.yannarthusbertrandphoto.com\/fr\/produit\/el-diego\/","title":{"rendered":"Taureau El Diego"},"content":{"rendered":"","protected":false},"excerpt":{"rendered":"<p>Taureau Blonde d&rsquo;Aquitaine, El Diego, cinq ans. Au Salon International de l&rsquo;Agriculture (SIA 1994), Paris, France<\/p>\n","protected":false},"featured_media":6910,"template":"","meta":{"inline_featured_image":false},"product_cat":[219],"product_tag":[],"yoast_head":"<!-- This site is optimized with the Yoast SEO plugin v19.10 - https:\/\/yoast.com\/wordpress\/plugins\/seo\/ -->\n<title>Taureau El Diego, France - Yann Arthus-Bertrand Photographie<\/title>\n<meta name=\"description\" content=\"Au sortir des ann\u00e9es 80, ann\u00e9es ponctu\u00e9es par les comp\u00e9titions sportives internationales et la vie hyper-active d\u2019un photographe \u00e0 cette \u00e9poque, Yann Arthus-Bertrand \u00e9prouve le besoin de donner une autre direction \u00e0 son travail; \u00ab \u00catre photographe n\u2019est pas tr\u00e8s compliqu\u00e9. Ce qui est difficile c\u2019est de construire...\" \/>\n<meta name=\"robots\" content=\"index, follow, max-snippet:-1, max-image-preview:large, max-video-preview:-1\" \/>\n<link rel=\"canonical\" href=\"https:\/\/www.yannarthusbertrandphoto.com\/fr\/produit\/el-diego\/\" \/>\n<meta property=\"og:locale\" content=\"fr_FR\" \/>\n<meta property=\"og:type\" content=\"article\" \/>\n<meta property=\"og:title\" content=\"Taureau El Diego, France - Yann Arthus-Bertrand Photographie\" \/>\n<meta property=\"og:description\" content=\"Au sortir des ann\u00e9es 80, ann\u00e9es ponctu\u00e9es par les comp\u00e9titions sportives internationales et la vie hyper-active d\u2019un photographe \u00e0 cette \u00e9poque, Yann Arthus-Bertrand \u00e9prouve le besoin de donner une autre direction \u00e0 son travail; \u00ab \u00catre photographe n\u2019est pas tr\u00e8s compliqu\u00e9. Ce qui est difficile c\u2019est de construire...\" \/>\n<meta property=\"og:url\" content=\"https:\/\/www.yannarthusbertrandphoto.com\/fr\/produit\/el-diego\/\" \/>\n<meta property=\"og:site_name\" content=\"Yann Arthus-Bertrand\" \/>\n<meta property=\"article:publisher\" content=\"https:\/\/www.facebook.com\/Y.A.Bertrand\/\" \/>\n<meta property=\"article:modified_time\" content=\"2018-05-15T08:02:23+00:00\" \/>\n<meta property=\"og:image\" content=\"https:\/\/www.yannarthusbertrandphoto.com\/wp-content\/uploads\/2018\/02\/expo-bb-076.jpg\" \/>\n\t<meta property=\"og:image:width\" content=\"2000\" \/>\n\t<meta property=\"og:image:height\" content=\"1333\" \/>\n\t<meta property=\"og:image:type\" content=\"image\/jpeg\" \/>\n<meta name=\"twitter:card\" content=\"summary_large_image\" \/>\n<meta name=\"twitter:site\" content=\"@Yann_A_B\" \/>\n<script type=\"application\/ld+json\" class=\"yoast-schema-graph\">{\"@context\":\"https:\/\/schema.org\",\"@graph\":[{\"@type\":\"WebPage\",\"@id\":\"https:\/\/www.yannarthusbertrandphoto.com\/fr\/produit\/el-diego\/\",\"url\":\"https:\/\/www.yannarthusbertrandphoto.com\/fr\/produit\/el-diego\/\",\"name\":\"Taureau El Diego, France - Yann Arthus-Bertrand Photographie\",\"isPartOf\":{\"@id\":\"https:\/\/www.yannarthusbertrandphoto.com\/fr\/#website\"},\"datePublished\":\"2018-02-21T17:17:50+00:00\",\"dateModified\":\"2018-05-15T08:02:23+00:00\",\"description\":\"Au sortir des ann\u00e9es 80, ann\u00e9es ponctu\u00e9es par les comp\u00e9titions sportives internationales et la vie hyper-active d\u2019un photographe \u00e0 cette \u00e9poque, Yann Arthus-Bertrand \u00e9prouve le besoin de donner une autre direction \u00e0 son travail; \u00ab \u00catre photographe n\u2019est pas tr\u00e8s compliqu\u00e9. Ce qui est difficile c\u2019est de construire...\",\"breadcrumb\":{\"@id\":\"https:\/\/www.yannarthusbertrandphoto.com\/fr\/produit\/el-diego\/#breadcrumb\"},\"inLanguage\":\"fr-FR\",\"potentialAction\":[{\"@type\":\"ReadAction\",\"target\":[\"https:\/\/www.yannarthusbertrandphoto.com\/fr\/produit\/el-diego\/\"]}]},{\"@type\":\"BreadcrumbList\",\"@id\":\"https:\/\/www.yannarthusbertrandphoto.com\/fr\/produit\/el-diego\/#breadcrumb\",\"itemListElement\":[{\"@type\":\"ListItem\",\"position\":1,\"name\":\"Accueil\",\"item\":\"https:\/\/www.yannarthusbertrandphoto.com\/fr\/\"},{\"@type\":\"ListItem\",\"position\":2,\"name\":\"Shop\",\"item\":\"https:\/\/www.yannarthusbertrandphoto.com\/fr\/shop\/\"},{\"@type\":\"ListItem\",\"position\":3,\"name\":\"Taureau El Diego\"}]},{\"@type\":\"WebSite\",\"@id\":\"https:\/\/www.yannarthusbertrandphoto.com\/fr\/#website\",\"url\":\"https:\/\/www.yannarthusbertrandphoto.com\/fr\/\",\"name\":\"Yann Arthus-Bertrand\",\"description\":\"Site officiel d\u00e9di\u00e9 \u00e0 l\u2019\u0153uvre photographique de Yann Arthus-Bertrand\",\"publisher\":{\"@id\":\"https:\/\/www.yannarthusbertrandphoto.com\/fr\/#organization\"},\"potentialAction\":[{\"@type\":\"SearchAction\",\"target\":{\"@type\":\"EntryPoint\",\"urlTemplate\":\"https:\/\/www.yannarthusbertrandphoto.com\/fr\/?s={search_term_string}\"},\"query-input\":\"required name=search_term_string\"}],\"inLanguage\":\"fr-FR\"},{\"@type\":\"Organization\",\"@id\":\"https:\/\/www.yannarthusbertrandphoto.com\/fr\/#organization\",\"name\":\"Alfie Be\",\"url\":\"https:\/\/www.yannarthusbertrandphoto.com\/fr\/\",\"logo\":{\"@type\":\"ImageObject\",\"inLanguage\":\"fr-FR\",\"@id\":\"https:\/\/www.yannarthusbertrandphoto.com\/fr\/#\/schema\/logo\/image\/\",\"url\":\"https:\/\/www.yannarthusbertrandphoto.com\/wp-content\/uploads\/2018\/01\/yab_logo_black.svg\",\"contentUrl\":\"https:\/\/www.yannarthusbertrandphoto.com\/wp-content\/uploads\/2018\/01\/yab_logo_black.svg\",\"caption\":\"Alfie Be\"},\"image\":{\"@id\":\"https:\/\/www.yannarthusbertrandphoto.com\/fr\/#\/schema\/logo\/image\/\"},\"sameAs\":[\"https:\/\/www.instagram.com\/yannarthusbertrand\/\",\"https:\/\/www.youtube.com\/user\/yannarthusbertrand\",\"https:\/\/www.facebook.com\/Y.A.Bertrand\/\",\"https:\/\/twitter.com\/Yann_A_B\"]}]}<\/script>\n<!-- \/ Yoast SEO plugin. -->","yoast_head_json":{"title":"Taureau El Diego, France - Yann Arthus-Bertrand Photographie","description":"Au sortir des ann\u00e9es 80, ann\u00e9es ponctu\u00e9es par les comp\u00e9titions sportives internationales et la vie hyper-active d\u2019un photographe \u00e0 cette \u00e9poque, Yann Arthus-Bertrand \u00e9prouve le besoin de donner une autre direction \u00e0 son travail; \u00ab \u00catre photographe n\u2019est pas tr\u00e8s compliqu\u00e9. Ce qui est difficile c\u2019est de construire...","robots":{"index":"index","follow":"follow","max-snippet":"max-snippet:-1","max-image-preview":"max-image-preview:large","max-video-preview":"max-video-preview:-1"},"canonical":"https:\/\/www.yannarthusbertrandphoto.com\/fr\/produit\/el-diego\/","og_locale":"fr_FR","og_type":"article","og_title":"Taureau El Diego, France - Yann Arthus-Bertrand Photographie","og_description":"Au sortir des ann\u00e9es 80, ann\u00e9es ponctu\u00e9es par les comp\u00e9titions sportives internationales et la vie hyper-active d\u2019un photographe \u00e0 cette \u00e9poque, Yann Arthus-Bertrand \u00e9prouve le besoin de donner une autre direction \u00e0 son travail; \u00ab \u00catre photographe n\u2019est pas tr\u00e8s compliqu\u00e9. Ce qui est difficile c\u2019est de construire...","og_url":"https:\/\/www.yannarthusbertrandphoto.com\/fr\/produit\/el-diego\/","og_site_name":"Yann Arthus-Bertrand","article_publisher":"https:\/\/www.facebook.com\/Y.A.Bertrand\/","article_modified_time":"2018-05-15T08:02:23+00:00","og_image":[{"width":2000,"height":1333,"url":"https:\/\/www.yannarthusbertrandphoto.com\/wp-content\/uploads\/2018\/02\/expo-bb-076.jpg","type":"image\/jpeg"}],"twitter_card":"summary_large_image","twitter_site":"@Yann_A_B","schema":{"@context":"https:\/\/schema.org","@graph":[{"@type":"WebPage","@id":"https:\/\/www.yannarthusbertrandphoto.com\/fr\/produit\/el-diego\/","url":"https:\/\/www.yannarthusbertrandphoto.com\/fr\/produit\/el-diego\/","name":"Taureau El Diego, France - Yann Arthus-Bertrand Photographie","isPartOf":{"@id":"https:\/\/www.yannarthusbertrandphoto.com\/fr\/#website"},"datePublished":"2018-02-21T17:17:50+00:00","dateModified":"2018-05-15T08:02:23+00:00","description":"Au sortir des ann\u00e9es 80, ann\u00e9es ponctu\u00e9es par les comp\u00e9titions sportives internationales et la vie hyper-active d\u2019un photographe \u00e0 cette \u00e9poque, Yann Arthus-Bertrand \u00e9prouve le besoin de donner une autre direction \u00e0 son travail; \u00ab \u00catre photographe n\u2019est pas tr\u00e8s compliqu\u00e9. Ce qui est difficile c\u2019est de construire...","breadcrumb":{"@id":"https:\/\/www.yannarthusbertrandphoto.com\/fr\/produit\/el-diego\/#breadcrumb"},"inLanguage":"fr-FR","potentialAction":[{"@type":"ReadAction","target":["https:\/\/www.yannarthusbertrandphoto.com\/fr\/produit\/el-diego\/"]}]},{"@type":"BreadcrumbList","@id":"https:\/\/www.yannarthusbertrandphoto.com\/fr\/produit\/el-diego\/#breadcrumb","itemListElement":[{"@type":"ListItem","position":1,"name":"Accueil","item":"https:\/\/www.yannarthusbertrandphoto.com\/fr\/"},{"@type":"ListItem","position":2,"name":"Shop","item":"https:\/\/www.yannarthusbertrandphoto.com\/fr\/shop\/"},{"@type":"ListItem","position":3,"name":"Taureau El Diego"}]},{"@type":"WebSite","@id":"https:\/\/www.yannarthusbertrandphoto.com\/fr\/#website","url":"https:\/\/www.yannarthusbertrandphoto.com\/fr\/","name":"Yann Arthus-Bertrand","description":"Site officiel d\u00e9di\u00e9 \u00e0 l\u2019\u0153uvre photographique de Yann Arthus-Bertrand","publisher":{"@id":"https:\/\/www.yannarthusbertrandphoto.com\/fr\/#organization"},"potentialAction":[{"@type":"SearchAction","target":{"@type":"EntryPoint","urlTemplate":"https:\/\/www.yannarthusbertrandphoto.com\/fr\/?s={search_term_string}"},"query-input":"required name=search_term_string"}],"inLanguage":"fr-FR"},{"@type":"Organization","@id":"https:\/\/www.yannarthusbertrandphoto.com\/fr\/#organization","name":"Alfie Be","url":"https:\/\/www.yannarthusbertrandphoto.com\/fr\/","logo":{"@type":"ImageObject","inLanguage":"fr-FR","@id":"https:\/\/www.yannarthusbertrandphoto.com\/fr\/#\/schema\/logo\/image\/","url":"https:\/\/www.yannarthusbertrandphoto.com\/wp-content\/uploads\/2018\/01\/yab_logo_black.svg","contentUrl":"https:\/\/www.yannarthusbertrandphoto.com\/wp-content\/uploads\/2018\/01\/yab_logo_black.svg","caption":"Alfie Be"},"image":{"@id":"https:\/\/www.yannarthusbertrandphoto.com\/fr\/#\/schema\/logo\/image\/"},"sameAs":["https:\/\/www.instagram.com\/yannarthusbertrand\/","https:\/\/www.youtube.com\/user\/yannarthusbertrand","https:\/\/www.facebook.com\/Y.A.Bertrand\/","https:\/\/twitter.com\/Yann_A_B"]}]}},"_links":{"self":[{"href":"https:\/\/www.yannarthusbertrandphoto.com\/fr\/wp-json\/wp\/v2\/product\/6908"}],"collection":[{"href":"https:\/\/www.yannarthusbertrandphoto.com\/fr\/wp-json\/wp\/v2\/product"}],"about":[{"href":"https:\/\/www.yannarthusbertrandphoto.com\/fr\/wp-json\/wp\/v2\/types\/product"}],"wp:featuredmedia":[{"embeddable":true,"href":"https:\/\/www.yannarthusbertrandphoto.com\/fr\/wp-json\/wp\/v2\/media\/6910"}],"wp:attachment":[{"href":"https:\/\/www.yannarthusbertrandphoto.com\/fr\/wp-json\/wp\/v2\/media?parent=6908"}],"wp:term":[{"taxonomy":"product_cat","embeddable":true,"href":"https:\/\/www.yannarthusbertrandphoto.com\/fr\/wp-json\/wp\/v2\/product_cat?post=6908"},{"taxonomy":"product_tag","embeddable":true,"href":"https:\/\/www.yannarthusbertrandphoto.com\/fr\/wp-json\/wp\/v2\/product_tag?post=6908"}],"curies":[{"name":"wp","href":"https:\/\/api.w.org\/{rel}","templated":true}]}}