{"id":7367,"date":"2018-02-26T22:28:42","date_gmt":"2018-02-26T21:28:42","guid":{"rendered":"https:\/\/www.yannarthusbertrandphoto.com\/?post_type=product&#038;p=7367"},"modified":"2018-05-28T17:40:55","modified_gmt":"2018-05-28T15:40:55","slug":"sables","status":"publish","type":"product","link":"https:\/\/www.yannarthusbertrandphoto.com\/fr\/produit\/sables\/","title":{"rendered":"Sables"},"content":{"rendered":"<p>B\u00e9n\u00e9ficiant de 500 mm \u00e0 600 mm de pr\u00e9cipitations annuelles, le Nord de la Jordanie pr\u00e9sente un paysage de steppes o\u00f9 sable et v\u00e9g\u00e9tation s\u2019entrem\u00ealent, contrairement \u00e0 la majorit\u00e9 du pays (80 %) qui, d\u00e9sertique, re\u00e7oit moins de 100 mm de pluie par an. Dans ce territoire presque enclav\u00e9, le fleuve du Jourdain est la principale ressource hydrique.<\/p>\n<p>L\u2019utilisation de ce cours d\u2019eau, qui forme la fronti\u00e8re avec Isra\u00ebl et la Cisjordanie, \u00e0 l\u2019ouest du pays, est un enjeu g\u00e9opolitique r\u00e9gional. Les probl\u00e8mes d\u2019acc\u00e8s aux ressources en eau se posent dans l\u2019ensemble des pays du Proche-Orient et du Moyen-Orient, en particulier pour ceux qui ne contr\u00f4lent pas l\u2019int\u00e9gralit\u00e9 du cours d\u2019un fleuve, de la source \u00e0 l\u2019embouchure.<\/p>\n<p>Dans la r\u00e9gion, de tels enjeux concernent aussi les eaux du Tigre et de l\u2019Euphrate (Turquie, Syrie, Irak) et celles du Nil (Soudan, \u00c9gypte). Actuellement, on d\u00e9nombre une dizaine de conflits dans le monde li\u00e9s \u00e0 une guerre de l\u2019eau.<\/p>\n","protected":false},"excerpt":{"rendered":"<p>Paysage entre Safawi et Qasr Burqu, pr\u00e8s de Mafraq, Jordanie (32\u00b032\u2019 N \u2013 37\u00b034\u2019 E).<\/p>\n","protected":false},"featured_media":7368,"template":"","meta":{"inline_featured_image":false},"product_cat":[212],"product_tag":[],"yoast_head":"<!-- This site is optimized with the Yoast SEO plugin v19.10 - https:\/\/yoast.com\/wordpress\/plugins\/seo\/ -->\n<title>Sables, Jordanie - Yann Arthus-Bertrand Photographie<\/title>\n<meta name=\"description\" content=\"B\u00e9n\u00e9ficiant de 500 mm \u00e0 600 mm de pr\u00e9cipitations annuelles, le Nord de la Jordanie pr\u00e9sente un paysage de steppes o\u00f9 sable et v\u00e9g\u00e9tation s\u2019entrem\u00ealent, contrairement \u00e0 la majorit\u00e9 du pays (80 %) qui, d\u00e9sertique, re\u00e7oit moins de 100 mm de pluie par an. Dans ce territoire...\" \/>\n<meta name=\"robots\" content=\"index, follow, max-snippet:-1, max-image-preview:large, max-video-preview:-1\" \/>\n<link rel=\"canonical\" href=\"https:\/\/www.yannarthusbertrandphoto.com\/fr\/produit\/sables\/\" \/>\n<meta property=\"og:locale\" content=\"fr_FR\" \/>\n<meta property=\"og:type\" content=\"article\" \/>\n<meta property=\"og:title\" content=\"Sables, Jordanie - Yann Arthus-Bertrand Photographie\" \/>\n<meta property=\"og:description\" content=\"B\u00e9n\u00e9ficiant de 500 mm \u00e0 600 mm de pr\u00e9cipitations annuelles, le Nord de la Jordanie pr\u00e9sente un paysage de steppes o\u00f9 sable et v\u00e9g\u00e9tation s\u2019entrem\u00ealent, contrairement \u00e0 la majorit\u00e9 du pays (80 %) qui, d\u00e9sertique, re\u00e7oit moins de 100 mm de pluie par an. Dans ce territoire...\" \/>\n<meta property=\"og:url\" content=\"https:\/\/www.yannarthusbertrandphoto.com\/fr\/produit\/sables\/\" \/>\n<meta property=\"og:site_name\" content=\"Yann Arthus-Bertrand\" \/>\n<meta property=\"article:publisher\" content=\"https:\/\/www.facebook.com\/Y.A.Bertrand\/\" \/>\n<meta property=\"article:modified_time\" content=\"2018-05-28T15:40:55+00:00\" \/>\n<meta property=\"og:image\" content=\"https:\/\/www.yannarthusbertrandphoto.com\/wp-content\/uploads\/2018\/02\/yab_sables_jordanie_yannarthusbertrand.jpg\" \/>\n\t<meta property=\"og:image:width\" content=\"2000\" \/>\n\t<meta property=\"og:image:height\" content=\"1333\" \/>\n\t<meta property=\"og:image:type\" content=\"image\/jpeg\" \/>\n<meta name=\"twitter:card\" content=\"summary_large_image\" \/>\n<meta name=\"twitter:site\" content=\"@Yann_A_B\" \/>\n<meta name=\"twitter:label1\" content=\"Dur\u00e9e de lecture estim\u00e9e\" \/>\n\t<meta name=\"twitter:data1\" content=\"1 minute\" \/>\n<script type=\"application\/ld+json\" class=\"yoast-schema-graph\">{\"@context\":\"https:\/\/schema.org\",\"@graph\":[{\"@type\":\"WebPage\",\"@id\":\"https:\/\/www.yannarthusbertrandphoto.com\/fr\/produit\/sables\/\",\"url\":\"https:\/\/www.yannarthusbertrandphoto.com\/fr\/produit\/sables\/\",\"name\":\"Sables, Jordanie - Yann Arthus-Bertrand Photographie\",\"isPartOf\":{\"@id\":\"https:\/\/www.yannarthusbertrandphoto.com\/fr\/#website\"},\"datePublished\":\"2018-02-26T21:28:42+00:00\",\"dateModified\":\"2018-05-28T15:40:55+00:00\",\"description\":\"B\u00e9n\u00e9ficiant de 500 mm \u00e0 600 mm de pr\u00e9cipitations annuelles, le Nord de la Jordanie pr\u00e9sente un paysage de steppes o\u00f9 sable et v\u00e9g\u00e9tation s\u2019entrem\u00ealent, contrairement \u00e0 la majorit\u00e9 du pays (80 %) qui, d\u00e9sertique, re\u00e7oit moins de 100 mm de pluie par an. Dans ce territoire...\",\"breadcrumb\":{\"@id\":\"https:\/\/www.yannarthusbertrandphoto.com\/fr\/produit\/sables\/#breadcrumb\"},\"inLanguage\":\"fr-FR\",\"potentialAction\":[{\"@type\":\"ReadAction\",\"target\":[\"https:\/\/www.yannarthusbertrandphoto.com\/fr\/produit\/sables\/\"]}]},{\"@type\":\"BreadcrumbList\",\"@id\":\"https:\/\/www.yannarthusbertrandphoto.com\/fr\/produit\/sables\/#breadcrumb\",\"itemListElement\":[{\"@type\":\"ListItem\",\"position\":1,\"name\":\"Accueil\",\"item\":\"https:\/\/www.yannarthusbertrandphoto.com\/fr\/\"},{\"@type\":\"ListItem\",\"position\":2,\"name\":\"Shop\",\"item\":\"https:\/\/www.yannarthusbertrandphoto.com\/fr\/shop\/\"},{\"@type\":\"ListItem\",\"position\":3,\"name\":\"Sables\"}]},{\"@type\":\"WebSite\",\"@id\":\"https:\/\/www.yannarthusbertrandphoto.com\/fr\/#website\",\"url\":\"https:\/\/www.yannarthusbertrandphoto.com\/fr\/\",\"name\":\"Yann Arthus-Bertrand\",\"description\":\"Site officiel d\u00e9di\u00e9 \u00e0 l\u2019\u0153uvre photographique de Yann Arthus-Bertrand\",\"publisher\":{\"@id\":\"https:\/\/www.yannarthusbertrandphoto.com\/fr\/#organization\"},\"potentialAction\":[{\"@type\":\"SearchAction\",\"target\":{\"@type\":\"EntryPoint\",\"urlTemplate\":\"https:\/\/www.yannarthusbertrandphoto.com\/fr\/?s={search_term_string}\"},\"query-input\":\"required name=search_term_string\"}],\"inLanguage\":\"fr-FR\"},{\"@type\":\"Organization\",\"@id\":\"https:\/\/www.yannarthusbertrandphoto.com\/fr\/#organization\",\"name\":\"Alfie Be\",\"url\":\"https:\/\/www.yannarthusbertrandphoto.com\/fr\/\",\"logo\":{\"@type\":\"ImageObject\",\"inLanguage\":\"fr-FR\",\"@id\":\"https:\/\/www.yannarthusbertrandphoto.com\/fr\/#\/schema\/logo\/image\/\",\"url\":\"https:\/\/www.yannarthusbertrandphoto.com\/wp-content\/uploads\/2018\/01\/yab_logo_black.svg\",\"contentUrl\":\"https:\/\/www.yannarthusbertrandphoto.com\/wp-content\/uploads\/2018\/01\/yab_logo_black.svg\",\"caption\":\"Alfie Be\"},\"image\":{\"@id\":\"https:\/\/www.yannarthusbertrandphoto.com\/fr\/#\/schema\/logo\/image\/\"},\"sameAs\":[\"https:\/\/www.instagram.com\/yannarthusbertrand\/\",\"https:\/\/www.youtube.com\/user\/yannarthusbertrand\",\"https:\/\/www.facebook.com\/Y.A.Bertrand\/\",\"https:\/\/twitter.com\/Yann_A_B\"]}]}<\/script>\n<!-- \/ Yoast SEO plugin. -->","yoast_head_json":{"title":"Sables, Jordanie - Yann Arthus-Bertrand Photographie","description":"B\u00e9n\u00e9ficiant de 500 mm \u00e0 600 mm de pr\u00e9cipitations annuelles, le Nord de la Jordanie pr\u00e9sente un paysage de steppes o\u00f9 sable et v\u00e9g\u00e9tation s\u2019entrem\u00ealent, contrairement \u00e0 la majorit\u00e9 du pays (80 %) qui, d\u00e9sertique, re\u00e7oit moins de 100 mm de pluie par an. Dans ce territoire...","robots":{"index":"index","follow":"follow","max-snippet":"max-snippet:-1","max-image-preview":"max-image-preview:large","max-video-preview":"max-video-preview:-1"},"canonical":"https:\/\/www.yannarthusbertrandphoto.com\/fr\/produit\/sables\/","og_locale":"fr_FR","og_type":"article","og_title":"Sables, Jordanie - Yann Arthus-Bertrand Photographie","og_description":"B\u00e9n\u00e9ficiant de 500 mm \u00e0 600 mm de pr\u00e9cipitations annuelles, le Nord de la Jordanie pr\u00e9sente un paysage de steppes o\u00f9 sable et v\u00e9g\u00e9tation s\u2019entrem\u00ealent, contrairement \u00e0 la majorit\u00e9 du pays (80 %) qui, d\u00e9sertique, re\u00e7oit moins de 100 mm de pluie par an. Dans ce territoire...","og_url":"https:\/\/www.yannarthusbertrandphoto.com\/fr\/produit\/sables\/","og_site_name":"Yann Arthus-Bertrand","article_publisher":"https:\/\/www.facebook.com\/Y.A.Bertrand\/","article_modified_time":"2018-05-28T15:40:55+00:00","og_image":[{"width":2000,"height":1333,"url":"https:\/\/www.yannarthusbertrandphoto.com\/wp-content\/uploads\/2018\/02\/yab_sables_jordanie_yannarthusbertrand.jpg","type":"image\/jpeg"}],"twitter_card":"summary_large_image","twitter_site":"@Yann_A_B","twitter_misc":{"Dur\u00e9e de lecture estim\u00e9e":"1 minute"},"schema":{"@context":"https:\/\/schema.org","@graph":[{"@type":"WebPage","@id":"https:\/\/www.yannarthusbertrandphoto.com\/fr\/produit\/sables\/","url":"https:\/\/www.yannarthusbertrandphoto.com\/fr\/produit\/sables\/","name":"Sables, Jordanie - Yann Arthus-Bertrand Photographie","isPartOf":{"@id":"https:\/\/www.yannarthusbertrandphoto.com\/fr\/#website"},"datePublished":"2018-02-26T21:28:42+00:00","dateModified":"2018-05-28T15:40:55+00:00","description":"B\u00e9n\u00e9ficiant de 500 mm \u00e0 600 mm de pr\u00e9cipitations annuelles, le Nord de la Jordanie pr\u00e9sente un paysage de steppes o\u00f9 sable et v\u00e9g\u00e9tation s\u2019entrem\u00ealent, contrairement \u00e0 la majorit\u00e9 du pays (80 %) qui, d\u00e9sertique, re\u00e7oit moins de 100 mm de pluie par an. Dans ce territoire...","breadcrumb":{"@id":"https:\/\/www.yannarthusbertrandphoto.com\/fr\/produit\/sables\/#breadcrumb"},"inLanguage":"fr-FR","potentialAction":[{"@type":"ReadAction","target":["https:\/\/www.yannarthusbertrandphoto.com\/fr\/produit\/sables\/"]}]},{"@type":"BreadcrumbList","@id":"https:\/\/www.yannarthusbertrandphoto.com\/fr\/produit\/sables\/#breadcrumb","itemListElement":[{"@type":"ListItem","position":1,"name":"Accueil","item":"https:\/\/www.yannarthusbertrandphoto.com\/fr\/"},{"@type":"ListItem","position":2,"name":"Shop","item":"https:\/\/www.yannarthusbertrandphoto.com\/fr\/shop\/"},{"@type":"ListItem","position":3,"name":"Sables"}]},{"@type":"WebSite","@id":"https:\/\/www.yannarthusbertrandphoto.com\/fr\/#website","url":"https:\/\/www.yannarthusbertrandphoto.com\/fr\/","name":"Yann Arthus-Bertrand","description":"Site officiel d\u00e9di\u00e9 \u00e0 l\u2019\u0153uvre photographique de Yann Arthus-Bertrand","publisher":{"@id":"https:\/\/www.yannarthusbertrandphoto.com\/fr\/#organization"},"potentialAction":[{"@type":"SearchAction","target":{"@type":"EntryPoint","urlTemplate":"https:\/\/www.yannarthusbertrandphoto.com\/fr\/?s={search_term_string}"},"query-input":"required name=search_term_string"}],"inLanguage":"fr-FR"},{"@type":"Organization","@id":"https:\/\/www.yannarthusbertrandphoto.com\/fr\/#organization","name":"Alfie Be","url":"https:\/\/www.yannarthusbertrandphoto.com\/fr\/","logo":{"@type":"ImageObject","inLanguage":"fr-FR","@id":"https:\/\/www.yannarthusbertrandphoto.com\/fr\/#\/schema\/logo\/image\/","url":"https:\/\/www.yannarthusbertrandphoto.com\/wp-content\/uploads\/2018\/01\/yab_logo_black.svg","contentUrl":"https:\/\/www.yannarthusbertrandphoto.com\/wp-content\/uploads\/2018\/01\/yab_logo_black.svg","caption":"Alfie Be"},"image":{"@id":"https:\/\/www.yannarthusbertrandphoto.com\/fr\/#\/schema\/logo\/image\/"},"sameAs":["https:\/\/www.instagram.com\/yannarthusbertrand\/","https:\/\/www.youtube.com\/user\/yannarthusbertrand","https:\/\/www.facebook.com\/Y.A.Bertrand\/","https:\/\/twitter.com\/Yann_A_B"]}]}},"_links":{"self":[{"href":"https:\/\/www.yannarthusbertrandphoto.com\/fr\/wp-json\/wp\/v2\/product\/7367"}],"collection":[{"href":"https:\/\/www.yannarthusbertrandphoto.com\/fr\/wp-json\/wp\/v2\/product"}],"about":[{"href":"https:\/\/www.yannarthusbertrandphoto.com\/fr\/wp-json\/wp\/v2\/types\/product"}],"wp:featuredmedia":[{"embeddable":true,"href":"https:\/\/www.yannarthusbertrandphoto.com\/fr\/wp-json\/wp\/v2\/media\/7368"}],"wp:attachment":[{"href":"https:\/\/www.yannarthusbertrandphoto.com\/fr\/wp-json\/wp\/v2\/media?parent=7367"}],"wp:term":[{"taxonomy":"product_cat","embeddable":true,"href":"https:\/\/www.yannarthusbertrandphoto.com\/fr\/wp-json\/wp\/v2\/product_cat?post=7367"},{"taxonomy":"product_tag","embeddable":true,"href":"https:\/\/www.yannarthusbertrandphoto.com\/fr\/wp-json\/wp\/v2\/product_tag?post=7367"}],"curies":[{"name":"wp","href":"https:\/\/api.w.org\/{rel}","templated":true}]}}