{"id":7502,"date":"2018-02-28T22:39:25","date_gmt":"2018-02-28T21:39:25","guid":{"rendered":"https:\/\/www.yannarthusbertrandphoto.com\/?post_type=product&#038;p=7502"},"modified":"2018-10-26T18:51:00","modified_gmt":"2018-10-26T16:51:00","slug":"salines-2","status":"publish","type":"product","link":"https:\/\/www.yannarthusbertrandphoto.com\/fr\/produit\/salines-2\/","title":{"rendered":"Salines"},"content":{"rendered":"<p>Mer ferm\u00e9e, longue de 75 km et large de 15 km, la mer Morte est le point le plus bas de la plan\u00e8te, \u00e0 418 m au-dessous du niveau des oc\u00e9ans. Sa couleur, variable d\u2019une r\u00e9gion \u00e0 l\u2019autre, est ponctu\u00e9e de tra\u00een\u00e9es blanches, signe de sa tr\u00e8s forte salinit\u00e9, neuf fois sup\u00e9rieure \u00e0 la moyenne des oc\u00e9ans : toute vie v\u00e9g\u00e9tale ou animale dans cette partie de la vall\u00e9e est impossible. La mer Morte se partage entre trois pays, Isra\u00ebl et la Cisjordanie sur la c\u00f4te occidentale, et la Jordanie sur la c\u00f4te orientale. Mais depuis 1972, la mer Morte a perdu 30 % de sa surface et son niveau baisse de pr\u00e8s d\u2019un m\u00e8tre par an : ses eaux et celles du Jourdain qui l\u2019alimente sont d\u00e9tourn\u00e9es pour l\u2019irrigation du d\u00e9sert du N\u00e9guev. Pour ces trois pays, le seuil critique de la p\u00e9nurie d\u2019eau est atteint, avec des ressources en eau renouvelable inf\u00e9rieures ou \u00e0 peine \u00e9gales \u00e0 500 m3 par an et par habitant. Plus que jamais, l\u2019acc\u00e8s \u00e0 la ressource en eau \u2013 cours d\u2019eau, lacs et nappes phr\u00e9atiques \u2013 est strat\u00e9gique pour les pays de la r\u00e9gion, et leur contr\u00f4le est une source de conflits.<\/p>\n","protected":false},"excerpt":{"rendered":"<p>Formations salines sur la c\u00f4te occidentale de la mer Morte, Isra\u00ebl (31\u00b020\u2019 N \u2013 35\u00b025\u2019 E).<\/p>\n","protected":false},"featured_media":7503,"template":"","meta":{"inline_featured_image":false},"product_cat":[212],"product_tag":[],"yoast_head":"<!-- This site is optimized with the Yoast SEO plugin v19.10 - https:\/\/yoast.com\/wordpress\/plugins\/seo\/ -->\n<title>Salines, Isra\u00ebl - Yann Arthus-Bertrand Photographie<\/title>\n<meta name=\"description\" content=\"Mer ferm\u00e9e, longue de 75 km et large de 15 km, la mer Morte est le point le plus bas de la plan\u00e8te, \u00e0 418 m au-dessous du niveau des oc\u00e9ans. Sa couleur, variable d\u2019une r\u00e9gion \u00e0 l\u2019autre, est ponctu\u00e9e de tra\u00een\u00e9es blanches, signe de sa tr\u00e8s forte salinit\u00e9, neuf fois sup\u00e9rieure \u00e0 la moyenne des oc\u00e9ans...\" \/>\n<meta name=\"robots\" content=\"index, follow, max-snippet:-1, max-image-preview:large, max-video-preview:-1\" \/>\n<link rel=\"canonical\" href=\"https:\/\/www.yannarthusbertrandphoto.com\/fr\/produit\/salines-2\/\" \/>\n<meta property=\"og:locale\" content=\"fr_FR\" \/>\n<meta property=\"og:type\" content=\"article\" \/>\n<meta property=\"og:title\" content=\"Salines, Isra\u00ebl - Yann Arthus-Bertrand Photographie\" \/>\n<meta property=\"og:description\" content=\"Mer ferm\u00e9e, longue de 75 km et large de 15 km, la mer Morte est le point le plus bas de la plan\u00e8te, \u00e0 418 m au-dessous du niveau des oc\u00e9ans. Sa couleur, variable d\u2019une r\u00e9gion \u00e0 l\u2019autre, est ponctu\u00e9e de tra\u00een\u00e9es blanches, signe de sa tr\u00e8s forte salinit\u00e9, neuf fois sup\u00e9rieure \u00e0 la moyenne des oc\u00e9ans...\" \/>\n<meta property=\"og:url\" content=\"https:\/\/www.yannarthusbertrandphoto.com\/fr\/produit\/salines-2\/\" \/>\n<meta property=\"og:site_name\" content=\"Yann Arthus-Bertrand\" \/>\n<meta property=\"article:publisher\" content=\"https:\/\/www.facebook.com\/Y.A.Bertrand\/\" \/>\n<meta property=\"article:modified_time\" content=\"2018-10-26T16:51:00+00:00\" \/>\n<meta property=\"og:image\" content=\"https:\/\/www.yannarthusbertrandphoto.com\/wp-content\/uploads\/2018\/02\/yab_salines-isral_yanarthusbertrandphoto.jpg\" \/>\n\t<meta property=\"og:image:width\" content=\"2000\" \/>\n\t<meta property=\"og:image:height\" content=\"1333\" \/>\n\t<meta property=\"og:image:type\" content=\"image\/jpeg\" \/>\n<meta name=\"twitter:card\" content=\"summary_large_image\" \/>\n<meta name=\"twitter:site\" content=\"@Yann_A_B\" \/>\n<meta name=\"twitter:label1\" content=\"Dur\u00e9e de lecture estim\u00e9e\" \/>\n\t<meta name=\"twitter:data1\" content=\"1 minute\" \/>\n<script type=\"application\/ld+json\" class=\"yoast-schema-graph\">{\"@context\":\"https:\/\/schema.org\",\"@graph\":[{\"@type\":\"WebPage\",\"@id\":\"https:\/\/www.yannarthusbertrandphoto.com\/fr\/produit\/salines-2\/\",\"url\":\"https:\/\/www.yannarthusbertrandphoto.com\/fr\/produit\/salines-2\/\",\"name\":\"Salines, Isra\u00ebl - Yann Arthus-Bertrand Photographie\",\"isPartOf\":{\"@id\":\"https:\/\/www.yannarthusbertrandphoto.com\/fr\/#website\"},\"datePublished\":\"2018-02-28T21:39:25+00:00\",\"dateModified\":\"2018-10-26T16:51:00+00:00\",\"description\":\"Mer ferm\u00e9e, longue de 75 km et large de 15 km, la mer Morte est le point le plus bas de la plan\u00e8te, \u00e0 418 m au-dessous du niveau des oc\u00e9ans. Sa couleur, variable d\u2019une r\u00e9gion \u00e0 l\u2019autre, est ponctu\u00e9e de tra\u00een\u00e9es blanches, signe de sa tr\u00e8s forte salinit\u00e9, neuf fois sup\u00e9rieure \u00e0 la moyenne des oc\u00e9ans...\",\"breadcrumb\":{\"@id\":\"https:\/\/www.yannarthusbertrandphoto.com\/fr\/produit\/salines-2\/#breadcrumb\"},\"inLanguage\":\"fr-FR\",\"potentialAction\":[{\"@type\":\"ReadAction\",\"target\":[\"https:\/\/www.yannarthusbertrandphoto.com\/fr\/produit\/salines-2\/\"]}]},{\"@type\":\"BreadcrumbList\",\"@id\":\"https:\/\/www.yannarthusbertrandphoto.com\/fr\/produit\/salines-2\/#breadcrumb\",\"itemListElement\":[{\"@type\":\"ListItem\",\"position\":1,\"name\":\"Accueil\",\"item\":\"https:\/\/www.yannarthusbertrandphoto.com\/fr\/\"},{\"@type\":\"ListItem\",\"position\":2,\"name\":\"Shop\",\"item\":\"https:\/\/www.yannarthusbertrandphoto.com\/fr\/shop\/\"},{\"@type\":\"ListItem\",\"position\":3,\"name\":\"Salines\"}]},{\"@type\":\"WebSite\",\"@id\":\"https:\/\/www.yannarthusbertrandphoto.com\/fr\/#website\",\"url\":\"https:\/\/www.yannarthusbertrandphoto.com\/fr\/\",\"name\":\"Yann Arthus-Bertrand\",\"description\":\"Site officiel d\u00e9di\u00e9 \u00e0 l\u2019\u0153uvre photographique de Yann Arthus-Bertrand\",\"publisher\":{\"@id\":\"https:\/\/www.yannarthusbertrandphoto.com\/fr\/#organization\"},\"potentialAction\":[{\"@type\":\"SearchAction\",\"target\":{\"@type\":\"EntryPoint\",\"urlTemplate\":\"https:\/\/www.yannarthusbertrandphoto.com\/fr\/?s={search_term_string}\"},\"query-input\":\"required name=search_term_string\"}],\"inLanguage\":\"fr-FR\"},{\"@type\":\"Organization\",\"@id\":\"https:\/\/www.yannarthusbertrandphoto.com\/fr\/#organization\",\"name\":\"Alfie Be\",\"url\":\"https:\/\/www.yannarthusbertrandphoto.com\/fr\/\",\"logo\":{\"@type\":\"ImageObject\",\"inLanguage\":\"fr-FR\",\"@id\":\"https:\/\/www.yannarthusbertrandphoto.com\/fr\/#\/schema\/logo\/image\/\",\"url\":\"https:\/\/www.yannarthusbertrandphoto.com\/wp-content\/uploads\/2018\/01\/yab_logo_black.svg\",\"contentUrl\":\"https:\/\/www.yannarthusbertrandphoto.com\/wp-content\/uploads\/2018\/01\/yab_logo_black.svg\",\"caption\":\"Alfie Be\"},\"image\":{\"@id\":\"https:\/\/www.yannarthusbertrandphoto.com\/fr\/#\/schema\/logo\/image\/\"},\"sameAs\":[\"https:\/\/www.instagram.com\/yannarthusbertrand\/\",\"https:\/\/www.youtube.com\/user\/yannarthusbertrand\",\"https:\/\/www.facebook.com\/Y.A.Bertrand\/\",\"https:\/\/twitter.com\/Yann_A_B\"]}]}<\/script>\n<!-- \/ Yoast SEO plugin. -->","yoast_head_json":{"title":"Salines, Isra\u00ebl - Yann Arthus-Bertrand Photographie","description":"Mer ferm\u00e9e, longue de 75 km et large de 15 km, la mer Morte est le point le plus bas de la plan\u00e8te, \u00e0 418 m au-dessous du niveau des oc\u00e9ans. Sa couleur, variable d\u2019une r\u00e9gion \u00e0 l\u2019autre, est ponctu\u00e9e de tra\u00een\u00e9es blanches, signe de sa tr\u00e8s forte salinit\u00e9, neuf fois sup\u00e9rieure \u00e0 la moyenne des oc\u00e9ans...","robots":{"index":"index","follow":"follow","max-snippet":"max-snippet:-1","max-image-preview":"max-image-preview:large","max-video-preview":"max-video-preview:-1"},"canonical":"https:\/\/www.yannarthusbertrandphoto.com\/fr\/produit\/salines-2\/","og_locale":"fr_FR","og_type":"article","og_title":"Salines, Isra\u00ebl - Yann Arthus-Bertrand Photographie","og_description":"Mer ferm\u00e9e, longue de 75 km et large de 15 km, la mer Morte est le point le plus bas de la plan\u00e8te, \u00e0 418 m au-dessous du niveau des oc\u00e9ans. Sa couleur, variable d\u2019une r\u00e9gion \u00e0 l\u2019autre, est ponctu\u00e9e de tra\u00een\u00e9es blanches, signe de sa tr\u00e8s forte salinit\u00e9, neuf fois sup\u00e9rieure \u00e0 la moyenne des oc\u00e9ans...","og_url":"https:\/\/www.yannarthusbertrandphoto.com\/fr\/produit\/salines-2\/","og_site_name":"Yann Arthus-Bertrand","article_publisher":"https:\/\/www.facebook.com\/Y.A.Bertrand\/","article_modified_time":"2018-10-26T16:51:00+00:00","og_image":[{"width":2000,"height":1333,"url":"https:\/\/www.yannarthusbertrandphoto.com\/wp-content\/uploads\/2018\/02\/yab_salines-isral_yanarthusbertrandphoto.jpg","type":"image\/jpeg"}],"twitter_card":"summary_large_image","twitter_site":"@Yann_A_B","twitter_misc":{"Dur\u00e9e de lecture estim\u00e9e":"1 minute"},"schema":{"@context":"https:\/\/schema.org","@graph":[{"@type":"WebPage","@id":"https:\/\/www.yannarthusbertrandphoto.com\/fr\/produit\/salines-2\/","url":"https:\/\/www.yannarthusbertrandphoto.com\/fr\/produit\/salines-2\/","name":"Salines, Isra\u00ebl - Yann Arthus-Bertrand Photographie","isPartOf":{"@id":"https:\/\/www.yannarthusbertrandphoto.com\/fr\/#website"},"datePublished":"2018-02-28T21:39:25+00:00","dateModified":"2018-10-26T16:51:00+00:00","description":"Mer ferm\u00e9e, longue de 75 km et large de 15 km, la mer Morte est le point le plus bas de la plan\u00e8te, \u00e0 418 m au-dessous du niveau des oc\u00e9ans. Sa couleur, variable d\u2019une r\u00e9gion \u00e0 l\u2019autre, est ponctu\u00e9e de tra\u00een\u00e9es blanches, signe de sa tr\u00e8s forte salinit\u00e9, neuf fois sup\u00e9rieure \u00e0 la moyenne des oc\u00e9ans...","breadcrumb":{"@id":"https:\/\/www.yannarthusbertrandphoto.com\/fr\/produit\/salines-2\/#breadcrumb"},"inLanguage":"fr-FR","potentialAction":[{"@type":"ReadAction","target":["https:\/\/www.yannarthusbertrandphoto.com\/fr\/produit\/salines-2\/"]}]},{"@type":"BreadcrumbList","@id":"https:\/\/www.yannarthusbertrandphoto.com\/fr\/produit\/salines-2\/#breadcrumb","itemListElement":[{"@type":"ListItem","position":1,"name":"Accueil","item":"https:\/\/www.yannarthusbertrandphoto.com\/fr\/"},{"@type":"ListItem","position":2,"name":"Shop","item":"https:\/\/www.yannarthusbertrandphoto.com\/fr\/shop\/"},{"@type":"ListItem","position":3,"name":"Salines"}]},{"@type":"WebSite","@id":"https:\/\/www.yannarthusbertrandphoto.com\/fr\/#website","url":"https:\/\/www.yannarthusbertrandphoto.com\/fr\/","name":"Yann Arthus-Bertrand","description":"Site officiel d\u00e9di\u00e9 \u00e0 l\u2019\u0153uvre photographique de Yann Arthus-Bertrand","publisher":{"@id":"https:\/\/www.yannarthusbertrandphoto.com\/fr\/#organization"},"potentialAction":[{"@type":"SearchAction","target":{"@type":"EntryPoint","urlTemplate":"https:\/\/www.yannarthusbertrandphoto.com\/fr\/?s={search_term_string}"},"query-input":"required name=search_term_string"}],"inLanguage":"fr-FR"},{"@type":"Organization","@id":"https:\/\/www.yannarthusbertrandphoto.com\/fr\/#organization","name":"Alfie Be","url":"https:\/\/www.yannarthusbertrandphoto.com\/fr\/","logo":{"@type":"ImageObject","inLanguage":"fr-FR","@id":"https:\/\/www.yannarthusbertrandphoto.com\/fr\/#\/schema\/logo\/image\/","url":"https:\/\/www.yannarthusbertrandphoto.com\/wp-content\/uploads\/2018\/01\/yab_logo_black.svg","contentUrl":"https:\/\/www.yannarthusbertrandphoto.com\/wp-content\/uploads\/2018\/01\/yab_logo_black.svg","caption":"Alfie Be"},"image":{"@id":"https:\/\/www.yannarthusbertrandphoto.com\/fr\/#\/schema\/logo\/image\/"},"sameAs":["https:\/\/www.instagram.com\/yannarthusbertrand\/","https:\/\/www.youtube.com\/user\/yannarthusbertrand","https:\/\/www.facebook.com\/Y.A.Bertrand\/","https:\/\/twitter.com\/Yann_A_B"]}]}},"_links":{"self":[{"href":"https:\/\/www.yannarthusbertrandphoto.com\/fr\/wp-json\/wp\/v2\/product\/7502"}],"collection":[{"href":"https:\/\/www.yannarthusbertrandphoto.com\/fr\/wp-json\/wp\/v2\/product"}],"about":[{"href":"https:\/\/www.yannarthusbertrandphoto.com\/fr\/wp-json\/wp\/v2\/types\/product"}],"wp:featuredmedia":[{"embeddable":true,"href":"https:\/\/www.yannarthusbertrandphoto.com\/fr\/wp-json\/wp\/v2\/media\/7503"}],"wp:attachment":[{"href":"https:\/\/www.yannarthusbertrandphoto.com\/fr\/wp-json\/wp\/v2\/media?parent=7502"}],"wp:term":[{"taxonomy":"product_cat","embeddable":true,"href":"https:\/\/www.yannarthusbertrandphoto.com\/fr\/wp-json\/wp\/v2\/product_cat?post=7502"},{"taxonomy":"product_tag","embeddable":true,"href":"https:\/\/www.yannarthusbertrandphoto.com\/fr\/wp-json\/wp\/v2\/product_tag?post=7502"}],"curies":[{"name":"wp","href":"https:\/\/api.w.org\/{rel}","templated":true}]}}