{"id":7547,"date":"2018-02-28T22:45:45","date_gmt":"2018-02-28T21:45:45","guid":{"rendered":"https:\/\/www.yannarthusbertrandphoto.com\/?post_type=product&#038;p=7547"},"modified":"2018-06-04T17:56:19","modified_gmt":"2018-06-04T15:56:19","slug":"sary-jaz","status":"publish","type":"product","link":"https:\/\/www.yannarthusbertrandphoto.com\/fr\/produit\/sary-jaz\/","title":{"rendered":"Sary-Jaz"},"content":{"rendered":"<p>Le Kirghizstan est un des pays les plus \u00e9lev\u00e9s du monde et compte d\u2019innombrables glaciers, notamment dans la cha\u00eene des Monts Tian dont le point culminant est le Jengish Chokusu avec 7 439 m\u00e8tres. On estime qu\u2019\u00e0 cet endroit, les glaciers ont perdu de 25 \u00e0 35 % de leur surface au cours du XXe si\u00e8cle du fait du r\u00e9chauffement climatique. Ces masses gel\u00e9es au sommet des montagnes sont les ch\u00e2teaux d\u2019eau de la plan\u00e8te. Bien qu\u2019ils ne concentrent \u00e0 l\u2019\u00e9chelle de la plan\u00e8te que 4 % de l\u2019eau douce, la moiti\u00e9 de la population mondiale en d\u00e9pend pour son approvisionnement en eau.<\/p>\n<p>Ils jouent en effet un r\u00f4le de r\u00e9gulation de la disponibilit\u00e9 de la ressource. En saison froide, ils accumulent les pr\u00e9cipitations sous forme de neige, qu\u2019ils restituent lors de la fonte, en \u00e9t\u00e9. Mais aujourd\u2019hui, les glaciers fondent partout sur la plan\u00e8te. On estime par exemple que m\u00eame dans la cha\u00eene himalayenne, la plus haute du globe, un tiers des glaciers auront disparu avant 2050.<\/p>\n<p>Les premi\u00e8res cons\u00e9quences se font sentir : de nombreux lacs de montagne notamment au N\u00e9pal menacent de d\u00e9border et d\u2019inonder les vall\u00e9es peupl\u00e9es en aval. Si rien n\u2019est fait pour stabiliser le r\u00e9chauffement actuel de l\u2019atmosph\u00e8re, les inondations de ce type feront place, \u00e0 la fin du si\u00e8cle, \u00e0 une \u00e8re de p\u00e9nurie d\u2019eau. Car il sera impossible de reconstituer les glaciers fondus.<\/p>\n","protected":false},"excerpt":{"rendered":"<p>Langue de glacier pr\u00e8s du pic Khan Tengry, massif de Sary-Jaz, R\u00e9gion Ysyk-Kyl, Kirghizstan (42\u00b010\u2019N \u2013 80\u00b000\u2019E).<\/p>\n","protected":false},"featured_media":7548,"template":"","meta":{"inline_featured_image":false},"product_cat":[212],"product_tag":[],"yoast_head":"<!-- This site is optimized with the Yoast SEO plugin v19.10 - https:\/\/yoast.com\/wordpress\/plugins\/seo\/ -->\n<title>Sary-Jaz, Kirghizistan - Yann Arthus-Bertrand Photographie<\/title>\n<meta name=\"description\" content=\"Le Kirghizstan est un des pays les plus \u00e9lev\u00e9s du monde et compte d\u2019innombrables glaciers, notamment dans la cha\u00eene des Monts Tian dont le point culminant est le Jengish Chokusu avec 7 439 m\u00e8tres. On estime qu\u2019\u00e0 cet endroit, les glaciers ont perdu de 25 \u00e0 35 % de leur surface au cours du XXe si\u00e8cle...\" \/>\n<meta name=\"robots\" content=\"index, follow, max-snippet:-1, max-image-preview:large, max-video-preview:-1\" \/>\n<link rel=\"canonical\" href=\"https:\/\/www.yannarthusbertrandphoto.com\/fr\/produit\/sary-jaz\/\" \/>\n<meta property=\"og:locale\" content=\"fr_FR\" \/>\n<meta property=\"og:type\" content=\"article\" \/>\n<meta property=\"og:title\" content=\"Sary-Jaz, Kirghizistan - Yann Arthus-Bertrand Photographie\" \/>\n<meta property=\"og:description\" content=\"Le Kirghizstan est un des pays les plus \u00e9lev\u00e9s du monde et compte d\u2019innombrables glaciers, notamment dans la cha\u00eene des Monts Tian dont le point culminant est le Jengish Chokusu avec 7 439 m\u00e8tres. On estime qu\u2019\u00e0 cet endroit, les glaciers ont perdu de 25 \u00e0 35 % de leur surface au cours du XXe si\u00e8cle...\" \/>\n<meta property=\"og:url\" content=\"https:\/\/www.yannarthusbertrandphoto.com\/fr\/produit\/sary-jaz\/\" \/>\n<meta property=\"og:site_name\" content=\"Yann Arthus-Bertrand\" \/>\n<meta property=\"article:publisher\" content=\"https:\/\/www.facebook.com\/Y.A.Bertrand\/\" \/>\n<meta property=\"article:modified_time\" content=\"2018-06-04T15:56:19+00:00\" \/>\n<meta property=\"og:image\" content=\"https:\/\/www.yannarthusbertrandphoto.com\/wp-content\/uploads\/2018\/02\/yab_sary-jaz-kirghizstan_yannarthusbertrandphoto.jpg\" \/>\n\t<meta property=\"og:image:width\" content=\"2000\" \/>\n\t<meta property=\"og:image:height\" content=\"1333\" \/>\n\t<meta property=\"og:image:type\" content=\"image\/jpeg\" \/>\n<meta name=\"twitter:card\" content=\"summary_large_image\" \/>\n<meta name=\"twitter:site\" content=\"@Yann_A_B\" \/>\n<meta name=\"twitter:label1\" content=\"Dur\u00e9e de lecture estim\u00e9e\" \/>\n\t<meta name=\"twitter:data1\" content=\"1 minute\" \/>\n<script type=\"application\/ld+json\" class=\"yoast-schema-graph\">{\"@context\":\"https:\/\/schema.org\",\"@graph\":[{\"@type\":\"WebPage\",\"@id\":\"https:\/\/www.yannarthusbertrandphoto.com\/fr\/produit\/sary-jaz\/\",\"url\":\"https:\/\/www.yannarthusbertrandphoto.com\/fr\/produit\/sary-jaz\/\",\"name\":\"Sary-Jaz, Kirghizistan - Yann Arthus-Bertrand Photographie\",\"isPartOf\":{\"@id\":\"https:\/\/www.yannarthusbertrandphoto.com\/fr\/#website\"},\"datePublished\":\"2018-02-28T21:45:45+00:00\",\"dateModified\":\"2018-06-04T15:56:19+00:00\",\"description\":\"Le Kirghizstan est un des pays les plus \u00e9lev\u00e9s du monde et compte d\u2019innombrables glaciers, notamment dans la cha\u00eene des Monts Tian dont le point culminant est le Jengish Chokusu avec 7 439 m\u00e8tres. On estime qu\u2019\u00e0 cet endroit, les glaciers ont perdu de 25 \u00e0 35 % de leur surface au cours du XXe si\u00e8cle...\",\"breadcrumb\":{\"@id\":\"https:\/\/www.yannarthusbertrandphoto.com\/fr\/produit\/sary-jaz\/#breadcrumb\"},\"inLanguage\":\"fr-FR\",\"potentialAction\":[{\"@type\":\"ReadAction\",\"target\":[\"https:\/\/www.yannarthusbertrandphoto.com\/fr\/produit\/sary-jaz\/\"]}]},{\"@type\":\"BreadcrumbList\",\"@id\":\"https:\/\/www.yannarthusbertrandphoto.com\/fr\/produit\/sary-jaz\/#breadcrumb\",\"itemListElement\":[{\"@type\":\"ListItem\",\"position\":1,\"name\":\"Accueil\",\"item\":\"https:\/\/www.yannarthusbertrandphoto.com\/fr\/\"},{\"@type\":\"ListItem\",\"position\":2,\"name\":\"Shop\",\"item\":\"https:\/\/www.yannarthusbertrandphoto.com\/fr\/shop\/\"},{\"@type\":\"ListItem\",\"position\":3,\"name\":\"Sary-Jaz\"}]},{\"@type\":\"WebSite\",\"@id\":\"https:\/\/www.yannarthusbertrandphoto.com\/fr\/#website\",\"url\":\"https:\/\/www.yannarthusbertrandphoto.com\/fr\/\",\"name\":\"Yann Arthus-Bertrand\",\"description\":\"Site officiel d\u00e9di\u00e9 \u00e0 l\u2019\u0153uvre photographique de Yann Arthus-Bertrand\",\"publisher\":{\"@id\":\"https:\/\/www.yannarthusbertrandphoto.com\/fr\/#organization\"},\"potentialAction\":[{\"@type\":\"SearchAction\",\"target\":{\"@type\":\"EntryPoint\",\"urlTemplate\":\"https:\/\/www.yannarthusbertrandphoto.com\/fr\/?s={search_term_string}\"},\"query-input\":\"required name=search_term_string\"}],\"inLanguage\":\"fr-FR\"},{\"@type\":\"Organization\",\"@id\":\"https:\/\/www.yannarthusbertrandphoto.com\/fr\/#organization\",\"name\":\"Alfie Be\",\"url\":\"https:\/\/www.yannarthusbertrandphoto.com\/fr\/\",\"logo\":{\"@type\":\"ImageObject\",\"inLanguage\":\"fr-FR\",\"@id\":\"https:\/\/www.yannarthusbertrandphoto.com\/fr\/#\/schema\/logo\/image\/\",\"url\":\"https:\/\/www.yannarthusbertrandphoto.com\/wp-content\/uploads\/2018\/01\/yab_logo_black.svg\",\"contentUrl\":\"https:\/\/www.yannarthusbertrandphoto.com\/wp-content\/uploads\/2018\/01\/yab_logo_black.svg\",\"caption\":\"Alfie Be\"},\"image\":{\"@id\":\"https:\/\/www.yannarthusbertrandphoto.com\/fr\/#\/schema\/logo\/image\/\"},\"sameAs\":[\"https:\/\/www.instagram.com\/yannarthusbertrand\/\",\"https:\/\/www.youtube.com\/user\/yannarthusbertrand\",\"https:\/\/www.facebook.com\/Y.A.Bertrand\/\",\"https:\/\/twitter.com\/Yann_A_B\"]}]}<\/script>\n<!-- \/ Yoast SEO plugin. -->","yoast_head_json":{"title":"Sary-Jaz, Kirghizistan - Yann Arthus-Bertrand Photographie","description":"Le Kirghizstan est un des pays les plus \u00e9lev\u00e9s du monde et compte d\u2019innombrables glaciers, notamment dans la cha\u00eene des Monts Tian dont le point culminant est le Jengish Chokusu avec 7 439 m\u00e8tres. On estime qu\u2019\u00e0 cet endroit, les glaciers ont perdu de 25 \u00e0 35 % de leur surface au cours du XXe si\u00e8cle...","robots":{"index":"index","follow":"follow","max-snippet":"max-snippet:-1","max-image-preview":"max-image-preview:large","max-video-preview":"max-video-preview:-1"},"canonical":"https:\/\/www.yannarthusbertrandphoto.com\/fr\/produit\/sary-jaz\/","og_locale":"fr_FR","og_type":"article","og_title":"Sary-Jaz, Kirghizistan - Yann Arthus-Bertrand Photographie","og_description":"Le Kirghizstan est un des pays les plus \u00e9lev\u00e9s du monde et compte d\u2019innombrables glaciers, notamment dans la cha\u00eene des Monts Tian dont le point culminant est le Jengish Chokusu avec 7 439 m\u00e8tres. On estime qu\u2019\u00e0 cet endroit, les glaciers ont perdu de 25 \u00e0 35 % de leur surface au cours du XXe si\u00e8cle...","og_url":"https:\/\/www.yannarthusbertrandphoto.com\/fr\/produit\/sary-jaz\/","og_site_name":"Yann Arthus-Bertrand","article_publisher":"https:\/\/www.facebook.com\/Y.A.Bertrand\/","article_modified_time":"2018-06-04T15:56:19+00:00","og_image":[{"width":2000,"height":1333,"url":"https:\/\/www.yannarthusbertrandphoto.com\/wp-content\/uploads\/2018\/02\/yab_sary-jaz-kirghizstan_yannarthusbertrandphoto.jpg","type":"image\/jpeg"}],"twitter_card":"summary_large_image","twitter_site":"@Yann_A_B","twitter_misc":{"Dur\u00e9e de lecture estim\u00e9e":"1 minute"},"schema":{"@context":"https:\/\/schema.org","@graph":[{"@type":"WebPage","@id":"https:\/\/www.yannarthusbertrandphoto.com\/fr\/produit\/sary-jaz\/","url":"https:\/\/www.yannarthusbertrandphoto.com\/fr\/produit\/sary-jaz\/","name":"Sary-Jaz, Kirghizistan - Yann Arthus-Bertrand Photographie","isPartOf":{"@id":"https:\/\/www.yannarthusbertrandphoto.com\/fr\/#website"},"datePublished":"2018-02-28T21:45:45+00:00","dateModified":"2018-06-04T15:56:19+00:00","description":"Le Kirghizstan est un des pays les plus \u00e9lev\u00e9s du monde et compte d\u2019innombrables glaciers, notamment dans la cha\u00eene des Monts Tian dont le point culminant est le Jengish Chokusu avec 7 439 m\u00e8tres. On estime qu\u2019\u00e0 cet endroit, les glaciers ont perdu de 25 \u00e0 35 % de leur surface au cours du XXe si\u00e8cle...","breadcrumb":{"@id":"https:\/\/www.yannarthusbertrandphoto.com\/fr\/produit\/sary-jaz\/#breadcrumb"},"inLanguage":"fr-FR","potentialAction":[{"@type":"ReadAction","target":["https:\/\/www.yannarthusbertrandphoto.com\/fr\/produit\/sary-jaz\/"]}]},{"@type":"BreadcrumbList","@id":"https:\/\/www.yannarthusbertrandphoto.com\/fr\/produit\/sary-jaz\/#breadcrumb","itemListElement":[{"@type":"ListItem","position":1,"name":"Accueil","item":"https:\/\/www.yannarthusbertrandphoto.com\/fr\/"},{"@type":"ListItem","position":2,"name":"Shop","item":"https:\/\/www.yannarthusbertrandphoto.com\/fr\/shop\/"},{"@type":"ListItem","position":3,"name":"Sary-Jaz"}]},{"@type":"WebSite","@id":"https:\/\/www.yannarthusbertrandphoto.com\/fr\/#website","url":"https:\/\/www.yannarthusbertrandphoto.com\/fr\/","name":"Yann Arthus-Bertrand","description":"Site officiel d\u00e9di\u00e9 \u00e0 l\u2019\u0153uvre photographique de Yann Arthus-Bertrand","publisher":{"@id":"https:\/\/www.yannarthusbertrandphoto.com\/fr\/#organization"},"potentialAction":[{"@type":"SearchAction","target":{"@type":"EntryPoint","urlTemplate":"https:\/\/www.yannarthusbertrandphoto.com\/fr\/?s={search_term_string}"},"query-input":"required name=search_term_string"}],"inLanguage":"fr-FR"},{"@type":"Organization","@id":"https:\/\/www.yannarthusbertrandphoto.com\/fr\/#organization","name":"Alfie Be","url":"https:\/\/www.yannarthusbertrandphoto.com\/fr\/","logo":{"@type":"ImageObject","inLanguage":"fr-FR","@id":"https:\/\/www.yannarthusbertrandphoto.com\/fr\/#\/schema\/logo\/image\/","url":"https:\/\/www.yannarthusbertrandphoto.com\/wp-content\/uploads\/2018\/01\/yab_logo_black.svg","contentUrl":"https:\/\/www.yannarthusbertrandphoto.com\/wp-content\/uploads\/2018\/01\/yab_logo_black.svg","caption":"Alfie Be"},"image":{"@id":"https:\/\/www.yannarthusbertrandphoto.com\/fr\/#\/schema\/logo\/image\/"},"sameAs":["https:\/\/www.instagram.com\/yannarthusbertrand\/","https:\/\/www.youtube.com\/user\/yannarthusbertrand","https:\/\/www.facebook.com\/Y.A.Bertrand\/","https:\/\/twitter.com\/Yann_A_B"]}]}},"_links":{"self":[{"href":"https:\/\/www.yannarthusbertrandphoto.com\/fr\/wp-json\/wp\/v2\/product\/7547"}],"collection":[{"href":"https:\/\/www.yannarthusbertrandphoto.com\/fr\/wp-json\/wp\/v2\/product"}],"about":[{"href":"https:\/\/www.yannarthusbertrandphoto.com\/fr\/wp-json\/wp\/v2\/types\/product"}],"wp:featuredmedia":[{"embeddable":true,"href":"https:\/\/www.yannarthusbertrandphoto.com\/fr\/wp-json\/wp\/v2\/media\/7548"}],"wp:attachment":[{"href":"https:\/\/www.yannarthusbertrandphoto.com\/fr\/wp-json\/wp\/v2\/media?parent=7547"}],"wp:term":[{"taxonomy":"product_cat","embeddable":true,"href":"https:\/\/www.yannarthusbertrandphoto.com\/fr\/wp-json\/wp\/v2\/product_cat?post=7547"},{"taxonomy":"product_tag","embeddable":true,"href":"https:\/\/www.yannarthusbertrandphoto.com\/fr\/wp-json\/wp\/v2\/product_tag?post=7547"}],"curies":[{"name":"wp","href":"https:\/\/api.w.org\/{rel}","templated":true}]}}