{"id":7682,"date":"2018-02-28T23:07:14","date_gmt":"2018-02-28T22:07:14","guid":{"rendered":"https:\/\/www.yannarthusbertrandphoto.com\/?post_type=product&#038;p=7682"},"modified":"2018-05-28T17:00:01","modified_gmt":"2018-05-28T15:00:01","slug":"banquise-rompue","status":"publish","type":"product","link":"https:\/\/www.yannarthusbertrandphoto.com\/fr\/produit\/banquise-rompue\/","title":{"rendered":"Banquise rompue"},"content":{"rendered":"<p>Tel un miroir bris\u00e9, la mince banquise de la mer Baltique se morcelle en fragments ac\u00e9r\u00e9s r\u00e9fl\u00e9chissant la faible lumi\u00e8re de l\u2019hiver finnois. Fragile, elle se casse pour mieux se reformer. Car la glace de mer flotte au gr\u00e9 des vagues et des courants marins. Soumise \u00e0 des mouvements contraires, elle peut alors se disloquer. Mais les morceaux se rencontrent \u00e0 nouveau et s\u2019\u00e9paississent jusqu\u2019\u00e0 ce que la banquise atteigne son \u00e9paisseur maximale (50 \u00e0 65 cm en moyenne) au d\u00e9but du mois d\u2019avril. Elle dispara\u00eetra ensuite tr\u00e8s vite au printemps pour lib\u00e9rer les \u00eeles de l\u2019archipel de Turku. En effet, en Finlande, la glace n\u2019est pas permanente. Bien que ce pays soit \u00e0 la m\u00eame latitude que l\u2019Alaska ou le Groenland, il b\u00e9n\u00e9ficie d\u2019un climat relativement temp\u00e9r\u00e9, influenc\u00e9 par le Gulf Stream. Ce grand courant marin chaud qui traverse l\u2019oc\u00e9an Atlantique ainsi que les vents dominants qui soufflent d\u2019ouest en est r\u00e9chauffe l\u2019Europe occidentale.<\/p>\n","protected":false},"excerpt":{"rendered":"<p>Banquise rompue pr\u00e8s de l\u2019archipel de Turku, Finlande (60\u00b027\u2019 N \u2013 22\u00b000\u2019 E).<\/p>\n","protected":false},"featured_media":7683,"template":"","meta":{"inline_featured_image":false},"product_cat":[212],"product_tag":[],"yoast_head":"<!-- This site is optimized with the Yoast SEO plugin v19.10 - https:\/\/yoast.com\/wordpress\/plugins\/seo\/ -->\n<title>Banquise rompue, Finlande - Yann Arthus-Bertrand Photographie<\/title>\n<meta name=\"description\" content=\"Tel un miroir bris\u00e9, la mince banquise de la mer Baltique se morcelle en fragments ac\u00e9r\u00e9s r\u00e9fl\u00e9chissant la faible lumi\u00e8re de l\u2019hiver finnois. Fragile, elle se casse pour mieux se reformer. Car la glace de mer flotte au gr\u00e9 des vagues et des courants marins. Soumise \u00e0 des mouvements contraires...\" \/>\n<meta name=\"robots\" content=\"index, follow, max-snippet:-1, max-image-preview:large, max-video-preview:-1\" \/>\n<link rel=\"canonical\" href=\"https:\/\/www.yannarthusbertrandphoto.com\/fr\/produit\/banquise-rompue\/\" \/>\n<meta property=\"og:locale\" content=\"fr_FR\" \/>\n<meta property=\"og:type\" content=\"article\" \/>\n<meta property=\"og:title\" content=\"Banquise rompue, Finlande - Yann Arthus-Bertrand Photographie\" \/>\n<meta property=\"og:description\" content=\"Tel un miroir bris\u00e9, la mince banquise de la mer Baltique se morcelle en fragments ac\u00e9r\u00e9s r\u00e9fl\u00e9chissant la faible lumi\u00e8re de l\u2019hiver finnois. Fragile, elle se casse pour mieux se reformer. Car la glace de mer flotte au gr\u00e9 des vagues et des courants marins. Soumise \u00e0 des mouvements contraires...\" \/>\n<meta property=\"og:url\" content=\"https:\/\/www.yannarthusbertrandphoto.com\/fr\/produit\/banquise-rompue\/\" \/>\n<meta property=\"og:site_name\" content=\"Yann Arthus-Bertrand\" \/>\n<meta property=\"article:publisher\" content=\"https:\/\/www.facebook.com\/Y.A.Bertrand\/\" \/>\n<meta property=\"article:modified_time\" content=\"2018-05-28T15:00:01+00:00\" \/>\n<meta property=\"og:image\" content=\"https:\/\/www.yannarthusbertrandphoto.com\/wp-content\/uploads\/2018\/02\/yab_.jpg\" \/>\n\t<meta property=\"og:image:width\" content=\"2000\" \/>\n\t<meta property=\"og:image:height\" content=\"1333\" \/>\n\t<meta property=\"og:image:type\" content=\"image\/jpeg\" \/>\n<meta name=\"twitter:card\" content=\"summary_large_image\" \/>\n<meta name=\"twitter:site\" content=\"@Yann_A_B\" \/>\n<meta name=\"twitter:label1\" content=\"Dur\u00e9e de lecture estim\u00e9e\" \/>\n\t<meta name=\"twitter:data1\" content=\"1 minute\" \/>\n<script type=\"application\/ld+json\" class=\"yoast-schema-graph\">{\"@context\":\"https:\/\/schema.org\",\"@graph\":[{\"@type\":\"WebPage\",\"@id\":\"https:\/\/www.yannarthusbertrandphoto.com\/fr\/produit\/banquise-rompue\/\",\"url\":\"https:\/\/www.yannarthusbertrandphoto.com\/fr\/produit\/banquise-rompue\/\",\"name\":\"Banquise rompue, Finlande - Yann Arthus-Bertrand Photographie\",\"isPartOf\":{\"@id\":\"https:\/\/www.yannarthusbertrandphoto.com\/fr\/#website\"},\"datePublished\":\"2018-02-28T22:07:14+00:00\",\"dateModified\":\"2018-05-28T15:00:01+00:00\",\"description\":\"Tel un miroir bris\u00e9, la mince banquise de la mer Baltique se morcelle en fragments ac\u00e9r\u00e9s r\u00e9fl\u00e9chissant la faible lumi\u00e8re de l\u2019hiver finnois. Fragile, elle se casse pour mieux se reformer. Car la glace de mer flotte au gr\u00e9 des vagues et des courants marins. Soumise \u00e0 des mouvements contraires...\",\"breadcrumb\":{\"@id\":\"https:\/\/www.yannarthusbertrandphoto.com\/fr\/produit\/banquise-rompue\/#breadcrumb\"},\"inLanguage\":\"fr-FR\",\"potentialAction\":[{\"@type\":\"ReadAction\",\"target\":[\"https:\/\/www.yannarthusbertrandphoto.com\/fr\/produit\/banquise-rompue\/\"]}]},{\"@type\":\"BreadcrumbList\",\"@id\":\"https:\/\/www.yannarthusbertrandphoto.com\/fr\/produit\/banquise-rompue\/#breadcrumb\",\"itemListElement\":[{\"@type\":\"ListItem\",\"position\":1,\"name\":\"Accueil\",\"item\":\"https:\/\/www.yannarthusbertrandphoto.com\/fr\/\"},{\"@type\":\"ListItem\",\"position\":2,\"name\":\"Shop\",\"item\":\"https:\/\/www.yannarthusbertrandphoto.com\/fr\/shop\/\"},{\"@type\":\"ListItem\",\"position\":3,\"name\":\"Banquise rompue\"}]},{\"@type\":\"WebSite\",\"@id\":\"https:\/\/www.yannarthusbertrandphoto.com\/fr\/#website\",\"url\":\"https:\/\/www.yannarthusbertrandphoto.com\/fr\/\",\"name\":\"Yann Arthus-Bertrand\",\"description\":\"Site officiel d\u00e9di\u00e9 \u00e0 l\u2019\u0153uvre photographique de Yann Arthus-Bertrand\",\"publisher\":{\"@id\":\"https:\/\/www.yannarthusbertrandphoto.com\/fr\/#organization\"},\"potentialAction\":[{\"@type\":\"SearchAction\",\"target\":{\"@type\":\"EntryPoint\",\"urlTemplate\":\"https:\/\/www.yannarthusbertrandphoto.com\/fr\/?s={search_term_string}\"},\"query-input\":\"required name=search_term_string\"}],\"inLanguage\":\"fr-FR\"},{\"@type\":\"Organization\",\"@id\":\"https:\/\/www.yannarthusbertrandphoto.com\/fr\/#organization\",\"name\":\"Alfie Be\",\"url\":\"https:\/\/www.yannarthusbertrandphoto.com\/fr\/\",\"logo\":{\"@type\":\"ImageObject\",\"inLanguage\":\"fr-FR\",\"@id\":\"https:\/\/www.yannarthusbertrandphoto.com\/fr\/#\/schema\/logo\/image\/\",\"url\":\"https:\/\/www.yannarthusbertrandphoto.com\/wp-content\/uploads\/2018\/01\/yab_logo_black.svg\",\"contentUrl\":\"https:\/\/www.yannarthusbertrandphoto.com\/wp-content\/uploads\/2018\/01\/yab_logo_black.svg\",\"caption\":\"Alfie Be\"},\"image\":{\"@id\":\"https:\/\/www.yannarthusbertrandphoto.com\/fr\/#\/schema\/logo\/image\/\"},\"sameAs\":[\"https:\/\/www.instagram.com\/yannarthusbertrand\/\",\"https:\/\/www.youtube.com\/user\/yannarthusbertrand\",\"https:\/\/www.facebook.com\/Y.A.Bertrand\/\",\"https:\/\/twitter.com\/Yann_A_B\"]}]}<\/script>\n<!-- \/ Yoast SEO plugin. -->","yoast_head_json":{"title":"Banquise rompue, Finlande - Yann Arthus-Bertrand Photographie","description":"Tel un miroir bris\u00e9, la mince banquise de la mer Baltique se morcelle en fragments ac\u00e9r\u00e9s r\u00e9fl\u00e9chissant la faible lumi\u00e8re de l\u2019hiver finnois. Fragile, elle se casse pour mieux se reformer. Car la glace de mer flotte au gr\u00e9 des vagues et des courants marins. Soumise \u00e0 des mouvements contraires...","robots":{"index":"index","follow":"follow","max-snippet":"max-snippet:-1","max-image-preview":"max-image-preview:large","max-video-preview":"max-video-preview:-1"},"canonical":"https:\/\/www.yannarthusbertrandphoto.com\/fr\/produit\/banquise-rompue\/","og_locale":"fr_FR","og_type":"article","og_title":"Banquise rompue, Finlande - Yann Arthus-Bertrand Photographie","og_description":"Tel un miroir bris\u00e9, la mince banquise de la mer Baltique se morcelle en fragments ac\u00e9r\u00e9s r\u00e9fl\u00e9chissant la faible lumi\u00e8re de l\u2019hiver finnois. Fragile, elle se casse pour mieux se reformer. Car la glace de mer flotte au gr\u00e9 des vagues et des courants marins. Soumise \u00e0 des mouvements contraires...","og_url":"https:\/\/www.yannarthusbertrandphoto.com\/fr\/produit\/banquise-rompue\/","og_site_name":"Yann Arthus-Bertrand","article_publisher":"https:\/\/www.facebook.com\/Y.A.Bertrand\/","article_modified_time":"2018-05-28T15:00:01+00:00","og_image":[{"width":2000,"height":1333,"url":"https:\/\/www.yannarthusbertrandphoto.com\/wp-content\/uploads\/2018\/02\/yab_.jpg","type":"image\/jpeg"}],"twitter_card":"summary_large_image","twitter_site":"@Yann_A_B","twitter_misc":{"Dur\u00e9e de lecture estim\u00e9e":"1 minute"},"schema":{"@context":"https:\/\/schema.org","@graph":[{"@type":"WebPage","@id":"https:\/\/www.yannarthusbertrandphoto.com\/fr\/produit\/banquise-rompue\/","url":"https:\/\/www.yannarthusbertrandphoto.com\/fr\/produit\/banquise-rompue\/","name":"Banquise rompue, Finlande - Yann Arthus-Bertrand Photographie","isPartOf":{"@id":"https:\/\/www.yannarthusbertrandphoto.com\/fr\/#website"},"datePublished":"2018-02-28T22:07:14+00:00","dateModified":"2018-05-28T15:00:01+00:00","description":"Tel un miroir bris\u00e9, la mince banquise de la mer Baltique se morcelle en fragments ac\u00e9r\u00e9s r\u00e9fl\u00e9chissant la faible lumi\u00e8re de l\u2019hiver finnois. Fragile, elle se casse pour mieux se reformer. Car la glace de mer flotte au gr\u00e9 des vagues et des courants marins. Soumise \u00e0 des mouvements contraires...","breadcrumb":{"@id":"https:\/\/www.yannarthusbertrandphoto.com\/fr\/produit\/banquise-rompue\/#breadcrumb"},"inLanguage":"fr-FR","potentialAction":[{"@type":"ReadAction","target":["https:\/\/www.yannarthusbertrandphoto.com\/fr\/produit\/banquise-rompue\/"]}]},{"@type":"BreadcrumbList","@id":"https:\/\/www.yannarthusbertrandphoto.com\/fr\/produit\/banquise-rompue\/#breadcrumb","itemListElement":[{"@type":"ListItem","position":1,"name":"Accueil","item":"https:\/\/www.yannarthusbertrandphoto.com\/fr\/"},{"@type":"ListItem","position":2,"name":"Shop","item":"https:\/\/www.yannarthusbertrandphoto.com\/fr\/shop\/"},{"@type":"ListItem","position":3,"name":"Banquise rompue"}]},{"@type":"WebSite","@id":"https:\/\/www.yannarthusbertrandphoto.com\/fr\/#website","url":"https:\/\/www.yannarthusbertrandphoto.com\/fr\/","name":"Yann Arthus-Bertrand","description":"Site officiel d\u00e9di\u00e9 \u00e0 l\u2019\u0153uvre photographique de Yann Arthus-Bertrand","publisher":{"@id":"https:\/\/www.yannarthusbertrandphoto.com\/fr\/#organization"},"potentialAction":[{"@type":"SearchAction","target":{"@type":"EntryPoint","urlTemplate":"https:\/\/www.yannarthusbertrandphoto.com\/fr\/?s={search_term_string}"},"query-input":"required name=search_term_string"}],"inLanguage":"fr-FR"},{"@type":"Organization","@id":"https:\/\/www.yannarthusbertrandphoto.com\/fr\/#organization","name":"Alfie Be","url":"https:\/\/www.yannarthusbertrandphoto.com\/fr\/","logo":{"@type":"ImageObject","inLanguage":"fr-FR","@id":"https:\/\/www.yannarthusbertrandphoto.com\/fr\/#\/schema\/logo\/image\/","url":"https:\/\/www.yannarthusbertrandphoto.com\/wp-content\/uploads\/2018\/01\/yab_logo_black.svg","contentUrl":"https:\/\/www.yannarthusbertrandphoto.com\/wp-content\/uploads\/2018\/01\/yab_logo_black.svg","caption":"Alfie Be"},"image":{"@id":"https:\/\/www.yannarthusbertrandphoto.com\/fr\/#\/schema\/logo\/image\/"},"sameAs":["https:\/\/www.instagram.com\/yannarthusbertrand\/","https:\/\/www.youtube.com\/user\/yannarthusbertrand","https:\/\/www.facebook.com\/Y.A.Bertrand\/","https:\/\/twitter.com\/Yann_A_B"]}]}},"_links":{"self":[{"href":"https:\/\/www.yannarthusbertrandphoto.com\/fr\/wp-json\/wp\/v2\/product\/7682"}],"collection":[{"href":"https:\/\/www.yannarthusbertrandphoto.com\/fr\/wp-json\/wp\/v2\/product"}],"about":[{"href":"https:\/\/www.yannarthusbertrandphoto.com\/fr\/wp-json\/wp\/v2\/types\/product"}],"wp:featuredmedia":[{"embeddable":true,"href":"https:\/\/www.yannarthusbertrandphoto.com\/fr\/wp-json\/wp\/v2\/media\/7683"}],"wp:attachment":[{"href":"https:\/\/www.yannarthusbertrandphoto.com\/fr\/wp-json\/wp\/v2\/media?parent=7682"}],"wp:term":[{"taxonomy":"product_cat","embeddable":true,"href":"https:\/\/www.yannarthusbertrandphoto.com\/fr\/wp-json\/wp\/v2\/product_cat?post=7682"},{"taxonomy":"product_tag","embeddable":true,"href":"https:\/\/www.yannarthusbertrandphoto.com\/fr\/wp-json\/wp\/v2\/product_tag?post=7682"}],"curies":[{"name":"wp","href":"https:\/\/api.w.org\/{rel}","templated":true}]}}